{"id":2281,"date":"2023-07-28T04:35:51","date_gmt":"2023-07-28T02:35:51","guid":{"rendered":"https:\/\/yoganest.vaniseo.pro\/index.php\/product\/t-shirt-de-yoga-dos-nu-freestyle\/"},"modified":"2024-03-06T15:55:29","modified_gmt":"2024-03-06T14:55:29","slug":"t-shirt-de-yoga-dos-nu-freestyle","status":"publish","type":"product","link":"https:\/\/yoganest.vaniseo.pro\/index.php\/product\/t-shirt-de-yoga-dos-nu-freestyle\/","title":{"rendered":"T-shirt de yoga dos nu | Freestyle"},"content":{"rendered":"<p><span style=\"font-weight: 400;\">Le tshirt de yoga Freestyle est un incontournable pour les passionn\u00e9s de yoga \u00e0 la recherche d&rsquo;un style \u00e9l\u00e9gant et d&rsquo;une libert\u00e9 de mouvement totale. Dot\u00e9 d&rsquo;un dos nu s\u00e9duisant et de petites manches, ce t-shirt offre une sensation a\u00e9rienne et un ajustement parfait pour tous les adeptes du yoga.<\/span><\/p>\n<ul>\n<li style=\"font-weight: 400;\" aria-level=\"1\"><span style=\"font-weight: 400;\">Un tissu ultra-doux et super confortable \u00e0 base de 90% de modal, une fibre v\u00e9g\u00e9tale durable, et de 10% d\u2019\u00e9lasthanne<\/span><\/li>\n<li style=\"font-weight: 400;\" aria-level=\"1\"><span style=\"font-weight: 400;\">Un d\u00e9collet\u00e9 \u00e9chancr\u00e9 dans le dos qui apporte une tr\u00e8s jolie touche d\u2019originalit\u00e9. Il vous permet de d\u00e9voiler subtilement votre dos et une jolie brassi\u00e8re, tout en assurant une ventilation optimale pendant vos s\u00e9ances d&rsquo;entra\u00eenement.<\/span><\/li>\n<li style=\"font-weight: 400;\" aria-level=\"1\"><span style=\"font-weight: 400;\">Une taille unique con\u00e7ue pour convenir \u00e0 diff\u00e9rentes morphologies gr\u00e2ce \u00e0 sa coupe ample et \u00e9vas\u00e9e. Il s&rsquo;adapte \u00e0 votre silhouette, vous donnant une allure gracieuse et confortable pendant vos postures de yoga.<\/span><\/li>\n<li style=\"font-weight: 400;\" aria-level=\"1\"><span style=\"font-weight: 400;\">Une coupe cr\u00e9\u00e9e pour \u00eatre l\u00e9g\u00e8re tout en restant en place, elle s&rsquo;adapte parfaitement aux hanches, m\u00eame lors de postures invers\u00e9es.<\/span><\/li>\n<li style=\"font-weight: 400;\" aria-level=\"1\"><span style=\"font-weight: 400;\">Les petites manches du t-shirt ajoutent une touche d&rsquo;\u00e9l\u00e9gance tout en vous offrant un confort suppl\u00e9mentaire au niveau des \u00e9paules. Elles vous permettent \u00e9galement de vous sentir plus \u00e0 l&rsquo;aise pendant vos mouvements.<\/span><\/li>\n<li style=\"font-weight: 400;\" aria-level=\"1\"><span style=\"font-weight: 400;\">Disponible en quatre couleurs raffin\u00e9es &#8211; noir, blanc, olive green et taupe &#8211; ce t-shirt vous offre une palette de choix pour correspondre \u00e0 votre style personnel et s&rsquo;harmoniser avec toutes vos tenues de yoga.<\/span><\/li>\n<\/ul>\n<p>[accordion title=\u00a0\u00bb\u00a0\u00bb open1st=\u00a0\u00bb0&Prime; openAll=\u00a0\u00bb0&Prime;][accordion_item title=\u00a0\u00bbEntretien\u00a0\u00bb]<\/p>\n<p><span style=\"font-weight: 400;\">Voici quelques conseils pour laver et prendre soin de votre top :<\/span><\/p>\n<ul>\n<li style=\"font-weight: 400;\" aria-level=\"1\"><span style=\"font-weight: 400;\">Lavage \u00e0 max 30 degr\u00e9s ou \u00e0 la main<\/span><\/li>\n<li style=\"font-weight: 400;\" aria-level=\"1\"><span style=\"font-weight: 400;\">Suspendre \u00e0 l&rsquo;air libre, sans<\/span><span style=\"font-weight: 400;\">\u00a0utiliser de s\u00e8che-linge<\/span><\/li>\n<li style=\"font-weight: 400;\" aria-level=\"1\"><span style=\"font-weight: 400;\">N&rsquo;utilisez pas d&rsquo;agent de blanchiment ou d&rsquo;adoucissant<\/span><\/li>\n<li style=\"font-weight: 400;\" aria-level=\"1\"><span style=\"font-weight: 400;\">Pas n\u00e9cessaire de le repasser (et surtout pas de le nettoyer \u00e0 sec!)<\/span><\/li>\n<\/ul>\n<p>[\/accordion_item][\/accordion][accordion title=\u00a0\u00bb\u00a0\u00bb open1st=\u00a0\u00bb0&Prime; openAll=\u00a0\u00bb0&Prime;][accordion_item title=\u00a0\u00bbTypes d&rsquo;activit\u00e9s\u00a0\u00bb]<span style=\"font-weight: 400;\">Pilates, Yin Yoga, Yoga Restauratif, Hatha Yoga, Flow Yoga, Yoga Nidra, M\u00e9ditation, Iyengar Yoga, Yoga a\u00e9rien, Yoga pr\u00e9natal, Yoga en plein air, Yoga en voyage, Automassage myofascial, Stretching, Streetwear, Casualwear, Style relax et Cocooning \u00e0 la maison<\/span>[\/accordion_item][\/accordion]<span style=\"font-weight: 400;\">[accordion title=\u00a0\u00bb\u00a0\u00bb open1st=\u00a0\u00bb0&Prime; openAll=\u00a0\u00bb0&Prime;][accordion_item title=\u00a0\u00bbPourquoi on adore ce produit\u00a0\u00bb]<\/span><\/p>\n<p><span style=\"font-weight: 400;\">On adore son look sage de face et original de dos ! On est dans un confort maxi gr\u00e2ce \u00e0 sa jolie coupe et son tissu tout doux.\u00a0<\/span><\/p>\n<p><span style=\"font-weight: 400;\">Ce t-shirt de yoga s\u2019accorde parfaitement avec la <\/span><a href=\"https:\/\/www.yoga-nest.com\/boutique-yoga-shop\/brassiere-bustier-linda\/\"><span style=\"font-weight: 400;\">brassi\u00e8re de sport<\/span><\/a><span style=\"font-weight: 400;\"> Linda et le <\/span><a href=\"https:\/\/www.yoga-nest.com\/boutique-yoga-shop\/short-de-yoga-et-sport-shorty\/\"><span style=\"font-weight: 400;\">short Shorty<\/span><\/a><span style=\"font-weight: 400;\"> ou le <\/span><a href=\"https:\/\/www.yoga-nest.com\/boutique-yoga-shop\/pantalon-ample-bali\/\"><span style=\"font-weight: 400;\">pantalon ample<\/span><\/a><span style=\"font-weight: 400;\"> Bali. Avec un jean ou un short en jean, il se porte aussi en v\u00eatement basique au quotidien.<\/span><\/p>\n<p><span style=\"font-weight: 400;\">[\/accordion_item][\/accordion]<\/span>[accordion title=\u00a0\u00bb\u00a0\u00bb open1st=\u00a0\u00bb0&Prime; openAll=\u00a0\u00bb0&Prime; style=\u00a0\u00bb\u00a0\u00bb][accordion_item title=\u00a0\u00bbPaiement, livraison &amp; retours\u00a0\u00bb]Pour les informations sur les alternatives de paiement, de livraison et les retours, merci de cliquer <a class=\"linkcgv\" href=\"https:\/\/www.yoga-nest.com\/paiement-livraison-retours\/\" target=\"_blank\" rel=\"noopener\">ICI<\/a>.[\/accordion_item][\/accordion]<\/p>\n<p>[one]<\/p>\n<p><span style=\"color: #b01da4;\"><b>La Marque<\/b><\/span><\/p>\n<p><b>Vervola \u2013 Inspir\u00e9 par le yoga, con\u00e7u en Suisse, fabriqu\u00e9 \u00e0 Bali dans le cadre d&rsquo;une production durable et \u00e9thique<\/b><\/p>\n<p><span style=\"font-weight: 400;\">Vervola est une <\/span><b>start-up familiale suisse<\/b><span style=\"font-weight: 400;\">, n\u00e9e en 2019. Des tops et des pantalons qui sont <\/span><b>tous doux et ultra-confortables, mettent en valeur votre corps et combinent des coupes intemporelles avec des motifs tendance.\u00a0<\/b><span style=\"font-weight: 400;\">Con\u00e7us en Suisse par Susanne, ils sont tous uniques car fabriqu\u00e9s pi\u00e8ce par pi\u00e8ce de fa\u00e7on artisanale sur l&rsquo;Ile de Bali en artisanat responsable.<\/span><\/p>\n<p><a class=\"boutonmarque\" title=\"Vervola\" href=\"https:\/\/www.yoga-nest.com\/?page_id=8094&amp;preview=true\"><span style=\"font-weight: 400;\">En savoir plus<\/span><\/a><\/p>\n","protected":false},"excerpt":{"rendered":"<p><span style=\"font-weight: 400;\">Envie d&rsquo;un tshirt de yoga l\u00e9ger et styl\u00e9 ? D\u00e9couvrez l\u2019\u00e9l\u00e9gant haut dos nu \u201cFreestyle\u201d de la marque Vervola. Un look \u00e9pur\u00e9 sur le devant et une touche d\u2019originalit\u00e9 dans le dos ! <\/span><span style=\"font-weight: 400;\">C\u2019est un tshirt de yoga tr\u00e8s a\u00e9rien, mais con\u00e7u pour rester en place pendant les mouvements gr\u00e2ce \u00e0 sa taille plus resserr\u00e9e sur les hanches.\u00a0<\/span><\/p>\n<p><span style=\"font-weight: 400;\">Le dos nu est tr\u00e8s bien pens\u00e9, avec un cordon au niveau du cou pour que les manches ne tombent pas d\u00e8s le premier mouvement.\u00a0<\/span><span style=\"font-weight: 400;\">Il est id\u00e9al pour une activit\u00e9 sportive, telle que le yoga ou le pilates. Il se porte aussi tr\u00e8s bien dans la vie de tous les jours, avec un jean pour \u00eatre confortable tout en \u00e9tant styl\u00e9.<\/span><\/p>\n<p><span style=\"font-weight: 400;\">La marque Vervola cr\u00e9e des v\u00eatements \u00e9thiques et durables, avec des mat\u00e9riaux organiques de qualit\u00e9. Le tshirt Freestyle est fabriqu\u00e9 \u00e0 partir de fibre v\u00e9g\u00e9tale durable, le modal, et d\u2019\u00e9lasthanne qui apporte de l\u2019\u00e9lasticit\u00e9 au tissu.<\/span><\/p>\n<p><span style=\"font-weight: 400;\">Le tshirt de yoga Freestyle est propos\u00e9 en taille unique, il s\u2019adapte \u00e0 toutes les morphologies.<\/span><\/p>\n<p><span style=\"font-weight: 400;\">Nous avons 4 coloris diff\u00e9rents exclusifs chez YOGA<strong>NEST<\/strong> : noir, blanc, olive green et taupe. Les couleurs sont tr\u00e8s naturelles, elles s\u2019accordent tr\u00e8s facilement \u00e0 votre garde robe.<\/span><\/p>\n<p>&nbsp;<\/p>\n<p>[button title=\u00a0\u00bbGuide des tailles\u00a0\u00bb link=\u00a0\u00bbhttps:\/\/www.yoga-nest.com\/tailles\u00a0\u00bb target=\u00a0\u00bb_blank\u00a0\u00bb align=\u00a0\u00bbcenter\u00a0\u00bb icon=\u00a0\u00bb\u00a0\u00bb icon_position=\u00a0\u00bb\u00a0\u00bb color=\u00a0\u00bb\u00a0\u00bb font_color=\u00a0\u00bb\u00a0\u00bb size=\u00a0\u00bb2&Prime; full_width=\u00a0\u00bb\u00a0\u00bb class=\u00a0\u00bbbouttontaille\u00a0\u00bb download=\u00a0\u00bb\u00a0\u00bb rel=\u00a0\u00bb\u00a0\u00bb]<\/p>\n<p>&nbsp;<\/p>\n<p class=\"manquante\" style=\"text-align: center;\">Taille ou couleur manquante ? <a href=\"mailto:serviceclients@yoga-nest.com\">Contactez-nous<\/a><\/p>\n","protected":false},"featured_media":2282,"comment_status":"open","ping_status":"open","template":"","meta":[],"product_cat":[62,95],"product_tag":[77],"_links":{"self":[{"href":"https:\/\/yoganest.vaniseo.pro\/index.php\/wp-json\/wp\/v2\/product\/2281"}],"collection":[{"href":"https:\/\/yoganest.vaniseo.pro\/index.php\/wp-json\/wp\/v2\/product"}],"about":[{"href":"https:\/\/yoganest.vaniseo.pro\/index.php\/wp-json\/wp\/v2\/types\/product"}],"replies":[{"embeddable":true,"href":"https:\/\/yoganest.vaniseo.pro\/index.php\/wp-json\/wp\/v2\/comments?post=2281"}],"wp:featuredmedia":[{"embeddable":true,"href":"https:\/\/yoganest.vaniseo.pro\/index.php\/wp-json\/wp\/v2\/media\/2282"}],"wp:attachment":[{"href":"https:\/\/yoganest.vaniseo.pro\/index.php\/wp-json\/wp\/v2\/media?parent=2281"}],"wp:term":[{"taxonomy":"product_cat","embeddable":true,"href":"https:\/\/yoganest.vaniseo.pro\/index.php\/wp-json\/wp\/v2\/product_cat?post=2281"},{"taxonomy":"product_tag","embeddable":true,"href":"https:\/\/yoganest.vaniseo.pro\/index.php\/wp-json\/wp\/v2\/product_tag?post=2281"}],"curies":[{"name":"wp","href":"https:\/\/api.w.org\/{rel}","templated":true}]}}