{"id":2272,"date":"2023-07-28T04:06:28","date_gmt":"2023-07-28T02:06:28","guid":{"rendered":"https:\/\/yoganest.vaniseo.pro\/index.php\/product\/crop-top-de-sport-bebas\/"},"modified":"2024-03-06T15:56:42","modified_gmt":"2024-03-06T14:56:42","slug":"crop-top-de-sport-bebas","status":"publish","type":"product","link":"https:\/\/yoganest.vaniseo.pro\/index.php\/product\/crop-top-de-sport-bebas\/","title":{"rendered":"Crop Top de sport | Bebas"},"content":{"rendered":"<p><span style=\"font-weight: 400;\">Ce crop top de sport allie performance et confort pour vos s\u00e9ances de sport et vos moments de d\u00e9tente. Con\u00e7u sp\u00e9cialement pour les personnes actives, ce crop top offre un soutien optimal et une libert\u00e9 de mouvement totale, vous permettant de vous d\u00e9passer dans vos activit\u00e9s sportives tout en restant \u00e0 l&rsquo;aise.<\/span><\/p>\n<ul>\n<li style=\"font-weight: 400;\" aria-level=\"1\"><span style=\"font-weight: 400;\">Sa coupe courte apporte une touche tendance \u00e0 votre tenue, et une a\u00e9ration tr\u00e8s agr\u00e9able pendant les exercices. Il met en valeur la silhouette et donne une allure \u00e9l\u00e9gante.\u00a0<\/span><\/li>\n<li style=\"font-weight: 400;\" aria-level=\"1\"><span style=\"font-weight: 400;\">Son \u00e9lastique large permet au crop top de rester \u00e0 sa place quelle que soit la posture de yoga.<\/span><\/li>\n<li style=\"font-weight: 400;\" aria-level=\"1\"><span style=\"font-weight: 400;\">Ce crop top est polyvalent, il est id\u00e9al pour une vari\u00e9t\u00e9 d&rsquo;activit\u00e9s sportives telles que le yoga, le pilates, la danse ou le fitness. Il vous accompagne dans toutes vos s\u00e9ances d&rsquo;entra\u00eenement avec style et confort.\u00a0<\/span><\/li>\n<li style=\"font-weight: 400;\" aria-level=\"1\"><span style=\"font-weight: 400;\">Une <\/span><a href=\"https:\/\/www.yoga-nest.com\/boutique-yoga-shop\/brassiere-top-modele-lunar-luxe\/\"><span style=\"font-weight: 400;\">brassi\u00e8re de sport<\/span><\/a><span style=\"font-weight: 400;\"> se glisse facilement dessous pour les activit\u00e9s sportives plus intenses.<\/span><\/li>\n<li style=\"font-weight: 400;\" aria-level=\"1\"><span style=\"font-weight: 400;\">Les coutures et les finitions soign\u00e9es garantissent un confort optimal, r\u00e9duisant les frottements et les irritations pendant l&rsquo;exercice.<\/span><\/li>\n<li style=\"font-weight: 400;\" aria-level=\"1\"><span style=\"font-weight: 400;\">Les deux coloris disponibles vont avec tout ! L\u2019imprim\u00e9 batik est original mais discret, il se porte tr\u00e8s facilement. Pour le Batik, s\u00e9lectionnez la pastille grise \u00e0 la commande.<\/span><\/li>\n<li style=\"font-weight: 400;\" aria-level=\"1\"><span style=\"font-weight: 400;\">Il est tr\u00e8s bien taill\u00e9, nous vous conseillons de prendre votre taille habituelle.<\/span><\/li>\n<li style=\"font-weight: 400;\" aria-level=\"1\"><span style=\"font-weight: 400;\">Con\u00e7u avec 90% de modal et 10% d\u2019\u00e9lasthanne.<\/span><\/li>\n<\/ul>\n<p>[accordion title=\u00a0\u00bb\u00a0\u00bb open1st=\u00a0\u00bb0&Prime; openAll=\u00a0\u00bb0&Prime;][accordion_item title=\u00a0\u00bbEntretien\u00a0\u00bb]<\/p>\n<p><span style=\"font-weight: 400;\">Voici quelques conseils pour laver et prendre soin de votre crop-top :<\/span><\/p>\n<ul>\n<li style=\"font-weight: 400;\" aria-level=\"1\"><span style=\"font-weight: 400;\">Lavage \u00e0 max 30 degr\u00e9s ou \u00e0 la main<\/span><\/li>\n<li style=\"font-weight: 400;\" aria-level=\"1\"><span style=\"font-weight: 400;\">Suspendre \u00e0 l&rsquo;air libre, sans<\/span><span style=\"font-weight: 400;\">\u00a0utiliser de s\u00e8che-linge<\/span><\/li>\n<li style=\"font-weight: 400;\" aria-level=\"1\"><span style=\"font-weight: 400;\">N&rsquo;utilisez pas d&rsquo;agent de blanchiment ou d&rsquo;adoucissant<\/span><\/li>\n<li style=\"font-weight: 400;\" aria-level=\"1\"><span style=\"font-weight: 400;\">Pas n\u00e9cessaire de le repasser (et surtout pas de le nettoyer \u00e0 sec!)<\/span><\/li>\n<\/ul>\n<p>[\/accordion_item][\/accordion][accordion title=\u00a0\u00bb\u00a0\u00bb open1st=\u00a0\u00bb0&Prime; openAll=\u00a0\u00bb0&Prime;][accordion_item title=\u00a0\u00bbTypes d&rsquo;activit\u00e9s\u00a0\u00bb]<span style=\"font-weight: 400;\">Pilates, Yin Yoga, Yoga Restauratif, Hatha Yoga, Flow Yoga, Yoga Nidra, M\u00e9ditation, Iyengar Yoga, Yoga a\u00e9rien, Yoga pr\u00e9natal, Yoga en plein air, Yoga en voyage, Automassage myofascial, Stretching, Streetwear, Casualwear, Style relax et Cocooning \u00e0 la maison<\/span>[\/accordion_item][\/accordion]<span style=\"font-weight: 400;\">[accordion title=\u00a0\u00bb\u00a0\u00bb open1st=\u00a0\u00bb0&Prime; openAll=\u00a0\u00bb0&Prime;][accordion_item title=\u00a0\u00bbPourquoi on adore ce produit\u00a0\u00bb]<\/span><\/p>\n<p><span style=\"font-weight: 400;\">On est fan de son style ! Le crop top de yoga Bebas de la marque Vervola est adapt\u00e9 \u00e0 toutes les situations ! On l\u2019enfile avec un jean ou une jupe longue pour une tenue tendance pour tous les jours. Et si dans la journ\u00e9e l\u2019envie nous en dit, on glisse dans un <\/span><a href=\"https:\/\/www.yoga-nest.com\/boutique-yoga-shop\/legging-de-sport-lilly\/\"><span style=\"font-weight: 400;\">legging de sport<\/span><\/a><span style=\"font-weight: 400;\"> pour aller \u00e0 sa s\u00e9ance de yoga ou d&rsquo;entra\u00eenement.<\/span><\/p>\n<p><span style=\"font-weight: 400;\">[\/accordion_item][\/accordion]<\/span>[accordion title=\u00a0\u00bb\u00a0\u00bb open1st=\u00a0\u00bb0&Prime; openAll=\u00a0\u00bb0&Prime; style=\u00a0\u00bb\u00a0\u00bb][accordion_item title=\u00a0\u00bbPaiement, livraison &amp; retours\u00a0\u00bb]Pour les informations sur les alternatives de paiement, de livraison et les retours, merci de cliquer <a class=\"linkcgv\" href=\"https:\/\/www.yoga-nest.com\/paiement-livraison-retours\/\" target=\"_blank\" rel=\"noopener\">ICI<\/a>.[\/accordion_item][\/accordion]<\/p>\n<p><span style=\"color: #b01da4;\"><b>La Marque<\/b><\/span><\/p>\n<p><b>Vervola \u2013 Inspir\u00e9 par le yoga, con\u00e7u en Suisse, fabriqu\u00e9 \u00e0 Bali dans le cadre d&rsquo;une production durable et \u00e9thique<\/b><\/p>\n<p><span style=\"font-weight: 400;\">Vervola est une <\/span><b>start-up familiale suisse<\/b><span style=\"font-weight: 400;\">, n\u00e9e en 2019. Des tops et des pantalons qui sont <\/span><b>tous doux et ultra-confortables, mettent en valeur votre corps et combinent des coupes intemporelles avec des motifs tendance.\u00a0<\/b><span style=\"font-weight: 400;\">Con\u00e7us en Suisse par Susanne, ils sont tous uniques car fabriqu\u00e9s pi\u00e8ce par pi\u00e8ce de fa\u00e7on artisanale sur l&rsquo;Ile de Bali en artisanat responsable.<\/span><\/p>\n<p><a class=\"boutonmarque\" title=\"Vervola\" href=\"https:\/\/www.yoga-nest.com\/?page_id=8094&amp;preview=true\"><span style=\"font-weight: 400;\">En savoir plus<\/span><\/a><\/p>\n","protected":false},"excerpt":{"rendered":"<p><span style=\"font-weight: 400;\">Envie d\u2019un crop top de yoga durable et confortable ? Nous vous pr\u00e9sentons le crop top de sport Bebas de la sublime marque Vervola. Cette marque \u00e9thique con\u00e7oit ses collections en Suisse et les fabrique \u00e0 Bali dans un atelier familial.\u00a0<\/span><\/p>\n<p><span style=\"font-weight: 400;\">Le crop top Bebas est un basique id\u00e9al pour le yoga et toutes les autres activit\u00e9s de mouvement. Moulant, respirant et agr\u00e9able sur la peau, vous allez adorer ce t-shirt coup\u00e9 court.\u00a0<\/span><\/p>\n<p><span style=\"font-weight: 400;\">Ce haut de yoga vous offre un maintien fiable et une sensation de confort pendant votre s\u00e9ance de yoga, de danse, de pilates. Il s&rsquo;adapte parfaitement aux positions invers\u00e9es notamment gr\u00e2ce \u00e0 son \u00e9lastique large qui assure un maintien optimal.<\/span><\/p>\n<p><span style=\"font-weight: 400;\">Il peut se porter seul ou avec une brassi\u00e8re selon l\u2019activit\u00e9 choisie. Une brassi\u00e8re avec un bon soutien est n\u00e9cessaire pour une activit\u00e9 \u00e0 haut impact.<\/span><\/p>\n<p><span style=\"font-weight: 400;\">C&rsquo;est aussi l&rsquo;accessoire parfait \u00e0 porter tous les jours, que ce soit avec un pantalon de ville pour se balader ou avec une jupe pour sortir au restaurant par exemple. Il est un indispensable de la garde robe !<\/span><\/p>\n<p><span style=\"font-weight: 400;\">Disponible en deux versions : en noir et imprim\u00e9 noir style batik. <\/span><span style=\"font-weight: 400;\">Cette impression tie and dye est unique, elle est peinte \u00e0 la main. Taille unique.<\/span><\/p>\n<p><span style=\"font-weight: 400;\">Il est compos\u00e9 de mat\u00e9riaux de qualit\u00e9 : de la fibre v\u00e9g\u00e9tale durable (modal) et un peu d\u2019\u00e9lasthanne pour le c\u00f4t\u00e9 stretch.<\/span><\/p>\n<p><span style=\"font-weight: 400;\">Essayez ce crop top, vous ne pourrez plus vous en passer sur le tapis et partout ailleurs !<\/span><\/p>\n<p>&nbsp;<\/p>\n<p>[button title=\u00a0\u00bbGuide des tailles\u00a0\u00bb link=\u00a0\u00bbhttps:\/\/www.yoga-nest.com\/tailles\u00a0\u00bb target=\u00a0\u00bb_blank\u00a0\u00bb align=\u00a0\u00bbcenter\u00a0\u00bb icon=\u00a0\u00bb\u00a0\u00bb icon_position=\u00a0\u00bb\u00a0\u00bb color=\u00a0\u00bb\u00a0\u00bb font_color=\u00a0\u00bb\u00a0\u00bb size=\u00a0\u00bb2&Prime; full_width=\u00a0\u00bb\u00a0\u00bb class=\u00a0\u00bbbouttontaille\u00a0\u00bb download=\u00a0\u00bb\u00a0\u00bb rel=\u00a0\u00bb\u00a0\u00bb]<\/p>\n<p>&nbsp;<\/p>\n<p class=\"manquante\" style=\"text-align: center;\">Taille ou couleur manquante ? <a href=\"mailto:serviceclients@yoga-nest.com\">Contactez-nous<\/a><\/p>\n","protected":false},"featured_media":2273,"comment_status":"open","ping_status":"open","template":"","meta":[],"product_cat":[80,62,95],"product_tag":[77],"_links":{"self":[{"href":"https:\/\/yoganest.vaniseo.pro\/index.php\/wp-json\/wp\/v2\/product\/2272"}],"collection":[{"href":"https:\/\/yoganest.vaniseo.pro\/index.php\/wp-json\/wp\/v2\/product"}],"about":[{"href":"https:\/\/yoganest.vaniseo.pro\/index.php\/wp-json\/wp\/v2\/types\/product"}],"replies":[{"embeddable":true,"href":"https:\/\/yoganest.vaniseo.pro\/index.php\/wp-json\/wp\/v2\/comments?post=2272"}],"wp:featuredmedia":[{"embeddable":true,"href":"https:\/\/yoganest.vaniseo.pro\/index.php\/wp-json\/wp\/v2\/media\/2273"}],"wp:attachment":[{"href":"https:\/\/yoganest.vaniseo.pro\/index.php\/wp-json\/wp\/v2\/media?parent=2272"}],"wp:term":[{"taxonomy":"product_cat","embeddable":true,"href":"https:\/\/yoganest.vaniseo.pro\/index.php\/wp-json\/wp\/v2\/product_cat?post=2272"},{"taxonomy":"product_tag","embeddable":true,"href":"https:\/\/yoganest.vaniseo.pro\/index.php\/wp-json\/wp\/v2\/product_tag?post=2272"}],"curies":[{"name":"wp","href":"https:\/\/api.w.org\/{rel}","templated":true}]}}