{"id":224,"date":"2021-02-21T05:25:14","date_gmt":"2021-02-21T04:25:14","guid":{"rendered":"https:\/\/yoganest.vaniseo.pro\/index.php\/product\/tapis-liege-breathe-love-4\/"},"modified":"2024-03-06T14:15:48","modified_gmt":"2024-03-06T13:15:48","slug":"tapis-liege-breathe-love-4","status":"publish","type":"product","link":"https:\/\/yoganest.vaniseo.pro\/index.php\/product\/tapis-liege-breathe-love-4\/","title":{"rendered":"Tapis Li\u00e8ge | Breathe"},"content":{"rendered":"<p>Le tapis de yoga Breathe Love &amp; Happiness en li\u00e8ge et caoutchouc naturel vous plaira pour son look naturel, rehauss\u00e9 de motifs ethniques et d&rsquo;une grande inscription motivante.<\/p>\n<p>Les tapis en li\u00e8ge de la marque Yoga Boutique sont disponibles en 3,5 et 5,5 mm. \u00c0 vous de choisir :<\/p>\n<ul>\n<li>Le 5,5mm est particuli\u00e8rement adapt\u00e9 sur des sols durs ou si vos genoux, articulations ou chevilles aiment \u00eatre bien confortables. Ce tapis plus \u00e9pais est id\u00e9al pour amortir les chocs et vous procurer un grand confort<\/li>\n<li>Celui de 3,5mm d&rsquo;\u00e9paisseur, est lui plus l\u00e9ger \u00e0 transporter jusqu&rsquo;au studio de yoga ou la salle de sport (2.3kg)<\/li>\n<li>Dans les deux cas, sa surface moelleuse, antid\u00e9rapante et souple est particuli\u00e8rement agr\u00e9able pour les exercices au sol.<\/li>\n<\/ul>\n<p>Avec ses dimensions de 183&#215;66 cm, <strong>ce tapis en li\u00e8ge est particuli\u00e8rement long<\/strong> &#8211; et m\u00eame souvent plus large que la plupart des tapis. Il est donc id\u00e9al pour les personnes de grande taille qui veulent pratiquer le yoga. Vous n&rsquo;aurez plus envie de quitter son espace accueillant, que ce soit pour vous relaxer ou pour faire du yoga.<\/p>\n<p>Vous vous demandez pourquoi choisir son tapis de yoga en li\u00e8ge ? Le li\u00e8ge b\u00e9n\u00e9ficie des avantages suivants :<\/p>\n<ul>\n<li><strong>Propri\u00e9t\u00e9s antibact\u00e9riennes naturelles :<\/strong> le li\u00e8ge a une fonctionnalit\u00e9 quasi autonettoyante. Cela \u00e9vite notamment les mauvaises odeurs dues \u00e0 la transpiration. Vous pouvez n\u00e9anmoins nettoyer votre tapis en suivant les conseils d&rsquo;entretien<\/li>\n<li><strong>Effet isolant :<\/strong> ce mat\u00e9riau et autor\u00e9gulateur de temp\u00e9rature. Ainsi, vous n&rsquo;aurez jamais froid pendant votre pratique sportive<\/li>\n<li><strong>Id\u00e9al pour les personnes allergiques :<\/strong> le li\u00e8ge a un pouvoir hypoallerg\u00e9nique<\/li>\n<li><strong>Propri\u00e9t\u00e9s antid\u00e9rapantes :<\/strong> le li\u00e8ge semble \u00e0 premi\u00e8re vue lisse et glissant, pourtant ce mat\u00e9riau devient de plus en plus anti d\u00e9rapant en contact avec l&rsquo;humidit\u00e9. Cela signifie que plus vous transpirez et meilleur sera le grip dans vos postures. Ceci en fait un tapis id\u00e9al pour les formes de yoga dynamique. Avec des chaussons, des chaussettes ou pieds-nus, vous aurez une bonne adh\u00e9rence.<\/li>\n<\/ul>\n<p>Le dessous du tapis (la partie en contact avec le sol) est fabriqu\u00e9 en caoutchouc naturel durable. Ceci vous assure une bonne tenue, un effet<strong> antid\u00e9rapant<\/strong> sur n&rsquo;importe quelle surface. Quelle que soit votre position, vos asanas, votre type de yoga ou de sport, votre tapis ne glissera pas.<\/p>\n<p>Le tapis de yoga en li\u00e8ge est par ailleurs <strong>exempts de PVC, de silicone et de phtalates<\/strong>. Il est ainsi biod\u00e9gradable, non-toxique et respectueux de l&rsquo;environnement.<\/p>\n<p>[accordion title=\u00a0\u00bb\u00a0\u00bb open1st=\u00a0\u00bb0&Prime; openAll=\u00a0\u00bb0&Prime;][accordion_item title=\u00a0\u00bbEntretien\u00a0\u00bb]Enroulez toujours votre mat de fa\u00e7on \u00e0 ce que la surface color\u00e9e soit \u00e0 l&rsquo;ext\u00e9rieur.<\/p>\n<p>Le tapis en li\u00e8ge est lavable : si n\u00e9cessaire, vaporisez un nettoyant pour tapis au spray puis s\u00e9chez avec un chiffon ou essuyez avec un chiffon humide. Si le tapis est tr\u00e8s sale, vous pouvez \u00e9galement le doucher puis le laisser bien s\u00e9cher.<\/p>\n<p>Rangez votre rouleau dans un endroit sec \u00e0 l&rsquo;abri de la lumi\u00e8re et du soleil ou dans un sac de transport apr\u00e8s utilisation.[\/accordion_item][\/accordion]<\/p>\n<p>[accordion title=\u00a0\u00bb\u00a0\u00bb open1st=\u00a0\u00bb0&Prime; openAll=\u00a0\u00bb0&Prime;][accordion_item title=\u00a0\u00bbTypes d&rsquo;activit\u00e9s\u00a0\u00bb]Yin yoga, Restorative yoga, Hatha yoga, Flow yoga, Ashtanga yoga, yoga Nidra, M\u00e9ditation, Mindfulness, Iyengar yoga, Yoga a\u00e9rien, Pilates, Stretching[\/accordion_item][\/accordion]<\/p>\n<p>[accordion title=\u00a0\u00bb\u00a0\u00bb open1st=\u00a0\u00bb0&Prime; openAll=\u00a0\u00bb0&Prime;][accordion_item title=\u00a0\u00bbPourquoi on adore ce produit\u00a0\u00bb]On adore la gamme de tapis en li\u00e8ge car c&rsquo;est une mati\u00e8re chaleureuse, agr\u00e9able et \u00e9cologique ! <span data-sheets-value=\"{&quot;1&quot;:2,&quot;2&quot;:&quot;Aucune autre mati\u00e8re n'est plus noble, naturelle et accueillante que le li\u00e8ge. Quand on l'a essay\u00e9e, on ne la quitte plus&quot;}\" data-sheets-userformat=\"{&quot;2&quot;:7111,&quot;3&quot;:{&quot;1&quot;:0},&quot;4&quot;:{&quot;1&quot;:2,&quot;2&quot;:16777215},&quot;5&quot;:{&quot;1&quot;:[{&quot;1&quot;:2,&quot;2&quot;:0,&quot;5&quot;:{&quot;1&quot;:2,&quot;2&quot;:0}},{&quot;1&quot;:0,&quot;2&quot;:0,&quot;3&quot;:3},{&quot;1&quot;:1,&quot;2&quot;:0,&quot;4&quot;:1}]},&quot;9&quot;:0,&quot;10&quot;:0,&quot;11&quot;:4,&quot;12&quot;:0,&quot;14&quot;:{&quot;1&quot;:2,&quot;2&quot;:0},&quot;15&quot;:&quot;Montserrat&quot;}\">Aucune autre mati\u00e8re n&rsquo;est plus noble, naturelle et accueillante que le li\u00e8ge. Quand on l&rsquo;a essay\u00e9e, on ne la quitte plus.<\/span><\/p>\n<p>R\u00e9aliser ses s\u00e9ances de yoga ou ses entra\u00eenements sportifs, encha\u00eener les postures, sur ce tapis est particuli\u00e8rement confortable gr\u00e2ce \u00e0 sa mati\u00e8re douce et non glissante. De plus, son motif fleuri nous accompagne pendant nos moments de relaxation, apaise nos \u00e9motions et nous permet de nous concentrer sur notre pratique du yoga. Chez YOGANEST, nous pensons que tous les accessoires qui supportent notre pratique de yoga doivent aussi \u00eatre visuellement plaisants. Ce tapis est tout simplement splendide.<\/p>\n<p>L&rsquo;inscription \u00ab\u00a0Breathe, Love &amp; Happiness\u00a0\u00bb nous rappelle de rest\u00e9 connect\u00e9 au moment pr\u00e9sent, que l&rsquo;amour est plus important que tout et d&rsquo;accueillir notre respiration. Le souffle est puissant, c&rsquo;est pourquoi nous aimons vous apprendre les Pranayamas (techniques de respiration logiques) pendant nos cours YOGA<strong>NEST<\/strong>.<\/p>\n<p>Pratiquez vos asanas (postures de yoga en sanskrit) sur ce tapis de haute-qualit\u00e9 et votre journ\u00e9e se placera sous le signe de la bonne humeur et la s\u00e9r\u00e9nit\u00e9.[\/accordion_item][\/accordion]<\/p>\n<p>[accordion title=\u00a0\u00bb\u00a0\u00bb open1st=\u00a0\u00bb0&Prime; openAll=\u00a0\u00bb0&Prime; style=\u00a0\u00bb\u00a0\u00bb][accordion_item title=\u00a0\u00bbPaiement, livraison &amp; retours\u00a0\u00bb]<br \/>\nPour les informations sur les alternatives de paiement, de livraison et les retours, merci de cliquer <a class=\"linkcgv\" href=\"https:\/\/www.yoga-nest.com\/paiement-livraison-retours\/\" target=\"_blank\" rel=\"noopener\">ICI<\/a><br \/>\n[\/accordion_item][\/accordion]<\/p>\n<p>[one_second][\/one_second]<\/p>\n<p>[one]<\/p>\n<p><span style=\"color: #b01da4;\"><strong>La Marque<\/strong><\/span><\/p>\n<p><strong>Yoga Boutique &#8211; Des articles pour le yoga exclusifs, fonctionnels et \u00e9thiques<\/strong><\/p>\n<p>Yoga Boutique est une <strong>start-up familiale suisse<\/strong>, n\u00e9e en 2018. Leur gamme est soigneusement s\u00e9lectionn\u00e9e : <strong>tapis de yoga fabriqu\u00e9s \u00e0 partir de mat\u00e9riaux durables, beaux coussins de m\u00e9ditation, v\u00eatements de yoga super confortables pour tous. <\/strong>Les produits sont con\u00e7us directement par les fondateurs et sont donc exclusifs. Un soin particulier est donn\u00e9 \u00e0 la provenance des mat\u00e9riaux, aux designs et aux fonctionnalit\u00e9s.<\/p>\n<p><a class=\"boutonmarque\" title=\"Yoga Boutique\" href=\"http:\/\/yoga-nest.com\/yoga-boutique\/\" target=\"_blank\" rel=\"noopener\">En savoir plus<\/a><\/p>\n<p><span style=\"font-weight: 400;\">[\/one] <\/span><\/p>\n<p>&nbsp;<\/p>\n","protected":false},"excerpt":{"rendered":"<p>Grand tapis de yoga en li\u00e8ge, disponible en deux \u00e9paisseurs (3,5 et 5,5mm). Joliment illustr\u00e9 de symboles ethniques et de l&rsquo;inscription \u00ab\u00a0Breathe, love &amp; happiness\u00a0\u00bb.<\/p>\n<p>Antibact\u00e9rien, mati\u00e8re \u00e9cologique, le li\u00e8ge est aussi r\u00e9gulateur de temp\u00e9rature et tr\u00e8s indiqu\u00e9 pour les personnes allergiques.<\/p>\n<p>Ce superbe tapis antid\u00e9rapant est id\u00e9al pour tous les types de yoga (yin et yang), la m\u00e9ditation, le stretching, le pilates, la relaxation. Des d\u00e9butant.e.s aux exp\u00e9riment\u00e9.e.s., tout le monde appr\u00e9ciera les qualit\u00e9s des tapis en li\u00e8ge Yoga Boutique.<\/p>\n<p>&nbsp;<\/p>\n<p>[button title=\u00a0\u00bbGuide comparatif des tapis\u00a0\u00bb link=\u00a0\u00bbhttps:\/\/www.yoga-nest.com\/tapis_de_yoga_mat\/\u00a0\u00bb target=\u00a0\u00bb_blank\u00a0\u00bb align=\u00a0\u00bbcenter\u00a0\u00bb icon=\u00a0\u00bb\u00a0\u00bb icon_position=\u00a0\u00bb\u00a0\u00bb color=\u00a0\u00bb\u00a0\u00bb font_color=\u00a0\u00bb\u00a0\u00bb size=\u00a0\u00bb2&Prime; full_width=\u00a0\u00bb\u00a0\u00bb class=\u00a0\u00bbbouttontaille\u00a0\u00bb download=\u00a0\u00bb\u00a0\u00bb rel=\u00a0\u00bb\u00a0\u00bb]<\/p>\n<p>&nbsp;<\/p>\n<p class=\"manquante\" style=\"text-align: center;\">Mod\u00e8le manquant ? <a href=\"mailto:serviceclients@yoga-nest.com\">Contactez-nous<\/a><\/p>\n","protected":false},"featured_media":43,"comment_status":"open","ping_status":"open","template":"","meta":[],"product_cat":[33,26],"product_tag":[29],"_links":{"self":[{"href":"https:\/\/yoganest.vaniseo.pro\/index.php\/wp-json\/wp\/v2\/product\/224"}],"collection":[{"href":"https:\/\/yoganest.vaniseo.pro\/index.php\/wp-json\/wp\/v2\/product"}],"about":[{"href":"https:\/\/yoganest.vaniseo.pro\/index.php\/wp-json\/wp\/v2\/types\/product"}],"replies":[{"embeddable":true,"href":"https:\/\/yoganest.vaniseo.pro\/index.php\/wp-json\/wp\/v2\/comments?post=224"}],"wp:featuredmedia":[{"embeddable":true,"href":"https:\/\/yoganest.vaniseo.pro\/index.php\/wp-json\/wp\/v2\/media\/43"}],"wp:attachment":[{"href":"https:\/\/yoganest.vaniseo.pro\/index.php\/wp-json\/wp\/v2\/media?parent=224"}],"wp:term":[{"taxonomy":"product_cat","embeddable":true,"href":"https:\/\/yoganest.vaniseo.pro\/index.php\/wp-json\/wp\/v2\/product_cat?post=224"},{"taxonomy":"product_tag","embeddable":true,"href":"https:\/\/yoganest.vaniseo.pro\/index.php\/wp-json\/wp\/v2\/product_tag?post=224"}],"curies":[{"name":"wp","href":"https:\/\/api.w.org\/{rel}","templated":true}]}}