{"id":2208,"date":"2023-07-22T17:58:53","date_gmt":"2023-07-22T15:58:53","guid":{"rendered":"https:\/\/yoganest.vaniseo.pro\/index.php\/product\/yoga-sweat-shirts-namaste\/"},"modified":"2024-03-06T15:54:56","modified_gmt":"2024-03-06T14:54:56","slug":"yoga-sweat-shirts-namaste","status":"publish","type":"product","link":"https:\/\/yoganest.vaniseo.pro\/index.php\/product\/yoga-sweat-shirts-namaste\/","title":{"rendered":"Yoga sweat-shirts | Namaste"},"content":{"rendered":"<p>Timeless, high-quality sweatshirts made from sustainable 100% organic cotton. <strong>The Namaste model comes in 2 shapes, so everyone can find the one that&rsquo;s right for them. You can even wear it as a couple or with friends: choose from a range of colours and lend them to each other. It&rsquo;s fun, communal and sustainable.\u00a0<\/strong><\/p>\n<p><strong>MORE FEMININE MODEL<\/strong><\/p>\n<ul>\n<li>Original cut, rather feminine but not just for women, identical to the \u00ab\u00a08 limbs of yoga\u00a0\u00bb sweatshirt and the \u00ab\u00a0I&rsquo;m enough\u00a0\u00bb sweatshirt. Jacket effect, a little oversized and shorter than a standard sweatshirt<\/li>\n<li><strong>Navy with gold lettering or grey with black lettering<\/strong><\/li>\n<\/ul>\n<p><strong>A MODEL FOR EVERYONE<\/strong><\/p>\n<ul>\n<li>More classic, longer cut than the other model<\/li>\n<li>Fits men perfectly too. True to size for men, for women we recommend one size smaller than usual<\/li>\n<li><strong>Burgundy colour with gold writing<\/strong><\/li>\n<\/ul>\n<p>The 2 models are identical in terms of comfort and quality, with only the shape and colours changing.<\/p>\n<p>[accordion title=\u00a0\u00bb\u00a0\u00bb open1st=\u00a0\u00bb0&Prime; openAll=\u00a0\u00bb0&Prime;][accordion_item title=\u00a0\u00bbCare instructions\u00a0\u00bb]<\/p>\n<p>Here are a few tips on washing and caring for your Namaste sweatshirt to keep it looking good for a long time::<\/p>\n<ul>\n<li>Always wash it cold, by hand or in the washing machine, turning the print inside out<\/li>\n<li>Preferably air dry, avoid the tumble dryer which will probably damage it<\/li>\n<li>Pads need fabric softener. Do not use bleach<\/li>\n<li>If you iron it, do so at a low temperature, with the print inside.[\/accordion_item][\/accordion]<\/li>\n<\/ul>\n<p>[accordion title=\u00a0\u00bb\u00a0\u00bb open1st=\u00a0\u00bb0&Prime; openAll=\u00a0\u00bb0&Prime;][accordion_item title=\u00a0\u00bbIt&rsquo;s perfect for\u00a0\u00bb]Pilates, Yin Yoga, Restorative Yoga, Hatha Yoga, Flow Yoga, Yoga Nidra, Meditation, Iyengar Yoga, Yoga in the open, Yoga on the move, Myofascial release, Stretching, Outdoor sports (bootcamp, running, nordic walking, hiking, cycling, climbing,\u2026), Streetwear, Lifestyle, Casualwear, Relaxation and Cocooning at home[\/accordion_item][\/accordion]<\/p>\n<p>[accordion title=\u00a0\u00bb\u00a0\u00bb open1st=\u00a0\u00bb0&Prime; openAll=\u00a0\u00bb0&Prime;][accordion_item title=\u00a0\u00bbWhy we love it\u00a0\u00bb]On adore les coloris dans lesquels ce Sweat-shirt est d\u00e9clin\u00e9: couleurs profondes ou le gris discret. On appr\u00e9cie qu\u00a0\u00bbil soit propos\u00e9 en 2 formes pour convenir aux hommes autant qu&rsquo;aux femmes et diffuser au plus grand nombre son message de respect universelWe love the colours in which this sweatshirt is available: deep colours or discreet grey. We like the fact that it comes in 2 shapes to suit both men and women and spread its message of universal respect to as many people as possible.[\/accordion_item][\/accordion]<\/p>\n<p>[accordion title=\u00a0\u00bb\u00a0\u00bb open1st=\u00a0\u00bb0&Prime; openAll=\u00a0\u00bb0&Prime; style=\u00a0\u00bb\u00a0\u00bb][accordion_item title=\u00a0\u00bbPayment, shipping &amp; returns\u00a0\u00bb]For information on payment alternatives, delivery and returns, please click <a href=\"https:\/\/www.yoga-nest.com\/en\/payment-shipping-returns\/\">HERE<\/a>.[\/accordion_item][\/accordion]<\/p>\n<p>[one]<\/p>\n<p><span style=\"color: #b01da4;\"><b>The brand<\/b><\/span><\/p>\n<p><strong>Enso Tribe &#8211;\u00a0ethical, sustainable and environmentally friendly products<\/strong><\/p>\n<p>The enso tribe of sweden AB is a Swedish brand that offers a wide range of yoga clothing. Its mission is to provide the yoga world with sustainable, ethical and environmentally friendly products.<\/p>\n<p>The company places great emphasis on organic raw materials, fair working conditions, environmentally friendly printing and the best possible means of transport. In this way, Enso Tribe contributes to a better and more sustainable world.<\/p>\n<p><a class=\"boutonmarque\" title=\"Enso Tribe\" href=\"http:\/\/yoga-nest.com\/enso-tribe-en\/\" target=\"&quot;\" rel=\"noopener\"><span style=\"font-weight: 400;\">Read more<\/span><\/a><\/p>\n<p>&nbsp;<\/p>\n","protected":false},"excerpt":{"rendered":"<p>Sweatshirts from the Enso Tribe brand, they help to spread this message of mutual respect and recognition to the people around us and whom we meet. The &lsquo;Namaste&rsquo; greeting, common in India, Nepal and elsewhere, has a much deeper meaning than a simple hello, and our sweatshirt says it in large, colourful letters!<\/p>\n<p><strong>2 cuts are available<\/strong>, one rather feminine (it&rsquo;s our favourite), jacket style with its shape slightly wider and shorter than a classic sweatshirt and its 2 wide ribbed edges,<strong> available in 2 colours, luminous Navy and light Mottled Grey<\/strong>. The other is more classic and longer, and will suit everyone, <strong>available in a deep Bordeaux<\/strong>.<\/p>\n<p>These sweatshirts, like all Enso Tribe garments, are soft (inside and out) and durable, 100% organic cotton. They are lightly lined inside to keep them a little warmer in mid-season and are very comfortable.<\/p>\n<p>&nbsp;<\/p>\n<p>[button title=\u00a0\u00bbSize chart\u00a0\u00bb link=\u00a0\u00bbhttps:\/\/www.yoga-nest.com\/tailles\u00a0\u00bb target=\u00a0\u00bb_blank\u00a0\u00bb align=\u00a0\u00bbcenter\u00a0\u00bb icon=\u00a0\u00bb\u00a0\u00bb icon_position=\u00a0\u00bb\u00a0\u00bb color=\u00a0\u00bb\u00a0\u00bb font_color=\u00a0\u00bb\u00a0\u00bb size=\u00a0\u00bb2&Prime; full_width=\u00a0\u00bb\u00a0\u00bb class=\u00a0\u00bbbouttontaille\u00a0\u00bb download=\u00a0\u00bb\u00a0\u00bb rel=\u00a0\u00bb\u00a0\u00bb]<\/p>\n<p>&nbsp;<\/p>\n<p style=\"text-align: center;\">Is your favorite model missing ? <a href=\"mailto:serviceclients@yoga-nest.com\">Contact us<\/a><\/p>\n<p class=\"manquante\" style=\"text-align: center;\">\n","protected":false},"featured_media":1627,"comment_status":"open","ping_status":"open","template":"","meta":[],"product_cat":[126,102,139,121,122,138,137,140],"product_tag":[68],"_links":{"self":[{"href":"https:\/\/yoganest.vaniseo.pro\/index.php\/wp-json\/wp\/v2\/product\/2208"}],"collection":[{"href":"https:\/\/yoganest.vaniseo.pro\/index.php\/wp-json\/wp\/v2\/product"}],"about":[{"href":"https:\/\/yoganest.vaniseo.pro\/index.php\/wp-json\/wp\/v2\/types\/product"}],"replies":[{"embeddable":true,"href":"https:\/\/yoganest.vaniseo.pro\/index.php\/wp-json\/wp\/v2\/comments?post=2208"}],"wp:featuredmedia":[{"embeddable":true,"href":"https:\/\/yoganest.vaniseo.pro\/index.php\/wp-json\/wp\/v2\/media\/1627"}],"wp:attachment":[{"href":"https:\/\/yoganest.vaniseo.pro\/index.php\/wp-json\/wp\/v2\/media?parent=2208"}],"wp:term":[{"taxonomy":"product_cat","embeddable":true,"href":"https:\/\/yoganest.vaniseo.pro\/index.php\/wp-json\/wp\/v2\/product_cat?post=2208"},{"taxonomy":"product_tag","embeddable":true,"href":"https:\/\/yoganest.vaniseo.pro\/index.php\/wp-json\/wp\/v2\/product_tag?post=2208"}],"curies":[{"name":"wp","href":"https:\/\/api.w.org\/{rel}","templated":true}]}}