{"id":218,"date":"2021-03-24T17:13:51","date_gmt":"2021-03-24T16:13:51","guid":{"rendered":"https:\/\/yoganest.vaniseo.pro\/index.php\/product\/mala-collier-chakra-balance\/"},"modified":"2024-03-06T12:59:18","modified_gmt":"2024-03-06T11:59:18","slug":"mala-collier-chakra-balance","status":"publish","type":"product","link":"https:\/\/yoganest.vaniseo.pro\/index.php\/product\/mala-collier-chakra-balance\/","title":{"rendered":"Mala Collier | Chakra Balance"},"content":{"rendered":"<p>Traditionnellement, dans la religion bouddhiste et hindouiste, le mala est utilis\u00e9 en tant qu\u2019accessoire de pri\u00e8re.<\/p>\n<p>Dans la pratique du yoga, le mala est souvent utilis\u00e9 en m\u00e9ditation. D\u00e9pos\u00e9 dans la main, les perles tenues entre les doigts, il permet une concentration absolue lors de la r\u00e9citation de vos diff\u00e9rents mantras. L\u2019\u00e9nergie positive qui se d\u00e9gage de ses perles participe \u00e0 cr\u00e9er un \u00e9tat de relaxation intense et chaque mala vous apportera des vertus suppl\u00e9mentaires en fonction de sa composition.<\/p>\n<p>Le chiffre 108 a une signification particuli\u00e8re dans la tradition bouddhiste, le mala traditionnel est donc toujours constitu\u00e9 d\u2019un nombre de perles multiple du chiffre 108. C\u2019est notamment le nombre d\u2019\u00e9preuves que Bouddha a d\u00fb traverser avant d\u2019atteindre l\u2019\u00e9veil spirituel.<\/p>\n<p>Dans les traditions hindouiste et bouddhiste, les perles de Rudraksha sont les plus anciennes perles de m\u00e9ditation et sont consid\u00e9r\u00e9es comme sacr\u00e9es. Appel\u00e9es \u00e9galement \u201clarmes de Shiva\u201d, ces perles sont en fait les graines d\u2019un arbre.<\/p>\n<p>Les perles de cornaline permettent quant \u00e0 elles de stimuler notre cr\u00e9ativit\u00e9 et nous aident \u00e0 faire ressortir nos \u00e9motions gr\u00e2ce \u00e0 leur connexion avec le chakra sacr\u00e9.<\/p>\n<p>L\u2019aventurine rouge apporte \u00e9nergie et joie \u00e0 son contact. Elle permet de canaliser certaines \u00e9motions, comme le stress ou la col\u00e8re. Lors des changements de saison par exemple, elle nous aide \u00e0 garder le moral et un \u00e9tat d\u2019esprit positif.<\/p>\n<p>L\u2019aventurine verte est la pierre de gu\u00e9rison. Elle nous apporte la paix et l\u2019optimisme, notre force vitale est restaur\u00e9e gr\u00e2ce \u00e0 elle et nous sommes ainsi pr\u00eats \u00e0 accueillir de nouvelles id\u00e9es et de nouveaux d\u00e9fis.<\/p>\n<p>V\u00e9ritable alli\u00e9e dans l\u2019\u00e9veil spirituel, la serpentine ouvre le groupe des chakras de mani\u00e8re tr\u00e8s efficace. Elle procure du sang-froid et du courage et elle aide \u00e0 corriger tous les types de d\u00e9s\u00e9quilibres \u00e9motionnels.<\/p>\n<p>L\u2019agate apporte d\u00e9tente et r\u00e9cup\u00e9ration pour l\u2019\u00e2me. Elle s\u2019assure que nous exp\u00e9rimentons une connexion consciente avec la nature et la Terre.<\/p>\n<p>L&rsquo;Am\u00e9thyste nous conduit \u00e0 une paix int\u00e9rieure profonde. Elle nous aide \u00e0 nous d\u00e9tacher des vieux sch\u00e9mas et des habitudes qui ne nous servent plus et nous permet de d\u00e9ployer notre spiritualit\u00e9.<\/p>\n<p>Min\u00e9ral de la lumi\u00e8re et de la connaissance de soi, le cristal de quartz donne de l\u2019\u00e9nergie et en m\u00eame temps calme notre douleur. Nos brillantes facult\u00e9s sont \u00e9veill\u00e9es et notre clart\u00e9 favoris\u00e9e gr\u00e2ce \u00e0 lui.<\/p>\n<p>Chaque collier est fait \u00e0 la main avec des perles authentiques et naturelles. Chaque mala est donc unique, il n\u2019en existe pas deux identiques.<\/p>\n<p>[accordion title=\u00a0\u00bb\u00a0\u00bb open1st=\u00a0\u00bb0&Prime; openAll=\u00a0\u00bb0&Prime;][accordion_item title=\u00a0\u00bbEntretien\u00a0\u00bb]<\/p>\n<p>En recevant votre mala, vous avez deux choix : le porter tout de suite, ou lui transmettre vos intentions. Les perles seront ainsi porteuses d\u2019\u00e9nergie, une sorte de connexion vous reliera avec votre collier. Pour cela, nous vous conseillons la c\u00e9r\u00e9monie suivante :<\/p>\n<ul>\n<li>Le lundi est le jour sacr\u00e9 consacr\u00e9 \u00e0 Shiva. Commencez donc \u00e0 porter votre mala en ce premier jour de semaine.<\/li>\n<li>Trouvez un endroit calme, propice \u00e0 la d\u00e9tente.<\/li>\n<li>Dans un r\u00e9cipient d\u2019eau, d\u00e9posez quelques fleurs et plongez-y votre mala.<\/li>\n<li>Allumez un b\u00e2ton d\u2019encens pour aider votre esprit et votre corps \u00e0 se relaxer.<\/li>\n<li>Une fois que vous avez atteint un niveau de s\u00e9r\u00e9nit\u00e9, nettoyez chacune des perles de votre mala. Prenez le temps de leur transmettre vos intentions et imaginez qu\u2019elles vous prot\u00e8gent et vous apportent la paix int\u00e9rieure.<\/li>\n<li>R\u00e9p\u00e9tez le mantra \u00ab OM HREEM NAMAH SHIVAYA OM \u00bb qui repr\u00e9sente les larmes de Shiva.<\/li>\n<li>Il ne vous reste plus qu\u2019\u00e0 porter votre mala et \u00e0 profiter de ses bienfaits.<\/li>\n<\/ul>\n<p>En portant r\u00e9guli\u00e8rement votre mala, les perles vont absorber beaucoup d\u2019\u00e9nergie. Il faut donc parfois les d\u00e9charger afin de repartir \u00e0 z\u00e9ro. Pour ce faire,<\/p>\n<ul>\n<li>Ouvrez votre robinet et positionnez le collier sous l\u2019eau courante<\/li>\n<li>Touchez chaque perle avec l\u2019intention de la nettoyer<\/li>\n<li>Pour le faire s\u00e9cher, l\u2019id\u00e9al est de suspendre le collier \u00e0 l\u2019ext\u00e9rieur<\/li>\n<li>Une fois sec, un peu d\u2019huile naturelle sur chaque perle les fera gagner en brillance.<\/li>\n<\/ul>\n<p>[\/accordion_item][\/accordion]<\/p>\n<p>[accordion title=\u00a0\u00bb\u00a0\u00bb open1st=\u00a0\u00bb0&Prime; openAll=\u00a0\u00bb0&Prime;][accordion_item title=\u00a0\u00bbTypes d&rsquo;activit\u00e9s\u00a0\u00bb]<span lang=\"fr\">Yin yoga, Yoga restauratif, Yoga nidra, M\u00e9ditation, Mindfulness, Kundalini Yoga, Yoga pr\u00e9natal, Casual wear, En route vers le studio, Cocooning \u00e0 la maison<\/span>[\/accordion_item][\/accordion]<\/p>\n<p>[accordion title=\u00a0\u00bb\u00a0\u00bb open1st=\u00a0\u00bb0&Prime; openAll=\u00a0\u00bb0&Prime;][accordion_item title=\u00a0\u00bbPourquoi on l&rsquo;adore\u00a0\u00bb]<\/p>\n<p>En cr\u00e9ant une connexion entre les 7 chakras, ce mala travaille sur l\u2019enti\u00e8ret\u00e9 de notre \u00e9nergie et accro\u00eet notre paix int\u00e9rieure. Chacune des pierres semi-pr\u00e9cieuses qui le composent contribue \u00e0 l\u2019\u00e9quilibre de nos chakras.<\/p>\n<p>On le prend avec nous pour une s\u00e9ance de m\u00e9ditation ou notre pratique de yoga, et on aime aussi le porter tout simplement comme un bijou pour agr\u00e9menter nos tenues et absorber au quotidien son \u00e9nergie et ses vertus.<\/p>\n<p>De toutes les couleurs, il est extr\u00eamement gai. Un v\u00e9ritable arc-en-ciel qui nous apporte plus de clart\u00e9 d\u2019esprit, paix int\u00e9rieure, \u00e9nergie, courage et bien-\u00eatre.<\/p>\n<p>[\/accordion_item][\/accordion]<\/p>\n<p>[accordion title=\u00a0\u00bb\u00a0\u00bb open1st=\u00a0\u00bb0&Prime; openAll=\u00a0\u00bb0&Prime; style=\u00a0\u00bb\u00a0\u00bb][accordion_item title=\u00a0\u00bbPaiement, livraison &amp; retours\u00a0\u00bb]<br \/>\nPour les informations sur les alternatives de paiement, de livraison et les retours, merci de cliquer <a class=\"linkcgv\" href=\"https:\/\/www.yoga-nest.com\/paiement-livraison-retours\/\" target=\"_blank\" rel=\"noopener\">ICI<\/a><br \/>\n[\/accordion_item][\/accordion]<\/p>\n<p>[one]<\/p>\n<p><span style=\"color: #b01da4;\"><strong>La Marque<\/strong><\/span><\/p>\n<p><strong>Mala Spirit &#8211; Made with love, an offering from Bali<\/strong><\/p>\n<p>Le c\u0153ur des cr\u00e9ations Mala Spirit est la perle Rudraksha, issue de l\u2019arbre Eleocarpus, qui apporte la sagesse et le pouvoir des anciens sages au monde d\u2019aujourd\u2019hui sous la forme de malas contemporains. Le Rudraksha est associ\u00e9 \u00e0 des pierres pr\u00e9cieuses, qui diff\u00e9rent pour chaque pi\u00e8ce et lui conf\u00e8rent sa personnalit\u00e9 en termes de couleurs et ses b\u00e9n\u00e9fices associ\u00e9s aux chakras. Chaque pi\u00e8ce est fabriqu\u00e9e \u00e0 la main et b\u00e9nie \u00e0 Bali.<\/p>\n<p><a class=\"boutonmarque\" title=\"Mala Spirit\" href=\"http:\/\/yoga-nest.com\/mala-spirit\/\" target=\"_blank\" rel=\"noopener\">En savoir plus<\/a><\/p>\n<p>&nbsp;<\/p>\n","protected":false},"excerpt":{"rendered":"<p>Le collier mala Chakra Balance est compos\u00e9 de 80 perles de Rudraksha et de 28 pierres semi-pr\u00e9cieuses de la m\u00eame taille.<\/p>\n<p>Sa particularit\u00e9 est qu\u2019il agit sur tous les chakras. Ils sont en effet tous les 7 stimul\u00e9s par l\u2019aventurine rouge, la cornaline, la serpentine, l\u2019aventurine verte, l\u2019agate, l\u2019am\u00e9thyste et le quartz cristal qui composent ce mala.<\/p>\n<p>Gr\u00e2ce \u00e0 ses 80 perles de Rudraksha, la personne qui porte ce bijou acc\u00e8dera \u00e0 plus de paix, da clart\u00e9 et de direction. Ces perles, rares et charg\u00e9es en \u00e9nergie puissante, stimulent de plus les pens\u00e9es positives.<\/p>\n<p>&nbsp;<\/p>\n<p class=\"manquante\" style=\"text-align: center;\">Mod\u00e8le manquant ? <a href=\"mailto:serviceclients@yoga-nest.com\">Contactez-nous<\/a><\/p>\n","protected":false},"featured_media":0,"comment_status":"open","ping_status":"open","template":"","meta":[],"product_cat":[],"product_tag":[],"_links":{"self":[{"href":"https:\/\/yoganest.vaniseo.pro\/index.php\/wp-json\/wp\/v2\/product\/218"}],"collection":[{"href":"https:\/\/yoganest.vaniseo.pro\/index.php\/wp-json\/wp\/v2\/product"}],"about":[{"href":"https:\/\/yoganest.vaniseo.pro\/index.php\/wp-json\/wp\/v2\/types\/product"}],"replies":[{"embeddable":true,"href":"https:\/\/yoganest.vaniseo.pro\/index.php\/wp-json\/wp\/v2\/comments?post=218"}],"wp:attachment":[{"href":"https:\/\/yoganest.vaniseo.pro\/index.php\/wp-json\/wp\/v2\/media?parent=218"}],"wp:term":[{"taxonomy":"product_cat","embeddable":true,"href":"https:\/\/yoganest.vaniseo.pro\/index.php\/wp-json\/wp\/v2\/product_cat?post=218"},{"taxonomy":"product_tag","embeddable":true,"href":"https:\/\/yoganest.vaniseo.pro\/index.php\/wp-json\/wp\/v2\/product_tag?post=218"}],"curies":[{"name":"wp","href":"https:\/\/api.w.org\/{rel}","templated":true}]}}