{"id":214,"date":"2021-03-24T17:01:14","date_gmt":"2021-03-24T16:01:14","guid":{"rendered":"https:\/\/yoganest.vaniseo.pro\/index.php\/product\/mala-collier-abundance\/"},"modified":"2024-03-06T12:59:00","modified_gmt":"2024-03-06T11:59:00","slug":"mala-collier-abundance","status":"publish","type":"product","link":"https:\/\/yoganest.vaniseo.pro\/index.php\/product\/mala-collier-abundance\/","title":{"rendered":"Mala Collier | Abundance"},"content":{"rendered":"<p>Dans la tradition de la religion bouddhiste et hindouiste, le mala est utilis\u00e9 en tant que support aux pri\u00e8res.<\/p>\n<p>Dans la pratique du yoga, le mala est g\u00e9n\u00e9ralement utilis\u00e9 en m\u00e9ditation. Vous d\u00e9posez votre mala dans la main, les perles entre les doigts, et ainsi il vous aidera \u00e0 trouver une concentration absolue lors de la r\u00e9citation de vos diff\u00e9rents mantras. L\u2019\u00e9nergie positive qui ressort de ses perles vous transportera dans un \u00e9tat de relaxation intense. Chaque mala vous apportera des vertus suppl\u00e9mentaires en fonction de sa composition.<\/p>\n<p>Les perles de Rudraksha sont issues d&rsquo;un arbre que l\u2019on trouve en Inde, ses graines sont r\u00e9colt\u00e9es et pr\u00e9cieusement conserv\u00e9es pour leurs vertus. Elles sont vectrices d\u2019une \u00e9nergie sp\u00e9cifique et consid\u00e9r\u00e9es comme sacr\u00e9es dans de nombreuses cultures asiatiques. Plus les perles de Rudraksha sont petites et plus elles sont sacr\u00e9es, car consid\u00e9r\u00e9es comme rares et porteuses d\u2019une grande \u00e9nergie.<\/p>\n<p>Parfois altern\u00e9es avec d\u2019autres pierres pr\u00e9cieuses ou semi-pr\u00e9cieuses, chacune a ses propres vertus et leur synergie vous permet de b\u00e9n\u00e9ficier de tous leurs bienfaits selon vos besoins. Pour ce collier par exemple, elles sont altern\u00e9es avec des perles de pyrite.<\/p>\n<p>La pyrite relie en vous les multiples \u00e9l\u00e9ments qui vous composent. Elle augmente votre vitalit\u00e9, vous permet de passer \u00e0 l\u2019action et de vous soulager de tout le stress \u00e9motionnel que vous pouvez cumuler en vous. Aussi surnomm\u00e9e la pierre de la chance, la pyrite est une gemme qui accro\u00eet la prosp\u00e9rit\u00e9, attire la richesse et l\u2019abondance dans votre vie.<\/p>\n<p>Les perles de pyrite sont soutenues par du mica, qui vous apporte la paix et la tranquillit\u00e9 n\u00e9cessaire pour prendre la bonne d\u00e9cision. Elle vous permet de regarder vers l&rsquo;avenir avec espoir et sans id\u00e9es pr\u00e9con\u00e7ues.<\/p>\n<p>Ce bracelet est connect\u00e9 aux chakras 1, 2 et 3. Voici leurs principales caract\u00e9ristiques :<\/p>\n<p>1 : Le chakra racine, ou chakra de la base, nous donne une connexion solide avec la Terre et nos besoins fondamentaux. C&rsquo;est le chakra de la fondation et de l&rsquo;ancrage.<\/p>\n<p>2 : Le chakra sacr\u00e9 laisse couler nos sentiments et cr\u00e9e la possibilit\u00e9 de relations fructueuses. C&rsquo;est le chakra de la cr\u00e9ativit\u00e9.<\/p>\n<p>3 : Le chakra du plexus solaire nous aide \u00e0 mettre nos talents au service des autres et donne de la force au d\u00e9veloppement de soi. C&rsquo;est le chakra de la volont\u00e9.<\/p>\n<p>[accordion title=\u00a0\u00bb\u00a0\u00bb open1st=\u00a0\u00bb0&Prime; openAll=\u00a0\u00bb0&Prime;][accordion_item title=\u00a0\u00bbEntretien\u00a0\u00bb]En recevant votre mala, vous pouvez soit le porter tout de suite, soit lui transmettre vos intentions. Ainsi, une sorte de connexion vous reliera avec votre collier, les perles sacr\u00e9es seront porteuses d\u2019\u00e9nergie. Pour cela, nous vous conseillons la c\u00e9r\u00e9monie suivante :<\/p>\n<ul>\n<li>Commencez \u00e0 porter votre mala un lundi, jour sacr\u00e9 consacr\u00e9 \u00e0 Shiva<\/li>\n<li>Trouvez un endroit calme, propice \u00e0 la d\u00e9tente<\/li>\n<li>Dans un r\u00e9cipient d\u2019eau, d\u00e9posez quelques fleurs et plongez-y votre mala<\/li>\n<li>Allumez un b\u00e2ton d\u2019encens pour aider votre esprit et votre corps \u00e0 se relaxer<\/li>\n<li>Une fois que vous avez atteint un niveau de s\u00e9r\u00e9nit\u00e9, nettoyez chacune des perles de votre mala. Transmettez-lui vos intentions et imaginez qu\u2019elles vous prot\u00e8gent et vous apportent la paix int\u00e9rieure<\/li>\n<li>R\u00e9p\u00e9tez le mantra \u00ab OM HREEM NAMAH SHIVAYA OM \u00bb qui repr\u00e9sente les larmes de Shiva<\/li>\n<li>Il ne vous reste plus qu\u2019\u00e0 porter votre mala et \u00e0 profiter de ses bienfaits<\/li>\n<\/ul>\n<p>En portant r\u00e9guli\u00e8rement votre mala, les perles vont absorber beaucoup d\u2019\u00e9nergie. Il faut donc de temps en temps les d\u00e9charger afin de repartir \u00e0 z\u00e9ro. Pour ce faire, ouvrez votre robinet et positionnez le collier sous l\u2019eau courante. Touchez chaque perle avec l\u2019intention de la nettoyer. Pour le faire s\u00e9cher, l\u2019id\u00e9al est de suspendre le collier \u00e0 l\u2019ext\u00e9rieur. Une fois sec, un peu d\u2019huile naturelle sur chaque perle leur permettra de gagner en brillance.[\/accordion_item][\/accordion][accordion title=\u00a0\u00bb\u00a0\u00bb open1st=\u00a0\u00bb0&Prime; openAll=\u00a0\u00bb0&Prime;][accordion_item title=\u00a0\u00bbTypes d&rsquo;activit\u00e9s\u00a0\u00bb]<span lang=\"fr\">Yin yoga, Yoga restauratif, Yoga nidra, M\u00e9ditation, Mindfulness, Casual wear, En route vers le studio, Cocooning \u00e0 la maison<\/span>[\/accordion_item][\/accordion][accordion title=\u00a0\u00bb\u00a0\u00bb open1st=\u00a0\u00bb0&Prime; openAll=\u00a0\u00bb0&Prime;][accordion_item title=\u00a0\u00bbPourquoi on adore ce produit\u00a0\u00bb]On appr\u00e9cie particuli\u00e8rement que les perles de Rudraksha utilis\u00e9es par la marque Mala Spirit soient r\u00e9colt\u00e9es de mani\u00e8re durable, \u00e9quitable et produites de fa\u00e7on \u00e9thique.<\/p>\n<p>Les bonnes \u00e9nergies que nous apportent les pierres de pyrite nous donnent de la motivation et de la force autant sur le plan physique que mental. Ses \u00e9nergies cr\u00e9atives nous aident \u00e0 manifester nos d\u00e9sirs et nous encouragent \u00e0 poursuivre nos r\u00eaves.<\/p>\n<p>On adore le m\u00e9lange des Rudrakshas et des Pyrites qui nous apporte \u00e9nergie positive et force pour affronter la vie. Le mica, quant \u00e0 lui, nous am\u00e8ne la paix int\u00e9rieure et la tranquillit\u00e9 lorsque l\u2019on doit prendre des d\u00e9cisions.<\/p>\n<p>Notre Mala \u201cAbundance\u201d, on le porte pour une s\u00e9ance de m\u00e9ditation ou un cours de yoga et aussi tout simplement comme un accessoire pour agr\u00e9menter nos tenues et profiter de ses bonnes vertus au quotidien. On peut par exemple l\u2019enrouler autour de notre poignet pour en faire un bracelet.[\/accordion_item][\/accordion][accordion title=\u00a0\u00bb\u00a0\u00bb open1st=\u00a0\u00bb0&Prime; openAll=\u00a0\u00bb0&Prime; style=\u00a0\u00bb\u00a0\u00bb][accordion_item title=\u00a0\u00bbPaiement, livraison &amp; retours\u00a0\u00bb]Pour les informations sur les alternatives de paiement, de livraison et les retours, merci de cliquer <a class=\"linkcgv\" href=\"https:\/\/www.yoga-nest.com\/paiement-livraison-retours\/\" target=\"_blank\" rel=\"noopener\">ICI<\/a>[\/accordion_item][\/accordion]<\/p>\n<p>[one]<\/p>\n<p><span style=\"color: #b01da4;\"><strong>La Marque<\/strong><\/span><\/p>\n<p><strong>Mala Spirit &#8211; Made with love, an offering from Bali<\/strong><\/p>\n<p>Le c\u0153ur des cr\u00e9ations Mala Spirit est la perle Rudraksha, issue de l\u2019arbre Eleocarpus, qui apporte la sagesse et le pouvoir des anciens sages au monde d\u2019aujourd\u2019hui sous la forme de malas contemporains. Le Rudraksha est associ\u00e9 \u00e0 des pierres pr\u00e9cieuses, qui diff\u00e9rent pour chaque pi\u00e8ce et lui conf\u00e8rent sa personnalit\u00e9 en termes de couleurs et ses b\u00e9n\u00e9fices associ\u00e9s aux chakras. Chaque pi\u00e8ce est fabriqu\u00e9e \u00e0 la main et b\u00e9nie \u00e0 Bali.<\/p>\n<p><a class=\"boutonmarque\" title=\"Mala Spirit\" href=\"http:\/\/yoga-nest.com\/mala-spirit\/\" target=\"_blank\" rel=\"noopener\">En savoir plus<\/a><\/p>\n<p>&nbsp;<\/p>\n","protected":false},"excerpt":{"rendered":"<p>Le collier mala \u201cAbundance\u201d est compos\u00e9 de perles de Rudraksha altern\u00e9es avec des perles de pyrite de la m\u00eame taille. Au-dessus du pompon, se trouve un pendentif en Mica.<\/p>\n<p>Les perles de Rudraksha offrent la paix, la clart\u00e9 et la direction. Elles permettent de laisser place aux pens\u00e9es positives. C\u2019est une mati\u00e8re tr\u00e8s rare. Elle est extr\u00eamement puissante en \u00e9nergie.<\/p>\n<p>La pyrite donne une \u00e9nergie cr\u00e9ative et cr\u00e9e de nouveaux mod\u00e8les positifs. Elle augmente notre vitalit\u00e9 et nous donne la force de passer \u00e0 l\u2019action. Les perles de pyrite de ce collier mala sont soutenues par du mica, qui offre une protection \u00e0 l&rsquo;ensemble de votre champ d&rsquo;\u00e9nergie.<\/p>\n<p>Cette gemme r\u00e9sonne avec le 1er, 2\u00e8me et 3\u00e8me chakra, il nous permet l\u2019ouverture d\u2019esprit et l\u2019honn\u00eatet\u00e9.<\/p>\n<p>&nbsp;<\/p>\n<p class=\"manquante\" style=\"text-align: center;\">Mod\u00e8le manquant ? <a href=\"mailto:serviceclients@yoga-nest.com\">Contactez-nous<\/a><\/p>\n","protected":false},"featured_media":215,"comment_status":"open","ping_status":"open","template":"","meta":[],"product_cat":[55,56,47,48],"product_tag":[57],"_links":{"self":[{"href":"https:\/\/yoganest.vaniseo.pro\/index.php\/wp-json\/wp\/v2\/product\/214"}],"collection":[{"href":"https:\/\/yoganest.vaniseo.pro\/index.php\/wp-json\/wp\/v2\/product"}],"about":[{"href":"https:\/\/yoganest.vaniseo.pro\/index.php\/wp-json\/wp\/v2\/types\/product"}],"replies":[{"embeddable":true,"href":"https:\/\/yoganest.vaniseo.pro\/index.php\/wp-json\/wp\/v2\/comments?post=214"}],"wp:featuredmedia":[{"embeddable":true,"href":"https:\/\/yoganest.vaniseo.pro\/index.php\/wp-json\/wp\/v2\/media\/215"}],"wp:attachment":[{"href":"https:\/\/yoganest.vaniseo.pro\/index.php\/wp-json\/wp\/v2\/media?parent=214"}],"wp:term":[{"taxonomy":"product_cat","embeddable":true,"href":"https:\/\/yoganest.vaniseo.pro\/index.php\/wp-json\/wp\/v2\/product_cat?post=214"},{"taxonomy":"product_tag","embeddable":true,"href":"https:\/\/yoganest.vaniseo.pro\/index.php\/wp-json\/wp\/v2\/product_tag?post=214"}],"curies":[{"name":"wp","href":"https:\/\/api.w.org\/{rel}","templated":true}]}}