{"id":2105,"date":"2023-07-06T22:43:15","date_gmt":"2023-07-06T20:43:15","guid":{"rendered":"https:\/\/yoganest.vaniseo.pro\/index.php\/product\/yoga-stylish-leggings-komana\/"},"modified":"2024-03-06T15:54:26","modified_gmt":"2024-03-06T14:54:26","slug":"yoga-stylish-leggings-komana","status":"publish","type":"product","link":"https:\/\/yoganest.vaniseo.pro\/index.php\/product\/yoga-stylish-leggings-komana\/","title":{"rendered":"Yoga stylish leggings | Komana"},"content":{"rendered":"<p>The Komana brand offers an exclusive and artistic approach with this range of original leggings, which are just as suitable for yoga as for other movement activities and for the city. They&rsquo;re super-comfortable thanks to the very fine, natural, elastic fabric.<\/p>\n<p>The modern, graphic designs stand out against a black background. They all have a specific representation:<\/p>\n<ul>\n<li>The Komana snake in the \u00ab\u00a0Medusa\u00a0\u00bb print represents the strong, powerful people who wear them, symbolising rebirth, transformation and healing.<\/li>\n<li>The \u00ab\u00a0Vasarely Eye\u00a0\u00bb print pays tribute to the works of the OP-ART movement.<\/li>\n<li>The \u00ab\u00a0Magical sky\u00a0\u00bb illustrations of stellar objects take us on a journey into space.<\/li>\n<li>On \u00ab\u00a0Fabula rasa\u00a0\u00bb, the playful motifs of whimsical creatures and adorable fairytale animals plunge us into a pretty imaginary world.<\/li>\n<li>As for \u00ab\u00a0Delight\u00a0\u00bb, it&rsquo;s a tribute to the swinging sixties.<br \/>\nKomana&rsquo;s yoga leggings have been cut to a high waist, with long legs and an elasticated waistband for maximum comfort.<\/li>\n<\/ul>\n<p>Size tip: if you&rsquo;re between sizes, we recommend going up a size for extra comfort.<\/p>\n<p>[accordion title=\u00a0\u00bb\u00a0\u00bb open1st=\u00a0\u00bb0&Prime; openAll=\u00a0\u00bb0&Prime;][accordion_item title=\u00a0\u00bbCare instructions\u00a0\u00bb]Here are a few tips for washing and caring for your cotton jogging leggings:<\/p>\n<ul>\n<li>Wash by hand or at a maximum temperature of 30\u00b0 in the washing machine.<\/li>\n<li>Leave to dry in the open air, not in a tumble dryer<\/li>\n<li>Do not use bleach&#8230;<\/li>\n<\/ul>\n<p>[\/accordion_item][\/accordion][accordion title=\u00a0\u00bb\u00a0\u00bb open1st=\u00a0\u00bb0&Prime; openAll=\u00a0\u00bb0&Prime;][accordion_item title=\u00a0\u00bbIt&rsquo;s perfect for\u00a0\u00bb]Pilates, Yoga styles Yin (Yin, Restauratif), Yoga styles Yang (Hatha, Vinyasa-Flow, Ashtanga, Power), Yoga Nidra, M\u00e9ditation, Mindfulness, Iyengar Yoga, Kundalini Yoga, Yoga a\u00e9rien, Yoga en plein air, Yoga en voyage, Stretching, Workout, gymnastique, Crossfit, sports en ext\u00e9rieur (bootcamp, running, marche nordique, randonn\u00e9e\u2026), streetwear, casualwear, cocooning \u00e0 la maison[\/accordion_item][\/accordion][accordion title=\u00a0\u00bb\u00a0\u00bb open1st=\u00a0\u00bb0&Prime; openAll=\u00a0\u00bb0&Prime;][accordion_item title=\u00a0\u00bbWhy we love this product\u00a0\u00bb]For their comfort and originality! We love the resolutely urban style of these leggings. We can just imagine wearing one of these leggings to go out on the town with a pretty velvet jumper sweatshirt, or a denim jacket to break up the sporty look; teamed with a more chic top, the outfit becomes sophisticated for going out for a drink in town or to a restaurant.[\/accordion_item][\/accordion][accordion title=\u00a0\u00bb\u00a0\u00bb open1st=\u00a0\u00bb0&Prime; openAll=\u00a0\u00bb0&Prime; style=\u00a0\u00bb\u00a0\u00bb][accordion_item title=\u00a0\u00bbPayment, shipping &amp; returns\u00a0\u00bb]For information on payment alternatives, delivery and returns, please click <a href=\"https:\/\/www.yoga-nest.com\/en\/payment-shipping-returns\/\">HERE<\/a>.[\/accordion_item][\/accordion]<\/p>\n<p><span style=\"color: #b01da4;\"><b>The brand<\/b><\/span><\/p>\n<p><strong>Komana \u2013 The responsible brand created by two Swiss sisters, Nina &amp; Livia<\/strong><\/p>\n<p>Their aim? To create sustainable, timeless clothing with eclectic prints that respect the environment and fair trade. This beautiful brand creates prints that take us on a journey through different cultures.<\/p>\n<p>The designs are drawn in ink by hand and then printed on the textiles using screen printing, digital printing and traditional wood engraving.<\/p>\n<p>Fair trade manufacturing takes place in Jaipur, India, as well as in London, UK.<\/p>\n","protected":false},"excerpt":{"rendered":"<p>Discover the sublime leggings from Komana. These highly original prints will take you on a journey, make you stand out from the crowd and add a touch of style!<\/p>\n<p>The fine fabric is great for all movement activities, like a second skin. You&rsquo;ll feel very comfortable during a yoga session, even during intense, acrobatic movements! They&rsquo;re also great to wear when you&rsquo;re out in nature, running or hiking. The super-comfortable cut of these leggings is perfect for a session of relaxation or meditation.<\/p>\n<p>They can be worn as sports leggings, but also as everyday trousers for a stroll or a night out with friends. Comfort + style, what more could you ask for?<\/p>\n<p>It&rsquo;s made from 95% GOTS-certified organic cotton jersey and 5% elastane for stretch.<\/p>\n<p>&nbsp;<\/p>\n<p style=\"text-align: center;\">Is your size or your favourite colour missing ? <a href=\"mailto:serviceclients@yoga-nest.com\">Contact us<\/a><\/p>\n","protected":false},"featured_media":1975,"comment_status":"open","ping_status":"open","template":"","meta":[],"product_cat":[102,103,121,122],"product_tag":[221],"_links":{"self":[{"href":"https:\/\/yoganest.vaniseo.pro\/index.php\/wp-json\/wp\/v2\/product\/2105"}],"collection":[{"href":"https:\/\/yoganest.vaniseo.pro\/index.php\/wp-json\/wp\/v2\/product"}],"about":[{"href":"https:\/\/yoganest.vaniseo.pro\/index.php\/wp-json\/wp\/v2\/types\/product"}],"replies":[{"embeddable":true,"href":"https:\/\/yoganest.vaniseo.pro\/index.php\/wp-json\/wp\/v2\/comments?post=2105"}],"wp:featuredmedia":[{"embeddable":true,"href":"https:\/\/yoganest.vaniseo.pro\/index.php\/wp-json\/wp\/v2\/media\/1975"}],"wp:attachment":[{"href":"https:\/\/yoganest.vaniseo.pro\/index.php\/wp-json\/wp\/v2\/media?parent=2105"}],"wp:term":[{"taxonomy":"product_cat","embeddable":true,"href":"https:\/\/yoganest.vaniseo.pro\/index.php\/wp-json\/wp\/v2\/product_cat?post=2105"},{"taxonomy":"product_tag","embeddable":true,"href":"https:\/\/yoganest.vaniseo.pro\/index.php\/wp-json\/wp\/v2\/product_tag?post=2105"}],"curies":[{"name":"wp","href":"https:\/\/api.w.org\/{rel}","templated":true}]}}