{"id":2006,"date":"2023-06-21T05:57:07","date_gmt":"2023-06-21T03:57:07","guid":{"rendered":"https:\/\/yoganest.vaniseo.pro\/index.php\/product\/short-de-yoga-et-sport-shorty\/"},"modified":"2024-03-06T15:54:04","modified_gmt":"2024-03-06T14:54:04","slug":"short-de-yoga-et-sport-shorty","status":"publish","type":"product","link":"https:\/\/yoganest.vaniseo.pro\/index.php\/product\/short-de-yoga-et-sport-shorty\/","title":{"rendered":"Short de yoga et sport | Shorty"},"content":{"rendered":"<p>L\u00e9ger comme une plume et incroyablement doux au toucher, hyper polyvalent, il peut \u00eatre utilis\u00e9 comme short de sport, comme v\u00eatement relax ou port\u00e9 sous une robe. Sa mati\u00e8re naturelle garantit une excellente respiration, une grande libert\u00e9 de mouvement et une taille haute qui apporte confort et maintien.<\/p>\n<p>\u00c0 la recherche d&rsquo;une solution fiable \u00e0 porter sous vos jupes ? Si vous aimez porter des robes courtes mais vous ne vous sentez pas compl\u00e8tement \u00e0 l&rsquo;aise \u00e0 v\u00e9lo ou en mouvement, ce short de yoga est parfait \u00e0 porter au-dessus du sous-v\u00eatement..<\/p>\n<p>[accordion title=\u00a0\u00bb\u00a0\u00bb open1st=\u00a0\u00bb0&Prime; openAll=\u00a0\u00bb0&Prime;][accordion_item title=\u00a0\u00bbEntretien\u00a0\u00bb]<br \/>\n<span style=\"font-weight: 400;\">Quelques conseils pour continuer longtemps \u00e0 utiliser votre short \u00a0:<\/span><\/p>\n<ul>\n<li style=\"font-weight: 400;\" aria-level=\"1\"><span style=\"font-weight: 400;\">Lavez-le \u00e0 30\u00b0 au maximum, l&rsquo;adoucissant n&rsquo;est pas n\u00e9cessaire <\/span><\/li>\n<li style=\"font-weight: 400;\" aria-level=\"1\"><span style=\"font-weight: 400;\">Pas de s\u00e8che-linge, laissez-le s\u00e9cher \u00e0 plat \u00e0 l\u2019air libre<\/span><\/li>\n<li style=\"font-weight: 400;\" aria-level=\"1\"><span style=\"font-weight: 400;\">N\u2019utilisez pas de Javel pour prot\u00e9ger au maximum son tissu et ses propri\u00e9t\u00e9s, <\/span>[\/accordion_item][\/accordion][accordion title=\u00a0\u00bb\u00a0\u00bb open1st=\u00a0\u00bb0&Prime; openAll=\u00a0\u00bb0&Prime;][accordion_item title=\u00a0\u00bbTypes d&rsquo;activit\u00e9s\u00a0\u00bb]Hot yoga, Bikram yoga, Rocket yoga, Ashtanga yoga, Vinyasa, Hatha, Yoga styles Yin (Yin, Restauratif), Yoga Nidra, M\u00e9ditation, Mindfulness, Iyengar Yoga, Kundalini yoga, Yoga pr\u00e9natal, Yoga en plein air, Yoga en voyage, Stretching, streetwear, casualwear, style relax, cocooning \u00e0 la maison. [\/accordion_item][\/accordion][accordion title=\u00a0\u00bb\u00a0\u00bb open1st=\u00a0\u00bb0&Prime; openAll=\u00a0\u00bb0&Prime;][accordion_item title=\u00a0\u00bbPourquoi on adore ce produit\u00a0\u00bb]Il est l\u00e9ger et en m\u00eame temps suffisamment couvrant, hyper confortable et respirant. On ne le quitte plus d\u00e8s qu&rsquo;il fait chaud![\/accordion_item][\/accordion][accordion title=\u00a0\u00bb\u00a0\u00bb open1st=\u00a0\u00bb0&Prime; openAll=\u00a0\u00bb0&Prime; style=\u00a0\u00bb\u00a0\u00bb][accordion_item title=\u00a0\u00bbPaiement, livraison &amp; retours\u00a0\u00bb]Pour les informations sur les alternatives de paiement, de livraison et les retours, merci de cliquer <a class=\"linkcgv\" href=\"https:\/\/www.yoga-nest.com\/paiement-livraison-retours\/\" target=\"_blank\" rel=\"noopener\">ICI<\/a>.[\/accordion_item][\/accordion]<\/li>\n<\/ul>\n<p>&nbsp;<\/p>\n<p><span style=\"color: #b01da4;\"><b>La Marque<\/b><\/span><\/p>\n<p><b>Vervola \u2013 Inspir\u00e9 par le yoga, con\u00e7u en Suisse, fabriqu\u00e9 \u00e0 Bali dans le cadre d&rsquo;une production durable et \u00e9thique<\/b><\/p>\n<p><span style=\"font-weight: 400;\">Vervola est une <\/span><b>start-up familiale suisse<\/b><span style=\"font-weight: 400;\">, n\u00e9e en 2019. Des tops et des pantalons qui sont <\/span><b>tous doux et ultra-confortables, mettent en valeur votre corps et combinent des coupes intemporelles avec des motifs tendance.<\/b><span style=\"font-weight: 400;\">Con\u00e7us en Suisse par Susanne, ils sont tous uniques car fabriqu\u00e9s pi\u00e8ce par pi\u00e8ce de fa\u00e7on artisanale sur l&rsquo;Ile de Bali en artisanat responsable.<\/span><\/p>\n<p><a class=\"boutonmarque\" title=\"Vervola\" href=\"http:\/\/www.yoga-nest.com\/vervola\/\"><span style=\"font-weight: 400;\">En savoir plus<\/span><\/a><\/p>\n","protected":false},"excerpt":{"rendered":"<p>Ce short de yoga l\u00e9ger et pr\u00e8s du corps est un incontournable en termes de confort et indispensable dans toute garde-robe !<\/p>\n<p>Fabriqu\u00e9 \u00e0 partir d&rsquo;un mat\u00e9riau naturel, ce short \u00e9pouse parfaitement les courbes du corps quels que soient les mouvements qu&rsquo;on fait, tout en \u00e9tant respirant. Sa ceinture extra haute et super \u00e9lastique garantit un bien-\u00eatre absolu. Il est id\u00e9al pour les pratiques de yoga ashtanga, bikram et autres hot yoga, iyengar yoga, et aussi en pilates, danse, gym, au fitness, au crossfit et ailleurs&#8230;<\/p>\n<p>La pallette de coloris disponibles le rend facile \u00e0 assortir. Parmi les tops Vervola, le short Shorty se combine particuli\u00e8rement bien avec la <a href=\"https:\/\/www.yoga-nest.com\/boutique-yoga-shop\/brassiere-bustier-linda\/\">Brassi\u00e8re Linda<\/a> et avec le <a href=\"https:\/\/www.yoga-nest.com\/boutique-yoga-shop\/t-shirt-manches-courtes-favourite\/\">T-Shirt Favourite<\/a>. D&rsquo;autres mod\u00e8les de top aux m\u00eames coloris sont disponibles \u00e0 la <a href=\"https:\/\/www.yoga-nest.com\/boutique-studio\/\">Boutique YOGA<strong>NEST<\/strong> \u00e0 Carouge<\/a>.<\/p>\n<p>[button title=\u00a0\u00bbGuide des tailles\u00a0\u00bb link=\u00a0\u00bbhttps:\/\/www.yoga-nest.com\/tailles\u00a0\u00bb target=\u00a0\u00bb_blank\u00a0\u00bb align=\u00a0\u00bbcenter\u00a0\u00bb icon=\u00a0\u00bb\u00a0\u00bb icon_position=\u00a0\u00bb\u00a0\u00bb color=\u00a0\u00bb\u00a0\u00bb font_color=\u00a0\u00bb\u00a0\u00bb size=\u00a0\u00bb2&Prime; full_width=\u00a0\u00bb\u00a0\u00bb class=\u00a0\u00bbbouttontaille\u00a0\u00bb download=\u00a0\u00bb\u00a0\u00bb rel=\u00a0\u00bb\u00a0\u00bb]<\/p>\n<p>&nbsp;<\/p>\n<p class=\"manquante\" style=\"text-align: center;\">Taille ou couleur manquante ? <a href=\"mailto:serviceclients@yoga-nest.com\">Contactez-nous<\/a><\/p>\n","protected":false},"featured_media":2007,"comment_status":"open","ping_status":"open","template":"","meta":[],"product_cat":[62,91],"product_tag":[77],"_links":{"self":[{"href":"https:\/\/yoganest.vaniseo.pro\/index.php\/wp-json\/wp\/v2\/product\/2006"}],"collection":[{"href":"https:\/\/yoganest.vaniseo.pro\/index.php\/wp-json\/wp\/v2\/product"}],"about":[{"href":"https:\/\/yoganest.vaniseo.pro\/index.php\/wp-json\/wp\/v2\/types\/product"}],"replies":[{"embeddable":true,"href":"https:\/\/yoganest.vaniseo.pro\/index.php\/wp-json\/wp\/v2\/comments?post=2006"}],"wp:featuredmedia":[{"embeddable":true,"href":"https:\/\/yoganest.vaniseo.pro\/index.php\/wp-json\/wp\/v2\/media\/2007"}],"wp:attachment":[{"href":"https:\/\/yoganest.vaniseo.pro\/index.php\/wp-json\/wp\/v2\/media?parent=2006"}],"wp:term":[{"taxonomy":"product_cat","embeddable":true,"href":"https:\/\/yoganest.vaniseo.pro\/index.php\/wp-json\/wp\/v2\/product_cat?post=2006"},{"taxonomy":"product_tag","embeddable":true,"href":"https:\/\/yoganest.vaniseo.pro\/index.php\/wp-json\/wp\/v2\/product_tag?post=2006"}],"curies":[{"name":"wp","href":"https:\/\/api.w.org\/{rel}","templated":true}]}}