{"id":1952,"date":"2023-06-15T20:23:24","date_gmt":"2023-06-15T18:23:24","guid":{"rendered":"https:\/\/yoganest.vaniseo.pro\/index.php\/product\/instruments-de-sonotherapie-massage-sonore-et-bains-sonore\/"},"modified":"2024-03-06T15:52:23","modified_gmt":"2024-03-06T14:52:23","slug":"instruments-de-sonotherapie-massage-sonore-et-bains-sonore","status":"publish","type":"product","link":"https:\/\/yoganest.vaniseo.pro\/index.php\/product\/instruments-de-sonotherapie-massage-sonore-et-bains-sonore\/","title":{"rendered":"Instruments de sonoth\u00e9rapie | Bains sonores"},"content":{"rendered":"<p><b>Vous cherchez un instrument particulier? Vous voyez sur les photos quelque chose qui attire votre attention? Contactez-nous par mail ou t\u00e9l\u00e9phone. Notre assortiment varie et ne se limite pas \u00e0 ce que vous voyez ici. Nous vous renseignerons volontiers et vous dirons si la livraison par Poste est possible ou si votre visite \u00e0 la Boutique <\/b>YOGA<b>NEST \u00e0 Carouge sera pr\u00e9f\u00e9rable.\u00a0<\/b><\/p>\n<p>[accordion title=\u00a0\u00bb\u00a0\u00bb open1st=\u00a0\u00bb0&Prime; openAll=\u00a0\u00bb0&Prime;][accordion_item title=\u00a0\u00bbEntretien\u00a0\u00bb]RAS[\/accordion_item][\/accordion][accordion title=\u00a0\u00bb\u00a0\u00bb open1st=\u00a0\u00bb0&Prime; openAll=\u00a0\u00bb0&Prime;][accordion_item title=\u00a0\u00bbTypes d&rsquo;activit\u00e9s\u00a0\u00bb]Yoga styles Yin (Yin, Restauratif), Yoga Nidra, M\u00e9ditation, Mindfulness, Yoga a\u00e9rien, Yoga en plein air, Yoga en voyage, Relaxation \u00e0 la maison, Bains et soins sonores, Sound healing[\/accordion_item][\/accordion][accordion title=\u00a0\u00bb\u00a0\u00bb open1st=\u00a0\u00bb0&Prime; openAll=\u00a0\u00bb0&Prime;][accordion_item title=\u00a0\u00bbPourquoi on adore ce produit\u00a0\u00bb]Nous adorons tous les instruments intuitifs que nous proposons sur la Boutique en ligne et dans notre Boutique \u00e0 Carouge, Gen\u00e8ve. Nous les s\u00e9lectionnons tous avec la plus grande attention, pour qu&rsquo;ils vous accompagnent dans votre relaxation ou votre m\u00e9ditation, en individuel ou \u00e0 plusieurs.[\/accordion_item][\/accordion][accordion title=\u00a0\u00bb\u00a0\u00bb open1st=\u00a0\u00bb0&Prime; openAll=\u00a0\u00bb0&Prime; style=\u00a0\u00bb\u00a0\u00bb][accordion_item title=\u00a0\u00bbPaiement, livraison &amp; retours\u00a0\u00bb]Pour les informations sur les alternatives de paiement, de livraison et les retours, merci de cliquer <a class=\"linkcgv\" href=\"https:\/\/www.yoga-nest.com\/paiement-livraison-retours\/\" target=\"_blank\" rel=\"noopener\">ICI<\/a>.[\/accordion_item][\/accordion]<\/p>\n","protected":false},"excerpt":{"rendered":"<p><strong>Bols chantants tib\u00e9tains, bols en cristal, cloches tib\u00e9taines, tubes sonores, kalimbas, b\u00e2tons de pluie, tambours oc\u00e9an, tongue drums, pocket drums, shakers, sticks et mailloches,<\/strong>&#8230; notre assortiment d&rsquo;instruments intuitifs est large et vari\u00e9.<\/p>\n<p>Tous ces instruments peuvent s&rsquo;associer harmonieusement ou se jouer seuls. La plupart sont tr\u00e8s intuitifs, aucune \u00e9ducation musicale n&rsquo;est n\u00e9cessaire pour les utiliser et (se) faire du bien. La Sonoth\u00e9rapie ou th\u00e9rapie par le son n&rsquo;a pas besoin d&rsquo;\u00eatre professionnelle pour \u00eatre b\u00e9n\u00e9fique. Toute personne peut activer simplement un bol pour accompagner sa propre respiration en conscience ou se relaxer en jouant plusieurs instruments. Avec une dose de curiosit\u00e9 et d&rsquo;\u00e9coute, on peut aussi guider un groupe d&rsquo;amis ou familial dans une pause d\u00e9tente, au jardin, au bord du lac ou au salon.<\/p>\n<p>Les enfants se les approprient ais\u00e9ment pour des moments de calme et apprendre la patience et la douceur (attendre que le son s&rsquo;\u00e9teigne pour r\u00e9activer le bol, toucher l&rsquo;instrument sans force, \u00e9couter les autres personnes pour se compl\u00e9ter&#8230;).<\/p>\n<p><span style=\"font-weight: 400;\">Tous nos instruments sont s\u00e9lectionn\u00e9s avec attention et pour leur qualit\u00e9. Ils r\u00e9jouiront donc aussi les professionnel.le.s de l&rsquo;accompagnement et du soin par le son, dans une multitude de contextes:<\/span><\/p>\n<ul>\n<li>* Bain Sonore en groupe<\/li>\n<li>* Accompagnement en compl\u00e9ment \u00e0 une pratique guid\u00e9e de yoga, m\u00e9ditation, xi-gong ou autre<\/li>\n<li>* Massage Sonore individuel ou en couple, associ\u00e9 peut-\u00eatre \u00e0 des s\u00e9ances de r\u00e9flexologie, shiatsu, massage,&#8230;<\/li>\n<li>* Kirtan, concert,&#8230;<\/li>\n<\/ul>\n<p><span style=\"font-weight: 400;\"><strong>Nous faisons le choix de ne pas pr\u00e9senter chaque article en d\u00e9tail sur la Boutique en ligne<\/strong> YOGA<strong>NEST<\/strong>. <strong>Alors passez-nous voir \u00e0 la Boutique \u00e0 Carouge, Rue St-Victor 23, ou contactez-nous<\/strong> par mail ou t\u00e9l\u00e9phone. Si nous n\u00a0\u00bbavions pas en stock ce qui vous tient \u00e0 coeur, nous pourrons peut-\u00eatre le trouver pour vous.<\/span><\/p>\n<p>&nbsp;<\/p>\n<p class=\"manquante\" style=\"text-align: center;\">Vous souhaitez des pr\u00e9cisions sur notre assortiment disponible? Vous avez une demande sp\u00e9cifique? <a href=\"mailto:serviceclients@yoga-nest.com\">Contactez-nous<\/a><\/p>\n","protected":false},"featured_media":1953,"comment_status":"open","ping_status":"open","template":"","meta":[],"product_cat":[20,43,28,92],"product_tag":[213],"_links":{"self":[{"href":"https:\/\/yoganest.vaniseo.pro\/index.php\/wp-json\/wp\/v2\/product\/1952"}],"collection":[{"href":"https:\/\/yoganest.vaniseo.pro\/index.php\/wp-json\/wp\/v2\/product"}],"about":[{"href":"https:\/\/yoganest.vaniseo.pro\/index.php\/wp-json\/wp\/v2\/types\/product"}],"replies":[{"embeddable":true,"href":"https:\/\/yoganest.vaniseo.pro\/index.php\/wp-json\/wp\/v2\/comments?post=1952"}],"wp:featuredmedia":[{"embeddable":true,"href":"https:\/\/yoganest.vaniseo.pro\/index.php\/wp-json\/wp\/v2\/media\/1953"}],"wp:attachment":[{"href":"https:\/\/yoganest.vaniseo.pro\/index.php\/wp-json\/wp\/v2\/media?parent=1952"}],"wp:term":[{"taxonomy":"product_cat","embeddable":true,"href":"https:\/\/yoganest.vaniseo.pro\/index.php\/wp-json\/wp\/v2\/product_cat?post=1952"},{"taxonomy":"product_tag","embeddable":true,"href":"https:\/\/yoganest.vaniseo.pro\/index.php\/wp-json\/wp\/v2\/product_tag?post=1952"}],"curies":[{"name":"wp","href":"https:\/\/api.w.org\/{rel}","templated":true}]}}