{"id":1947,"date":"2023-06-15T19:11:53","date_gmt":"2023-06-15T17:11:53","guid":{"rendered":"https:\/\/yoganest.vaniseo.pro\/index.php\/product\/calice-en-cristal-21-cm\/"},"modified":"2024-03-06T15:52:16","modified_gmt":"2024-03-06T14:52:16","slug":"calice-en-cristal-21-cm","status":"publish","type":"product","link":"https:\/\/yoganest.vaniseo.pro\/index.php\/product\/calice-en-cristal-21-cm\/","title":{"rendered":"Calice en cristal | 21 cm"},"content":{"rendered":"<p>Les <strong>b\u00e9n\u00e9fices ressentis<\/strong> sont variables d&rsquo;une personne \u00e0 l&rsquo;autre, comme pour tous les instruments intuitifs. Il est g\u00e9n\u00e9ralement consid\u00e9r\u00e9 et per\u00e7u que l&rsquo;utilisation d&rsquo;instruments en cristal sont susceptibles de procurer les b\u00e9n\u00e9fices suivants:<\/p>\n<ul>\n<li>Relaxation: le son du cristal cr\u00e9e des vibrations qui se propagent \u00e0 travers le corps, ceci pouvant aider aider \u00e0 r\u00e9duire le stress et les tensions physiques. Les sons harmonieux et apaisants favoriseraient aussi la lib\u00e9ration d&rsquo;endorphines, les hormones du bien-\u00eatre, ce qui peut induire un \u00e9tat de calme et de relaxation.<\/li>\n<li>Exp\u00e9rience m\u00e9ditative \u00ab\u00a0facilit\u00e9e\u00a0\u00bb car les sons et les vibrations peuvent aider \u00e0 calmer l&rsquo;esprit, \u00e0 favoriser la concentration et \u00e0 acc\u00e9der donc \u00e0 un \u00e9tat m\u00e9ditatif profond.<\/li>\n<li>Harmonisation des \u00e9nergies et stimulation de la circulation \u00e9nerg\u00e9tique, notamment de par la r\u00e9ceptivit\u00e9 des liquides contenus dans notre corps aux vibrations. Cela peut contribuer \u00e0 l&rsquo;\u00e9quilibre g\u00e9n\u00e9ral et au bien-\u00eatre.<\/li>\n<\/ul>\n<p><b>Venez d\u00e9couvrir ce Calice \u00e0 la Boutique \u00e0 Carouge car il n&rsquo;est pas disponible en livraison par la Poste. Si vous souhaitez le commander d&rsquo;ores et d\u00e9j\u00e0, s\u00e9lectionnez le Click &amp; Collect comme m\u00e9thode de livraison.<\/b><\/p>\n<p>Si vous tenez \u00e0 conna\u00eetre les fr\u00e9quences \u00e9mises par cet instrument Calice en cristal, nous vous invitons \u00e0 venir \u00e0 la Boutique avec un instrument de mesure que vous connaissez et qui vous donne satisfaction.<\/p>\n<p>[accordion title=\u00a0\u00bb\u00a0\u00bb open1st=\u00a0\u00bb0&Prime; openAll=\u00a0\u00bb0&Prime;][accordion_item title=\u00a0\u00bbEntretien\u00a0\u00bb]Transportez cet article dans la housse sp\u00e9ciale fournie pour la prot\u00e9gez des chocs.[\/accordion_item][\/accordion][accordion title=\u00a0\u00bb\u00a0\u00bb open1st=\u00a0\u00bb0&Prime; openAll=\u00a0\u00bb0&Prime;][accordion_item title=\u00a0\u00bbTypes d&rsquo;activit\u00e9s\u00a0\u00bb]Yoga styles Yin (Yin, Restauratif), Yoga Nidra, M\u00e9ditation, Mindfulness, Yoga a\u00e9rien, Yoga en plein air, Yoga en voyage, Relaxation \u00e0 la maison, Bains et soins sonores, Sound healing[\/accordion_item][\/accordion][accordion title=\u00a0\u00bb\u00a0\u00bb open1st=\u00a0\u00bb0&Prime; openAll=\u00a0\u00bb0&Prime;][accordion_item title=\u00a0\u00bbPourquoi on adore ce produit\u00a0\u00bb]Venez l&rsquo;\u00e9couter, son son est indescriptible! Il s&rsquo;adapte \u00e0 tous les contextes de sonoth\u00e9rapie, Bain sonore en groupe ou Soin sonore individuel ou en couple. [\/accordion_item][\/accordion][accordion title=\u00a0\u00bb\u00a0\u00bb open1st=\u00a0\u00bb0&Prime; openAll=\u00a0\u00bb0&Prime; style=\u00a0\u00bb\u00a0\u00bb][accordion_item title=\u00a0\u00bbPaiement, livraison &amp; retours\u00a0\u00bb]Pour les informations sur les alternatives de paiement, de livraison et les retours, merci de cliquer <a class=\"linkcgv\" href=\"https:\/\/www.yoga-nest.com\/paiement-livraison-retours\/\" target=\"_blank\" rel=\"noopener\">ICI<\/a>.[\/accordion_item][\/accordion]<\/p>\n","protected":false},"excerpt":{"rendered":"<p>Venez \u00e9couter les sons de ce calice en cristal quartz naturel de 17 cm de diam\u00e8tre et 34 cm de hauteur.<\/p>\n<p><strong>De par sa forme et son ouverture des 2 c\u00f4t\u00e9s, le son circule dans son volume int\u00e9rieur et il diffusera des vibrations cristallines exceptionnelles et enveloppantes, qui seront variables selon la fa\u00e7on dont vous le tiendrez et l&rsquo;orienterez.\u00a0<\/strong><\/p>\n<p>Puissant et au son prolong\u00e9, il peut \u00eatre utilis\u00e9 autant dans une pi\u00e8ce spacieuse pour une utilisation en groupe, que dans un plus petit espace pour un soin de th\u00e9rapie par le son individuel.<\/p>\n<p>Ce calice \u00e9tant l\u00e9ger, vous pourrez le promener dans la pi\u00e8ce et jouer avec la proximit\u00e9 de la ou des personnes pour varier les sons et leurs ressentis.<\/p>\n<p>Le stick-maillet n&rsquo;est pas fourni avec le Calice, vous pourrez d\u00e9couvrir notre choix \u00e0 la Boutique.<\/p>\n<p>&nbsp;<\/p>\n<p class=\"manquante\" style=\"text-align: center;\">Mod\u00e8le manquant ? <a href=\"mailto:serviceclients@yoga-nest.com\">Contactez-nous<\/a><\/p>\n","protected":false},"featured_media":1948,"comment_status":"open","ping_status":"open","template":"","meta":[],"product_cat":[20,92],"product_tag":[213],"_links":{"self":[{"href":"https:\/\/yoganest.vaniseo.pro\/index.php\/wp-json\/wp\/v2\/product\/1947"}],"collection":[{"href":"https:\/\/yoganest.vaniseo.pro\/index.php\/wp-json\/wp\/v2\/product"}],"about":[{"href":"https:\/\/yoganest.vaniseo.pro\/index.php\/wp-json\/wp\/v2\/types\/product"}],"replies":[{"embeddable":true,"href":"https:\/\/yoganest.vaniseo.pro\/index.php\/wp-json\/wp\/v2\/comments?post=1947"}],"wp:featuredmedia":[{"embeddable":true,"href":"https:\/\/yoganest.vaniseo.pro\/index.php\/wp-json\/wp\/v2\/media\/1948"}],"wp:attachment":[{"href":"https:\/\/yoganest.vaniseo.pro\/index.php\/wp-json\/wp\/v2\/media?parent=1947"}],"wp:term":[{"taxonomy":"product_cat","embeddable":true,"href":"https:\/\/yoganest.vaniseo.pro\/index.php\/wp-json\/wp\/v2\/product_cat?post=1947"},{"taxonomy":"product_tag","embeddable":true,"href":"https:\/\/yoganest.vaniseo.pro\/index.php\/wp-json\/wp\/v2\/product_tag?post=1947"}],"curies":[{"name":"wp","href":"https:\/\/api.w.org\/{rel}","templated":true}]}}