{"id":1943,"date":"2023-06-15T18:29:06","date_gmt":"2023-06-15T16:29:06","guid":{"rendered":"https:\/\/yoganest.vaniseo.pro\/index.php\/product\/bol-tibetain-xxl\/"},"modified":"2024-03-06T15:52:54","modified_gmt":"2024-03-06T14:52:54","slug":"bol-tibetain-xxl","status":"publish","type":"product","link":"https:\/\/yoganest.vaniseo.pro\/index.php\/product\/bol-tibetain-xxl\/","title":{"rendered":"Bol tib\u00e9tain traditionnel | XXL 43cm"},"content":{"rendered":"<p>Si conna\u00eetre les fr\u00e9quences de ce bol tib\u00e9tain est important pour vous, nous vous invitons \u00e0 venir \u00e0 la Boutique avec un instrument de mesure qui vous satisfait. Nous vous conseillons cependant de choisir votre bol surtout en le jouant pour sentir s&rsquo;il vous convient.<\/p>\n<p><b>Cet article n&rsquo;est pas disponible en livraison par la <\/b><b>Poste. Merci de venir le d\u00e9couvrir directement \u00e0 la Boutique ou de le commander ici s\u00e9lectionnant le Click &amp; Collect si vous souhaitez d&rsquo;ores et d\u00e9j\u00e0 le r\u00e9server .<\/b><\/p>\n<p>[accordion title=\u00a0\u00bb\u00a0\u00bb open1st=\u00a0\u00bb0&Prime; openAll=\u00a0\u00bb0&Prime;][accordion_item title=\u00a0\u00bbEntretien\u00a0\u00bb]Transportez cet article dans la housse sp\u00e9ciale fournie pour la prot\u00e9gez des chocs.[\/accordion_item][\/accordion][accordion title=\u00a0\u00bb\u00a0\u00bb open1st=\u00a0\u00bb0&Prime; openAll=\u00a0\u00bb0&Prime;][accordion_item title=\u00a0\u00bbTypes d&rsquo;activit\u00e9s\u00a0\u00bb]Yoga styles Yin (Yin, Restauratif), Yoga Nidra, M\u00e9ditation, Mindfulness, Yoga a\u00e9rien, Yoga en plein air, Yoga en voyage, Relaxation \u00e0 la maison, Bains et soins sonores, Sound healing[\/accordion_item][\/accordion][accordion title=\u00a0\u00bb\u00a0\u00bb open1st=\u00a0\u00bb0&Prime; openAll=\u00a0\u00bb0&Prime;][accordion_item title=\u00a0\u00bbPourquoi on adore ce produit\u00a0\u00bb]Venez l&rsquo;\u00e9couter&#8230;[\/accordion_item][\/accordion][accordion title=\u00a0\u00bb\u00a0\u00bb open1st=\u00a0\u00bb0&Prime; openAll=\u00a0\u00bb0&Prime; style=\u00a0\u00bb\u00a0\u00bb][accordion_item title=\u00a0\u00bbPaiement, livraison &amp; retours\u00a0\u00bb]Pour les informations sur les alternatives de paiement, de livraison et les retours, merci de cliquer <a class=\"linkcgv\" href=\"https:\/\/www.yoga-nest.com\/paiement-livraison-retours\/\" target=\"_blank\" rel=\"noopener\">ICI<\/a>.[\/accordion_item][\/accordion]<\/p>\n","protected":false},"excerpt":{"rendered":"<p>Ce superbe bol tib\u00e9tain de tr\u00e8s grand diam\u00e8tre (43.5cm) permet de se mettre debout dedans pour s&rsquo;impr\u00e9gner des vibrations depuis les pieds. Bien qu&rsquo;il p\u00e8se 8kg, on peut aussi le d\u00e9poser sur les hanches. Il offre un son profond et des vibrations puissantes.<\/p>\n<p>Fabriqu\u00e9 \u00e0 la main au N\u00e9pal par des artisans qui respectent la tradition ancestrale, il a \u00e9t\u00e9 s\u00e9lectionn\u00e9 attentivement pour sa qualit\u00e9.<\/p>\n<p>Une mailloche de grande taille est offerte avec ce Bol tib\u00e9tain g\u00e9ant.<\/p>\n<p>&nbsp;<\/p>\n<p class=\"manquante\" style=\"text-align: center;\">Mod\u00e8le manquant ? <a href=\"mailto:serviceclients@yoga-nest.com\">Contactez-nous<\/a><\/p>\n","protected":false},"featured_media":1944,"comment_status":"open","ping_status":"open","template":"","meta":[],"product_cat":[20,92],"product_tag":[213],"_links":{"self":[{"href":"https:\/\/yoganest.vaniseo.pro\/index.php\/wp-json\/wp\/v2\/product\/1943"}],"collection":[{"href":"https:\/\/yoganest.vaniseo.pro\/index.php\/wp-json\/wp\/v2\/product"}],"about":[{"href":"https:\/\/yoganest.vaniseo.pro\/index.php\/wp-json\/wp\/v2\/types\/product"}],"replies":[{"embeddable":true,"href":"https:\/\/yoganest.vaniseo.pro\/index.php\/wp-json\/wp\/v2\/comments?post=1943"}],"wp:featuredmedia":[{"embeddable":true,"href":"https:\/\/yoganest.vaniseo.pro\/index.php\/wp-json\/wp\/v2\/media\/1944"}],"wp:attachment":[{"href":"https:\/\/yoganest.vaniseo.pro\/index.php\/wp-json\/wp\/v2\/media?parent=1943"}],"wp:term":[{"taxonomy":"product_cat","embeddable":true,"href":"https:\/\/yoganest.vaniseo.pro\/index.php\/wp-json\/wp\/v2\/product_cat?post=1943"},{"taxonomy":"product_tag","embeddable":true,"href":"https:\/\/yoganest.vaniseo.pro\/index.php\/wp-json\/wp\/v2\/product_tag?post=1943"}],"curies":[{"name":"wp","href":"https:\/\/api.w.org\/{rel}","templated":true}]}}