{"id":1938,"date":"2023-06-14T05:33:09","date_gmt":"2023-06-14T03:33:09","guid":{"rendered":"https:\/\/yoganest.vaniseo.pro\/index.php\/product\/pyramide-de-cristal-21-cm\/"},"modified":"2024-03-06T15:54:30","modified_gmt":"2024-03-06T14:54:30","slug":"pyramide-de-cristal-21-cm","status":"publish","type":"product","link":"https:\/\/yoganest.vaniseo.pro\/index.php\/product\/pyramide-de-cristal-21-cm\/","title":{"rendered":"Pyramide de cristal | 21 cm"},"content":{"rendered":"<p><b>Cet article n&rsquo;est pas disponible en livraison par la <\/b><b>Poste. Merci de venir le d\u00e9couvrir directement \u00e0 la Boutique ou de s\u00e9lectionner le Click &amp; Collect. <\/b>Il est essentiel de le jouer pour voir s&rsquo;il vous correspond.<\/p>\n<p>Si vous souhaitez conna\u00eetre les fr\u00e9quences de cette pyramide, nous vous invitons \u00e0 venir \u00e0 la Boutique avec un instrument de mesure qui vous convient.<\/p>\n<p>[accordion title=\u00a0\u00bb\u00a0\u00bb open1st=\u00a0\u00bb0&Prime; openAll=\u00a0\u00bb0&Prime;][accordion_item title=\u00a0\u00bbEntretien\u00a0\u00bb]Transportez cet article dans la housse sp\u00e9ciale fournie pour la prot\u00e9gez des chocs.[\/accordion_item][\/accordion][accordion title=\u00a0\u00bb\u00a0\u00bb open1st=\u00a0\u00bb0&Prime; openAll=\u00a0\u00bb0&Prime;][accordion_item title=\u00a0\u00bbTypes d&rsquo;activit\u00e9s\u00a0\u00bb]Yoga styles Yin (Yin, Restauratif), Yoga Nidra, M\u00e9ditation, Mindfulness, Yoga a\u00e9rien, Yoga en plein air, Yoga en voyage, Relaxation \u00e0 la maison, Bains et soins sonores, Sound healing[\/accordion_item][\/accordion][accordion title=\u00a0\u00bb\u00a0\u00bb open1st=\u00a0\u00bb0&Prime; openAll=\u00a0\u00bb0&Prime;][accordion_item title=\u00a0\u00bbPourquoi on adore ce produit\u00a0\u00bb]Venez l&rsquo;\u00e9couter&#8230;[\/accordion_item][\/accordion][accordion title=\u00a0\u00bb\u00a0\u00bb open1st=\u00a0\u00bb0&Prime; openAll=\u00a0\u00bb0&Prime; style=\u00a0\u00bb\u00a0\u00bb][accordion_item title=\u00a0\u00bbPaiement, livraison &amp; retours\u00a0\u00bb]Pour les informations sur les alternatives de paiement, de livraison et les retours, merci de cliquer <a class=\"linkcgv\" href=\"https:\/\/www.yoga-nest.com\/paiement-livraison-retours\/\" target=\"_blank\" rel=\"noopener\">ICI<\/a>.[\/accordion_item][\/accordion]<\/p>\n","protected":false},"excerpt":{"rendered":"<p>En cristal quartz naturel, cette pyramide en 3 dimensions de 21 cm de largeur diffuse des sons cristallins, riches en harmoniques, qui seront diff\u00e9rents selon si on active les branches obliques ou la base.<\/p>\n<p>De par sa forme, on peut id\u00e9alement la suspendre au-dessus d&rsquo;une personne en bain ou soin sonore, et aussi la faire tourner pour donner aux sons et aux vibrations une impression de mouvement.<\/p>\n<p>Cette pyramide est vendue avec une mailloche en cuir et une sacoche de protection pour son transport.<\/p>\n<p>&nbsp;<\/p>\n<p class=\"manquante\" style=\"text-align: center;\">Mod\u00e8le manquant ? <a href=\"mailto:serviceclients@yoga-nest.com\">Contactez-nous<\/a><\/p>\n","protected":false},"featured_media":1939,"comment_status":"open","ping_status":"open","template":"","meta":[],"product_cat":[20,92],"product_tag":[213],"_links":{"self":[{"href":"https:\/\/yoganest.vaniseo.pro\/index.php\/wp-json\/wp\/v2\/product\/1938"}],"collection":[{"href":"https:\/\/yoganest.vaniseo.pro\/index.php\/wp-json\/wp\/v2\/product"}],"about":[{"href":"https:\/\/yoganest.vaniseo.pro\/index.php\/wp-json\/wp\/v2\/types\/product"}],"replies":[{"embeddable":true,"href":"https:\/\/yoganest.vaniseo.pro\/index.php\/wp-json\/wp\/v2\/comments?post=1938"}],"wp:featuredmedia":[{"embeddable":true,"href":"https:\/\/yoganest.vaniseo.pro\/index.php\/wp-json\/wp\/v2\/media\/1939"}],"wp:attachment":[{"href":"https:\/\/yoganest.vaniseo.pro\/index.php\/wp-json\/wp\/v2\/media?parent=1938"}],"wp:term":[{"taxonomy":"product_cat","embeddable":true,"href":"https:\/\/yoganest.vaniseo.pro\/index.php\/wp-json\/wp\/v2\/product_cat?post=1938"},{"taxonomy":"product_tag","embeddable":true,"href":"https:\/\/yoganest.vaniseo.pro\/index.php\/wp-json\/wp\/v2\/product_tag?post=1938"}],"curies":[{"name":"wp","href":"https:\/\/api.w.org\/{rel}","templated":true}]}}