{"id":1934,"date":"2023-06-14T04:50:41","date_gmt":"2023-06-14T02:50:41","guid":{"rendered":"https:\/\/yoganest.vaniseo.pro\/index.php\/product\/tambour-shamanique-arbre-45cm\/"},"modified":"2024-03-06T15:54:29","modified_gmt":"2024-03-06T14:54:29","slug":"tambour-shamanique-arbre-45cm","status":"publish","type":"product","link":"https:\/\/yoganest.vaniseo.pro\/index.php\/product\/tambour-shamanique-arbre-45cm\/","title":{"rendered":"Tambour chamanique Arbre | 45 cm"},"content":{"rendered":"<p><b>Ce tambour n&rsquo;est pas disponible en livraison par la\u00a0<\/b><b>Poste. Merci de s\u00e9lectionner le Click &amp; Collect ou de venir le d\u00e9couvrir directement \u00e0 la Boutique. <\/b>Il est essentiel de le jouer pour voir s&rsquo;il vous correspond.<\/p>\n<p>[accordion title=\u00a0\u00bb\u00a0\u00bb open1st=\u00a0\u00bb0&Prime; openAll=\u00a0\u00bb0&Prime;][accordion_item title=\u00a0\u00bbEntretien\u00a0\u00bb]Prot\u00e9gez votre tambour des conditions extr\u00eames en temp\u00e9rature et hygrom\u00e9trie. Transportez-la dans une housse sp\u00e9ciale pour la prot\u00e9gez des chocs (housse non fournie)[\/accordion_item][\/accordion][accordion title=\u00a0\u00bb\u00a0\u00bb open1st=\u00a0\u00bb0&Prime; openAll=\u00a0\u00bb0&Prime;][accordion_item title=\u00a0\u00bbTypes d&rsquo;activit\u00e9s\u00a0\u00bb]Yoga styles Yin (Yin, Restauratif), Yoga Nidra, M\u00e9ditation, Mindfulness, Yoga a\u00e9rien, Yoga en plein air, Yoga en voyage, Relaxation \u00e0 la maison, Bains et soins sonores, Sound healing[\/accordion_item][\/accordion][accordion title=\u00a0\u00bb\u00a0\u00bb open1st=\u00a0\u00bb0&Prime; openAll=\u00a0\u00bb0&Prime;][accordion_item title=\u00a0\u00bbPourquoi on adore ce produit\u00a0\u00bb]Une pi\u00e8ce exclusive qui fournit un son profond, \u00e9mouvant. L&rsquo;attention mise dans les d\u00e9tails la rend particuli\u00e8rement belle.[\/accordion_item][\/accordion][accordion title=\u00a0\u00bb\u00a0\u00bb open1st=\u00a0\u00bb0&Prime; openAll=\u00a0\u00bb0&Prime; style=\u00a0\u00bb\u00a0\u00bb][accordion_item title=\u00a0\u00bbPaiement, livraison &amp; retours\u00a0\u00bb]Pour les informations sur les alternatives de paiement, de livraison et les retours, merci de cliquer <a class=\"linkcgv\" href=\"https:\/\/www.yoga-nest.com\/paiement-livraison-retours\/\" target=\"_blank\" rel=\"noopener\">ICI<\/a>.[\/accordion_item][\/accordion]<\/p>\n","protected":false},"excerpt":{"rendered":"<p>Ce magnifique tambour artisanal en peau de ch\u00e8vre ras\u00e9e <strong>fournit un son particuli\u00e8rement ample et riche en basses<\/strong>.<\/p>\n<p>Le tambour peut \u00eatre utilis\u00e9 de diverses fa\u00e7ons et les b\u00e9n\u00e9fices peuvent \u00eatre ressentis diff\u00e9remment d&rsquo;une personne \u00e0 l&rsquo;autre. Beaucoup s&rsquo;accordent \u00e0 percevoir son rythme r\u00e9gulier et r\u00e9p\u00e9titif comme efficace pour induire un \u00e9tat m\u00e9ditatif ou de relaxation profonde. \u00c9couter le son du tambour chamanique peut aussi aider \u00e0 r\u00e9duire le niveau de stress et d&rsquo;anxi\u00e9t\u00e9, son rythme \u00e9tant b\u00e9n\u00e9fique pour calmer l&rsquo;esprit, apaiser les pens\u00e9es agit\u00e9es et favoriser un ressenti de s\u00e9r\u00e9nit\u00e9.<\/p>\n<p>De forme ronde avec un diam\u00e8tre de 45cm, il se tient \u00e0 l&rsquo;arri\u00e8re par un manche en bois et des cordes en peau, qui cr\u00e9ent ensemble une forme d&rsquo;arbre tr\u00e8s r\u00e9ussie et harmonieuse.<\/p>\n<p>Fabriqu\u00e9 de fa\u00e7on artisanale en Suisse, il est fourni avec une mailloche artisanale en cuir et en bois de caf\u00e9ier.<\/p>\n<p>&nbsp;<\/p>\n<p class=\"manquante\" style=\"text-align: center;\">Mod\u00e8le manquant ? <a href=\"mailto:serviceclients@yoga-nest.com\">Contactez-nous<\/a><\/p>\n","protected":false},"featured_media":1935,"comment_status":"open","ping_status":"open","template":"","meta":[],"product_cat":[20,92],"product_tag":[213],"_links":{"self":[{"href":"https:\/\/yoganest.vaniseo.pro\/index.php\/wp-json\/wp\/v2\/product\/1934"}],"collection":[{"href":"https:\/\/yoganest.vaniseo.pro\/index.php\/wp-json\/wp\/v2\/product"}],"about":[{"href":"https:\/\/yoganest.vaniseo.pro\/index.php\/wp-json\/wp\/v2\/types\/product"}],"replies":[{"embeddable":true,"href":"https:\/\/yoganest.vaniseo.pro\/index.php\/wp-json\/wp\/v2\/comments?post=1934"}],"wp:featuredmedia":[{"embeddable":true,"href":"https:\/\/yoganest.vaniseo.pro\/index.php\/wp-json\/wp\/v2\/media\/1935"}],"wp:attachment":[{"href":"https:\/\/yoganest.vaniseo.pro\/index.php\/wp-json\/wp\/v2\/media?parent=1934"}],"wp:term":[{"taxonomy":"product_cat","embeddable":true,"href":"https:\/\/yoganest.vaniseo.pro\/index.php\/wp-json\/wp\/v2\/product_cat?post=1934"},{"taxonomy":"product_tag","embeddable":true,"href":"https:\/\/yoganest.vaniseo.pro\/index.php\/wp-json\/wp\/v2\/product_tag?post=1934"}],"curies":[{"name":"wp","href":"https:\/\/api.w.org\/{rel}","templated":true}]}}