{"id":1884,"date":"2023-06-10T17:26:15","date_gmt":"2023-06-10T15:26:15","guid":{"rendered":"https:\/\/yoganest.vaniseo.pro\/index.php\/product\/coussin-pour-les-yeux-yoga-eye-pillow\/"},"modified":"2024-03-06T15:51:41","modified_gmt":"2024-03-06T14:51:41","slug":"coussin-pour-les-yeux-yoga-eye-pillow","status":"publish","type":"product","link":"https:\/\/yoganest.vaniseo.pro\/index.php\/product\/coussin-pour-les-yeux-yoga-eye-pillow\/","title":{"rendered":"Coussin pour les yeux yoga | Eye Pillow"},"content":{"rendered":"<p><b>Le coussin de relaxation pour les yeux, Eye Pillow, de la marque yogamii est votre compagnon id\u00e9al pour le yoga, la m\u00e9ditation et la relaxation.\u00a0<\/b><\/p>\n<ul>\n<li style=\"font-weight: 400;\" aria-level=\"1\"><span style=\"font-weight: 400;\">La forme du coussin offre un ajustement optimal et une couverture compl\u00e8te de vos yeux.\u00a0<\/span><\/li>\n<li style=\"font-weight: 400;\" aria-level=\"1\"><span style=\"font-weight: 400;\">Sa taille compacte le rend facile \u00e0 transporter et \u00e0 utiliser partout o\u00f9 vous en avez besoin.<\/span><\/li>\n<li style=\"font-weight: 400;\" aria-level=\"1\"><span style=\"font-weight: 400;\">Fabriqu\u00e9 avec un tissu tout doux, ce coussin procure une sensation agr\u00e9able et apaisante. La texture d\u00e9licate offre un toucher d\u00e9licieux et une exp\u00e9rience de relaxation optimale.<\/span><\/li>\n<li style=\"font-weight: 400;\" aria-level=\"1\"><span style=\"font-weight: 400;\">L\u2019eye pillow est con\u00e7u pour bloquer efficacement la lumi\u00e8re ambiante, vous permettant de plonger dans un \u00e9tat de relaxation profonde. Il vous aide \u00e0 vous d\u00e9connecter du monde ext\u00e9rieur et \u00e0 vous conserver votre attention sur <\/span><span style=\"font-weight: 400;\">votre pratique de respiration, relaxation ou m\u00e9ditation.<\/span><\/li>\n<li style=\"font-weight: 400;\" aria-level=\"1\"><span style=\"font-weight: 400;\">Les graines de lin permettent de positionner le coussin comme vous le souhaitez. Vous pouvez personnaliser le niveau de soutien et de confort pour r\u00e9pondre \u00e0 vos besoins.<\/span><\/li>\n<li style=\"font-weight: 400;\" aria-level=\"1\"><span style=\"font-weight: 400;\">Ce coussin peut \u00eatre utilis\u00e9 dans une vari\u00e9t\u00e9 de contextes, que ce soit pendant votre pratique de yoga, votre s\u00e9ance de m\u00e9ditation ou tout simplement pour vous d\u00e9tendre apr\u00e8s une longue journ\u00e9e ou \u00e0 l&rsquo;occasion d&rsquo;une courte sieste. Il vous aide \u00e0 vous lib\u00e9rer du stress et \u00e0 atteindre un \u00e9tat de calme int\u00e9rieur r\u00e9parateur.<\/span><\/li>\n<\/ul>\n<p>[accordion title=\u00a0\u00bb\u00a0\u00bb open1st=\u00a0\u00bb0&Prime; openAll=\u00a0\u00bb0&Prime;][accordion_item title=\u00a0\u00bbEntretien\u00a0\u00bb]<span style=\"font-weight: 400;\">Voici quelques conseils pour laver et entretenir votre coussin pour les yeux yogamii :\u00a0<\/span><\/p>\n<ul>\n<li style=\"font-weight: 400;\" aria-level=\"1\"><span style=\"font-weight: 400;\">Privil\u00e9giez le lavage de la housse ext\u00e9rieure \u00e0 la main dans une eau ti\u00e8de. Attention la couleur pourrait d\u00e9gorger<\/span><\/li>\n<li style=\"font-weight: 400;\" aria-level=\"1\"><span style=\"font-weight: 400;\">Laissez-le s\u00e9cher \u00e0 l&rsquo;air libre, \u00e0 plat<\/span><\/li>\n<li style=\"font-weight: 400;\" aria-level=\"1\"><span style=\"font-weight: 400;\">Si vous souhaitez repasser la housse, gardez la temp\u00e9rature suffisamment basse pour ne pas l&rsquo;endommager.<\/span><\/li>\n<li style=\"font-weight: 400;\" aria-level=\"1\">Si vous voulez nettoyer le coussin int\u00e9rieur, passer un chiffon juste humide sur sa surface.[\/accordion_item][\/accordion][accordion title=\u00a0\u00bb\u00a0\u00bb open1st=\u00a0\u00bb0&Prime; openAll=\u00a0\u00bb0&Prime;][accordion_item title=\u00a0\u00bbTypes d&rsquo;activit\u00e9s\u00a0\u00bb]Yoga styles Yin (Yin, Restauratif), savasana \u00e0 la fin des styles Yang, Yoga Nidra, M\u00e9ditation, Mindfulness, Yoga en plein air, Yoga en voyage, cocooning \u00e0 la maison[\/accordion_item][\/accordion][accordion title=\u00a0\u00bb\u00a0\u00bb open1st=\u00a0\u00bb0&Prime; openAll=\u00a0\u00bb0&Prime;][accordion_item title=\u00a0\u00bbPourquoi on adore ce produit\u00a0\u00bb]Pour sa praticit\u00e9 ! L\u00e9ger, il ne prend pas de place dans le sac, il peut donc se transporter facilement. La sensation de d\u00e9tente se fait imm\u00e9diatement sentir gr\u00e2ce au l\u00e9ger poids des graines de lin sur les yeux.<\/li>\n<\/ul>\n<p><b>Le coussin pour les yeux, Eye Pillow, est l\u2019accessoire de relaxation id\u00e9al pour tous les jours. <\/b>On l\u2019utilise 5 minutes quotidiennement pour se d\u00e9tendre et faire le vide.[\/accordion_item][\/accordion][accordion title=\u00a0\u00bb\u00a0\u00bb open1st=\u00a0\u00bb0&Prime; openAll=\u00a0\u00bb0&Prime; style=\u00a0\u00bb\u00a0\u00bb][accordion_item title=\u00a0\u00bbPaiement, livraison &amp; retours\u00a0\u00bb]Pour les informations sur les alternatives de paiement, de livraison et les retours, merci de cliquer <a class=\"linkcgv\" href=\"https:\/\/www.yoga-nest.com\/paiement-livraison-retours\/\" target=\"_blank\" rel=\"noopener\">ICI<\/a>.[\/accordion_item][\/accordion]<\/p>\n<p>&nbsp;<\/p>\n<p><span style=\"color: #b01da4;\"><b>La Marque<\/b><\/span><\/p>\n<p><b>Yogamii<\/b><strong> \u2013 La marque danoise de v\u00eatements certifi\u00e9s GOTS<\/strong><\/p>\n<p><span style=\"font-weight: 400;\">Des v\u00eatements con\u00e7us pour le yoga et les activit\u00e9s de mouvement telles que pilates, danse, arts martiaux&#8230; qui sont aussi adapt\u00e9s \u00e0 la vie de tous les jours et respectueux des personnes et de l\u2019environnement.<\/span><\/p>\n<p><span style=\"font-weight: 400;\">D\u00e9couvrez la souplesse du textile alli\u00e9e \u00e0 des coupes simples et intemporelles. yogamii a pour mission de concevoir des v\u00eatements de haute qualit\u00e9 en respectant une \u00e9thique et une durabilit\u00e9 environnementale fondamentales \u00e0 leurs valeurs.<\/span><\/p>\n<p><br style=\"font-weight: 400;\" \/><br style=\"font-weight: 400;\" \/><\/p>\n","protected":false},"excerpt":{"rendered":"<p><span style=\"font-weight: 400;\">Besoin d&rsquo;un petit plus pour la posture de relaxation Shavasana et en Yoga Nidra ? D\u00e9couvrez le coussin pour les yeux, Eye Pillow, de la marque yogamii. Il est id\u00e9al aussi pendant les postures sur le dos ou sur le c\u00f4t\u00e9 en Yin yoga et Restorative yoga.\u00a0<\/span><\/p>\n<p><b>Con\u00e7u sp\u00e9cifiquement pour apaiser et reposer vos yeux, ce coussin offre un confort ultime tout en favorisant une profonde d\u00e9tente.<\/b><span style=\"font-weight: 400;\"> Il s\u2019adapte parfaitement \u00e0 votre visage gr\u00e2ce aux graines de lin qui se positionnent comme il faut.<\/span><\/p>\n<p><span style=\"font-weight: 400;\">Avec sa petite taille, ce coussin pour les yeux est transportable partout, vous pouvez le glisser dans votre sac et le sortir au moment de votre s\u00e9ance de yoga. Vous pouvez aussi l\u2019utiliser pour vous d\u00e9tendre \u00e0 tout instant et tout endroit, si vous avez un moment de stress et que vous avez envie d\u2019une pause relaxante. La l\u00e9g\u00e8ret\u00e9 du coussin pour les yeux vous aide \u00e0 vous relaxer plus profond\u00e9ment.<\/span><\/p>\n<p><span style=\"font-weight: 400;\">L\u2019eye pillow est garni de graines de lin bio. Le poids des graines facilitera la d\u00e9tente de vos muscles <\/span><span style=\"font-weight: 400;\">oculaires<\/span><span style=\"font-weight: 400;\">, tout en confort.\u00a0<\/span><\/p>\n<p><span style=\"font-weight: 400;\">Si vous souhaitez ajouter une stimulation olfactive \u00e0 ce moment de d\u00e9tente, d\u00e9posez quelques gouttes d\u2019huile essentielle au centre du coussin ou sur les c\u00f4t\u00e9s (\u00e0 l\u2019\u00e9cart des yeux) ou sur un mouchoir fin que vous poserez entre le coussin et vos yeux.<\/span><\/p>\n<p><span style=\"font-weight: 400;\">La taie d&rsquo;oreiller est d\u00e9tachable et lavable \u00e0 la main ou en machine. Le tissu est en coton biologique.<\/span><\/p>\n<p>&nbsp;<\/p>\n<p class=\"manquante\" style=\"text-align: center;\">Taille ou couleur manquante ? <a href=\"mailto:serviceclients@yoga-nest.com\">Contactez-nous<\/a><\/p>\n","protected":false},"featured_media":1885,"comment_status":"open","ping_status":"open","template":"","meta":[],"product_cat":[54,20],"product_tag":[98],"_links":{"self":[{"href":"https:\/\/yoganest.vaniseo.pro\/index.php\/wp-json\/wp\/v2\/product\/1884"}],"collection":[{"href":"https:\/\/yoganest.vaniseo.pro\/index.php\/wp-json\/wp\/v2\/product"}],"about":[{"href":"https:\/\/yoganest.vaniseo.pro\/index.php\/wp-json\/wp\/v2\/types\/product"}],"replies":[{"embeddable":true,"href":"https:\/\/yoganest.vaniseo.pro\/index.php\/wp-json\/wp\/v2\/comments?post=1884"}],"wp:featuredmedia":[{"embeddable":true,"href":"https:\/\/yoganest.vaniseo.pro\/index.php\/wp-json\/wp\/v2\/media\/1885"}],"wp:attachment":[{"href":"https:\/\/yoganest.vaniseo.pro\/index.php\/wp-json\/wp\/v2\/media?parent=1884"}],"wp:term":[{"taxonomy":"product_cat","embeddable":true,"href":"https:\/\/yoganest.vaniseo.pro\/index.php\/wp-json\/wp\/v2\/product_cat?post=1884"},{"taxonomy":"product_tag","embeddable":true,"href":"https:\/\/yoganest.vaniseo.pro\/index.php\/wp-json\/wp\/v2\/product_tag?post=1884"}],"curies":[{"name":"wp","href":"https:\/\/api.w.org\/{rel}","templated":true}]}}