{"id":1872,"date":"2023-06-09T22:48:35","date_gmt":"2023-06-09T20:48:35","guid":{"rendered":"https:\/\/yoganest.vaniseo.pro\/index.php\/product\/jogging-legging-de-sport-devi-tights\/"},"modified":"2024-03-06T15:50:48","modified_gmt":"2024-03-06T14:50:48","slug":"jogging-legging-de-sport-devi-tights","status":"publish","type":"product","link":"https:\/\/yoganest.vaniseo.pro\/index.php\/product\/jogging-legging-de-sport-devi-tights\/","title":{"rendered":"Jogging legging de sport et yoga  | Devi Tights"},"content":{"rendered":"<p><span style=\"font-weight: 400;\">Ce legging de sport Devi Tights allie le confort au style. Ni simple legging, ni simple jogging, c&rsquo;est un mix des 2 tr\u00e8s r\u00e9ussi. L\u2019allure ajust\u00e9e lui permet de rester en place pendant vos mouvements, que ce soit au yoga, pilates, tai chi, au fitness ou ailleurs.<\/span><\/p>\n<ul>\n<li style=\"font-weight: 400;\" aria-level=\"1\"><span style=\"font-weight: 400;\">Les deux poches lat\u00e9rales et leurs<\/span><span style=\"font-weight: 400;\"> coutures ajoutent une touche d\u2019originalit\u00e9 \u00e0 la coupe, elles habillent joliment les hanches. Le tissu du Devi Tights \u00e9tant plut\u00f4t fin, les poches nous rendent service sans \u00eatre <\/span><span style=\"font-weight: 400;\">g\u00eanantes<\/span><span style=\"font-weight: 400;\"> pour notre pratique, m\u00eame si on s\u2019allonge sur le flanc.\u00a0<\/span><\/li>\n<li style=\"font-weight: 400;\" aria-level=\"1\"><span style=\"font-weight: 400;\">La taille est particuli\u00e8rement haute et peut \u00eatre rabattue en la pliant en deux. Cette coupe taille haute est tr\u00e8s agr\u00e9able \u00e0 porter avec un ventre de femme enceinte en d\u00e9but de grossesse. La taille \u00e9pousera le ventre de mani\u00e8re tr\u00e8s douce et confortable.<\/span><\/li>\n<li style=\"font-weight: 400;\" aria-level=\"1\"><span style=\"font-weight: 400;\">Un cordon de serrage est int\u00e9gr\u00e9 \u00e0 la taille pour pouvoir ajuster plus ou moins le maintien.<\/span><\/li>\n<li style=\"font-weight: 400;\" aria-level=\"1\"><span style=\"font-weight: 400;\">Le legging de sport Devi Tights a \u00e9t\u00e9 con\u00e7u avec une longueur de jambe prolong\u00e9e, qui descend jusqu&rsquo;aux chevilles, pour un look moderne et styl\u00e9. Il est parfait pour celles qui recherchent une couverture maximale des bas de jambe et une finition sophistiqu\u00e9e.<\/span><\/li>\n<\/ul>\n<p>[accordion title=\u00a0\u00bb\u00a0\u00bb open1st=\u00a0\u00bb0&Prime; openAll=\u00a0\u00bb0&Prime;][accordion_item title=\u00a0\u00bbEntretien\u00a0\u00bb]<span style=\"font-weight: 400;\">Voici quelques conseils pour laver et entretenir votre legging jogging en coton :\u00a0<\/span><\/p>\n<ul>\n<li style=\"font-weight: 400;\" aria-level=\"1\"><span style=\"font-weight: 400;\">Privil\u00e9giez le lavage \u00e0 la main ou \u00e0 une temp\u00e9rature maximale de 30\u00b0 au lave-linge <\/span><\/li>\n<li style=\"font-weight: 400;\" aria-level=\"1\"><span style=\"font-weight: 400;\">Laissez-le s\u00e9cher \u00e0 l&rsquo;air libre, hors s\u00e8che-linge<\/span><\/li>\n<li style=\"font-weight: 400;\" aria-level=\"1\"><span style=\"font-weight: 400;\">N&rsquo;utilisez pas de javel&#8230;<\/span>[\/accordion_item][\/accordion][accordion title=\u00a0\u00bb\u00a0\u00bb open1st=\u00a0\u00bb0&Prime; openAll=\u00a0\u00bb0&Prime;][accordion_item title=\u00a0\u00bbTypes d&rsquo;activit\u00e9s\u00a0\u00bb]Pilates, Yoga styles Yin (Yin, Restauratif), Yoga styles Yang (Hatha, Vinyasa-Flow, Ashtanga, Power, Yoga Nidra, M\u00e9ditation, Mindfulness, Iyengar Yoga, Kundalini Yoga, Yoga a\u00e9rien, Yoga en plein air, Yoga en voyage, Stretching, Workout, gymnastique, Crossfit, sports en ext\u00e9rieur (bootcamp, running, marche nordique, randonn\u00e9e\u2026), streetwear, casualwear, cocooning \u00e0 la maison[\/accordion_item][\/accordion][accordion title=\u00a0\u00bb\u00a0\u00bb open1st=\u00a0\u00bb0&Prime; openAll=\u00a0\u00bb0&Prime;][accordion_item title=\u00a0\u00bbPourquoi on adore ce produit\u00a0\u00bb]Pour son look ajust\u00e9 mais tr\u00e8s confort ! Un savant m\u00e9lange entre un legging et un jogging qui donne un style tr\u00e8s sympa.<span style=\"font-weight: 400;\">On le porte pour aller \u00e0 une s\u00e9ance de sport ou de yoga, avec le d\u00e9bardeur <\/span><a href=\"https:\/\/www.yoga-nest.com\/boutique-yoga-shop\/debardeur-de-sport-nidra-strap-top\/\"><span style=\"font-weight: 400;\">Nidra Strap Top<\/span><\/a><span style=\"font-weight: 400;\"> et le <\/span><a href=\"https:\/\/www.yoga-nest.com\/boutique-yoga-shop\/sweat-shirt-unisexe-asha-hoodie\/\"><span style=\"font-weight: 400;\">sweat shirt Asha Hoodie<\/span><\/a><span style=\"font-weight: 400;\"> pour une tenue 100% yogamii.<\/span><\/li>\n<\/ul>\n<p><span style=\"font-weight: 400;\">Le plus de cette marque est sa palette de couleurs qui s\u2019harmonise avec tout. Et la possibilit\u00e9 de m\u00e9lange de leurs couleurs avec les diff\u00e9rents produits est un vrai r\u00e9gal !<\/span>[\/accordion_item][\/accordion][accordion title=\u00a0\u00bb\u00a0\u00bb open1st=\u00a0\u00bb0&Prime; openAll=\u00a0\u00bb0&Prime; style=\u00a0\u00bb\u00a0\u00bb][accordion_item title=\u00a0\u00bbPaiement, livraison &amp; retours\u00a0\u00bb]Pour les informations sur les alternatives de paiement, de livraison et les retours, merci de cliquer <a class=\"linkcgv\" href=\"https:\/\/www.yoga-nest.com\/paiement-livraison-retours\/\" target=\"_blank\" rel=\"noopener\">ICI<\/a>.[\/accordion_item][\/accordion]<\/p>\n<p>&nbsp;<\/p>\n<p><span style=\"color: #b01da4;\"><b>La Marque<\/b><\/span><\/p>\n<p><b>Yogamii<\/b><strong> \u2013 La marque danoise de v\u00eatements certifi\u00e9s GOTS<\/strong><\/p>\n<p><span style=\"font-weight: 400;\">Des v\u00eatements con\u00e7us pour le yoga et les activit\u00e9s de mouvement telles que pilates, danse, arts martiaux&#8230; qui sont aussi adapt\u00e9s \u00e0 la vie de tous les jours et respectueux des personnes et de l\u2019environnement.<\/span><\/p>\n<p><span style=\"font-weight: 400;\">D\u00e9couvrez la souplesse du textile alli\u00e9e \u00e0 des coupes simples et intemporelles. yogamii a pour mission de concevoir des v\u00eatements de haute qualit\u00e9 en respectant une \u00e9thique et une durabilit\u00e9 environnementale fondamentales \u00e0 leurs valeurs.<\/span><\/p>\n<p><br style=\"font-weight: 400;\" \/><br style=\"font-weight: 400;\" \/><\/p>\n","protected":false},"excerpt":{"rendered":"<p><span style=\"font-weight: 400;\">Avez-vous d\u00e9j\u00e0 vu un mix entre un jogging ultra confortable et un legging pr\u00e8s du corps ? Maintenant oui ! On vous pr\u00e9sente le jogging legging de sport Devi Tights de la marque yogamii.\u00a0<\/span><\/p>\n<p><span style=\"font-weight: 400;\">Cette marque danoise cr\u00e9e des v\u00eatements de mani\u00e8re \u00e9thique, avec du coton biologique certifi\u00e9 GOTS. Une touche d\u2019\u00e9lasthanne a \u00e9t\u00e9 ajout\u00e9e au tissu du legging pour apporter une \u00e9lasticit\u00e9 au tissu et donc une aisance de mouvement. Le coton ne se d\u00e9forme pas gr\u00e2ce \u00e0 ce c\u00f4t\u00e9 stretch.<\/span><\/p>\n<p><span style=\"font-weight: 400;\">Devi a \u00e9t\u00e9 con\u00e7u pour apporter un <\/span><b>confort absolu<\/b><span style=\"font-weight: 400;\">. Il a une grande taille rabattable et un cordon de serrage pour ajuster le maintien. Deux poches lat\u00e9rales sont cousues par dessus sans alourdir la silhouette.<\/span><\/p>\n<p><span style=\"font-weight: 400;\">Gr\u00e2ce \u00e0 sa coupe ajust\u00e9e, on ne se soucie plus du positionnement du legging pendant certains mouvements de yoga, il reste \u00e0 sa place.\u00a0<\/span><\/p>\n<p><span style=\"font-weight: 400;\">Avec ces couleurs tr\u00e8s neutres et basiques, il se porte et se coordonne tr\u00e8s facilement.<\/span><\/p>\n<p><b>Enfilez votre legging de sport pour aller au studio de yoga ou pour vous pr\u00e9lasser chez vous.\u00a0<\/b><\/p>\n<p>&nbsp;<\/p>\n<p class=\"manquante\" style=\"text-align: center;\">Taille ou couleur manquante ? <a href=\"mailto:serviceclients@yoga-nest.com\">Contactez-nous<\/a><\/p>\n","protected":false},"featured_media":1873,"comment_status":"open","ping_status":"open","template":"","meta":[],"product_cat":[74,90,76,62,64],"product_tag":[98],"_links":{"self":[{"href":"https:\/\/yoganest.vaniseo.pro\/index.php\/wp-json\/wp\/v2\/product\/1872"}],"collection":[{"href":"https:\/\/yoganest.vaniseo.pro\/index.php\/wp-json\/wp\/v2\/product"}],"about":[{"href":"https:\/\/yoganest.vaniseo.pro\/index.php\/wp-json\/wp\/v2\/types\/product"}],"replies":[{"embeddable":true,"href":"https:\/\/yoganest.vaniseo.pro\/index.php\/wp-json\/wp\/v2\/comments?post=1872"}],"wp:featuredmedia":[{"embeddable":true,"href":"https:\/\/yoganest.vaniseo.pro\/index.php\/wp-json\/wp\/v2\/media\/1873"}],"wp:attachment":[{"href":"https:\/\/yoganest.vaniseo.pro\/index.php\/wp-json\/wp\/v2\/media?parent=1872"}],"wp:term":[{"taxonomy":"product_cat","embeddable":true,"href":"https:\/\/yoganest.vaniseo.pro\/index.php\/wp-json\/wp\/v2\/product_cat?post=1872"},{"taxonomy":"product_tag","embeddable":true,"href":"https:\/\/yoganest.vaniseo.pro\/index.php\/wp-json\/wp\/v2\/product_tag?post=1872"}],"curies":[{"name":"wp","href":"https:\/\/api.w.org\/{rel}","templated":true}]}}