{"id":1836,"date":"2023-06-09T22:08:22","date_gmt":"2023-06-09T20:08:22","guid":{"rendered":"https:\/\/yoganest.vaniseo.pro\/index.php\/product\/debardeur-de-sport-anjali-yoga-top\/"},"modified":"2024-03-06T15:50:46","modified_gmt":"2024-03-06T14:50:46","slug":"debardeur-de-sport-anjali-yoga-top","status":"publish","type":"product","link":"https:\/\/yoganest.vaniseo.pro\/index.php\/product\/debardeur-de-sport-anjali-yoga-top\/","title":{"rendered":"D\u00e9bardeur de sport | Anjali yoga Top"},"content":{"rendered":"<p><span style=\"font-weight: 400;\">Compos\u00e9 de coton biologique certifi\u00e9 GOTS et d\u2019\u00e9lasthanne, le d\u00e9bardeur de sport Anjali Yoga Top est tr\u00e8s confortable. Le confort est la marque de fabrique de yogamii, marque danoise sportswear par excellence !<\/span><\/p>\n<ul>\n<li style=\"font-weight: 400;\" aria-level=\"1\"><span style=\"font-weight: 400;\">Le dos nageur offre une libert\u00e9 de mouvement optimale au niveau des \u00e9paules, mais apporte \u00e9galement une touche de style sportif et moderne. Il permet \u00e9galement une ventilation suppl\u00e9mentaire pour vous garder au frais pendant vos s\u00e9ances d&rsquo;entra\u00eenement les plus intenses.<\/span><\/li>\n<li style=\"font-weight: 400;\" aria-level=\"1\"><span style=\"font-weight: 400;\">Le soutien gorge int\u00e9gr\u00e9 apporte un maintien l\u00e9ger pour une pratique sportive peu intense.<\/span><\/li>\n<li style=\"font-weight: 400;\" aria-level=\"1\"><span style=\"font-weight: 400;\">Le d\u00e9bardeur a une coupe ajust\u00e9e qui \u00e9pouse les courbes de votre corps, vous offrant une silhouette flatteuse tout en vous permettant de bouger librement.<\/span><\/li>\n<li style=\"font-weight: 400;\" aria-level=\"1\"><span style=\"font-weight: 400;\">Que ce soit pour le yoga ou d&rsquo;autres activit\u00e9s sportives, ce d\u00e9bardeur est polyvalent et s&rsquo;adapte \u00e0 tous les entra\u00eenements. Il vous accompagne avec style et confort dans toutes vos activit\u00e9s physiques.<\/span><\/li>\n<li style=\"font-weight: 400;\" aria-level=\"1\"><span style=\"font-weight: 400;\">Les nombreuses couleurs disponibles permettent de jouer avec le style de votre tenue.<\/span><\/li>\n<li style=\"font-weight: 400;\" aria-level=\"1\"><span style=\"font-weight: 400;\">Ce d\u00e9bardeur a \u00e9t\u00e9 coup\u00e9 parfaitement, donc prenez votre taille habituelle.<\/span><\/li>\n<\/ul>\n<p>[accordion title=\u00a0\u00bb\u00a0\u00bb open1st=\u00a0\u00bb0&Prime; openAll=\u00a0\u00bb0&Prime;][accordion_item title=\u00a0\u00bbEntretien\u00a0\u00bb]<span style=\"font-weight: 400;\">Voici quelques conseils pour prendre soin de votre d\u00e9bardeur de yoga en coton organique :\u00a0<\/span><\/p>\n<ul>\n<li style=\"font-weight: 400;\" aria-level=\"1\"><span style=\"font-weight: 400;\">Lavez-le de pr\u00e9f\u00e9rence \u00e0 la main ou \u00e0 pas plus de 30\u00b0au lave-linge <\/span><\/li>\n<li style=\"font-weight: 400;\" aria-level=\"1\">\u00c9vitez le s\u00e8che-linge, votre d\u00e9bardeur s\u00e8chera rapidement \u00e0 l&rsquo;air libre. Pas de javel[\/accordion_item][\/accordion][accordion title=\u00a0\u00bb\u00a0\u00bb open1st=\u00a0\u00bb0&Prime; openAll=\u00a0\u00bb0&Prime;][accordion_item title=\u00a0\u00bbTypes d&rsquo;activit\u00e9s\u00a0\u00bb]Pilates, Yoga styles Yin (Yin, Restauratif), Yoga styles Yang (Hatha, Vinyasa-Flow, Ashtanga, Power, Yoga Nidra, M\u00e9ditation, Mindfulness, Iyengar Yoga, Kundalini Yoga, Yoga a\u00e9rien, Yoga en plein air, Yoga en voyage, Stretching, Workout, gymnastique, Crossfit, sports en ext\u00e9rieur (bootcamp, running, marche nordique, randonn\u00e9e\u2026), streetwear, casualwear, cocooning \u00e0 la maison[\/accordion_item][\/accordion][accordion title=\u00a0\u00bb\u00a0\u00bb open1st=\u00a0\u00bb0&Prime; openAll=\u00a0\u00bb0&Prime;][accordion_item title=\u00a0\u00bbPourquoi on adore ce produit\u00a0\u00bb]Pour sa facilit\u00e9 \u00e0 \u00eatre port\u00e9 ! Ce d\u00e9bardeur de sport a une allure tr\u00e8s sportive mais s\u2019accorde tr\u00e8s bien avec une tenue du quotidien. La coupe pr\u00e8s du corps permet d\u2019enfiler ce haut avec un pantalon, une jupe, un short!<\/span>\n<p><span style=\"font-weight: 400;\">Associ\u00e9 avec une sur-chemise pour une touche tendance, il est le basique que l\u2019on adore.<\/span><\/p>\n<p><span style=\"font-weight: 400;\">Pour une tenue plus sportive, on le porte avec le <\/span><a href=\"https:\/\/www.yoga-nest.com\/boutique-yoga-shop\/t-shirt-manches-longues-lion-drapy-tee\/\"><span style=\"font-weight: 400;\">t-shirt manches longues<\/span><\/a><span style=\"font-weight: 400;\"> Lion Drapy pour aller \u00e0 sa s\u00e9ance de yoga par exemple.<\/span>[\/accordion_item][\/accordion][accordion title=\u00a0\u00bb\u00a0\u00bb open1st=\u00a0\u00bb0&Prime; openAll=\u00a0\u00bb0&Prime; style=\u00a0\u00bb\u00a0\u00bb][accordion_item title=\u00a0\u00bbPaiement, livraison &amp; retours\u00a0\u00bb]Pour les informations sur les alternatives de paiement, de livraison et les retours, merci de cliquer <a class=\"linkcgv\" href=\"https:\/\/www.yoga-nest.com\/paiement-livraison-retours\/\" target=\"_blank\" rel=\"noopener\">ICI<\/a>.[\/accordion_item][\/accordion]<\/p>\n<p>&nbsp;<\/p>\n<p><span style=\"color: #b01da4;\"><b>La Marque<\/b><\/span><\/p>\n<p><b>Yogamii<\/b><strong> \u2013 La marque danoise de v\u00eatements certifi\u00e9s GOTS<\/strong><\/p>\n<p><span style=\"font-weight: 400;\">Des v\u00eatements con\u00e7us pour le yoga et les activit\u00e9s de mouvement telles que pilates, danse, arts martiaux&#8230; qui sont aussi adapt\u00e9s \u00e0 la vie de tous les jours et respectueux des personnes et de l\u2019environnement.<\/span><\/p>\n<p><span style=\"font-weight: 400;\">D\u00e9couvrez la souplesse du textile alli\u00e9e \u00e0 des coupes simples et intemporelles. yogamii a pour mission de concevoir des v\u00eatements de haute qualit\u00e9 en respectant une \u00e9thique et une durabilit\u00e9 environnementale fondamentales \u00e0 leurs valeurs.<\/span><\/li>\n<\/ul>\n","protected":false},"excerpt":{"rendered":"<p><span style=\"font-weight: 400;\">Le d\u00e9bardeur de sport Anjali Yoga Top est un essentiel de la marque danoise yogamii. Une coupe simple mais un vrai basique de la garde robe !<\/span><\/p>\n<p><span style=\"font-weight: 400;\">Avant tout, ce haut a \u00e9t\u00e9 pens\u00e9 pour la pratique du yoga. N\u00e9anmoins, il est tout \u00e0 fait adapt\u00e9 \u00e0 d\u2019autres activit\u00e9s sportives ou pour la vie de tous les jours.\u00a0<\/span><\/p>\n<p><span style=\"font-weight: 400;\">Le d\u00e9bardeur de sport Anjali Yoga Top est fabriqu\u00e9 avec un coton biologique doux et un peu d\u2019\u00e9lasthanne pour le c\u00f4t\u00e9 stretch. Un soutien-gorge est int\u00e9gr\u00e9 pour un soutien l\u00e9ger sur le tapis de yoga ou au quotidien. Il est parfait pour tout type de mouvement, m\u00eame pour explorer les poses de yoga invers\u00e9es. Il est l\u00e9ger et respirant, vous permettant de vous entra\u00eener sans vous sentir g\u00ean\u00e9 par le tissu.<\/span><\/p>\n<p><span style=\"font-weight: 400;\">Avec son dos dit nageur, les \u00e9paules sont bien mises en valeur. Le maintien est aussi tr\u00e8s confortable gr\u00e2ce \u00e0 cette coupe sportive.<\/span><\/p>\n<p><span style=\"font-weight: 400;\">Le d\u00e9bardeur de sport Anjali existe en diff\u00e9rentes couleurs, de la couleur intemporelle \u00e0 la plus originale, il y en a pour tous les go\u00fbts !<\/span><\/p>\n<p>&nbsp;<\/p>\n<p class=\"manquante\" style=\"text-align: center;\">Taille ou couleur manquante ? <a href=\"mailto:serviceclients@yoga-nest.com\">Contactez-nous<\/a><\/p>\n","protected":false},"featured_media":1837,"comment_status":"open","ping_status":"open","template":"","meta":[],"product_cat":[63,62],"product_tag":[98],"_links":{"self":[{"href":"https:\/\/yoganest.vaniseo.pro\/index.php\/wp-json\/wp\/v2\/product\/1836"}],"collection":[{"href":"https:\/\/yoganest.vaniseo.pro\/index.php\/wp-json\/wp\/v2\/product"}],"about":[{"href":"https:\/\/yoganest.vaniseo.pro\/index.php\/wp-json\/wp\/v2\/types\/product"}],"replies":[{"embeddable":true,"href":"https:\/\/yoganest.vaniseo.pro\/index.php\/wp-json\/wp\/v2\/comments?post=1836"}],"wp:featuredmedia":[{"embeddable":true,"href":"https:\/\/yoganest.vaniseo.pro\/index.php\/wp-json\/wp\/v2\/media\/1837"}],"wp:attachment":[{"href":"https:\/\/yoganest.vaniseo.pro\/index.php\/wp-json\/wp\/v2\/media?parent=1836"}],"wp:term":[{"taxonomy":"product_cat","embeddable":true,"href":"https:\/\/yoganest.vaniseo.pro\/index.php\/wp-json\/wp\/v2\/product_cat?post=1836"},{"taxonomy":"product_tag","embeddable":true,"href":"https:\/\/yoganest.vaniseo.pro\/index.php\/wp-json\/wp\/v2\/product_tag?post=1836"}],"curies":[{"name":"wp","href":"https:\/\/api.w.org\/{rel}","templated":true}]}}