{"id":1816,"date":"2023-06-03T18:40:06","date_gmt":"2023-06-03T16:40:06","guid":{"rendered":"https:\/\/yoganest.vaniseo.pro\/index.php\/product\/t-shirt-manches-longues-lion-drapy-tee\/"},"modified":"2024-03-06T15:50:15","modified_gmt":"2024-03-06T14:50:15","slug":"t-shirt-manches-longues-lion-drapy-tee","status":"publish","type":"product","link":"https:\/\/yoganest.vaniseo.pro\/index.php\/product\/t-shirt-manches-longues-lion-drapy-tee\/","title":{"rendered":"T-shirt manches longues | Lion Drapy Tee"},"content":{"rendered":"<p><span style=\"font-weight: 400;\">Avec sa coupe d\u00e9contract\u00e9e et sa fabrication de haute qualit\u00e9, ce tshirt \u00e0 manches longues unisexe Lion Drapy Tee vous offre un confort optimal tout en \u00e9tant pr\u00eat \u00e0 vous accompagner dans toutes vos aventures.<\/span><\/p>\n<ul>\n<li style=\"font-weight: 400;\" aria-level=\"1\"><span style=\"font-weight: 400;\">Les manches longues sont volontairement tr\u00e8s longues pour un style d\u00e9contract\u00e9. Ce t-shirt offre une sensation de douceur et de confort contre votre peau.<\/span><\/li>\n<li style=\"font-weight: 400;\" aria-level=\"1\"><span style=\"font-weight: 400;\">La coupe ample convient \u00e0 tous les genres, offrant une libert\u00e9 de mouvement optimale pour toutes les activit\u00e9s sportives et les moments de d\u00e9tente.<\/span><\/li>\n<li style=\"font-weight: 400;\" aria-level=\"1\"><span style=\"font-weight: 400;\">Con\u00e7u pour \u00eatre port\u00e9 \u00e0 toutes les occasions, le tshirt Lion Drapy Tee se marie facilement avec d&rsquo;autres v\u00eatements pour cr\u00e9er des looks d\u00e9contract\u00e9s et tendance.<\/span><\/li>\n<li style=\"font-weight: 400;\" aria-level=\"1\"><span style=\"font-weight: 400;\">La finition brut de l\u2019ourlet apporte une touche tendance.<\/span><\/li>\n<li style=\"font-weight: 400;\" aria-level=\"1\"><span style=\"font-weight: 400;\">Une palette de couleurs disponible pour coller \u00e0 tous les styles. Que vous pr\u00e9f\u00e9riez des tons neutres ou des couleurs vives, il y en a pour tous les go\u00fbts.<\/span><\/li>\n<li style=\"font-weight: 400;\" aria-level=\"1\"><span style=\"font-weight: 400;\">Sa composition : 100% de coton biologique<\/span><\/li>\n<\/ul>\n<p><span style=\"font-weight: 400;\">Pour des manches un peu plus larges vous pouvez prendre la taille M\/L. <\/span><\/p>\n<p>[accordion title=\u00a0\u00bb\u00a0\u00bb open1st=\u00a0\u00bb0&Prime; openAll=\u00a0\u00bb0&Prime;][accordion_item title=\u00a0\u00bbEntretien\u00a0\u00bb]<span style=\"font-weight: 400;\">Voici quelques conseils pour prendre soin de votre v\u00eatement yogamii en coton organique :\u00a0<\/span><\/p>\n<ul>\n<li style=\"font-weight: 400;\" aria-level=\"1\"><span style=\"font-weight: 400;\">YOGANEST vous recommande de laver tous vos v\u00eatements \u00e0 la main ou \u00e0 maximum 30\u00b0 au lave-linge.<\/span><\/li>\n<li style=\"font-weight: 400;\" aria-level=\"1\">Le Lion Drapy Tee s\u00e8chera rapidement \u00e0 l&rsquo;air libre, \u00e9vitez le s\u00e8che-linge.<\/li>\n<li style=\"font-weight: 400;\" aria-level=\"1\">Pas de javel, elle d\u00e9colorerait votre v\u00eatement et elle est nocive pour notre plan\u00e8te.[\/accordion_item][\/accordion][accordion title=\u00a0\u00bb\u00a0\u00bb open1st=\u00a0\u00bb0&Prime; openAll=\u00a0\u00bb0&Prime;][accordion_item title=\u00a0\u00bbTypes d&rsquo;activit\u00e9s\u00a0\u00bb]Pilates, Yoga styles Yin (Yin, Restauratif), Yoga styles Yang (Hatha, Vinyasa-Flow, Ashtanga, Power, Yoga Nidra, M\u00e9ditation, Mindfulness, Iyengar Yoga, Kundalini Yoga, Yoga a\u00e9rien, Yoga en plein air, Yoga en voyage, Stretching, Workout, gymnastique, Crossfit, sports en ext\u00e9rieur (bootcamp, running, marche nordique, randonn\u00e9e\u2026), streetwear, casualwear, cocooning \u00e0 la maison[\/accordion_item][\/accordion][accordion title=\u00a0\u00bb\u00a0\u00bb open1st=\u00a0\u00bb0&Prime; openAll=\u00a0\u00bb0&Prime;][accordion_item title=\u00a0\u00bbPourquoi on adore ce produit\u00a0\u00bb]Pour sa coupe originale mais tr\u00e8s facile \u00e0 porter ! Avec un <a href=\"https:\/\/www.yoga-nest.com\/boutique-yoga-shop\/legging-de-sport-lilly\/\">legging<\/a> \u00e9videmment, mais aussi avec un jean brut associ\u00e9 au <a href=\"https:\/\/www.yoga-nest.com\/boutique-yoga-shop\/debardeur-de-sport-nidra-strap-top\/\">d\u00e9bardeur<\/a> Nidra Strap Top, pour un look d\u00e9contract\u00e9 mais styl\u00e9 !<span style=\"font-weight: 400;\">Le d\u00e9tail des coutures du t-shirt \u00e0 manches longues Lion Drapy Tee apporte une tenue \u00e0 sa coupe large. Le col est rond, assez large. On peut ais\u00e9ment faire d\u00e9passer un col de chemise pour une tenue plus sophistiqu\u00e9e.<\/span>\n<p><span style=\"font-weight: 400;\">On joue avec les diff\u00e9rentes couleurs, de l\u2019intemporelle \u00e0 la basique, tout en restant dans des tons simples et harmonieux.<\/span>[\/accordion_item][\/accordion][accordion title=\u00a0\u00bb\u00a0\u00bb open1st=\u00a0\u00bb0&Prime; openAll=\u00a0\u00bb0&Prime; style=\u00a0\u00bb\u00a0\u00bb][accordion_item title=\u00a0\u00bbPaiement, livraison &amp; retours\u00a0\u00bb]Pour les informations sur les alternatives de paiement, de livraison et les retours, merci de cliquer <a class=\"linkcgv\" href=\"https:\/\/www.yoga-nest.com\/paiement-livraison-retours\/\" target=\"_blank\" rel=\"noopener\">ICI<\/a>.[\/accordion_item][\/accordion]<\/p>\n<p>&nbsp;<\/p>\n<p><span style=\"color: #b01da4;\"><b>La Marque<\/b><\/span><\/p>\n<p><b>Yogamii<\/b><strong> \u2013 La marque danoise de v\u00eatements certifi\u00e9s GOTS<\/strong><\/p>\n<p><span style=\"font-weight: 400;\">Des v\u00eatements con\u00e7us pour le yoga et les activit\u00e9s de mouvement telles que pilates, danse, arts martiaux&#8230; qui sont aussi adapt\u00e9s \u00e0 la vie de tous les jours et respectueux des personnes et de l\u2019environnement.<\/span><\/p>\n<p><span style=\"font-weight: 400;\">D\u00e9couvrez la souplesse du textile alli\u00e9e \u00e0 des coupes simples et intemporelles. yogamii a pour mission de concevoir des v\u00eatements de haute qualit\u00e9 en respectant une \u00e9thique et une durabilit\u00e9 environnementale fondamentales \u00e0 leurs valeurs.<\/span><\/li>\n<\/ul>\n","protected":false},"excerpt":{"rendered":"<p><span style=\"font-weight: 400;\">Le confort \u00e0 l\u2019\u00e9tat pur avec le t-shirt \u00e0 manches longues Lion Drapy Tee de la marque yogamii.\u00a0<\/span><\/p>\n<p><span style=\"font-weight: 400;\">Sa coupe large mais ajust\u00e9e au niveau des bras apporte une flexibilit\u00e9 de mouvement tr\u00e8s agr\u00e9able que ce soit pour le sport ou pour la vie de tous les jours. Il est adapt\u00e9 \u00e0 toutes les morphologies, c\u2019est un t-shirt unisexe.<\/span><\/p>\n<p><span style=\"font-weight: 400;\">Il peut se porter avant, pendant ou apr\u00e8s un entra\u00eenement ou une s\u00e9ance de yoga, pilates, danse, arts martiaux&#8230; Fabriqu\u00e9 \u00e0 100% en coton biologique doux et l\u00e9ger, ce t-shirt est de tr\u00e8s bonne qualit\u00e9. Il s\u2019agit d\u2019un v\u00eatement durable certifi\u00e9 GOTS. Tout comme la totalit\u00e9 des produits de la marque yogamii. C\u2019est une marque danoise \u00e9co-responsable, soucieuse de l\u2019environnement et des conditions de travail.<\/span><\/p>\n<p><span style=\"font-weight: 400;\">\u00c0 l&rsquo;occasion d&rsquo;une s\u00e9ance d&rsquo;entra\u00eenement intense\u00a0ou pour une journ\u00e9e de d\u00e9tente, le t-shirt \u00e0 manches longues unisexe Lion Drapy Tee est un choix parfait pour allier confort et style.\u00a0<\/span><\/p>\n<p><span style=\"font-weight: 400;\">Il existe en de nombreuses couleurs, qui s\u2019accordent parfaitement avec tous les autres tons et tous les styles.<\/span><\/p>\n<p><span style=\"font-weight: 400;\">Ajoutez-le \u00e0 votre garde-robe d\u00e8s maintenant et profitez d&rsquo;un v\u00eatement aussi performant que confortable.<\/span><\/p>\n<p>&nbsp;<\/p>\n<p class=\"manquante\" style=\"text-align: center;\">Taille ou couleur manquante ? <a href=\"mailto:serviceclients@yoga-nest.com\">Contactez-nous<\/a><\/p>\n","protected":false},"featured_media":1817,"comment_status":"open","ping_status":"open","template":"","meta":[],"product_cat":[67,62,66,64,96,95],"product_tag":[98],"_links":{"self":[{"href":"https:\/\/yoganest.vaniseo.pro\/index.php\/wp-json\/wp\/v2\/product\/1816"}],"collection":[{"href":"https:\/\/yoganest.vaniseo.pro\/index.php\/wp-json\/wp\/v2\/product"}],"about":[{"href":"https:\/\/yoganest.vaniseo.pro\/index.php\/wp-json\/wp\/v2\/types\/product"}],"replies":[{"embeddable":true,"href":"https:\/\/yoganest.vaniseo.pro\/index.php\/wp-json\/wp\/v2\/comments?post=1816"}],"wp:featuredmedia":[{"embeddable":true,"href":"https:\/\/yoganest.vaniseo.pro\/index.php\/wp-json\/wp\/v2\/media\/1817"}],"wp:attachment":[{"href":"https:\/\/yoganest.vaniseo.pro\/index.php\/wp-json\/wp\/v2\/media?parent=1816"}],"wp:term":[{"taxonomy":"product_cat","embeddable":true,"href":"https:\/\/yoganest.vaniseo.pro\/index.php\/wp-json\/wp\/v2\/product_cat?post=1816"},{"taxonomy":"product_tag","embeddable":true,"href":"https:\/\/yoganest.vaniseo.pro\/index.php\/wp-json\/wp\/v2\/product_tag?post=1816"}],"curies":[{"name":"wp","href":"https:\/\/api.w.org\/{rel}","templated":true}]}}