{"id":1793,"date":"2023-06-01T20:41:46","date_gmt":"2023-06-01T18:41:46","guid":{"rendered":"https:\/\/yoganest.vaniseo.pro\/index.php\/product\/debardeur-de-sport-nidra-strap-top\/"},"modified":"2024-03-06T15:49:19","modified_gmt":"2024-03-06T14:49:19","slug":"debardeur-de-sport-nidra-strap-top","status":"publish","type":"product","link":"https:\/\/yoganest.vaniseo.pro\/index.php\/product\/debardeur-de-sport-nidra-strap-top\/","title":{"rendered":"D\u00e9bardeur de sport | Nidra Strap Top"},"content":{"rendered":"<p><span style=\"font-weight: 400;\">Le Nidra Strap Top est un d\u00e9bardeur de sport avec un soutien gorge \/ brassi\u00e8re int\u00e9gr\u00e9 quasiment invisible. Les coutures sont tr\u00e8s fines ce qui permet de mettre le d\u00e9bardeur sous un pull ou un <\/span><a href=\"https:\/\/yogamii.org\/collections\/sweatshirts\/products\/asha-sweat-hoodie-1\"><span style=\"font-weight: 400;\">sweat<\/span><\/a><span style=\"font-weight: 400;\"> sans qu\u2019on ne le voit.<\/span><\/p>\n<p><span style=\"font-weight: 400;\">Le soutien est moyen, il est donc adapt\u00e9 \u00e0 une activit\u00e9 sportive peu intense, plut\u00f4t douce.\u00a0<\/span><\/p>\n<p><span style=\"font-weight: 400;\">Il existe en diff\u00e9rents coloris tr\u00e8s harmonieux, la marque de fabrique de yogamii. Les couleurs s\u2019associent tr\u00e8s facilement car restent basiques.\u00a0<\/span><\/p>\n<p><span style=\"font-weight: 400;\">Le conseil au niveau de la taille : les couleurs fonc\u00e9es ont tendance \u00e0 \u00eatre plus serr\u00e9es que les couleurs claires. Nous vous conseillons de prendre une taille au-dessus si vous choisissez une couleur fonc\u00e9e. Nous pouvons vous aider \u00e0 faire un choix si n\u00e9cessaire.<\/span><\/p>\n<p>[accordion title=\u00a0\u00bb\u00a0\u00bb open1st=\u00a0\u00bb0&Prime; openAll=\u00a0\u00bb0&Prime;][accordion_item title=\u00a0\u00bbEntretien\u00a0\u00bb]<span style=\"font-weight: 400;\">Voici quelques conseils pour prendre soin de votre d\u00e9bardeur en coton bio :\u00a0<\/span><\/p>\n<ul>\n<li style=\"font-weight: 400;\" aria-level=\"1\"><span style=\"font-weight: 400;\">Lavez le \u00e0 la main ou \u00e0 max 30\u00b0 au lave-linge <\/span><\/li>\n<li style=\"font-weight: 400;\" aria-level=\"1\">Pas de s\u00e8che-linge, il s\u00e8che \u00e8 l&rsquo;air libre. Pas de javel[\/accordion_item][\/accordion][accordion title=\u00a0\u00bb\u00a0\u00bb open1st=\u00a0\u00bb0&Prime; openAll=\u00a0\u00bb0&Prime;][accordion_item title=\u00a0\u00bbTypes d&rsquo;activit\u00e9s\u00a0\u00bb]Pilates, Yoga styles Yin (Yin, Restauratif), Yoga styles Yang (Hatha, Vinyasa-Flow, Ashtanga, Power, Yoga Nidra, M\u00e9ditation, Mindfulness, Iyengar Yoga, Kundalini Yoga, Yoga a\u00e9rien, Yoga en plein air, Yoga en voyage, Stretching, Workout, gymnastique, Crossfit, sports en ext\u00e9rieur (bootcamp, running, marche nordique, randonn\u00e9e\u2026), streetwear, casualwear, cocooning \u00e0 la maison[\/accordion_item][\/accordion][accordion title=\u00a0\u00bb\u00a0\u00bb open1st=\u00a0\u00bb0&Prime; openAll=\u00a0\u00bb0&Prime;][accordion_item title=\u00a0\u00bbPourquoi on adore ce produit\u00a0\u00bb]Pour sa facilit\u00e9 \u00e0 \u00eatre port\u00e9 et sa coupe parfaite ! <span style=\"font-weight: 400;\">Le d\u00e9bardeur Nidra Strap Top est le haut multi-fonctions \u00e0 avoir absolument!<\/span><\/li>\n<\/ul>\n<p><span style=\"font-weight: 400;\">Il nous accompagne pendant nos s\u00e9ances de sport gr\u00e2ce \u00e0 sa coupe ajust\u00e9e mais aussi dans la vie de tous les jours. Il peut s\u2019associer \u00e0 tous les v\u00eatements de notre garde robe. Que ce soit avec un jeans, une jupe, un short, un <\/span><a href=\"https:\/\/www.yoga-nest.com\/boutique-yoga-shop\/pantalon-jogging-mudra-pants\/\"><span style=\"font-weight: 400;\">jogging<\/span><\/a><span style=\"font-weight: 400;\">, tout est possible avec ce d\u00e9bardeur. <\/span><\/p>\n<p><span style=\"font-weight: 400;\">Les bretelles crois\u00e9es d\u00e9voilent un joli dos \u00e9chancr\u00e9. On s\u2019imagine bien le porter avec un pantalon taille haute et des baskets blanches pour une style casual. <\/span><\/p>\n<p><span style=\"font-weight: 400;\">Les couleurs disponibles vous permettent de jouer avec votre style car elles vont avec tout ! <\/span><span style=\"font-weight: 400;\">Un peu plus originale, la couleur Burnt Orange apporte un coup de peps \u00e0 une tenue (pour une activit\u00e9 sportive ou pour sortir).<\/span>[\/accordion_item][\/accordion][accordion title=\u00a0\u00bb\u00a0\u00bb open1st=\u00a0\u00bb0&Prime; openAll=\u00a0\u00bb0&Prime; style=\u00a0\u00bb\u00a0\u00bb][accordion_item title=\u00a0\u00bbPaiement, livraison &amp; retours\u00a0\u00bb]Pour les informations sur les alternatives de paiement, de livraison et les retours, merci de cliquer <a class=\"linkcgv\" href=\"https:\/\/www.yoga-nest.com\/paiement-livraison-retours\/\" target=\"_blank\" rel=\"noopener\">ICI<\/a>.[\/accordion_item][\/accordion]<\/p>\n<p>&nbsp;<\/p>\n<p><span style=\"color: #b01da4;\"><b>La Marque<\/b><\/span><\/p>\n<p><b>Yogamii<\/b><strong> \u2013 La marque danoise de v\u00eatements certifi\u00e9s GOTS<\/strong><\/p>\n<p><span style=\"font-weight: 400;\">Des v\u00eatements con\u00e7us pour le yoga et les activit\u00e9s de mouvement telles que pilates, danse, arts martiaux&#8230; qui sont aussi adapt\u00e9s \u00e0 la vie de tous les jours et respectueux des personnes et de l\u2019environnement.<\/span><\/p>\n<p><span style=\"font-weight: 400;\">D\u00e9couvrez la souplesse du textile alli\u00e9e \u00e0 des coupes simples et intemporelles. yogamii a pour mission de concevoir des v\u00eatements de haute qualit\u00e9 en respectant une \u00e9thique et une durabilit\u00e9 environnementale fondamentales \u00e0 leurs valeurs.<\/span><\/p>\n","protected":false},"excerpt":{"rendered":"<p><span style=\"font-weight: 400;\">Le sublime d\u00e9bardeur de sport Nidra Strap Top de la marque danoise yogamii est con\u00e7u avec une brassi\u00e8re int\u00e9gr\u00e9e tr\u00e8s discr\u00e8te. Il est l&rsquo;alli\u00e9 parfait pour vos s\u00e9ances de yoga, d\u2019\u00e9tirements ou bien pour une randonn\u00e9e. Avec sa forme ajust\u00e9e tr\u00e8s f\u00e9minine, ce d\u00e9bardeur de sport peut aussi \u00eatre port\u00e9 au quotidien avec tous types de v\u00eatements. Les bretelles fines se croisent dans le dos, laissant appara\u00eetre un d\u00e9collet\u00e9 tr\u00e8s \u00e9l\u00e9gant.\u00a0<\/span><\/p>\n<p><span style=\"font-weight: 400;\">De fabrication \u00e9thique, il est compos\u00e9 de 95% de coton organique et de 5% d\u2019\u00e9lasthanne. Sa mati\u00e8re est toute douce et tr\u00e8s l\u00e9g\u00e8re, le confort absolu pour toutes les occasions. Il est assez long pour couvrir les hanches et assez serr\u00e9 pour \u00eatre rentr\u00e9 dans un pantalon.<\/span><\/p>\n<p><span style=\"font-weight: 400;\">Il existe en de nombreuses couleurs tr\u00e8s intemporelles et basiques, qui s\u2019accordent donc avec tout !\u00a0<\/span><\/p>\n<p><span style=\"font-weight: 400;\">Ce d\u00e9bardeur combine style et fonctionnalit\u00e9 pour vous permettre de vous concentrer pleinement sur vos mouvements<\/span><\/p>\n<p>&nbsp;<\/p>\n<p class=\"manquante\" style=\"text-align: center;\">Taille ou couleur manquante ? <a href=\"mailto:serviceclients@yoga-nest.com\">Contactez-nous<\/a><\/p>\n","protected":false},"featured_media":1794,"comment_status":"open","ping_status":"open","template":"","meta":[],"product_cat":[63,62],"product_tag":[98],"_links":{"self":[{"href":"https:\/\/yoganest.vaniseo.pro\/index.php\/wp-json\/wp\/v2\/product\/1793"}],"collection":[{"href":"https:\/\/yoganest.vaniseo.pro\/index.php\/wp-json\/wp\/v2\/product"}],"about":[{"href":"https:\/\/yoganest.vaniseo.pro\/index.php\/wp-json\/wp\/v2\/types\/product"}],"replies":[{"embeddable":true,"href":"https:\/\/yoganest.vaniseo.pro\/index.php\/wp-json\/wp\/v2\/comments?post=1793"}],"wp:featuredmedia":[{"embeddable":true,"href":"https:\/\/yoganest.vaniseo.pro\/index.php\/wp-json\/wp\/v2\/media\/1794"}],"wp:attachment":[{"href":"https:\/\/yoganest.vaniseo.pro\/index.php\/wp-json\/wp\/v2\/media?parent=1793"}],"wp:term":[{"taxonomy":"product_cat","embeddable":true,"href":"https:\/\/yoganest.vaniseo.pro\/index.php\/wp-json\/wp\/v2\/product_cat?post=1793"},{"taxonomy":"product_tag","embeddable":true,"href":"https:\/\/yoganest.vaniseo.pro\/index.php\/wp-json\/wp\/v2\/product_tag?post=1793"}],"curies":[{"name":"wp","href":"https:\/\/api.w.org\/{rel}","templated":true}]}}