{"id":1775,"date":"2023-06-01T20:13:00","date_gmt":"2023-06-01T18:13:00","guid":{"rendered":"https:\/\/yoganest.vaniseo.pro\/index.php\/product\/sweat-shirt-unisexe-asha-hoodie\/"},"modified":"2024-03-06T15:49:13","modified_gmt":"2024-03-06T14:49:13","slug":"sweat-shirt-unisexe-asha-hoodie","status":"publish","type":"product","link":"https:\/\/yoganest.vaniseo.pro\/index.php\/product\/sweat-shirt-unisexe-asha-hoodie\/","title":{"rendered":"Sweat shirt unisexe | Asha Hoodie"},"content":{"rendered":"<p><span style=\"font-weight: 400;\">Avec sa coupe ultra d\u00e9contract\u00e9e mais pens\u00e9e pour \u00eatre port\u00e9 en toutes circonstances, le sweat Asha est le v\u00eatement \u00e0 avoir !<\/span><\/p>\n<ul>\n<li style=\"font-weight: 400;\" aria-level=\"1\"><span style=\"font-weight: 400;\">Sa capuche apporte une touche sportive<\/span><\/li>\n<li style=\"font-weight: 400;\" aria-level=\"1\"><span style=\"font-weight: 400;\">Sa coupe unisexe convient \u00e0 tous les genres : le sweatshirt est ample ample et confortable, il s&rsquo;adapte harmonieusement \u00e0 toutes les silhouettes<\/span><\/li>\n<li style=\"font-weight: 400;\" aria-level=\"1\"><span style=\"font-weight: 400;\">Sa mati\u00e8re toute douce est tr\u00e8s agr\u00e9able \u00e0 porter<\/span><\/li>\n<li style=\"font-weight: 400;\" aria-level=\"1\"><span style=\"font-weight: 400;\">Le coton certifi\u00e9 GOTS est de tr\u00e8s bonne qualit\u00e9, ce qui en fait un v\u00eatement durable<\/span><\/li>\n<\/ul>\n<p><span style=\"font-weight: 400;\">Les deux couleurs disponibles sont tr\u00e8s faciles \u00e0 assortir avec n\u2019importe quel v\u00eatement.<\/span><span style=\"font-weight: 400;\"> Le sweat noir est un basique intemporel. Le Dusty Blue est un beau gris bleu assez fonc\u00e9.<\/span><\/p>\n<p><span style=\"font-weight: 400;\">Laissez libre cours \u00e0 votre cr\u00e9ativit\u00e9 et \u00e0 votre style personnel pour explorer diff\u00e9rentes combinaisons et composer des tenues qui vous ressemblent.<\/span>[accordion title=\u00a0\u00bb\u00a0\u00bb open1st=\u00a0\u00bb0&Prime; openAll=\u00a0\u00bb0&Prime;][accordion_item title=\u00a0\u00bbEntretien\u00a0\u00bb]<span style=\"font-weight: 400;\">Voici quelques conseils pour laver et entretenir votre sweat \u00e0 capuche :\u00a0<\/span><\/p>\n<ul>\n<li style=\"font-weight: 400;\" aria-level=\"1\"><span style=\"font-weight: 400;\">Lavez votre sweat hoodie en coton bio \u00e0 la main ou au lave-linge \u00e0 max 30\u00b0<\/span><\/li>\n<li style=\"font-weight: 400;\" aria-level=\"1\">Pas de s\u00e8che-linge, on le laisse s\u00e9cher \u00e8 l&rsquo;air libre. Pas de javel[\/accordion_item][\/accordion][accordion title=\u00a0\u00bb\u00a0\u00bb open1st=\u00a0\u00bb0&Prime; openAll=\u00a0\u00bb0&Prime;][accordion_item title=\u00a0\u00bbTypes d&rsquo;activit\u00e9s\u00a0\u00bb]Pilates, Yoga styles Yin (Yin, Restauratif), Yoga styles Yang (Hatha, Vinyasa-Flow, Ashtanga, Power, Yoga Nidra, M\u00e9ditation, Mindfulness, Iyengar Yoga, Kundalini Yoga, Yoga a\u00e9rien, Yoga en plein air, Yoga en voyage, Stretching, Workout, gymnastique, Crossfit, sports en ext\u00e9rieur (bootcamp, running, marche nordique, randonn\u00e9e\u2026), streetwear, casualwear, cocooning \u00e0 la maison[\/accordion_item][\/accordion][accordion title=\u00a0\u00bb\u00a0\u00bb open1st=\u00a0\u00bb0&Prime; openAll=\u00a0\u00bb0&Prime;][accordion_item title=\u00a0\u00bbPourquoi on adore ce produit\u00a0\u00bb]Le sweat est le v\u00eatement polyvalent par excellence ! Il se porte en toutes occasions, on peut cr\u00e9er des looks tr\u00e8s vari\u00e9s avec. <\/span>\n<p><span style=\"font-weight: 400;\">On s\u2019imagine tr\u00e8s bien le porter avec un <\/span><a href=\"https:\/\/www.yoga-nest.com\/boutique-yoga-shop\/pantalon-jogging-mudra-pants\/\"><span style=\"font-weight: 400;\">jogging<\/span><\/a><span style=\"font-weight: 400;\"> ou un <\/span><a href=\"https:\/\/www.yoga-nest.com\/boutique-yoga-shop\/legging-de-sport-lilly\/\"><span style=\"font-weight: 400;\">legging<\/span><\/a><span style=\"font-weight: 400;\"> pour se d\u00e9tendre ou en sortant d\u2019une s\u00e9ance de sport. Mais aussi avec un jeans, en coin\u00e7ant le bas du sweat dans la ceinture du pantalon pour un rendu loose mais ajust\u00e9. Avec une chemise, le look devient un peu plus sophistiqu\u00e9, surtout en laissant le col de la chemise d\u00e9passer. <\/span><\/p>\n<p><span style=\"font-weight: 400;\">Pour un look plus f\u00e9minin, on porte le sweat avec une jupe crayon. On y ajoute des accessoires comme des bijoux pour cr\u00e9er un look chic et d\u00e9contract\u00e9.<\/span>[\/accordion_item][\/accordion][accordion title=\u00a0\u00bb\u00a0\u00bb open1st=\u00a0\u00bb0&Prime; openAll=\u00a0\u00bb0&Prime; style=\u00a0\u00bb\u00a0\u00bb][accordion_item title=\u00a0\u00bbPaiement, livraison &amp; retours\u00a0\u00bb]Pour les informations sur les alternatives de paiement, de livraison et les retours, merci de cliquer <a class=\"linkcgv\" href=\"https:\/\/www.yoga-nest.com\/paiement-livraison-retours\/\" target=\"_blank\" rel=\"noopener\">ICI<\/a>.[\/accordion_item][\/accordion]<\/p>\n<p>&nbsp;<\/p>\n<p><span style=\"color: #b01da4;\"><b>La Marque<\/b><\/span><\/p>\n<p><b>Yogamii<\/b><strong> \u2013 La marque danoise de v\u00eatements certifi\u00e9s GOTS<\/strong><\/p>\n<p><span style=\"font-weight: 400;\">Des v\u00eatements con\u00e7us pour le yoga et les activit\u00e9s de mouvement telles que pilates, danse, arts martiaux&#8230; qui sont aussi adapt\u00e9s \u00e0 la vie de tous les jours et respectueux des personnes et de l\u2019environnement.<\/span><\/p>\n<p><span style=\"font-weight: 400;\">D\u00e9couvrez la souplesse du textile alli\u00e9e \u00e0 des coupes simples et intemporelles. yogamii a pour mission de concevoir des v\u00eatements de haute qualit\u00e9 en respectant une \u00e9thique et une durabilit\u00e9 environnementale fondamentales \u00e0 leurs valeurs.<\/span><\/p>\n<p><br style=\"font-weight: 400;\" \/><br style=\"font-weight: 400;\" \/><\/p>\n","protected":false},"excerpt":{"rendered":"<p><span style=\"font-weight: 400;\">L\u2019incontournable de la garde robe ? Le sweat Asha Hoodie de la marque yogamii ! <\/span><b>Un sweat \u00e0 capuche d\u00e9contract\u00e9, unisexe, polyvalent qui allie confort et style.\u00a0<\/b><\/p>\n<p><span style=\"font-weight: 400;\">Fabriqu\u00e9 \u00e0 partir d&rsquo;un m\u00e9lange de coton certifi\u00e9 GOTS et d&rsquo;\u00e9lasthanne, ce hoodie \u00e0 capuche est con\u00e7u pour offrir une sensation de douceur et de confort tout au long de la journ\u00e9e.\u00a0<\/span><\/p>\n<p><span style=\"font-weight: 400;\">Avec sa coupe ample, ce hoodie est donc le summum du confort. Il n\u2019a pas d\u2019\u00e9lastique \u00e0 la taille qui pourrait g\u00eaner le mouvement ou la d\u00e9tente. Les manches ont un bord large resserr\u00e9 pour une meilleure tenue du v\u00eatement.\u00a0<\/span><\/p>\n<p><span style=\"font-weight: 400;\">On s\u2019imagine porter ce sweatshirt sur le chemin d\u2019une s\u00e9ance de yoga, pour aller en ville, ou pour marcher dans la nature.\u00a0<\/span><\/p>\n<p><span style=\"font-weight: 400;\">Les femmes enceintes l\u2019appr\u00e9cient beaucoup, la coupe large convient tr\u00e8s bien \u00e0 leur ventre arrondi.<\/span><\/p>\n<p><span style=\"font-weight: 400;\">Disponible en deux coloris, Black et Dusty Blue, <\/span><span style=\"font-weight: 400;\">ce sweat ira \u00e0 merveille avec toutes vos tenues, que ce soit pour rester \u00e0 la maison ou pour sortir.\u00a0<\/span><\/p>\n<p><span style=\"font-weight: 400;\">Il a \u00e9t\u00e9 cr\u00e9\u00e9 pour \u00eatre port\u00e9 par toutes et tous. Pour un style oversize, on pourra prendre une taille au-dessus de la normale.<\/span><\/p>\n<p>&nbsp;<\/p>\n<p class=\"manquante\" style=\"text-align: center;\">Taille ou couleur manquante ? <a href=\"mailto:serviceclients@yoga-nest.com\">Contactez-nous<\/a><\/p>\n","protected":false},"featured_media":1776,"comment_status":"open","ping_status":"open","template":"","meta":[],"product_cat":[67,62,66,64,94,93],"product_tag":[98],"_links":{"self":[{"href":"https:\/\/yoganest.vaniseo.pro\/index.php\/wp-json\/wp\/v2\/product\/1775"}],"collection":[{"href":"https:\/\/yoganest.vaniseo.pro\/index.php\/wp-json\/wp\/v2\/product"}],"about":[{"href":"https:\/\/yoganest.vaniseo.pro\/index.php\/wp-json\/wp\/v2\/types\/product"}],"replies":[{"embeddable":true,"href":"https:\/\/yoganest.vaniseo.pro\/index.php\/wp-json\/wp\/v2\/comments?post=1775"}],"wp:featuredmedia":[{"embeddable":true,"href":"https:\/\/yoganest.vaniseo.pro\/index.php\/wp-json\/wp\/v2\/media\/1776"}],"wp:attachment":[{"href":"https:\/\/yoganest.vaniseo.pro\/index.php\/wp-json\/wp\/v2\/media?parent=1775"}],"wp:term":[{"taxonomy":"product_cat","embeddable":true,"href":"https:\/\/yoganest.vaniseo.pro\/index.php\/wp-json\/wp\/v2\/product_cat?post=1775"},{"taxonomy":"product_tag","embeddable":true,"href":"https:\/\/yoganest.vaniseo.pro\/index.php\/wp-json\/wp\/v2\/product_tag?post=1775"}],"curies":[{"name":"wp","href":"https:\/\/api.w.org\/{rel}","templated":true}]}}