{"id":1697,"date":"2023-05-15T22:20:53","date_gmt":"2023-05-15T20:20:53","guid":{"rendered":"https:\/\/yoganest.vaniseo.pro\/index.php\/product\/pantalon-jogging-mudra-pants\/"},"modified":"2024-03-06T15:46:44","modified_gmt":"2024-03-06T14:46:44","slug":"pantalon-jogging-mudra-pants","status":"publish","type":"product","link":"https:\/\/yoganest.vaniseo.pro\/index.php\/product\/pantalon-jogging-mudra-pants\/","title":{"rendered":"Pantalon Jogging  | Mudra pants"},"content":{"rendered":"<p><span style=\"font-weight: 400;\">Qui dit pantalon <\/span><span style=\"font-weight: 400;\">unisexe<\/span><span style=\"font-weight: 400;\">, dit taille \u00e0 adapter. Pour une sensation confortable, nous vous conseillons la taille normale pour les carrures larges et une taille en dessous pour les carrures plus \u00e9troites. Si vous souhaitez un pantalon de yoga plus ample, vous pouvez prendre une taille au-dessus.\u00a0<\/span><\/p>\n<p><span style=\"font-weight: 400;\">Compos\u00e9 de 95% de coton organique et de 5% d&rsquo;\u00e9lasthanne, ce <\/span><span style=\"font-weight: 400;\">pantalon de sport<\/span><span style=\"font-weight: 400;\"> est ultra confortable.<\/span><\/p>\n<ul>\n<li style=\"font-weight: 400;\" aria-level=\"1\"><span style=\"font-weight: 400;\">Les deux poches lat\u00e9rales et la poche arri\u00e8re sont tr\u00e8s pratiques pour ranger de petits objets et restent discr\u00e8tes.\u00a0<\/span><\/li>\n<li style=\"font-weight: 400;\" aria-level=\"1\"><span style=\"font-weight: 400;\">Un cordon autour de la taille permet d\u2019ajuster le maintien sans comprimer, en plus de la taille \u00e9lastique.<\/span><\/li>\n<li style=\"font-weight: 400;\" aria-level=\"1\"><span style=\"font-weight: 400;\">De jolies coutures apportent au pantalon une originalit\u00e9 \u00e9l\u00e9gante.<\/span><\/li>\n<li style=\"font-weight: 400;\" aria-level=\"1\"><span style=\"font-weight: 400;\">La longueur est classique, les jambes se finissent avec des \u00e9lastiques de grande largeur qui affinent la cheville.<\/span><\/li>\n<li style=\"font-weight: 400;\" aria-level=\"1\"><span style=\"font-weight: 400;\">La forme loose au niveau de l\u2019abdomen peut \u00eatre tout \u00e0 fait agr\u00e9able pour les femmes enceintes jusqu\u2019\u00e0 5-6 mois de grossesse.<\/span><\/li>\n<li style=\"font-weight: 400;\" aria-level=\"1\"><span style=\"font-weight: 400;\">Les coloris hyper harmonieux vous permettent d\u2019assembler votre pantalon \u00e0 n\u2019importe quel haut, surtout si vous mixez les couleurs propos\u00e9es par la marque. Aucun risque d\u2019association de couleurs rat\u00e9e !<\/span><\/li>\n<\/ul>\n<p>[accordion title=\u00a0\u00bb\u00a0\u00bb open1st=\u00a0\u00bb0&Prime; openAll=\u00a0\u00bb0&Prime;][accordion_item title=\u00a0\u00bbEntretien\u00a0\u00bb]<span style=\"font-weight: 400;\">Voici quelques conseils pour laver et entretenir votre pantalon de jogging :\u00a0<\/span><\/p>\n<ul>\n<li style=\"font-weight: 400;\" aria-level=\"1\"><span style=\"font-weight: 400;\">Lavez ce pantalon de sport \u00e0 la main ou au lave-linge \u00e0 une temp\u00e9rature maximale de 30\u00b0<\/span><\/li>\n<li style=\"font-weight: 400;\" aria-level=\"1\"><span style=\"font-weight: 400;\">N\u2019utilisez pas de s\u00e8che-linge, afin qu\u2019il ne r\u00e9tr\u00e9cisse pas<\/span><\/li>\n<li style=\"font-weight: 400;\" aria-level=\"1\"><span style=\"font-weight: 400;\">N\u2019utilisez pas de javel<\/span>[\/accordion_item][\/accordion][accordion title=\u00a0\u00bb\u00a0\u00bb open1st=\u00a0\u00bb0&Prime; openAll=\u00a0\u00bb0&Prime;][accordion_item title=\u00a0\u00bbTypes d&rsquo;activit\u00e9s\u00a0\u00bb]Pilates, Yoga styles Yin (Yin, Restauratif), Yoga styles Yang (Hatha, Vinyasa-Flow, Ashtanga, Power, Yoga Nidra, M\u00e9ditation, Mindfulness, Iyengar Yoga, Kundalini Yoga, Yoga a\u00e9rien, Yoga en plein air, Yoga en voyage, Stretching, Workout, gymnastique, Crossfit, sports en ext\u00e9rieur (bootcamp, running, marche nordique, randonn\u00e9e\u2026), streetwear, casualwear, cocooning \u00e0 la maison[\/accordion_item][\/accordion][accordion title=\u00a0\u00bb\u00a0\u00bb open1st=\u00a0\u00bb0&Prime; openAll=\u00a0\u00bb0&Prime;][accordion_item title=\u00a0\u00bbPourquoi on adore ce produit\u00a0\u00bb]On adore le look casual de ce pantalon de yoga qui se fond parfaitement avec nos habits de tous les jours.<\/span>\n<p><span style=\"font-weight: 400;\">Il peut s\u2019accorder avec un <a href=\"https:\/\/yogamii.org\/collections\/strap-tops\/products\/anjali-yoga-top-3\">d\u00e9bardeur<\/a> et une veste en jeans ou une surchemise pour se promener ou avec un <a href=\"https:\/\/yogamii.org\/collections\/sweatshirts\/products\/asha-sweat-hoodie-1\">hoodie<\/a> pour se d\u00e9tendre \u00e0 la maison.\u00a0<span style=\"font-weight: 400;\">Il r\u00e9pond aussi parfaitement \u00e0 sa fonction premi\u00e8re : la libert\u00e9 de mouvement pour les pratiques sportives. <\/span><\/p>\n<p><span style=\"font-weight: 400;\">Sa sensation l\u00e9g\u00e8re est tr\u00e8s agr\u00e9able. Il ne colle pas \u00e0 la peau et reste en place malgr\u00e9 sa coupe ample car il est ajust\u00e9 l\u00e0 o\u00f9 le maintien est n\u00e9cessaire : la taille et les chevilles.<\/span>[\/accordion_item][\/accordion][accordion title=\u00a0\u00bb\u00a0\u00bb open1st=\u00a0\u00bb0&Prime; openAll=\u00a0\u00bb0&Prime; style=\u00a0\u00bb\u00a0\u00bb][accordion_item title=\u00a0\u00bbPaiement, livraison &amp; retours\u00a0\u00bb]Pour les informations sur les alternatives de paiement, de livraison et les retours, merci de cliquer <a class=\"linkcgv\" href=\"https:\/\/www.yoga-nest.com\/paiement-livraison-retours\/\" target=\"_blank\" rel=\"noopener\">ICI<\/a>.[\/accordion_item][\/accordion]<\/p>\n<p>&nbsp;<\/p>\n<p><span style=\"color: #b01da4;\"><b>La Marque<\/b><\/span><\/p>\n<p><b>Yogamii<\/b><strong> \u2013 La marque danoise de v\u00eatements certifi\u00e9s GOTS<\/strong><\/p>\n<p><span style=\"font-weight: 400;\">Des v\u00eatements con\u00e7us pour le yoga et les activit\u00e9s de mouvement telles que pilates, danse, arts martiaux&#8230; qui sont aussi adapt\u00e9s \u00e0 la vie de tous les jours et respectueux des personnes et de l\u2019environnement.<\/span><\/p>\n<p><span style=\"font-weight: 400;\">D\u00e9couvrez la souplesse du textile alli\u00e9e \u00e0 des coupes simples et intemporelles. yogamii a pour mission de concevoir des v\u00eatements de haute qualit\u00e9 en respectant une \u00e9thique et une durabilit\u00e9 environnementale fondamentales \u00e0 leurs valeurs.<\/span><\/p>\n<p><br style=\"font-weight: 400;\" \/><br style=\"font-weight: 400;\" \/><\/p>\n","protected":false},"excerpt":{"rendered":"<p><span style=\"font-weight: 400;\">Le Mudra Pants de la marque yogamii est un <\/span><span style=\"font-weight: 400;\">pantalon<\/span><span style=\"font-weight: 400;\"> de sport mais pas que. Avec sa coupe ample et d\u00e9contract\u00e9e, ce <\/span><span style=\"font-weight: 400;\">jogging<\/span><span style=\"font-weight: 400;\"> est totalement adapt\u00e9 \u00e0 une s\u00e9ance <\/span><span style=\"font-weight: 400;\">en salle de sport<\/span><span style=\"font-weight: 400;\">, une sortie en randonn\u00e9e, mais aussi en tant que surv\u00eatement pour aller \u00e0 votre s\u00e9ance de yoga, de pilates ou tout simplement pour s\u2019habiller confortablement au quotidien.\u00a0<\/span><\/p>\n<p><span style=\"font-weight: 400;\">Son utilisation est aussi tr\u00e8s appr\u00e9ci\u00e9e des th\u00e9rapeutes ayant besoin d\u2019une libert\u00e9 de mouvement et de confort dans leur pratique.\u00a0<\/span><\/p>\n<p><span style=\"font-weight: 400;\">Son design est intemporel avec quelques touches d\u2019originalit\u00e9 : des coutures soulignent les mollets et allongent la jambe. Il peut se porter en taille haute, au niveau de la taille, ou en taille basse, au niveau des hanches. C\u2019est un pantalon qui s\u2019adapte \u00e0 vos envies et \u00e0 l\u2019usage que vous souhaitez en faire.\u00a0<\/span><\/p>\n<p><b>En plus d\u2019\u00eatre facile \u00e0 porter, ce <\/b><b>pantalon de sport<\/b><b> est <\/b><b>unisexe<\/b><b>, <\/b><b>quelle que soit votre morphologie<\/b><b>, sa coupe est con\u00e7ue pour vous.<\/b><\/p>\n<p><span style=\"font-weight: 400;\">Comme tous les produits yogamii, le tissu choisi est de tr\u00e8s bonne qualit\u00e9 et est certifi\u00e9 GOTS. Il est fin et doux au toucher, une sensation de confort imm\u00e9diate. Le coton organique associ\u00e9 \u00e0 l&rsquo;\u00e9lasthanne offre une flexibilit\u00e9 et une aisance de mouvement. Son style simple et zen vous enveloppe dans un cocon pendant vos s\u00e9ances<\/span><span style=\"font-weight: 400;\"> de sport comme le Qi Gong et le Tai Chi<\/span><span style=\"font-weight: 400;\"> ainsi que dans vos moments de d\u00e9tente.<\/span><\/p>\n<p><span style=\"font-weight: 400;\">Glissez vous dans votre <\/span><span style=\"font-weight: 400;\">jogging<\/span><span style=\"font-weight: 400;\"> Mudra Pants et laissez vous guider par votre journ\u00e9e sportive ou relaxante.<\/span><\/p>\n<p><span style=\"font-weight: 400;\">Les diff\u00e9rentes couleurs propos\u00e9es s\u2019accordent tr\u00e8s facilement. yogamii a cr\u00e9\u00e9 une palette de couleurs qui se marient parfaitement les unes avec les autres.<\/span><\/p>\n<p>&nbsp;<\/p>\n<p class=\"manquante\" style=\"text-align: center;\">Taille ou couleur manquante ? <a href=\"mailto:serviceclients@yoga-nest.com\">Contactez-nous<\/a><\/p>\n","protected":false},"featured_media":1698,"comment_status":"open","ping_status":"open","template":"","meta":[],"product_cat":[74,75,43,76,62,66,64],"product_tag":[98],"_links":{"self":[{"href":"https:\/\/yoganest.vaniseo.pro\/index.php\/wp-json\/wp\/v2\/product\/1697"}],"collection":[{"href":"https:\/\/yoganest.vaniseo.pro\/index.php\/wp-json\/wp\/v2\/product"}],"about":[{"href":"https:\/\/yoganest.vaniseo.pro\/index.php\/wp-json\/wp\/v2\/types\/product"}],"replies":[{"embeddable":true,"href":"https:\/\/yoganest.vaniseo.pro\/index.php\/wp-json\/wp\/v2\/comments?post=1697"}],"wp:featuredmedia":[{"embeddable":true,"href":"https:\/\/yoganest.vaniseo.pro\/index.php\/wp-json\/wp\/v2\/media\/1698"}],"wp:attachment":[{"href":"https:\/\/yoganest.vaniseo.pro\/index.php\/wp-json\/wp\/v2\/media?parent=1697"}],"wp:term":[{"taxonomy":"product_cat","embeddable":true,"href":"https:\/\/yoganest.vaniseo.pro\/index.php\/wp-json\/wp\/v2\/product_cat?post=1697"},{"taxonomy":"product_tag","embeddable":true,"href":"https:\/\/yoganest.vaniseo.pro\/index.php\/wp-json\/wp\/v2\/product_tag?post=1697"}],"curies":[{"name":"wp","href":"https:\/\/api.w.org\/{rel}","templated":true}]}}