{"id":1691,"date":"2023-05-15T20:59:27","date_gmt":"2023-05-15T18:59:27","guid":{"rendered":"https:\/\/yoganest.vaniseo.pro\/index.php\/product\/sangle-de-yoga-xl-pour-yin-yoga\/"},"modified":"2024-03-06T15:46:33","modified_gmt":"2024-03-06T14:46:33","slug":"sangle-de-yoga-xl-pour-yin-yoga","status":"publish","type":"product","link":"https:\/\/yoganest.vaniseo.pro\/index.php\/product\/sangle-de-yoga-xl-pour-yin-yoga\/","title":{"rendered":"Sangle de yoga | XL pour Yin yoga"},"content":{"rendered":"<p>Quelle que soit votre pratique et votre exp\u00e9rience, cette sangle extra-longue (3.30m) sera votre alli\u00e9e pour vous permettre de rester dans une profondeur respectueuse de votre corps, selon le sutra fondamental \u00ab\u00a0Stiram sukham asanam\u00a0\u00bb.<\/p>\n<p>Pour plus de suggestions sur l&rsquo;utilisation d&rsquo;une sangle de yoga ou si vous pr\u00e9f\u00e9rez une ceinture plus courte, d\u00e9couvrez la <a href=\"https:\/\/www.yoga-nest.com\/boutique-yoga-shop\/sangle-de-yoga-coton\/\">Sangle de yoga classique de 2.5m<\/a> sur notre Boutique en ligne.<\/p>\n<p>[accordion title=\u00a0\u00bb\u00a0\u00bb open1st=\u00a0\u00bb0&Prime; openAll=\u00a0\u00bb0&Prime;][accordion_item title=\u00a0\u00bbEntretien\u00a0\u00bb]<span style=\"font-weight: 400;\">Si vous souhaitez la laver \u00e0 la machine plut\u00f4t qu&rsquo;\u00e0 la main, nous vous recommandons fortement de la mettre dans un filet \u00e0 lingerie afin que les boucles ne percutent pas le tambour de la machine. Programme \u00e0 30 degr\u00e9s maximum.<\/span>[\/accordion_item][\/accordion][accordion title=\u00a0\u00bb\u00a0\u00bb open1st=\u00a0\u00bb0&Prime; openAll=\u00a0\u00bb0&Prime;][accordion_item title=\u00a0\u00bbTypes d&rsquo;activit\u00e9s\u00a0\u00bb]<span style=\"font-weight: 400;\">Yin Yoga, Yoga Restorative, Hatha Yoga, Vinyasa Flow Yoga, Ashtanga Yog<\/span><span style=\"font-weight: 400;\">a<\/span><span style=\"font-weight: 400;\">, Power Yoga, Hot Yoga, Iyengar yoga, Yoga pr\u00e9natal, Yoga en plein air, Yoga en voyage, Stretching, Workout, Gymnastique, Crossfit<\/span>[\/accordion_item][\/accordion]<span style=\"font-weight: 400;\">[accordion title=\u00a0\u00bb\u00a0\u00bb open1st=\u00a0\u00bb0&Prime; openAll=\u00a0\u00bb0&Prime;][accordion_item title=\u00a0\u00bbPourquoi on adore ce produit\u00a0\u00bb]On appr\u00e9cie surtout que Jo Phee, enseignante de Yin Yoga qui b\u00e9n\u00e9ficie d&rsquo;une notori\u00e9t\u00e9 mondiale, ait pens\u00e9 aux Yinsters en cr\u00e9ant cette sangle particuli\u00e8rement longue. \u00a0<\/span><\/p>\n<p>On peut aussi bien s\u00fbr l&rsquo;utiliser en pratique Yang, comme un<span style=\"font-weight: 400;\">\u00a0accessoire qui nous aide \u00e0 progresser et \u00e0 am\u00e9liorer notre pratique des postures de yoga tout en respectant notre corps.<\/span>[\/accordion_item][\/accordion]<span style=\"font-weight: 400;\">[accordion title=\u00a0\u00bb\u00a0\u00bb open1st=\u00a0\u00bb0&Prime; openAll=\u00a0\u00bb0&Prime;][accordion_item title=\u00a0\u00bbPaiement, livraison &amp; retours\u00a0\u00bb]Pour les informations sur les alternatives de paiement, de livraison et les retours, merci de cliquer <a class=\"linkcgv\" href=\"https:\/\/www.yoga-nest.com\/paiement-livraison-retours\/\" target=\"_blank\" rel=\"noopener\">ICI<\/a>.[\/accordion_item][\/accordion]<\/span><\/p>\n<p><span style=\"color: #b01da4;\"><b>La Marque<\/b><\/span><\/p>\n<p><b>Yinspiration \u2013 Des normes d&rsquo;excellence en mati\u00e8re d&rsquo;enseignement du yin yoga dans le monde entier, depuis 2012<\/b><\/p>\n<p>Connue comme \u00ab\u00a0l&rsquo;enseignante des enseignants de Yin Yoga\u00a0\u00bb, Jo Phee est une formatrice senior reconnue dans la communaut\u00e9 internationale du yin yoga pour ses sp\u00e9cialit\u00e9s en m\u00e9decine chinoise, en anatomie fonctionnelle et en science des fascias. Jo fait partie de la premi\u00e8re g\u00e9n\u00e9ration de professeurs de yin yoga form\u00e9s par les cr\u00e9ateurs du yin yoga, Paul et Suzee Grilley et elle est leur assistante principale depuis 2009.<\/p>\n<p>Surnomm\u00e9e la \u00ab\u00a0reine des accessoires\u00a0\u00bb du yin yoga, elle est \u00e9galement consid\u00e9r\u00e9e comme la premi\u00e8re enseignante de yin yoga \u00e0 avoir introduit et popularis\u00e9 le yin yoga pour le haut du corps aupr\u00e8s du grand public. Bas\u00e9e \u00e0 Singapour, elle a d\u00e9velopp\u00e9 des accessoires sp\u00e9cifiques pour l&rsquo;enseignement et la pratique du Yin yoga.<\/p>\n","protected":false},"excerpt":{"rendered":"<p><span style=\"font-weight: 400;\">Une sangle XL pour les personnes de grande taille ou les postures dans lesquelles on a besoin de plus de longueur. Cette ceinture est particuli\u00e8rement appr\u00e9ci\u00e9e des YINSTERS (pratiquants du Yin yoga) par exemple dans des postures comme la Demi-Lune (ou Banane) ou la torsion Cat Tail. Id\u00e9ale aussi en Iyengar et en Yoga Restauratif.<\/span><\/p>\n<p><span style=\"font-weight: 400;\">Longueur: extra-longue avec ses 3.3m par rapport aux sangles usuelles de 2.5m.<\/span><\/p>\n<p><span style=\"font-weight: 400;\">Con\u00e7ue en coton, elle ne glisse pas et permet donc un bon maintien.\u00a0Elle est douce m\u00eame si on la place en contact direct avec la peau.<\/span><\/p>\n<p><span style=\"font-weight: 400;\">La sangle de yoga est un accessoire utile pour tous les styles de yoga et quelle que soit votre exp\u00e9rience de pratique, exp\u00e9riment\u00e9e ou d\u00e9butant.<\/span><\/p>\n<p>&nbsp;<\/p>\n<p class=\"manquante\" style=\"text-align: center;\">Couleur manquante ? <a href=\"mailto:serviceclients@yoga-nest.com\">Contactez-nous<\/a><\/p>\n","protected":false},"featured_media":1692,"comment_status":"open","ping_status":"open","template":"","meta":[],"product_cat":[54,20,47,48],"product_tag":[193],"_links":{"self":[{"href":"https:\/\/yoganest.vaniseo.pro\/index.php\/wp-json\/wp\/v2\/product\/1691"}],"collection":[{"href":"https:\/\/yoganest.vaniseo.pro\/index.php\/wp-json\/wp\/v2\/product"}],"about":[{"href":"https:\/\/yoganest.vaniseo.pro\/index.php\/wp-json\/wp\/v2\/types\/product"}],"replies":[{"embeddable":true,"href":"https:\/\/yoganest.vaniseo.pro\/index.php\/wp-json\/wp\/v2\/comments?post=1691"}],"wp:featuredmedia":[{"embeddable":true,"href":"https:\/\/yoganest.vaniseo.pro\/index.php\/wp-json\/wp\/v2\/media\/1692"}],"wp:attachment":[{"href":"https:\/\/yoganest.vaniseo.pro\/index.php\/wp-json\/wp\/v2\/media?parent=1691"}],"wp:term":[{"taxonomy":"product_cat","embeddable":true,"href":"https:\/\/yoganest.vaniseo.pro\/index.php\/wp-json\/wp\/v2\/product_cat?post=1691"},{"taxonomy":"product_tag","embeddable":true,"href":"https:\/\/yoganest.vaniseo.pro\/index.php\/wp-json\/wp\/v2\/product_tag?post=1691"}],"curies":[{"name":"wp","href":"https:\/\/api.w.org\/{rel}","templated":true}]}}