{"id":1669,"date":"2023-05-14T23:35:29","date_gmt":"2023-05-14T21:35:29","guid":{"rendered":"https:\/\/yoganest.vaniseo.pro\/index.php\/product\/bodysuit-effortless\/"},"modified":"2024-03-06T15:55:57","modified_gmt":"2024-03-06T14:55:57","slug":"bodysuit-effortless","status":"publish","type":"product","link":"https:\/\/yoganest.vaniseo.pro\/index.php\/product\/bodysuit-effortless\/","title":{"rendered":"Justaucorps bodysuit | Effortless"},"content":{"rendered":"<p>De l&rsquo;approvisionnement en tissu \u00e0 l&#8217;emballage en passant par la coupe et la teinture, ce v\u00eatement YinSide est, comme tous les autres, d\u00e9velopp\u00e9 par la marque conform\u00e9ment \u00e0 ses valeurs: haute qualit\u00e9. confort dans le mouvement, soutien des communaut\u00e9s locales et respect de la plan\u00e8te.<\/p>\n<p>Les couleurs sont apport\u00e9es par des teintures v\u00e9g\u00e9tales, cr\u00e9\u00e9es par la nature.<\/p>\n<p>Les emballages sont 100% compostables ou recyclables. Aucun plastique n&rsquo;est utilis\u00e9 par YinSide.<\/p>\n<p>Les mati\u00e8res sont \u00e0 base de plantes, s\u00e9lectionn\u00e9es pour leur douceur, pour votre peau, votre corps et pour la plan\u00e8te. Aucun nylon, polyester ou acrylique.<\/p>\n<p>Compos\u00e9 de 94% de viscose v\u00e9g\u00e9tale et 6% de spandex, le justaucorps bodysuit Effortless est tout doux, hyper confortable et tr\u00e8s f\u00e9minin.[accordion title=\u00a0\u00bb\u00a0\u00bb open1st=\u00a0\u00bb0&Prime; openAll=\u00a0\u00bb0&Prime;][accordion_item title=\u00a0\u00bbEntretien\u00a0\u00bb]<\/p>\n<p><span style=\"font-weight: 400;\">Voici quelques conseils pour laver et prendre soin de votre\u00a0justaucorps:<\/span><\/p>\n<ul>\n<li style=\"font-weight: 400;\" aria-level=\"1\"><span style=\"font-weight: 400;\">Lavez-le \u00e0 la machine \u00e0 laver \u00e0 une temp\u00e9rature maximale de 30 degr\u00e9s ou \u00e0 la main<\/span><\/li>\n<li style=\"font-weight: 400;\" aria-level=\"1\"><span style=\"font-weight: 400;\">Suspendez-le \u00e0 l&rsquo;air libre, surtout pas au<\/span><span style=\"font-weight: 400;\">\u00a0s\u00e8che-linge<\/span><\/li>\n<li style=\"font-weight: 400;\" aria-level=\"1\"><span style=\"font-weight: 400;\">N&rsquo;utilisez pas d&rsquo;agent de blanchiment ou d&rsquo;adoucissant<\/span><\/li>\n<li style=\"font-weight: 400;\" aria-level=\"1\"><span style=\"font-weight: 400;\">Ce v\u00eatement n&rsquo;a pas besoin de repassage et ne doit pas \u00eatre nettoy\u00e9 \u00e0 sec<\/span><\/li>\n<\/ul>\n<p>[\/accordion_item][\/accordion][accordion title=\u00a0\u00bb\u00a0\u00bb open1st=\u00a0\u00bb0&Prime; openAll=\u00a0\u00bb0&Prime;][accordion_item title=\u00a0\u00bbTypes d&rsquo;activit\u00e9s\u00a0\u00bb]<span style=\"font-weight: 400;\">Pilates, Yin Yoga, Yoga Restauratif, Hatha Yoga, Flow Yoga, Yoga Nidra, M\u00e9ditation, Iyengar Yoga, Yoga a\u00e9rien, Yoga pr\u00e9natal, Yoga en plein air, Yoga en voyage, Automassage myofascial, Stretching, Streetwear, Casualwear, Style relax et Cocooning \u00e0 la maison<\/span>[\/accordion_item][\/accordion]<span style=\"font-weight: 400;\">[accordion title=\u00a0\u00bb\u00a0\u00bb open1st=\u00a0\u00bb0&Prime; openAll=\u00a0\u00bb0&Prime;][accordion_item title=\u00a0\u00bbPourquoi on adore ce produit\u00a0\u00bb]<\/span><\/p>\n<p>Ce justaucorps allie une extr\u00eame f\u00e9minit\u00e9 par sa coupe avec un confort total dans le mouvement de par sa nature m\u00eame: un seul v\u00eatement qui tient en place de l&rsquo;entrejambes aux poignets!<\/p>\n<p>Il peut se porter avec un legging en version activit\u00e9 de mouvement, avec un v\u00eatement de ville au quotidien et m\u00eame seul pour certaines pratiques ou avec un petit par\u00e9o pour boire un jus au bord de la piscine.<\/p>\n<p><span style=\"font-weight: 400;\">[\/accordion_item][\/accordion]<\/span>[accordion title=\u00a0\u00bb\u00a0\u00bb open1st=\u00a0\u00bb0&Prime; openAll=\u00a0\u00bb0&Prime; style=\u00a0\u00bb\u00a0\u00bb][accordion_item title=\u00a0\u00bbPaiement, livraison &amp; retours\u00a0\u00bb]Pour les informations sur les alternatives de paiement, de livraison et les retours, merci de cliquer <a class=\"linkcgv\" href=\"https:\/\/www.yoga-nest.com\/paiement-livraison-retours\/\" target=\"_blank\" rel=\"noopener\">ICI<\/a>.[\/accordion_item][\/accordion]<\/p>\n<p><span style=\"color: #b01da4;\"><b>La Marque<\/b><\/span><\/p>\n<p><b>Yinside \u2013 Des v\u00eatements style de vie vraiment respectueux de l&rsquo;environnement\u00a0et produits de mani\u00e8re \u00e9thique \u00e0 Bali &#8211; toujours<\/b><\/p>\n<p>Bas\u00e9e \u00e0 Bali depuis plusieurs ann\u00e9es, Hayley y enseigne le \u00a0Yin yoga. C&rsquo;est dans cette pratique douce, consciente et m\u00e9ditative et dans son environnement de vie quotidien qu&rsquo;elle a trouv\u00e9 l&rsquo;inspiration pour la cr\u00e9ation de sa marque de v\u00eatements. Des v\u00eatements con\u00e7us pour le yoga autant qu&rsquo;\u00e0 la plage ou au quotidien. Un style relax, toujours avec une touche d&rsquo;\u00e9l\u00e9gance.<\/p>\n<p>Toutes les cr\u00e9ations YinSide Yogawear sont con\u00e7ues et fabriqu\u00e9es \u00e0 Bali en collaboration avec les artisans balinais et avec un choix exigeant sur la qualit\u00e9 et l&rsquo;\u00e9co-responsabilit\u00e9 des mati\u00e8res. Hayley est fi\u00e8re\u00a0de ne soutenir que l&rsquo;approvisionnement et la fabrication locaux. Son moto \u00ab\u00a0En fournissant \u00e0 notre communaut\u00e9 l&rsquo;\u00e9ducation et les ressources n\u00e9cessaires pour adopter des pratiques plus durables, nous changerons le visage de l&rsquo;industrie de l&rsquo;habillement\u00a0\u00bb. Une d\u00e9marche que YOGA<strong>NEST<\/strong> partage et approuve \u00e0 100%.<\/p>\n","protected":false},"excerpt":{"rendered":"<p><span style=\"font-weight: 400;\">Ce justaucorps \u00e0 manches longues et dos nu sublime votre dos et vous procure une libert\u00e9 de mouvement totale dans le confort absolu! Vous aimerez le porter en yoga et pilates autant que pour danser. Danse classique, contemporaine ou ecstatic dance, il sera toujours parfait.\u00a0<\/span>De l&rsquo;entrejambes aux poignets en passant par les \u00e9paules, il restera parfaitement en place et votre attention pourra \u00eatre compl\u00e8tement centr\u00e9e sur votre pratique.<\/p>\n<p>Le Bodysuit Effortless vous accompagnera aussi dans la transition du studio \u00e0 la ville. Port\u00e9 avec un jean, un pantalon ample ou un short, il fera toujours son effet.<\/p>\n<p>Compos\u00e9 de viscose v\u00e9g\u00e9tale (\u00e0 base de plantes), ce justaucorps Yinside Yogawear est respectueux de l&rsquo;environnement et\u00a0fabriqu\u00e9 dans une optique de d\u00e9veloppement durable. Il est produit \u00e0 Bali et participe au soutien de petits artisans balinais dans une approche transparente et socialement responsable.<\/p>\n<p>&nbsp;<\/p>\n<p>[button title=\u00a0\u00bbGuide des tailles\u00a0\u00bb link=\u00a0\u00bbhttps:\/\/www.yoga-nest.com\/tailles\u00a0\u00bb target=\u00a0\u00bb_blank\u00a0\u00bb align=\u00a0\u00bbcenter\u00a0\u00bb icon=\u00a0\u00bb\u00a0\u00bb icon_position=\u00a0\u00bb\u00a0\u00bb color=\u00a0\u00bb\u00a0\u00bb font_color=\u00a0\u00bb\u00a0\u00bb size=\u00a0\u00bb2&Prime; full_width=\u00a0\u00bb\u00a0\u00bb class=\u00a0\u00bbbouttontaille\u00a0\u00bb download=\u00a0\u00bb\u00a0\u00bb rel=\u00a0\u00bb\u00a0\u00bb]<\/p>\n<p>&nbsp;<\/p>\n<p class=\"manquante\" style=\"text-align: center;\">Taille ou couleur manquante ? <a href=\"mailto:serviceclients@yoga-nest.com\">Contactez-nous<\/a><\/p>\n","protected":false},"featured_media":1670,"comment_status":"open","ping_status":"open","template":"","meta":[],"product_cat":[63,62,95],"product_tag":[192],"_links":{"self":[{"href":"https:\/\/yoganest.vaniseo.pro\/index.php\/wp-json\/wp\/v2\/product\/1669"}],"collection":[{"href":"https:\/\/yoganest.vaniseo.pro\/index.php\/wp-json\/wp\/v2\/product"}],"about":[{"href":"https:\/\/yoganest.vaniseo.pro\/index.php\/wp-json\/wp\/v2\/types\/product"}],"replies":[{"embeddable":true,"href":"https:\/\/yoganest.vaniseo.pro\/index.php\/wp-json\/wp\/v2\/comments?post=1669"}],"wp:featuredmedia":[{"embeddable":true,"href":"https:\/\/yoganest.vaniseo.pro\/index.php\/wp-json\/wp\/v2\/media\/1670"}],"wp:attachment":[{"href":"https:\/\/yoganest.vaniseo.pro\/index.php\/wp-json\/wp\/v2\/media?parent=1669"}],"wp:term":[{"taxonomy":"product_cat","embeddable":true,"href":"https:\/\/yoganest.vaniseo.pro\/index.php\/wp-json\/wp\/v2\/product_cat?post=1669"},{"taxonomy":"product_tag","embeddable":true,"href":"https:\/\/yoganest.vaniseo.pro\/index.php\/wp-json\/wp\/v2\/product_tag?post=1669"}],"curies":[{"name":"wp","href":"https:\/\/api.w.org\/{rel}","templated":true}]}}