{"id":1633,"date":"2023-05-09T22:43:13","date_gmt":"2023-05-09T20:43:13","guid":{"rendered":"https:\/\/yoganest.vaniseo.pro\/index.php\/product\/sweat-namaste\/"},"modified":"2024-03-06T15:44:25","modified_gmt":"2024-03-06T14:44:25","slug":"sweat-namaste","status":"publish","type":"product","link":"https:\/\/yoganest.vaniseo.pro\/index.php\/product\/sweat-namaste\/","title":{"rendered":"Sweat-shirt de yoga | Namaste"},"content":{"rendered":"<p><span style=\"font-weight: 400;\">Sweat-shirts intemporels et de haute-qualit\u00e9 en coton 100% biologique durable. <strong>Le mod\u00e8le Namaste est d\u00e9clin\u00e9 en 2 formes, pour que chacune et chacun trouve celui qui lui convient. On peut m\u00eame le porter en couple et entre ami.e.s: on choisit plusieurs coloris et on se les pr\u00eate. On se fait plaisir en changeant, c&rsquo;est fun, communautaire et durable.\u00a0<\/strong><\/span><\/p>\n<p><strong>MOD\u00c8LE PLUT\u00d4T F\u00c9MININ<\/strong><\/p>\n<ul>\n<li>Coupe originale, plut\u00f4t f\u00e9minine mais pas que pour les femmes, identique au Sweat \u00ab\u00a08 limbs of yoga\u00a0\u00bb et au \u00ab\u00a0I&rsquo;m enough\u00a0\u00bb. Effet blouson, un peu \u00ab\u00a0oversized\u00a0\u00bb et plus court qu&rsquo;un sweat-shirt standard<\/li>\n<li><strong>Coloris marine avec \u00e9criture dor\u00e9e ou gris avec \u00e9criture noire<\/strong><\/li>\n<\/ul>\n<p><strong>MOD\u00c8LE POUR TOUT LE MONDE<\/strong><\/p>\n<ul>\n<li>Coupe plus classique et plus longue que l&rsquo;autre mod\u00e8le<\/li>\n<li>Convient parfaitement aux hommes aussi. Il taille \u00ab\u00a0true to size\u00a0\u00bb pour les hommes, pour les femmes nous vous conseillons une taille de moins que d&rsquo;habitude<\/li>\n<li><strong>Coloris bordeaux avec \u00e9criture dor\u00e9e<\/strong><\/li>\n<\/ul>\n<p><span style=\"font-weight: 400;\">Les 2 mod\u00e8les sont identiquement confortables et qualitatifs, seule la forme et les coloris changent.\u00a0<\/span><\/p>\n<p>[accordion title=\u00a0\u00bb\u00a0\u00bb open1st=\u00a0\u00bb0&Prime; openAll=\u00a0\u00bb0&Prime;][accordion_item title=\u00a0\u00bbEntretien\u00a0\u00bb]<span style=\"font-weight: 400;\">Voici quelques conseils concernant le lavage et l\u2019entretien de votre sweat Namaste pour le garder longtemps::<\/span><\/p>\n<ul>\n<li style=\"font-weight: 400;\" aria-level=\"1\"><span style=\"font-weight: 400;\">Lavez-le toujours \u00e0 froid \u00e0 la main ou\u00a0<\/span><span style=\"font-weight: 400;\">en machine, en tournant l&rsquo;impression \u00e0 l&rsquo;int\u00e9rieur<\/span><\/li>\n<li style=\"font-weight: 400;\" aria-level=\"1\"><span style=\"font-weight: 400;\">Pr\u00e9f\u00e9rez le s\u00e9chage \u00e0 l&rsquo;air libre, \u00e9vitez le s\u00e8che-linge qui l&rsquo;ab\u00eemerait probablement<\/span><\/li>\n<li style=\"font-weight: 400;\" aria-level=\"1\"><span style=\"font-weight: 400;\">Pads besoin d&rsquo;adoucissante. N&rsquo;utilisez pas d&rsquo;agent de blanchiment<\/span><\/li>\n<li style=\"font-weight: 400;\" aria-level=\"1\"><span style=\"font-weight: 400;\">Si vous le repassez, faites-le \u00e0 basse temp\u00e9rature, avec l&rsquo;impression \u00e0 l&rsquo;int\u00e9rieur<\/span>[\/accordion_item][\/accordion][accordion title=\u00a0\u00bb\u00a0\u00bb open1st=\u00a0\u00bb0&Prime; openAll=\u00a0\u00bb0&Prime;][accordion_item title=\u00a0\u00bbTypes d&rsquo;activit\u00e9s\u00a0\u00bb]Yin Yoga, Yoga Restauratif, Hatha Yoga, Flow Yoga, Yoga Nidra, M\u00e9ditation, Iyengar Yoga, Yoga pr\u00e9natal, Yoga en plein air, Yoga en voyage, Stretching, Streetwear, Casualwear, Style relax, Cocooning \u00e0 la maison[\/accordion_item][\/accordion][accordion title=\u00a0\u00bb\u00a0\u00bb open1st=\u00a0\u00bb0&Prime; openAll=\u00a0\u00bb0&Prime;][accordion_item title=\u00a0\u00bbPourquoi on adore ce produit\u00a0\u00bb]On adore les coloris dans lesquels ce Sweat-shirt est d\u00e9clin\u00e9: couleurs profondes ou le gris discret. On appr\u00e9cie qu\u00a0\u00bbil soit propos\u00e9 en 2 formes pour convenir aux hommes autant qu&rsquo;aux femmes et diffuser au plus grand nombre son message de respect universel<span style=\"font-weight: 400;\">.\u00a0<\/span>[\/accordion_item][\/accordion][accordion title=\u00a0\u00bb\u00a0\u00bb open1st=\u00a0\u00bb0&Prime; openAll=\u00a0\u00bb0&Prime; style=\u00a0\u00bb\u00a0\u00bb][accordion_item title=\u00a0\u00bbPaiement, livraison &amp; retours\u00a0\u00bb]Pour les informations sur les alternatives de paiement, de livraison et les retours, merci de cliquer <a class=\"linkcgv\" href=\"https:\/\/www.yoga-nest.com\/paiement-livraison-retours\/\" target=\"_blank\" rel=\"noopener\">ICI<\/a>.[\/accordion_item][\/accordion]<\/li>\n<\/ul>\n<p><span style=\"color: #b01da4;\"><b>La Marque<\/b><\/span><\/p>\n<p><strong>Enso Tribe &#8211; produits \u00e9thiques, durables et respectueux de l&rsquo;environnement<\/strong><\/p>\n<p>The enso tribe of sweden AB est une marque su\u00e9doise qui propose un large choix de v\u00eatements de yoga. Sa mission est de proposer au monde du yoga des produits durables, \u00e9thiques et respectueux de l&rsquo;environnement.<\/p>\n<p>Elle valorise au premier plan des mati\u00e8res premi\u00e8res biologiques, des conditions de travail \u00e9quitable, une impression \u00e9cologique et les meilleurs moyens de transport possibles. Enso Tribe contribue ainsi \u00e0 un monde meilleur et plus durable.<\/p>\n<p><a class=\"boutonmarque\" title=\"Enso Tribe\" href=\"http:\/\/yoga-nest.com\/enso-tribe\/\" target=\"&quot;\" rel=\"noopener\"><span style=\"font-weight: 400;\">En savoir plus<\/span><\/a><\/p>\n","protected":false},"excerpt":{"rendered":"<p><span style=\"font-weight: 400;\">Sweat-shirts de la marque Enso Tribe, ils contribuent \u00e0 diffuser ce message de respect et de reconnaissance mutuel aux personnes qui nous entourent et que l&rsquo;on rencontre. La salutation \u00ab\u00a0Namaste\u00a0\u00bb courante en Inde, au N\u00e9pal et ailleurs, a une signification bien plus profonde qu&rsquo;un simple bonjour, et notre Sweat l&rsquo;affirme en grands caract\u00e8res et haut en couleurs!<\/span><\/p>\n<p><span style=\"font-weight: 400;\"><strong>2 coupes sont propos\u00e9es<\/strong>,\u00a0l&rsquo;une plut\u00f4t f\u00e9minine (c&rsquo;est notre chouchou),\u00a0style blouson avec sa forme l\u00e9g\u00e8rement plus large et courte qu&rsquo;un sweat classique et ses 2 bords aux c\u00f4tes larges, <strong>disponible en 2 coloris, Navy lumineux et Gris clair chin\u00e9. <\/strong>L&rsquo;autre plus classique et plus longue, qui conviendra \u00e0 toutes et tous, <strong>disponible en un profond Bordeaux.<\/strong><\/span><\/p>\n<p><span style=\"font-weight: 400;\">Ces sweat-shirts, comme tous les v\u00eatements Enso Tribe, sont tout\u00a0doux (dedans et dehors) et durables, 100% coton biologique. Il sont l\u00e9g\u00e8rement doubl\u00e9s dedans pour tenir un peu plus chaud en mi-saison et \u00eatre tr\u00e8s confortables.<\/span><\/p>\n<p>&nbsp;<\/p>\n<p>[button title=\u00a0\u00bbGuide des tailles\u00a0\u00bb link=\u00a0\u00bbhttps:\/\/www.yoga-nest.com\/tailles\u00a0\u00bb target=\u00a0\u00bb_blank\u00a0\u00bb align=\u00a0\u00bbcenter\u00a0\u00bb icon=\u00a0\u00bb\u00a0\u00bb icon_position=\u00a0\u00bb\u00a0\u00bb color=\u00a0\u00bb\u00a0\u00bb font_color=\u00a0\u00bb\u00a0\u00bb size=\u00a0\u00bb2&Prime; full_width=\u00a0\u00bb\u00a0\u00bb class=\u00a0\u00bbbouttontaille\u00a0\u00bb download=\u00a0\u00bb\u00a0\u00bb rel=\u00a0\u00bb\u00a0\u00bb]<\/p>\n<p>&nbsp;<\/p>\n<p class=\"manquante\" style=\"text-align: center;\">Taille ou couleur manquante ? <a href=\"mailto:serviceclients@yoga-nest.com\">Contactez-nous<\/a><\/p>\n<p class=\"manquante\" style=\"text-align: center;\">\n","protected":false},"featured_media":1627,"comment_status":"open","ping_status":"open","template":"","meta":[],"product_cat":[67,47,48,62,66,64,93,94],"product_tag":[68],"_links":{"self":[{"href":"https:\/\/yoganest.vaniseo.pro\/index.php\/wp-json\/wp\/v2\/product\/1633"}],"collection":[{"href":"https:\/\/yoganest.vaniseo.pro\/index.php\/wp-json\/wp\/v2\/product"}],"about":[{"href":"https:\/\/yoganest.vaniseo.pro\/index.php\/wp-json\/wp\/v2\/types\/product"}],"replies":[{"embeddable":true,"href":"https:\/\/yoganest.vaniseo.pro\/index.php\/wp-json\/wp\/v2\/comments?post=1633"}],"wp:featuredmedia":[{"embeddable":true,"href":"https:\/\/yoganest.vaniseo.pro\/index.php\/wp-json\/wp\/v2\/media\/1627"}],"wp:attachment":[{"href":"https:\/\/yoganest.vaniseo.pro\/index.php\/wp-json\/wp\/v2\/media?parent=1633"}],"wp:term":[{"taxonomy":"product_cat","embeddable":true,"href":"https:\/\/yoganest.vaniseo.pro\/index.php\/wp-json\/wp\/v2\/product_cat?post=1633"},{"taxonomy":"product_tag","embeddable":true,"href":"https:\/\/yoganest.vaniseo.pro\/index.php\/wp-json\/wp\/v2\/product_tag?post=1633"}],"curies":[{"name":"wp","href":"https:\/\/api.w.org\/{rel}","templated":true}]}}