{"id":1617,"date":"2023-05-06T22:35:23","date_gmt":"2023-05-06T20:35:23","guid":{"rendered":"https:\/\/yoganest.vaniseo.pro\/index.php\/product\/bloc-de-yoga-liege-yogamatata\/"},"modified":"2024-03-06T15:44:11","modified_gmt":"2024-03-06T14:44:11","slug":"bloc-de-yoga-liege-yogamatata","status":"publish","type":"product","link":"https:\/\/yoganest.vaniseo.pro\/index.php\/product\/bloc-de-yoga-liege-yogamatata\/","title":{"rendered":"Bloc de yoga Yogamatata | Li\u00e8ge"},"content":{"rendered":"<p>\u00c0 quoi \u00e7\u00e0 sert? Le bloc de yoga, appel\u00e9 parfois aussi brique de yoga, est un accessoire utilis\u00e9 de nombreuses mani\u00e8res et avec diff\u00e9rentes intentions lors de votre pratique du yoga. Par exemple pour soutenir les cuisses en m\u00e9ditation, stimuler la colonne vert\u00e9brale en extension passive, ou encore pour r\u00e9duire la distance entre le sol et les mains dans une posture d&rsquo;\u00e9quilibre debout, en ne chargeant pas vos articulations.\u00a0Un bloc ou deux blocs utilis\u00e9s sym\u00e9triquement vous aideront \u00e0 maintenir les asanas dans le confort et sans effort, d\u2019une fa\u00e7on ad\u00e9quate pour votre corps. Le bloc de yoga est aussi utile en Pilates ou en renforcement musculaire.<\/p>\n<p>Plus dures et lourdes que celles en <a href=\"https:\/\/www.yoga-nest.com\/boutique-yoga-shop\/bloc-de-yoga-mousse-recyclee\/\">mousse<\/a>, vous pr\u00e9f\u00e8rerez peut-\u00eatre les briques en li\u00e8ge pour avoir plus de stabilit\u00e9. Elles ont aussi l&rsquo;avantage d&rsquo;\u00eatre constitu\u00e9es d&rsquo;une mati\u00e8re naturelle, issue des ch\u00eanes-li\u00e8ges. Fait important, la conception, l&rsquo;origine et la production des briques Yogamatat sont 100% europ\u00e9ennes (France et Portugal).<\/p>\n<p>Pour plus de suggestions d&rsquo;utilisation dans le cadre de votre pratique de Yoga, lisez le descriptif du <a href=\"https:\/\/www.yoga-nest.com\/boutique-yoga-shop\/bloc-de-yoga-liege\/\">bloc \u00ab\u00a0Love is the key\u00a0\u00bb<\/a>, aussi en li\u00e8ge toutefois aux dimensions diff\u00e9rentes.<\/p>\n<p><strong>Les blocs Yogamatata sont livr\u00e9s \u00e0 l&rsquo;unit\u00e9. Nous vous recommandons toutefois d&rsquo;en commander 2 aux dimensions et mati\u00e8res strictement identiques, la paire \u00e9tant souvent utile.<\/strong><\/p>\n<p>[accordion title=\u00a0\u00bb\u00a0\u00bb open1st=\u00a0\u00bb0&Prime; openAll=\u00a0\u00bb0&Prime;][accordion_item title=\u00a0\u00bbEntretien\u00a0\u00bb]<span lang=\"FR-CH\">Gr\u00e2ce aux cellules en li\u00e8ge, dites naturellement ferm\u00e9es, il est quasiment \u00ab\u00a0autonettoyant\u00a0\u00bb et tr\u00e8s facile d&rsquo;entretien. Le bloc de yoga en li\u00e8ge peut \u00eatre simplement nettoy\u00e9 avec un chiffon humide ou occasionnellement avec un Spray pour tapis de yoga, comme le <a href=\"https:\/\/www.yoga-nest.com\/boutique-yoga-shop\/spray-nettoyant-tapis-ambiance\/\">Spray Yogom<\/a><\/span>[\/accordion_item][\/accordion]<\/p>\n<p>[accordion title=\u00a0\u00bb\u00a0\u00bb open1st=\u00a0\u00bb0&Prime; openAll=\u00a0\u00bb0&Prime; style=\u00a0\u00bb\u00a0\u00bb][accordion_item title=\u00a0\u00bbTypes d&rsquo;activit\u00e9s\u00a0\u00bb]<span style=\"font-weight: 400;\">Yin Yoga, Yoga Restorative, Hatha Yoga, Vinyasa Flow Yoga, Ashtanga Yoga, Power Yoga, Iyengar yoga, Yoga pr\u00e9natal, Automassage Myofascial, Stretching, Cocooning \u00e0 la maison<\/span>[\/accordion_item][\/accordion]<\/p>\n<p>[accordion title=\u00a0\u00bb\u00a0\u00bb open1st=\u00a0\u00bb0&Prime; openAll=\u00a0\u00bb0&Prime; style=\u00a0\u00bb\u00a0\u00bb][accordion_item title=\u00a0\u00bbPourquoi on adore ce produit\u00a0\u00bb]On adore sa mati\u00e8re naturelle, hygi\u00e9nique et saine.<\/p>\n<p>De par son poids, il constitue un soutien fiable et tr\u00e8s stable et nous permet d\u2019adopter chaque posture \u00e0 notre rythme, selon notre corps et notre humeur du jour.<\/p>\n<p>Ses motifs graphiques noirs sur le ton naturel du li\u00e8ge lui conf\u00e8re un style moderne.[\/accordion_item][\/accordion]<\/p>\n<p>[accordion title=\u00a0\u00bb\u00a0\u00bb open1st=\u00a0\u00bb0&Prime; openAll=\u00a0\u00bb0&Prime; style=\u00a0\u00bb\u00a0\u00bb][accordion_item title=\u00a0\u00bbPaiements, livraison &amp; retours\u00a0\u00bb]Pour les informations sur les alternatives de paiement, de livraison et les retours, merci de cliquer\u00a0<a class=\"linkcgv\" href=\"https:\/\/www.yoga-nest.com\/paiement-livraison-retours\/\" target=\"_blank\" rel=\"noopener\">ICI<\/a>[\/accordion_item][\/accordion]<\/p>\n<p>[one]<\/p>\n<p><span style=\"color: #b01da4;\"><b>La Marque<\/b><\/span><\/p>\n<p><b>Yogamatata \u2013 Les tapis &amp; accessoires de yoga engag\u00e9s<\/b><\/p>\n<p>Yogamatata est une marque fran\u00e7aise cr\u00e9\u00e9e en 2018 par 2 femmes entrepreneures,\u00a0Ondine et Johanna, qui lui consacrent toute leur \u00e9nergie en cr\u00e9ant des accessoires de yoga qui correspondent \u00e0 leurs 4 valeurs fondamentales: \u00c9co-responsabilit\u00e9 &#8211; Entreprenariat f\u00e9minin &#8211; Entreprise engag\u00e9e &#8211; Transparence.<\/p>\n<p>[\/one]<\/p>\n","protected":false},"excerpt":{"rendered":"<div class=\"j-module n j-hr \">\n<p>Les blocs Yogamatata sont fabriqu\u00e9s au Portugal et compos\u00e9s\u00a0de ch\u00eanes li\u00e8ges locaux. Ils sont donc \u00e9cologiques et durables. De petite taille, ils sont plus l\u00e9gers que d&rsquo;autres (500g) et sont facilement adaptables \u00e0 la hauteur que l&rsquo;on souhaite, quitte \u00e0 en empiler 2 si n\u00e9cessaire. Leurs bords sont arrondis, pour plus de confort et une bonne prise en main.<\/p>\n<p>Si on ajoute le fait que le li\u00e8ge est naturellement antid\u00e9rapant, hypoallerg\u00e9nique, et antimicrobien\u00a0et que ces mod\u00e8les sont originalement d\u00e9cor\u00e9s de vagues ou de fleurs de ginkgo sur une face, on comprend pourquoi YOGA<strong>NEST<\/strong> les adore!<\/p>\n<p>&nbsp;<\/p>\n<\/div>\n<p style=\"text-align: center;\">Article manquant ? <a href=\"mailto:serviceclients@yoga-nest.com\">Contactez-nous<\/a><\/p>\n","protected":false},"featured_media":1618,"comment_status":"open","ping_status":"open","template":"","meta":[],"product_cat":[54,20],"product_tag":[97],"_links":{"self":[{"href":"https:\/\/yoganest.vaniseo.pro\/index.php\/wp-json\/wp\/v2\/product\/1617"}],"collection":[{"href":"https:\/\/yoganest.vaniseo.pro\/index.php\/wp-json\/wp\/v2\/product"}],"about":[{"href":"https:\/\/yoganest.vaniseo.pro\/index.php\/wp-json\/wp\/v2\/types\/product"}],"replies":[{"embeddable":true,"href":"https:\/\/yoganest.vaniseo.pro\/index.php\/wp-json\/wp\/v2\/comments?post=1617"}],"wp:featuredmedia":[{"embeddable":true,"href":"https:\/\/yoganest.vaniseo.pro\/index.php\/wp-json\/wp\/v2\/media\/1618"}],"wp:attachment":[{"href":"https:\/\/yoganest.vaniseo.pro\/index.php\/wp-json\/wp\/v2\/media?parent=1617"}],"wp:term":[{"taxonomy":"product_cat","embeddable":true,"href":"https:\/\/yoganest.vaniseo.pro\/index.php\/wp-json\/wp\/v2\/product_cat?post=1617"},{"taxonomy":"product_tag","embeddable":true,"href":"https:\/\/yoganest.vaniseo.pro\/index.php\/wp-json\/wp\/v2\/product_tag?post=1617"}],"curies":[{"name":"wp","href":"https:\/\/api.w.org\/{rel}","templated":true}]}}