{"id":1603,"date":"2023-05-04T23:05:36","date_gmt":"2023-05-04T21:05:36","guid":{"rendered":"https:\/\/yoganest.vaniseo.pro\/index.php\/product\/jeu-de-cartes-philosophie-du-yoga\/"},"modified":"2024-03-06T15:42:59","modified_gmt":"2024-03-06T14:42:59","slug":"jeu-de-cartes-philosophie-du-yoga","status":"publish","type":"product","link":"https:\/\/yoganest.vaniseo.pro\/index.php\/product\/jeu-de-cartes-philosophie-du-yoga\/","title":{"rendered":"Jeu de cartes | Philosophie du yoga"},"content":{"rendered":"<p>Avec Yogom, YOGA<strong>NEST<\/strong> compl\u00e8te aussi son offre de jeux de cartes ludiques et \u00e9ducatifs. En plus des <a href=\"https:\/\/www.yoga-nest.com\/boutique-yoga-shop\/cartes-jeu-yoga-enfants\/\">cartes<\/a> et <a href=\"https:\/\/www.yoga-nest.com\/boutique-yoga-shop\/livre-yoga-pour-enfants\/\">livres<\/a> MiniYogi que nous proposons pour les enfants &amp; familles en fran\u00e7ais et en anglais, vous pourrez aussi maintenant enrichir votre compr\u00e9hension du yoga avec le jeu de cartes Yogom \u00ab\u00a0108 questions de Philosophie du yoga\u00a0\u00bb.<\/p>\n<p>[accordion title=\u00a0\u00bb\u00a0\u00bb open1st=\u00a0\u00bb0&Prime; openAll=\u00a0\u00bb0&Prime;][accordion_item title=\u00a0\u00bbEntretien\u00a0\u00bb]RAS[\/accordion_item][\/accordion]<\/p>\n<p>[accordion title=\u00a0\u00bb\u00a0\u00bb open1st=\u00a0\u00bb0&Prime; openAll=\u00a0\u00bb0&Prime; style=\u00a0\u00bb\u00a0\u00bb][accordion_item title=\u00a0\u00bbTypes d&rsquo;activit\u00e9s\u00a0\u00bb]Hatha Yoga, Vinyasa yoga,\u00a0<span style=\"font-weight: 400;\">Yin Yoga, Yoga Restorative, M\u00e9ditation, Yoga Nidra, Mindfulness, Iyengar yoga, Kundalini yoga, Yoga pr\u00e9natal, Relaxation, Bain sonore, nettoyage des tapis<\/span>[\/accordion_item][\/accordion]<\/p>\n<p>[accordion title=\u00a0\u00bb\u00a0\u00bb open1st=\u00a0\u00bb0&Prime; openAll=\u00a0\u00bb0&Prime; style=\u00a0\u00bb\u00a0\u00bb][accordion_item title=\u00a0\u00bbPourquoi on adore ce produit\u00a0\u00bbApprendre en jouant, on laisse aller notre cr\u00e9ativit\u00e9, seul.e ou \u00e0 plusieurs.[\/accordion_item][\/accordion]<\/p>\n<p>[accordion title=\u00a0\u00bb\u00a0\u00bb open1st=\u00a0\u00bb0&Prime; openAll=\u00a0\u00bb0&Prime; style=\u00a0\u00bb\u00a0\u00bb][accordion_item title=\u00a0\u00bbPaiements, livraison &amp; retours\u00a0\u00bb]Pour les informations sur les alternatives de paiement, de livraison et les retours, merci de cliquer\u00a0<a class=\"linkcgv\" href=\"https:\/\/www.yoga-nest.com\/paiement-livraison-retours\/\" target=\"_blank\" rel=\"noopener\">ICI<\/a>[\/accordion_item][\/accordion]<\/p>\n<p>[one]<\/p>\n<p><span style=\"color: #b01da4;\"><b>La Marque<\/b><\/span><\/p>\n<p><b>Yogom \u2013 Des accessoires \u00e9cologiques de yoga et m\u00e9ditation\u00a0bio allient confort, spiritualit\u00e9 et \u00e9thique<\/b><\/p>\n<p>Marque fran\u00e7aise qui a une vision d&rsquo;entreprise responsable et propose des produits simples et qualitatifs pour toujours plus de bien-\u00eatre, au juste prix et pour accompagner votre pratique du yoga sans chichi !<\/p>\n<p>Les produits ne sont pas r\u00e9serv\u00e9s aux yoginis et yogis, ils plaisent aussi \u00e0 toutes les personnes sensibles \u00e0 une certaine spiritualit\u00e9 de vie et en qu\u00eate de sens dans leur quotidien et leur consommation.<\/p>\n<p>La vision du yoga selon Yogom est inclusive, loin d&rsquo;\u00eatre dogmatique, il s&rsquo;agit plut\u00f4t d&rsquo;un art de vivre, d&rsquo;une fa\u00e7on d&rsquo;int\u00e9grer le zen \u00e0 votre quotidien.<\/p>\n<p><a class=\"boutonmarque\" title=\"Yoga Boutique\" href=\"https:\/\/www.yoga-nest.com\/yogom\/\"><span style=\"font-weight: 400;\">En savoir plus<\/span><\/a><\/p>\n<p>[\/one]<\/p>\n","protected":false},"excerpt":{"rendered":"<div class=\"j-module n j-hr \">\n<p>108 cartes pour d\u00e9couvrir la Philosophie du Yoga ou approfondir nos\u00a0connaissances en jouant, seul.e, en duo ou \u00e0\u00a0beaucoup plus. Des cartes questions-r\u00e9ponses \u00e0 utiliser aussi pour transmettre ou ouvrir des discussions en tant\u00a0qu&rsquo;enseignant.e du yoga.<\/p>\n<p><span class=\"JsGRdQ\">Ces cartes nous introduisent par exemple aux\u00a0textes fondateurs du yoga (la Bhagavad-G\u00eet\u00e2, les Yoga Sutras de Patanjali). Elles nous\u00a0pr\u00e9sentent aussi diff\u00e9rentes pratiques spirituelles, \u00e9nerg\u00e9tiques et physiques du Yoga (les kryas, les mantras, les 8 piliers, les asanas, les pranayamas&#8230;), les bases fondatrices de diff\u00e9rents styles de yoga<\/span><span class=\"JsGRdQ\">\u00a0et plus encore\u2026 !<\/span><\/p>\n<\/div>\n<p>&nbsp;<\/p>\n<p style=\"text-align: center;\">Article manquant ? <a href=\"mailto:serviceclients@yoga-nest.com\">Contactez-nous<\/a><\/p>\n","protected":false},"featured_media":1604,"comment_status":"open","ping_status":"open","template":"","meta":[],"product_cat":[84,20],"product_tag":[175],"_links":{"self":[{"href":"https:\/\/yoganest.vaniseo.pro\/index.php\/wp-json\/wp\/v2\/product\/1603"}],"collection":[{"href":"https:\/\/yoganest.vaniseo.pro\/index.php\/wp-json\/wp\/v2\/product"}],"about":[{"href":"https:\/\/yoganest.vaniseo.pro\/index.php\/wp-json\/wp\/v2\/types\/product"}],"replies":[{"embeddable":true,"href":"https:\/\/yoganest.vaniseo.pro\/index.php\/wp-json\/wp\/v2\/comments?post=1603"}],"wp:featuredmedia":[{"embeddable":true,"href":"https:\/\/yoganest.vaniseo.pro\/index.php\/wp-json\/wp\/v2\/media\/1604"}],"wp:attachment":[{"href":"https:\/\/yoganest.vaniseo.pro\/index.php\/wp-json\/wp\/v2\/media?parent=1603"}],"wp:term":[{"taxonomy":"product_cat","embeddable":true,"href":"https:\/\/yoganest.vaniseo.pro\/index.php\/wp-json\/wp\/v2\/product_cat?post=1603"},{"taxonomy":"product_tag","embeddable":true,"href":"https:\/\/yoganest.vaniseo.pro\/index.php\/wp-json\/wp\/v2\/product_tag?post=1603"}],"curies":[{"name":"wp","href":"https:\/\/api.w.org\/{rel}","templated":true}]}}