{"id":1584,"date":"2023-05-04T21:52:57","date_gmt":"2023-05-04T19:52:57","guid":{"rendered":"https:\/\/yoganest.vaniseo.pro\/index.php\/product\/brassiere-bustier-linda\/"},"modified":"2024-03-06T15:53:40","modified_gmt":"2024-03-06T14:53:40","slug":"brassiere-bustier-linda","status":"publish","type":"product","link":"https:\/\/yoganest.vaniseo.pro\/index.php\/product\/brassiere-bustier-linda\/","title":{"rendered":"Brassi\u00e8re bustier | Linda"},"content":{"rendered":"<p>Se sentir bien aujourd&rsquo;hui, qu&rsquo;on soit au yoga, \u00e0 la danse, au travail, en promenade et m\u00eame de sortie le soir.\u00a0Ce crop top de yoga tient ses promesses associant le confort et le style, port\u00e9 seul, sous un t-shirt ou un pull..<\/p>\n<p>Un top \u00ab\u00a0bien-\u00eatre\u00a0\u00bb en 90% modal 10% \u00e9lasthanne.<\/p>\n<p>Propos\u00e9e en 5 coloris classiques, elle se combine facilement. Selon votre style et votre humeur, associez-la avec un pantalon tout aussi doux et confortable comme le <a href=\"https:\/\/www.yoga-nest.com\/boutique-yoga-shop\/pantalon-ample-bali\/\">Bali<\/a> ou le <a href=\"https:\/\/www.yoga-nest.com\/boutique-yoga-shop\/pantalon-legging-jesse\/\">Jesse <\/a>ou un mod\u00e8le de legging propos\u00e9 sur la Boutique. La brassi\u00e8re Linda est aussi id\u00e9ale sous\u00a0le <a href=\"https:\/\/www.yoga-nest.com\/boutique-yoga-shop\/cache-coeur-wrap\/\">Wrap-top<\/a> Vervola![accordion title=\u00a0\u00bb\u00a0\u00bb open1st=\u00a0\u00bb0&Prime; openAll=\u00a0\u00bb0&Prime;][accordion_item title=\u00a0\u00bbEntretien\u00a0\u00bb]<br \/>\n<span style=\"font-weight: 400;\">Quelques conseils pour laver et garder votre brassi\u00e8re Linda Vervola le plus longtemps possible :<\/span><\/p>\n<ul>\n<li style=\"font-weight: 400;\" aria-level=\"1\"><span style=\"font-weight: 400;\">Lavez votre brassi\u00e8re en machine \u00e0 30\u00b0 max ou \u00e0 la main<\/span><\/li>\n<li style=\"font-weight: 400;\" aria-level=\"1\"><span style=\"font-weight: 400;\">N\u2019utilisez pas de s\u00e8che-linge, laissez-la s\u00e9cher \u00e0 plat \u00e0 l\u2019air libre mais pas au soleil pour pr\u00e9server les couleurs, elle s\u00e9chera tr\u00e8s vite<\/span><\/li>\n<li style=\"font-weight: 400;\" aria-level=\"1\"><span style=\"font-weight: 400;\">N\u2019utilisez pas de Javel pour prot\u00e9ger au maximum son tissu et ses propri\u00e9t\u00e9s, l&rsquo;adoucissant n&rsquo;est pas n\u00e9cessaire\u00a0<\/span>[\/accordion_item][\/accordion][accordion title=\u00a0\u00bb\u00a0\u00bb open1st=\u00a0\u00bb0&Prime; openAll=\u00a0\u00bb0&Prime;][accordion_item title=\u00a0\u00bbTypes d&rsquo;activit\u00e9s\u00a0\u00bb]Yoga styles Yin (Yin, Restauratif), Yoga Nidra, M\u00e9ditation, Mindfulness, Iyengar Yoga, Kundalini yoga, Yoga pr\u00e9natal, Yoga en plein air, Yoga en voyage, Stretching, streetwear, casualwear, style relax, cocooning \u00e0 la maison. [\/accordion_item][\/accordion][accordion title=\u00a0\u00bb\u00a0\u00bb open1st=\u00a0\u00bb0&Prime; openAll=\u00a0\u00bb0&Prime;][accordion_item title=\u00a0\u00bbPourquoi on adore ce produit\u00a0\u00bb]<\/li>\n<\/ul>\n<p><span style=\"font-weight: 400;\">Il faut l&rsquo;essayer juste une fois pour r\u00e9aliser combien elle est extraordinaire. Quand on a gout\u00e9 \u00e0 son confort, difficile d&rsquo;y renoncer&#8230; On la porte pour le sport, seule, ou sous un d\u00e9bardeur ou un t-shirt, et sous nos v\u00eatements de ville aussi.<\/span><\/p>\n<p><span style=\"font-weight: 400;\">On appr\u00e9cie la douceur du tissu en viscose de bois Tencel et son confort \u00e0 tout instant, quelle que soit la saison, le climat et le contexte.\u00a0<\/span><span style=\"font-weight: 400;\">[\/accordion_item][\/accordion]<\/span>[accordion title=\u00a0\u00bb\u00a0\u00bb open1st=\u00a0\u00bb0&Prime; openAll=\u00a0\u00bb0&Prime; style=\u00a0\u00bb\u00a0\u00bb][accordion_item title=\u00a0\u00bbPaiement, livraison &amp; retours\u00a0\u00bb]Pour les informations sur les alternatives de paiement, de livraison et les retours, merci de cliquer <a class=\"linkcgv\" href=\"https:\/\/www.yoga-nest.com\/paiement-livraison-retours\/\" target=\"_blank\" rel=\"noopener\">ICI<\/a>.[\/accordion_item][\/accordion]<\/p>\n<p><span style=\"color: #b01da4;\"><b>La Marque<\/b><\/span><\/p>\n<p><b>Vervola \u2013 Inspir\u00e9 par le yoga, con\u00e7u en Suisse, fabriqu\u00e9 \u00e0 Bali dans le cadre d&rsquo;une production durable et \u00e9thique<\/b><\/p>\n<p><span style=\"font-weight: 400;\">Vervola est une <\/span><b>start-up familiale suisse<\/b><span style=\"font-weight: 400;\">, n\u00e9e en 2019. Des tops et des pantalons qui sont <\/span><b>tous doux et ultra-confortables, mettent en valeur votre corps et combinent des coupes intemporelles avec des motifs tendance.<\/b><span style=\"font-weight: 400;\">Con\u00e7us en Suisse par Susanne, ils sont tous uniques car fabriqu\u00e9s pi\u00e8ce par pi\u00e8ce de fa\u00e7on artisanale sur l&rsquo;Ile de Bali en artisanat responsable.<\/span><\/p>\n<p><a class=\"boutonmarque\" title=\"Vervola\" href=\"http:\/\/www.yoga-nest.com\/vervola\/\"><span style=\"font-weight: 400;\">En savoir plus<\/span><\/a><\/p>\n","protected":false},"excerpt":{"rendered":"<p>La brassi\u00e8re Linda est bien plus qu&rsquo;une simple brassi\u00e8re de yoga ou de sport&#8230; Soutien-gorge, brassi\u00e8re de sport, crop-top ou bustier, hyper confortable et au toucher aussi doux que des p\u00e9tales de fleurs, de qualit\u00e9 durable et r\u00e9sistante, doublement cousue, elle a tout pour elle.<\/p>\n<p>Sa coupe aussi&#8230;! \u00c9chancr\u00e9e \u00e0 l&rsquo;avant, elle offre un joli d\u00e9collet\u00e9 tout en \u00e9tant assez couvrante en flexion avant, sa longueur est id\u00e9ale pour \u00eatre \u00e0 l&rsquo;aise, ses bretelles fines sont subtiles et la maintiennent parfaitement en place quand on bouge, leur croisement dans le dos met en valeur nos \u00e9paules et notre nuque. On se sent vraiment bien, vraiment soi, en toutes circonstances.<\/p>\n<p>C&rsquo;est un top multi-talent qu&rsquo;on appr\u00e9cie tous les jours: elle accompagne nos mouvements dans des activit\u00e9s sportives l\u00e9g\u00e8res, va bien avec un jean ou se porte aussi pour les sorties nocturnes, seule ou sous une chemise \u00e0 peine boutonn\u00e9e par exemple. Elle s&rsquo;installera vite comme l&rsquo;un de vos v\u00eatements pr\u00e9f\u00e9r\u00e9s, comme les autres mod\u00e8les Vervola.<\/p>\n<p>[button title=\u00a0\u00bbGuide des tailles\u00a0\u00bb link=\u00a0\u00bbhttps:\/\/www.yoga-nest.com\/tailles\u00a0\u00bb target=\u00a0\u00bb_blank\u00a0\u00bb align=\u00a0\u00bbcenter\u00a0\u00bb icon=\u00a0\u00bb\u00a0\u00bb icon_position=\u00a0\u00bb\u00a0\u00bb color=\u00a0\u00bb\u00a0\u00bb font_color=\u00a0\u00bb\u00a0\u00bb size=\u00a0\u00bb2&Prime; full_width=\u00a0\u00bb\u00a0\u00bb class=\u00a0\u00bbbouttontaille\u00a0\u00bb download=\u00a0\u00bb\u00a0\u00bb rel=\u00a0\u00bb\u00a0\u00bb]<\/p>\n<p>&nbsp;<\/p>\n<p class=\"manquante\" style=\"text-align: center;\">Taille ou couleur manquante ? <a href=\"mailto:serviceclients@yoga-nest.com\">Contactez-nous<\/a><\/p>\n","protected":false},"featured_media":1585,"comment_status":"open","ping_status":"open","template":"","meta":[],"product_cat":[80,62],"product_tag":[77],"_links":{"self":[{"href":"https:\/\/yoganest.vaniseo.pro\/index.php\/wp-json\/wp\/v2\/product\/1584"}],"collection":[{"href":"https:\/\/yoganest.vaniseo.pro\/index.php\/wp-json\/wp\/v2\/product"}],"about":[{"href":"https:\/\/yoganest.vaniseo.pro\/index.php\/wp-json\/wp\/v2\/types\/product"}],"replies":[{"embeddable":true,"href":"https:\/\/yoganest.vaniseo.pro\/index.php\/wp-json\/wp\/v2\/comments?post=1584"}],"wp:featuredmedia":[{"embeddable":true,"href":"https:\/\/yoganest.vaniseo.pro\/index.php\/wp-json\/wp\/v2\/media\/1585"}],"wp:attachment":[{"href":"https:\/\/yoganest.vaniseo.pro\/index.php\/wp-json\/wp\/v2\/media?parent=1584"}],"wp:term":[{"taxonomy":"product_cat","embeddable":true,"href":"https:\/\/yoganest.vaniseo.pro\/index.php\/wp-json\/wp\/v2\/product_cat?post=1584"},{"taxonomy":"product_tag","embeddable":true,"href":"https:\/\/yoganest.vaniseo.pro\/index.php\/wp-json\/wp\/v2\/product_tag?post=1584"}],"curies":[{"name":"wp","href":"https:\/\/api.w.org\/{rel}","templated":true}]}}