{"id":1560,"date":"2023-05-03T21:37:11","date_gmt":"2023-05-03T19:37:11","guid":{"rendered":"https:\/\/yoganest.vaniseo.pro\/index.php\/product\/tapis-traditionnel-coton-india\/"},"modified":"2024-03-06T15:42:07","modified_gmt":"2024-03-06T14:42:07","slug":"tapis-traditionnel-coton-india","status":"publish","type":"product","link":"https:\/\/yoganest.vaniseo.pro\/index.php\/product\/tapis-traditionnel-coton-india\/","title":{"rendered":"Tapis de yoga traditionnel en coton | India"},"content":{"rendered":"<p>Un tr\u00e8s beau tapis traditionnel, appr\u00e9ci\u00e9 son origine artisanale (tiss\u00e9 main par les femmes d\u2019une coop\u00e9rative du Kerala, au sud de l\u2019Inde), sa mati\u00e8re naturelle en coton 100% bio et son esth\u00e9tique minimaliste.<\/p>\n<p>Le dessous de ce tapis en coton est enduit de s\u00e8ve d\u2019h\u00e9v\u00e9a, afin de garantir son adh\u00e9rence au sol.<\/p>\n<p>Ce tapis n&rsquo;offre pas d&rsquo;autre grip que celui des reliefs dus au tissage, il exige donc un engagement corporel conscient et convient \u00e0 des yogi.ni.s ayant une pratique avanc\u00e9e. Il conviendra en revanche \u00e0 toutes et tous pour des pratiques douces comme le Yoga Restauratif ou la M\u00e9ditation.<\/p>\n<p>[accordion title=\u00a0\u00bb\u00a0\u00bb open1st=\u00a0\u00bb0&Prime; openAll=\u00a0\u00bb0&Prime;][accordion_item title=\u00a0\u00bbEntretien\u00a0\u00bb]<\/p>\n<p>Comme pour tous les tapis de yoga, apr\u00e8s usage, il est important de ranger le tapis India dans un endroit sec \u00e0 l&rsquo;abri de la lumi\u00e8re du soleil, par exemple dans un sac \u00e0 tapis.<\/p>\n<p>Si n\u00e9cessaire, vaporisez le tapis India avec un spray sp\u00e9cial sans colorant pour tapis de yoga en quantit\u00e9 raisonnable.<\/p>\n<p>Si votre tapis India \u00e9tait particuli\u00e8rement sale, nous vous conseillons de le laver \u00e0 la main en le laissant tremper\u00a0dans de l&rsquo;eau froide en ajoutant un peu de lessive tr\u00e8s douce pendant juste 5 minutes. Rincez le ensuite bien \u00e0 l&rsquo;eau froide et pressez-le doucement pour extraire l&rsquo;eau. Il est possible de le laver en machine occasionnellement, attention toutefois les pigments color\u00e9s naturels pourraient fortement d\u00e9gorger.<\/p>\n<p>Laissez-le ensuite s\u00e9cher compl\u00e8tement, pos\u00e9 \u00e0 plat. \u00e0 l&rsquo;abri de la lumi\u00e8re directe du soleil.<\/p>\n<p>[\/accordion_item][\/accordion]<\/p>\n<p>[accordion title=\u00a0\u00bb\u00a0\u00bb open1st=\u00a0\u00bb0&Prime; openAll=\u00a0\u00bb0&Prime;][accordion_item title=\u00a0\u00bbTypes d&rsquo;activit\u00e9s\u00a0\u00bb]<\/p>\n<p>Yin yoga, Yoga restauratif, M\u00e9ditation, Relaxation, Hatha-yoga, Flow yoga, Ashtanga yoga, Power yoga, Yoga nidra, Mindfulness, Iyengar yoga, Yoga en plein air, Yoga en voyage<\/p>\n<p>[\/accordion_item][\/accordion]<\/p>\n<p>[accordion title=\u00a0\u00bb\u00a0\u00bb open1st=\u00a0\u00bb0&Prime; openAll=\u00a0\u00bb0&Prime;][accordion_item title=\u00a0\u00bbPourquoi on adore ce produit\u00a0\u00bb]<\/p>\n<p>On adore sa simplicit\u00e9, son authenticit\u00e9 et sa beaut\u00e9. ses couleurs sont toutes plus belles les unes que les autres, les contrastes de couleurs sont tous r\u00e9ussis!<\/p>\n<p>Et si on choisit de le laisser au sol entre 2 pratiques, il contribue avec brio \u00e0 une belle atmosph\u00e8re dans notre salon ou chambre \u00e0 coucher.<\/p>\n<p>[\/accordion_item][\/accordion]<\/p>\n<p>[accordion title=\u00a0\u00bb\u00a0\u00bb open1st=\u00a0\u00bb0&Prime; openAll=\u00a0\u00bb0&Prime; style=\u00a0\u00bb\u00a0\u00bb][accordion_item title=\u00a0\u00bbPaiement, livraison &amp; retours\u00a0\u00bb]<br \/>\nPour les informations sur les alternatives de paiement, de livraison et les retours, merci de cliquer <a class=\"linkcgv\" href=\"https:\/\/www.yoga-nest.com\/paiement-livraison-retours\/\" target=\"_blank\" rel=\"noopener\">ICI<\/a>[\/accordion_item][\/accordion]<\/p>\n<p>&nbsp;<\/p>\n<p><span style=\"color: #b01da4;\"><strong>La Marque<\/strong><\/span><\/p>\n<p><strong>Kundal &#8211; Des\u00a0<\/strong><strong>v\u00eatements et des accessoires de Yoga et bien-\u00eatre conscients,\u00a0<\/strong><strong>pour toutes et tous<\/strong><\/p>\n<p>Pratiquante de Kundalini yoga, Maia a cr\u00e9\u00e9 sa propre marque pour proposer des articles produits en Inde par des artisans qu&rsquo;elle connait personnellement et avec lesquels elle collabore sur le long terme. Elle <strong>privil\u00e9gie l&rsquo;artisanat, le coton bio et les teintures v\u00e9g\u00e9tales naturelles.\u00a0<\/strong><\/p>\n<p>Pour les tapis, Maia collabore avec une coop\u00e9rative de femmes k\u00e9ralaises dont l\u2019objectif est de \u00ab\u00a0survivre dans la jungle de l\u2019industrie textile\u00a0\u00bb.<\/p>\n<p><strong>La Boutique <\/strong>YOGA<strong>NEST \u00e0 Carouge propose, en plus des tapis, quelques v\u00eatements Kundal aux coupes traditionnelles, 100% coton, pour homme et femme.<\/strong><\/p>\n","protected":false},"excerpt":{"rendered":"<p>Le mod\u00e8le India correspond \u00e0 la natte de yoga et m\u00e9ditation traditionnelle.<strong> Issu de l&rsquo;artisanat indien<\/strong>, il est tiss\u00e9 \u00e0 la main par les femmes d&rsquo;une coop\u00e9rative du Kerala selon la tradition en coton dans des conditions sociales et de travail respectueuses.<\/p>\n<p><strong>Les fibres de coton sont teint\u00e9es avec des pigments v\u00e9g\u00e9taux selon la tradition ayurv\u00e9dique<\/strong>:<\/p>\n<ul>\n<li style=\"list-style-type: none;\">\n<ul>\n<li>Bleu et Blanc = indigo et alo\u00e9 vera<\/li>\n<li>Gris et Jaune = Basilic sacr\u00e9 et curcuma<\/li>\n<\/ul>\n<\/li>\n<\/ul>\n<p>Un fin rev\u00eatement en h\u00e9v\u00e9a naturel assure sa bonne tenue sur le sol (couche inf\u00e9rieure). Quels que soient vos mouvements y compris lors des transitions saut\u00e9es entre 2 postures de la s\u00e9quence ashtanga, il restera en place.<\/p>\n<p>Tr\u00e8s l\u00e9ger, il est id\u00e9al \u00e0 transporter vers le studio et en voyage et existe en plusieurs coloris.<\/p>\n<p>&nbsp;<\/p>\n<p>[button title=\u00a0\u00bbGuide comparatif des tapis\u00a0\u00bb link=\u00a0\u00bb<a href=\"https:\/\/www.yoga-nest.com\/tapis_de_yoga_mat\/\">https:\/\/www.yoga-nest.com\/guide_tapis_yoga_mats\/<\/a>\u00a0\u00bb target=\u00a0\u00bb_blank\u00a0\u00bb align=\u00a0\u00bbcenter\u00a0\u00bb icon=\u00a0\u00bb\u00a0\u00bb icon_position=\u00a0\u00bb\u00a0\u00bb color=\u00a0\u00bb\u00a0\u00bb font_color=\u00a0\u00bb\u00a0\u00bb size=\u00a0\u00bb2&Prime; full_width=\u00a0\u00bb\u00a0\u00bb class=\u00a0\u00bbbouttontaille\u00a0\u00bb download=\u00a0\u00bb\u00a0\u00bb rel=\u00a0\u00bb\u00a0\u00bb]<\/p>\n<p>&nbsp;<\/p>\n<p class=\"manquante\" style=\"text-align: center;\">Mod\u00e8le ou coloris manquant ? <a href=\"mailto:serviceclients@yoga-nest.com\">Contactez-nous<\/a><\/p>\n","protected":false},"featured_media":1561,"comment_status":"open","ping_status":"open","template":"","meta":[],"product_cat":[26],"product_tag":[180],"_links":{"self":[{"href":"https:\/\/yoganest.vaniseo.pro\/index.php\/wp-json\/wp\/v2\/product\/1560"}],"collection":[{"href":"https:\/\/yoganest.vaniseo.pro\/index.php\/wp-json\/wp\/v2\/product"}],"about":[{"href":"https:\/\/yoganest.vaniseo.pro\/index.php\/wp-json\/wp\/v2\/types\/product"}],"replies":[{"embeddable":true,"href":"https:\/\/yoganest.vaniseo.pro\/index.php\/wp-json\/wp\/v2\/comments?post=1560"}],"wp:featuredmedia":[{"embeddable":true,"href":"https:\/\/yoganest.vaniseo.pro\/index.php\/wp-json\/wp\/v2\/media\/1561"}],"wp:attachment":[{"href":"https:\/\/yoganest.vaniseo.pro\/index.php\/wp-json\/wp\/v2\/media?parent=1560"}],"wp:term":[{"taxonomy":"product_cat","embeddable":true,"href":"https:\/\/yoganest.vaniseo.pro\/index.php\/wp-json\/wp\/v2\/product_cat?post=1560"},{"taxonomy":"product_tag","embeddable":true,"href":"https:\/\/yoganest.vaniseo.pro\/index.php\/wp-json\/wp\/v2\/product_tag?post=1560"}],"curies":[{"name":"wp","href":"https:\/\/api.w.org\/{rel}","templated":true}]}}