{"id":1553,"date":"2023-05-01T20:46:17","date_gmt":"2023-05-01T18:46:17","guid":{"rendered":"https:\/\/yoganest.vaniseo.pro\/index.php\/product\/t-shirt-minimalistic\/"},"modified":"2024-03-06T15:41:56","modified_gmt":"2024-03-06T14:41:56","slug":"t-shirt-minimalistic","status":"publish","type":"product","link":"https:\/\/yoganest.vaniseo.pro\/index.php\/product\/t-shirt-minimalistic\/","title":{"rendered":"T-shirt | Minimalistic"},"content":{"rendered":"<p>Tr\u00e8s agr\u00e9able \u00e0 porter pour le yoga, la danse, le pilates ou la m\u00e9ditation avec un legging, il s\u2019accorde \u00e9galement tr\u00e8s bien avec une paire de jeans au quotidien. Son coloris anthracite subtilement d\u00e9lav\u00e9 et sa coupe l\u00e9g\u00e8rement cintr\u00e9e lui conf\u00e8rent cette allure tendance relax qu&rsquo;on aime. Il met r\u00e9solument en valeur la femme ou l&rsquo;homme qui le porte.<\/p>\n<p>Ce t-shirt noir d\u00e9lav\u00e9 est aussi minimaliste que confortable, il vous inspirera et vous vous sentirez bien dans tous les contextes.<\/p>\n<p>Cette pi\u00e8ce Enso Tribe est fabriqu\u00e9e en coton 100% biologique certifi\u00e9. Le processus de coloration est neutre pour le climat et chaque pi\u00e8ce a \u00e9t\u00e9 teint\u00e9e individuellement pour obtenir un effet irr\u00e9gulier de couleur unique, dans des conditions de travail respectueuses et \u00e9quitables.<\/p>\n<p>L&rsquo;imprim\u00e9 est fait \u00e0 la main en Su\u00e8de apr\u00e8s la commande afin de r\u00e9duire le gaspillage, ce qui rend \u00e9galement chaque pi\u00e8ce unique. Claim \u00ab\u00a0minimalistic\u00a0\u00bb \u00e0 l&rsquo;avant en lettres minuscules blanches et petit logo Enso Tribe blanc \u00e0 la base de la nuque \u00e0 l&rsquo;arri\u00e8re.<\/p>\n<p>Si vous aimez le porter l\u00e9g\u00e8rement ample, nous vous conseillons de choisir une taille au-dessus de votre taille habituelle.<\/p>\n<p>[accordion title=\u00a0\u00bb\u00a0\u00bb open1st=\u00a0\u00bb0&Prime; openAll=\u00a0\u00bb0&Prime;][accordion_item title=\u00a0\u00bbEntretien\u00a0\u00bb]<\/p>\n<p>Nos conseils pour laver et prendre soin de votre v\u00eatement:<\/p>\n<ul>\n<li>Lavez-le de pr\u00e9f\u00e9rence \u00e0 la main ou \u00e0 basse temp\u00e9rature, avec l&rsquo;impression \u00e0 l&rsquo;int\u00e9rieur<\/li>\n<li>Ne pas utiliser de s\u00e8che-linge,\u00a0suspendre \u00e0 l&rsquo;air libre<\/li>\n<li>Pas d&rsquo;agent de blanchiment ou d&rsquo;adoucissant<\/li>\n<\/ul>\n<p>[\/accordion_item][\/accordion][accordion title=\u00a0\u00bb\u00a0\u00bb open1st=\u00a0\u00bb0&Prime; openAll=\u00a0\u00bb0&Prime;][accordion_item title=\u00a0\u00bbTypes d&rsquo;activit\u00e9s\u00a0\u00bb]M\u00e9ditation, Streetwear, Casualwear, Style relax et Cocooning \u00e0 la maison[\/accordion_item][\/accordion]<span style=\"font-weight: 400;\">[accordion title=\u00a0\u00bb\u00a0\u00bb open1st=\u00a0\u00bb0&Prime; openAll=\u00a0\u00bb0&Prime;][accordion_item title=\u00a0\u00bbPourquoi on adore ce produit\u00a0\u00bb]<\/span><\/p>\n<p>Sa coupe nous met en valeur, il est&#8230; minimaliste&#8230; simple sans \u00eatre banal et il s&rsquo;assortit facilement avec tout, par exemple en tenue shopping avec un jeans, une casquette et une paire de baskets.<\/p>\n<p>Par son message, il affirme directement son style.<\/p>\n<p>On adore son toucher de coton bio doux et confortable, ses manches retrouss\u00e9es qui contribuent \u00e0 un look d\u00e9contract\u00e9 \u00ab\u00a0travaill\u00e9\u00a0\u00bb.<\/p>\n<p><span style=\"font-weight: 400;\">[\/accordion_item][\/accordion]<\/span>[accordion title=\u00a0\u00bb\u00a0\u00bb open1st=\u00a0\u00bb0&Prime; openAll=\u00a0\u00bb0&Prime; style=\u00a0\u00bb\u00a0\u00bb][accordion_item title=\u00a0\u00bbPaiement, livraison &amp; retours\u00a0\u00bb]Pour les informations sur les alternatives de paiement, de livraison et les retours, merci de cliquer <a class=\"linkcgv\" href=\"https:\/\/www.yoga-nest.com\/paiement-livraison-retours\/\" target=\"_blank\" rel=\"noopener\">ICI<\/a>.[\/accordion_item][\/accordion]<\/p>\n<p><span style=\"color: #b01da4;\"><b>La Marque<\/b><\/span><\/p>\n<p><strong>Enso Tribe &#8211; produits \u00e9thiques, durables et respectueux de l&rsquo;environnement<\/strong><\/p>\n<p>The enso tribe of sweden AB est une marque su\u00e9doise qui propose un large choix de v\u00eatements de yoga. Sa mission est de proposer au monde du yoga des produits durables, \u00e9thiques et respectueux de l&rsquo;environnement.<\/p>\n<p>Elle valorise au premier plan des mati\u00e8res premi\u00e8res biologiques, des conditions de travail \u00e9quitable, une impression \u00e9cologique et les meilleurs moyens de transport possibles. Enso Tribe contribue ainsi \u00e0 un monde meilleur et plus durable.<\/p>\n<p><a class=\"boutonmarque\" title=\"Enso Tribe\" href=\"http:\/\/yoga-nest.com\/enso-tribe\/\" target=\"&quot;\" rel=\"noopener\"><span style=\"font-weight: 400;\">En savoir plus<\/span><\/a><\/p>\n","protected":false},"excerpt":{"rendered":"<p>T-shirt \u00e0 manches courtes de la marque Enso Tribe qui s&rsquo;affirme tel qu&rsquo;il est, minimaliste, et vous affirme tel.le que vous \u00eates.<\/p>\n<p>Avec ses petites manches roul\u00e9es, son col rond d\u00e9gageant le cou, sa taille l\u00e9g\u00e8rement cintr\u00e9e et sa longueur qui finit en arrondi, ce T-shirt est simple tout en ayant du caract\u00e8re. Il convient aux femmes de toutes les tailles et aux hommes de taille moyenne.<\/p>\n<p>Sur son fond anthracite d\u00e9lav\u00e9 (effet stone-washed), l&rsquo;inscription est blanche en petits caract\u00e8res et \u00e7\u00e0 fonctionne \u00e0 merveille, en toute subtilit\u00e9.<\/p>\n<p>Ce v\u00eatement lifestyle vous accompagne partout, tant dans vos activit\u00e9s de mouvement (yoga, danse, pilates&#8230;) qu&rsquo;au quotidien, avec un jean, un pantalon \u00e0 taille haute travaill\u00e9e, un short ou juste sur un maillot de bain au bord du lac ou \u00e0 la mer.<\/p>\n<p>&nbsp;<\/p>\n<p class=\"manquante\" style=\"text-align: center;\">Taille ou couleur manquante ? <a href=\"mailto:serviceclients@yoga-nest.com\">Contactez-nous<\/a><\/p>\n","protected":false},"featured_media":1554,"comment_status":"open","ping_status":"open","template":"","meta":[],"product_cat":[67,47,48,62,66,64,95,96],"product_tag":[68],"_links":{"self":[{"href":"https:\/\/yoganest.vaniseo.pro\/index.php\/wp-json\/wp\/v2\/product\/1553"}],"collection":[{"href":"https:\/\/yoganest.vaniseo.pro\/index.php\/wp-json\/wp\/v2\/product"}],"about":[{"href":"https:\/\/yoganest.vaniseo.pro\/index.php\/wp-json\/wp\/v2\/types\/product"}],"replies":[{"embeddable":true,"href":"https:\/\/yoganest.vaniseo.pro\/index.php\/wp-json\/wp\/v2\/comments?post=1553"}],"wp:featuredmedia":[{"embeddable":true,"href":"https:\/\/yoganest.vaniseo.pro\/index.php\/wp-json\/wp\/v2\/media\/1554"}],"wp:attachment":[{"href":"https:\/\/yoganest.vaniseo.pro\/index.php\/wp-json\/wp\/v2\/media?parent=1553"}],"wp:term":[{"taxonomy":"product_cat","embeddable":true,"href":"https:\/\/yoganest.vaniseo.pro\/index.php\/wp-json\/wp\/v2\/product_cat?post=1553"},{"taxonomy":"product_tag","embeddable":true,"href":"https:\/\/yoganest.vaniseo.pro\/index.php\/wp-json\/wp\/v2\/product_tag?post=1553"}],"curies":[{"name":"wp","href":"https:\/\/api.w.org\/{rel}","templated":true}]}}