{"id":1548,"date":"2023-05-01T20:29:06","date_gmt":"2023-05-01T18:29:06","guid":{"rendered":"https:\/\/yoganest.vaniseo.pro\/index.php\/product\/debardeur-namaste-2\/"},"modified":"2024-03-06T15:54:58","modified_gmt":"2024-03-06T14:54:58","slug":"debardeur-namaste-2","status":"publish","type":"product","link":"https:\/\/yoganest.vaniseo.pro\/index.php\/product\/debardeur-namaste-2\/","title":{"rendered":"D\u00e9bardeur | Namaste"},"content":{"rendered":"<p>D\u00e9bardeur tout doux en coton bio 100% blanc avec impression en rose fuchsia.<\/p>\n<p><span style=\"font-weight: 400;\">Afin de r\u00e9duire les ressources et les d\u00e9chets, l&rsquo;impression est r\u00e9alis\u00e9e \u00e0 la main en Su\u00e8de, apr\u00e8s la commande.<\/span><\/p>\n<p><span style=\"font-weight: 400;\">Avec son col rond \u00e9chancr\u00e9, ce d\u00e9bardeur blanc peut \u00eatre port\u00e9 en pratqiue de yoga autant que dans la vie de tous les jours. Il s&rsquo;accorde tr\u00e8s bien avec un jeans, un short, un legging ou un pantalon large style jogging .<\/span><\/p>\n<p>[accordion title=\u00a0\u00bb\u00a0\u00bb open1st=\u00a0\u00bb0&Prime; openAll=\u00a0\u00bb0&Prime;][accordion_item title=\u00a0\u00bbEntretien\u00a0\u00bb]<\/p>\n<ul>\n<li style=\"font-weight: 400;\" aria-level=\"1\"><span style=\"font-weight: 400;\">Lavez-le de pr\u00e9f\u00e9rence \u00e0 la main<\/span><\/li>\n<li style=\"font-weight: 400;\" aria-level=\"1\"><span style=\"font-weight: 400;\">N\u2019utilisez pas de s\u00e8che-linge, suspendez-le plout\u00f4t \u00e0 l\u2019air libre<\/span><\/li>\n<\/ul>\n<p>[\/accordion_item][\/accordion][accordion title=\u00a0\u00bb\u00a0\u00bb open1st=\u00a0\u00bb0&Prime; openAll=\u00a0\u00bb0&Prime;][accordion_item title=\u00a0\u00bbTypes d&rsquo;activit\u00e9s\u00a0\u00bb]<span style=\"font-weight: 400;\">Pilates, Yin Yoga, Yoga Restauratif, Hatha Yoga, Flow Yoga, Yoga Nidra, M\u00e9ditation, Iyengar Yoga, Yoga en plein air, Yoga en voyage, Automassage myofascial, Stretching, Sports en ext\u00e9rieure (bootcamp, running, course \u00e0 pied, marche nordique, randonn\u00e9e, v\u00e9lo, grimpe,\u2026), Streetwear, Casualwear, Style relax et Cocooning \u00e0 la maison<\/span>[\/accordion_item][\/accordion]<span style=\"font-weight: 400;\">[accordion title=\u00a0\u00bb\u00a0\u00bb open1st=\u00a0\u00bb0&Prime; openAll=\u00a0\u00bb0&Prime;][accordion_item title=\u00a0\u00bbPourquoi on adore ce produit\u00a0\u00bb]<\/span><\/p>\n<p><span style=\"font-weight: 400;\">En coton certifi\u00e9 100% bio, il est agr\u00e9able \u00e0 porter au yoga et au pilates autant que pour des activit\u00e9s plus transpirantes. On adore le rose flamboyant sur fond blanc!<\/span><\/p>\n<p><span style=\"font-weight: 400;\">\u00c0 porter en toute saison (\u00e0 l&rsquo;int\u00e9rieur ou \u00e0 l&rsquo;ext\u00e9rieur&#8230;), il est top sur un maillot de bain, une brassi\u00e8re et avec un pantalon style legging.<\/span><\/p>\n<p><span style=\"font-weight: 400;\">[\/accordion_item][\/accordion]<\/span>[accordion title=\u00a0\u00bb\u00a0\u00bb open1st=\u00a0\u00bb0&Prime; openAll=\u00a0\u00bb0&Prime; style=\u00a0\u00bb\u00a0\u00bb][accordion_item title=\u00a0\u00bbPaiement, livraison &amp; retours\u00a0\u00bb]Pour les informations sur les alternatives de paiement, de livraison et les retours, merci de cliquer <a class=\"linkcgv\" href=\"https:\/\/www.yoga-nest.com\/paiement-livraison-retours\/\" target=\"_blank\" rel=\"noopener\">ICI<\/a>.[\/accordion_item][\/accordion]<\/p>\n<p><span style=\"color: #b01da4;\"><b>La Marque<\/b><\/span><\/p>\n<p><strong>Enso Tribe &#8211; produits \u00e9thiques, durables et respectueux de l&rsquo;environnement<\/strong><\/p>\n<p>The enso tribe of sweden AB est une marque su\u00e9doise qui propose un large choix de v\u00eatements de yoga. Sa mission est de proposer au monde du yoga des produits durables, \u00e9thiques et respectueux de l&rsquo;environnement.<\/p>\n<p>Elle valorise au premier plan des mati\u00e8res premi\u00e8res biologiques, des conditions de travail \u00e9quitable, une impression \u00e9cologique et les meilleurs moyens de transport possibles. Enso Tribe contribue ainsi \u00e0 un monde meilleur et plus durable.<\/p>\n<p><a class=\"boutonmarque\" title=\"Enso Tribe\" href=\"http:\/\/yoga-nest.com\/enso-tribe\/\" target=\"&quot;\" rel=\"noopener\"><span style=\"font-weight: 400;\">En savoir plus<\/span><\/a><\/p>\n","protected":false},"excerpt":{"rendered":"<p><span style=\"font-weight: 400;\">D\u00e9bardeur blanc de la marque Enso Tribe en coton bio 100%, tr\u00e8s doux et agr\u00e9able \u00e0 porter en mouvement ou relax au quotidien.\u00a0<\/span><\/p>\n<p><span style=\"font-weight: 400;\">Le m ot NAMASTE et sa signification sont imprim\u00e9s \u00e0 l&rsquo;avant en rose fluo, de m\u00eame que le logo de la marque Enso Tribe discret \u00e0 l&rsquo;arri\u00e8re.<\/span><\/p>\n<p><span style=\"font-weight: 400;\">Ce d\u00e9bardeur a un col rond \u00e9chancr\u00e9 tr\u00e8s f\u00e9minin. Les bretelles sont suffisamment larges pour rester en place et assez fines pour une allure tr\u00e8s f\u00e9minine. Dans le dos, les bretelles suivent la forme d\u2019une brassi\u00e8re de sport ce qui permet de porter une brassi\u00e8re de fa\u00e7on harmonieuse, en laissant les \u00e9paules et le dos joliment d\u00e9gag\u00e9s.<\/span><\/p>\n<p>&nbsp;<\/p>\n<p class=\"manquante\" style=\"text-align: center;\">Taille ou couleur manquante ? <a href=\"mailto:serviceclients@yoga-nest.com\">Contactez-nous<\/a><\/p>\n","protected":false},"featured_media":1549,"comment_status":"open","ping_status":"open","template":"","meta":[],"product_cat":[63,47,48,62],"product_tag":[68],"_links":{"self":[{"href":"https:\/\/yoganest.vaniseo.pro\/index.php\/wp-json\/wp\/v2\/product\/1548"}],"collection":[{"href":"https:\/\/yoganest.vaniseo.pro\/index.php\/wp-json\/wp\/v2\/product"}],"about":[{"href":"https:\/\/yoganest.vaniseo.pro\/index.php\/wp-json\/wp\/v2\/types\/product"}],"replies":[{"embeddable":true,"href":"https:\/\/yoganest.vaniseo.pro\/index.php\/wp-json\/wp\/v2\/comments?post=1548"}],"wp:featuredmedia":[{"embeddable":true,"href":"https:\/\/yoganest.vaniseo.pro\/index.php\/wp-json\/wp\/v2\/media\/1549"}],"wp:attachment":[{"href":"https:\/\/yoganest.vaniseo.pro\/index.php\/wp-json\/wp\/v2\/media?parent=1548"}],"wp:term":[{"taxonomy":"product_cat","embeddable":true,"href":"https:\/\/yoganest.vaniseo.pro\/index.php\/wp-json\/wp\/v2\/product_cat?post=1548"},{"taxonomy":"product_tag","embeddable":true,"href":"https:\/\/yoganest.vaniseo.pro\/index.php\/wp-json\/wp\/v2\/product_tag?post=1548"}],"curies":[{"name":"wp","href":"https:\/\/api.w.org\/{rel}","templated":true}]}}