{"id":1541,"date":"2023-04-29T05:06:44","date_gmt":"2023-04-29T03:06:44","guid":{"rendered":"https:\/\/yoganest.vaniseo.pro\/index.php\/product\/spray-nettoyant-tapis-ambiance\/"},"modified":"2024-03-06T15:54:19","modified_gmt":"2024-03-06T14:54:19","slug":"spray-nettoyant-tapis-ambiance","status":"publish","type":"product","link":"https:\/\/yoganest.vaniseo.pro\/index.php\/product\/spray-nettoyant-tapis-ambiance\/","title":{"rendered":"Spray nettoyant | Tapis &#038; ambiance"},"content":{"rendered":"<p>&nbsp;<\/p>\n<p>[accordion title=\u00a0\u00bb\u00a0\u00bb open1st=\u00a0\u00bb0&Prime; openAll=\u00a0\u00bb0&Prime;][accordion_item title=\u00a0\u00bbEntretien\u00a0\u00bb]<\/p>\n<p>Garder \u00e0\u00a0l&rsquo;abri du soleil et de la chaleur. Veiller \u00e0 bien visser avant de l&rsquo;incliner.<\/p>\n<p>Avant de les payer sur des mati\u00e8res ou des tissus, prenez soin de vous assurer que c&rsquo;est OK.<\/p>\n<p>[\/accordion_item][\/accordion]<\/p>\n<p>[accordion title=\u00a0\u00bb\u00a0\u00bb open1st=\u00a0\u00bb0&Prime; openAll=\u00a0\u00bb0&Prime; style=\u00a0\u00bb\u00a0\u00bb][accordion_item title=\u00a0\u00bbTypes d&rsquo;activit\u00e9s\u00a0\u00bb]<span style=\"font-weight: 400;\">Yin Yoga, Yoga Restorative, M\u00e9ditation, Yoga Nidra, Mindfulness, Iyengar yoga, Kundalini yoga, Yoga pr\u00e9natal, Relaxation, Bain sonore, nettoyage des tapis<\/span>[\/accordion_item][\/accordion]<\/p>\n<p>[accordion title=\u00a0\u00bb\u00a0\u00bb open1st=\u00a0\u00bb0&Prime; openAll=\u00a0\u00bb0&Prime; style=\u00a0\u00bb\u00a0\u00bb][accordion_item title=\u00a0\u00bbPourquoi on adore ce produit\u00a0\u00bb]On aime qu&rsquo;il soit aussi agr\u00e9able comme parfum d&rsquo;ambiance que pour nettoyer son tapis d&rsquo;exercise. Ses fragrances sont aussi exquises que simples (une note \u00e0 la fois) et naturelles (100%). Et on peut d&rsquo;ailleurs aussi les utiliser ensemble pour un accord plus complexe. [\/accordion_item][\/accordion]<\/p>\n<p>[accordion title=\u00a0\u00bb\u00a0\u00bb open1st=\u00a0\u00bb0&Prime; openAll=\u00a0\u00bb0&Prime; style=\u00a0\u00bb\u00a0\u00bb][accordion_item title=\u00a0\u00bbPaiements, livraison &amp; retours\u00a0\u00bb]Pour les informations sur les alternatives de paiement, de livraison et les retours, merci de cliquer\u00a0<a class=\"linkcgv\" href=\"https:\/\/www.yoga-nest.com\/paiement-livraison-retours\/\" target=\"_blank\" rel=\"noopener\">ICI<\/a>[\/accordion_item][\/accordion]<\/p>\n<p>[one]<\/p>\n<p><span style=\"color: #b01da4;\"><b>La Marque<\/b><\/span><\/p>\n<p><b>Yogom \u2013 Des accessoires \u00e9cologiques de yoga et m\u00e9ditation\u00a0bio allient confort, spiritualit\u00e9 et \u00e9thique<\/b><\/p>\n<p>Marque fran\u00e7aise qui a une vision d&rsquo;entreprise responsable et propose des produits simples et qualitatifs pour toujours plus de bien-\u00eatre, au juste prix et pour accompagner votre pratique du yoga sans chichi !<\/p>\n<p>Les produits ne sont pas r\u00e9serv\u00e9s aux yoginis et yogis, ils plaisent aussi \u00e0 toutes les personnes sensibles \u00e0 une certaine spiritualit\u00e9 de vie et en qu\u00eate de sens dans leur quotidien et leur consommation.<\/p>\n<p>La vision du yoga selon Yogom est inclusive, loin d&rsquo;\u00eatre dogmatique, il s&rsquo;agit plut\u00f4t d&rsquo;un art de vivre, d&rsquo;une fa\u00e7on d&rsquo;int\u00e9grer le zen \u00e0 votre quotidien.<\/p>\n<p><a class=\"boutonmarque\" title=\"Yoga Boutique\" href=\"https:\/\/www.yoga-nest.com\/yogom\/\"><span style=\"font-weight: 400;\">En savoir plus<\/span><\/a><\/p>\n<p>[\/one]<\/p>\n","protected":false},"excerpt":{"rendered":"<div class=\"j-module n j-hr \">\n<p><strong>Des eaux de yoga 100% naturelles aux parfums l\u00e9gers, con\u00e7ues par Yogom pour r\u00e9jouir votre odorat tout en \u00e9tant astucieusement multi-usages<\/strong>\u00a0donc \u00e9conomiques.<\/p>\n<p>Apr\u00e8s votre pratique de mouvement sur tapis (yoga, pilates, gym&#8230;) utilisez-les pour nettoyer votre <strong>tapis<\/strong> (voir les instructions selon la marque et la mati\u00e8re),<\/p>\n<p>Et aussi&#8230;<\/p>\n<ul>\n<li>* \u00e0 sprayer sur votre <strong>coussin pour les yeux<\/strong> en Savasana, Nidra ou\u00a0Restorative ou pendant votre sieste<\/li>\n<li>* pour humidifier votre <strong>tapis en velours microfibres<\/strong> pour renforcer son grip quand vos mains et\/ou pieds sont secs<\/li>\n<li>* quelques pressions comme <strong>brume d&rsquo;int\u00e9rieur<\/strong> pour parfumer la pi\u00e8ce dans laquelle vous pratiquez et \u00e0 tout autre moment de la journ\u00e9e<\/li>\n<li>* en faire usage pour parfumer l\u00e9g\u00e8rement <strong>votre linge ou votre oreiller<\/strong><\/li>\n<li>* vous pouvez m\u00eame l&rsquo;utiliser comme un parfum frais sur vos v\u00eatements ou directement sur votre peau<\/li>\n<\/ul>\n<p>&nbsp;<\/p>\n<p>Contenance 250ml, flacon en PET, recyclable et r\u00e9utilisable<\/p>\n<\/div>\n<p>&nbsp;<\/p>\n<p style=\"text-align: center;\">Article manquant ? <a href=\"mailto:serviceclients@yoga-nest.com\">Contactez-nous<\/a><\/p>\n","protected":false},"featured_media":1542,"comment_status":"open","ping_status":"open","template":"","meta":[],"product_cat":[54,20],"product_tag":[175],"_links":{"self":[{"href":"https:\/\/yoganest.vaniseo.pro\/index.php\/wp-json\/wp\/v2\/product\/1541"}],"collection":[{"href":"https:\/\/yoganest.vaniseo.pro\/index.php\/wp-json\/wp\/v2\/product"}],"about":[{"href":"https:\/\/yoganest.vaniseo.pro\/index.php\/wp-json\/wp\/v2\/types\/product"}],"replies":[{"embeddable":true,"href":"https:\/\/yoganest.vaniseo.pro\/index.php\/wp-json\/wp\/v2\/comments?post=1541"}],"wp:featuredmedia":[{"embeddable":true,"href":"https:\/\/yoganest.vaniseo.pro\/index.php\/wp-json\/wp\/v2\/media\/1542"}],"wp:attachment":[{"href":"https:\/\/yoganest.vaniseo.pro\/index.php\/wp-json\/wp\/v2\/media?parent=1541"}],"wp:term":[{"taxonomy":"product_cat","embeddable":true,"href":"https:\/\/yoganest.vaniseo.pro\/index.php\/wp-json\/wp\/v2\/product_cat?post=1541"},{"taxonomy":"product_tag","embeddable":true,"href":"https:\/\/yoganest.vaniseo.pro\/index.php\/wp-json\/wp\/v2\/product_tag?post=1541"}],"curies":[{"name":"wp","href":"https:\/\/api.w.org\/{rel}","templated":true}]}}