{"id":1449,"date":"2022-10-21T22:28:27","date_gmt":"2022-10-21T20:28:27","guid":{"rendered":"https:\/\/yoganest.vaniseo.pro\/index.php\/product\/sweat-meditation-junkie\/"},"modified":"2024-03-06T15:40:58","modified_gmt":"2024-03-06T14:40:58","slug":"sweat-meditation-junkie","status":"publish","type":"product","link":"https:\/\/yoganest.vaniseo.pro\/index.php\/product\/sweat-meditation-junkie\/","title":{"rendered":"Sweat-shirt | Meditation junkie"},"content":{"rendered":"<p><span style=\"font-weight: 400;\">Sweat intemporel \u00e0 la coupe classique et confortable qui convient \u00e0 toutes et tous.\u00a0<\/span><\/p>\n<p><span style=\"font-weight: 400;\">En coton certifi\u00e9 100% biologique<\/span><span style=\"font-weight: 400;\">, il est propos\u00e9 en 2 teintes \u00e9l\u00e9gantes et originales: un l\u00e9ger noir anthracite aux lettres blanches et un l\u00e9ger beige \u00e9cru aux lettres gris fonc\u00e9. Quel coloris\u00a0sera votre coup de coeur?. <\/span><\/p>\n<p><span style=\"font-weight: 400;\">Tel\u00a0un nouveau classique, ce pull sign\u00e9 Enso Tribe donne envie de s&rsquo;y lover. Il est totalement adapt\u00e9 \u00e0 une journ\u00e9e cocooning, pour une pratique de yoga douce ou \u00e0 porter au quotidien en affirmant avec un brin d&rsquo;humour notre appr\u00e9ciation pour la m\u00e9ditation.\u00a0<\/span><\/p>\n<p><span style=\"font-weight: 400;\">La sensation du coton organique est incroyable sur votre peau et vous aidera \u00e0 ralentir et \u00e0 profiter de votre temps libre pour vous d\u00e9tendre. Les couleurs sont intemporelles tout en \u00e9tant originales, ni compl\u00e8tement noir, ni compl\u00e8tement blanc!<\/span><\/p>\n<p>[accordion title=\u00a0\u00bb\u00a0\u00bb open1st=\u00a0\u00bb0&Prime; openAll=\u00a0\u00bb0&Prime;][accordion_item title=\u00a0\u00bbEntretien\u00a0\u00bb]<span style=\"font-weight: 400;\">Voici quelques conseils concernant le lavage et l\u2019entretien de votre sweat Dream Wild afin d&rsquo;en tirer le meilleur parti\u00a0:<\/span><\/p>\n<ul>\n<li style=\"font-weight: 400;\" aria-level=\"1\"><span style=\"font-weight: 400;\">Lavez-le <\/span><span style=\"font-weight: 400;\">en machine \u00e0 froid ou \u00e0 la main<\/span><\/li>\n<li style=\"font-weight: 400;\" aria-level=\"1\"><span style=\"font-weight: 400;\">Chouchoutez le en le laissant s\u00e9cher \u00e0 l&rsquo;air libre<\/span><\/li>\n<li style=\"font-weight: 400;\" aria-level=\"1\"><span style=\"font-weight: 400;\">Ni agent de blanchiment, ni adoucissant<\/span><\/li>\n<li style=\"font-weight: 400;\" aria-level=\"1\"><span style=\"font-weight: 400;\">Si vous \u00eates adepte du repassage de sweats, faites le \u00e0 basse temp\u00e9rature<\/span>[\/accordion_item][\/accordion][accordion title=\u00a0\u00bb\u00a0\u00bb open1st=\u00a0\u00bb0&Prime; openAll=\u00a0\u00bb0&Prime;][accordion_item title=\u00a0\u00bbTypes d&rsquo;activit\u00e9s\u00a0\u00bb]Yin Yoga, Yoga Restauratif, Hatha Yoga, Flow Yoga, Yoga Nidra, M\u00e9ditation, Iyengar Yoga, Yoga pr\u00e9natal, Yoga en plein air, Yoga en voyage, Stretching, Streetwear, Casualwear, Style relax, Cocooning \u00e0 la maison[\/accordion_item][\/accordion][accordion title=\u00a0\u00bb\u00a0\u00bb open1st=\u00a0\u00bb0&Prime; openAll=\u00a0\u00bb0&Prime;][accordion_item title=\u00a0\u00bbPourquoi on adore ce produit\u00a0\u00bb]On a juste envie de se blottir dedans, s&rsquo;abandonner \u00e0 sa douceur, \u00e0 sa couleur tendre. On aime son message affirm\u00e9 et d\u00e9cal\u00e9.<\/li>\n<\/ul>\n<p><span style=\"font-weight: 400;\">\u00c0 porter avec un legging, un short ou un jeans. Pour une s\u00e9ance de m\u00e9ditation, pour une journ\u00e9e d\u00e9tente \u00e0 la maison ou pour une sortie en ville. Il est parfaitement ad\u00e9quat pour les femmes et pour les hommes alors on peut se le pr\u00eater.\u00a0<\/span><\/p>\n<p><span style=\"font-weight: 400;\">Le texte imprim\u00e9 nous incite \u00e0 nous recentrer et trouver notre \u00e9quilibre, physique, \u00e9nerg\u00e9tique et mental parce que c&rsquo;est important, que \u00e7a nous fait du bien et que \u00e7a stimule notre croissance personnelle.\u00a0<\/span>[\/accordion_item][\/accordion][accordion title=\u00a0\u00bb\u00a0\u00bb open1st=\u00a0\u00bb0&Prime; openAll=\u00a0\u00bb0&Prime; style=\u00a0\u00bb\u00a0\u00bb][accordion_item title=\u00a0\u00bbPaiement, livraison &amp; retours\u00a0\u00bb]Pour les informations sur les alternatives de paiement, de livraison et les retours, merci de cliquer <a class=\"linkcgv\" href=\"https:\/\/www.yoga-nest.com\/paiement-livraison-retours\/\" target=\"_blank\" rel=\"noopener\">ICI<\/a>.[\/accordion_item][\/accordion]<\/p>\n<p><span style=\"color: #b01da4;\"><b>La Marque<\/b><\/span><\/p>\n<p><strong>Enso Tribe &#8211; produits \u00e9thiques, durables et respectueux de l&rsquo;environnement<\/strong><\/p>\n<p>The enso tribe of sweden AB est une marque su\u00e9doise qui propose un large choix de v\u00eatements de yoga. Sa mission est de proposer au monde du yoga des produits durables, \u00e9thiques et respectueux de l&rsquo;environnement.<\/p>\n<p>Elle valorise au premier plan des mati\u00e8res premi\u00e8res biologiques, des conditions de travail \u00e9quitable, une impression \u00e9cologique et les meilleurs moyens de transport possibles. Enso Tribe contribue ainsi \u00e0 un monde meilleur et plus durable.<\/p>\n<p><a class=\"boutonmarque\" title=\"Enso Tribe\" href=\"http:\/\/yoga-nest.com\/enso-tribe\/\" target=\"&quot;\" rel=\"noopener\"><span style=\"font-weight: 400;\">En savoir plus<\/span><\/a><\/p>\n","protected":false},"excerpt":{"rendered":"<p><span style=\"font-weight: 400;\">Sweat de la marque Enso Tribe disponible en 2 teintes douces et originales, gris anthracite ou beige \u00e9cru. sa coupe classique qui convient aux hommes comme aux femmes en fait un v\u00eatement coup de coeur, qui ne fait aucune concession! Ni sur la qualit\u00e9, ni sur le confort, ni sur l&rsquo;originalit\u00e9 par ses teintes et son message affirm\u00e9 avec humour.<\/span><\/p>\n<p><span style=\"font-weight: 400;\">Cet article de Enso Tribe est fabriqu\u00e9 avec du coton biologique doux et durable. Il est l\u00e9g\u00e8rement doubl\u00e9 pour tenir un peu plus chaud en mi-saison et le rendre encore plus doux sur notre peau.<\/span><\/p>\n<p>&nbsp;<\/p>\n<p>[button title=\u00a0\u00bbGuide des tailles\u00a0\u00bb link=\u00a0\u00bbhttps:\/\/www.yoga-nest.com\/tailles\u00a0\u00bb target=\u00a0\u00bb_blank\u00a0\u00bb align=\u00a0\u00bbcenter\u00a0\u00bb icon=\u00a0\u00bb\u00a0\u00bb icon_position=\u00a0\u00bb\u00a0\u00bb color=\u00a0\u00bb\u00a0\u00bb font_color=\u00a0\u00bb\u00a0\u00bb size=\u00a0\u00bb2&Prime; full_width=\u00a0\u00bb\u00a0\u00bb class=\u00a0\u00bbbouttontaille\u00a0\u00bb download=\u00a0\u00bb\u00a0\u00bb rel=\u00a0\u00bb\u00a0\u00bb]<\/p>\n<p>&nbsp;<\/p>\n<p class=\"manquante\" style=\"text-align: center;\">Taille ou couleur manquante ? <a href=\"mailto:serviceclients@yoga-nest.com\">Contactez-nous<\/a><\/p>\n","protected":false},"featured_media":1450,"comment_status":"open","ping_status":"open","template":"","meta":[],"product_cat":[67,62,66,64,94,93],"product_tag":[68],"_links":{"self":[{"href":"https:\/\/yoganest.vaniseo.pro\/index.php\/wp-json\/wp\/v2\/product\/1449"}],"collection":[{"href":"https:\/\/yoganest.vaniseo.pro\/index.php\/wp-json\/wp\/v2\/product"}],"about":[{"href":"https:\/\/yoganest.vaniseo.pro\/index.php\/wp-json\/wp\/v2\/types\/product"}],"replies":[{"embeddable":true,"href":"https:\/\/yoganest.vaniseo.pro\/index.php\/wp-json\/wp\/v2\/comments?post=1449"}],"wp:featuredmedia":[{"embeddable":true,"href":"https:\/\/yoganest.vaniseo.pro\/index.php\/wp-json\/wp\/v2\/media\/1450"}],"wp:attachment":[{"href":"https:\/\/yoganest.vaniseo.pro\/index.php\/wp-json\/wp\/v2\/media?parent=1449"}],"wp:term":[{"taxonomy":"product_cat","embeddable":true,"href":"https:\/\/yoganest.vaniseo.pro\/index.php\/wp-json\/wp\/v2\/product_cat?post=1449"},{"taxonomy":"product_tag","embeddable":true,"href":"https:\/\/yoganest.vaniseo.pro\/index.php\/wp-json\/wp\/v2\/product_tag?post=1449"}],"curies":[{"name":"wp","href":"https:\/\/api.w.org\/{rel}","templated":true}]}}