{"id":1215,"date":"2022-03-31T22:53:55","date_gmt":"2022-03-31T20:53:55","guid":{"rendered":"https:\/\/yoganest.vaniseo.pro\/index.php\/product\/lhuile-de-graines-de-pin-maritime-visage\/"},"modified":"2024-03-06T15:37:34","modified_gmt":"2024-03-06T14:37:34","slug":"lhuile-de-graines-de-pin-maritime-visage","status":"publish","type":"product","link":"https:\/\/yoganest.vaniseo.pro\/index.php\/product\/lhuile-de-graines-de-pin-maritime-visage\/","title":{"rendered":"L&rsquo;Huile s\u00e9rum repulpante 100 % bio | Visage"},"content":{"rendered":"<p>Appliquer quelques gouttes (4-5) sur le visage et sur le cou, seule ou comme s\u00e9rum par exemple en compl\u00e9ment \u00e0 la Cr\u00e8me visage Oc\u00e9opin, matin et\/ou soir.<\/p>\n<p>Non-com\u00e9dog\u00e8ne, hypoallerg\u00e9nique.<\/p>\n<p>L&rsquo;Huile visage Oc\u00e9opin ne contient pas de filtre solaire. Si vous l&rsquo;appliquez le matin, pensez \u00e0 compl\u00e9ter avec un produit avec indice de protection ad\u00e9quat selon votre peau, les conditions m\u00e9t\u00e9o et votre exposition aux rayons du soleil qu&rsquo;ils soient directs ou indirects.<\/p>\n<p>[accordion title=\u00a0\u00bb\u00a0\u00bb open1st=\u00a0\u00bb0&Prime; openAll=\u00a0\u00bb0&Prime;][accordion_item title=\u00a0\u00bbEntretien\u00a0\u00bb]<\/p>\n<p>N\/A<\/p>\n<p>[\/accordion_item][\/accordion]<\/p>\n<p>[accordion title=\u00a0\u00bb\u00a0\u00bb open1st=\u00a0\u00bb0&Prime; openAll=\u00a0\u00bb0&Prime; style=\u00a0\u00bb\u00a0\u00bb][accordion_item title=\u00a0\u00bbTypes d&rsquo;activit\u00e9s\u00a0\u00bb]<\/p>\n<p>Au quotidien, en toute saison, \u00a0Pilates, Yin yoga, Yoga restauratif, M\u00e9ditation, Yoga nidra, Mindfulness, Hatha yoga, Ashtanga yoga, Power yoga, Flow yoga, Hot yoga, Iyengar yoga, Kundalini yoga, Yoga a\u00e9rien, Acro yoga, Yoga pr\u00e9natal, Yoga en plein air, Yoga en voyage, Automassage Myofascial, Stretching, Workout, Gymnastique, Crossfit, Streetwear, Casualwear<\/p>\n<p>[\/accordion_item][\/accordion]<\/p>\n<p>[accordion title=\u00a0\u00bb\u00a0\u00bb open1st=\u00a0\u00bb0&Prime; openAll=\u00a0\u00bb0&Prime; style=\u00a0\u00bb\u00a0\u00bb][accordion_item title=\u00a0\u00bbPourquoi on adore ce produit\u00a0\u00bb]Ce s\u00e9rum visage a pour ingr\u00e9dient <strong>unique<\/strong> l&rsquo;huile de pignons extraits des pommes de pins r\u00e9colt\u00e9es le long du littoral Atlantique, dans la r\u00e9gion du cap Ferret dans le Sud-Ouest de la France vers Bordeaux. C&rsquo;est un produit simple et efficace, on appr\u00e9cie ce bon mix.<\/p>\n<p>En plus d&rsquo;\u00eatre compl\u00e8tement bio et naturelle, elle est produite en France dans des conditions \u00e9thiques et responsables.<\/p>\n<p>Utilis\u00e9e seule ou en s\u00e9rum, elle tient ses promesses m\u00eame pour les peaux exigeantes et sensibles, en nourrissant notre peau sans laisser un ressenti de film gras. On l&rsquo;a adopt\u00e9e et on l&rsquo;utilise autant en \u00e9t\u00e9 qu&rsquo;en hiver, au printemps qu&rsquo;\u00e0 l&rsquo;automne.[\/accordion_item][\/accordion]<\/p>\n<p>[accordion title=\u00a0\u00bb\u00a0\u00bb open1st=\u00a0\u00bb0&Prime; openAll=\u00a0\u00bb0&Prime; style=\u00a0\u00bb\u00a0\u00bb][accordion_item title=\u00a0\u00bbPaiements, livraison &amp; retours\u00a0\u00bb]<\/p>\n<p>Pour les informations sur les alternatives de paiement, de livraison et les retours, merci de cliquer\u00a0<a class=\"linkcgv\" href=\"https:\/\/www.yoga-nest.com\/paiement-livraison-retours\/\" target=\"_blank\" rel=\"noopener\">ICI<\/a><\/p>\n<p>[\/accordion_item][\/accordion]<\/p>\n<p>[one]<\/p>\n<p><span style=\"color: #b01da4;\"><b>La Marque<\/b><\/span><\/p>\n<p><b>Oc\u00e9opin \u2013<\/b><b>La beaut\u00e9 100% bio et naturelle \u00e0 l&rsquo;huile de graines de pin maritime\u00ae<\/b><\/p>\n<p><span style=\"font-weight: 400;\">\u2022 Formules 100\u200a % bio, v\u00e9g\u00e9tales et naturelles<\/span><\/p>\n<p>\u2022 Cosm\u00e9tiques certifi\u00e9s Bio par Ecocert Greenlife + Cosm\u00e9bio et enregistr\u00e9s Vegan aupr\u00e8s de la Vegan Society<\/p>\n<p>\u2022 Sans paraben, sans sulfate, sans ph\u00e9noxy\u00e9thanol, sans silicone, sans colorant, sans perturbateurs endocriniens, sans huile de palme, sans ingr\u00e9dients synth\u00e9tiques pouvant irriter la peau<\/p>\n<p>\u2022 &#8230;<\/p>\n<p><a class=\"boutonmarque\" title=\"Oc\u00e9opin\" href=\"http:\/\/www.yoga-nest.com\/oceopin\/\"><span style=\"font-weight: 400;\">En savoir plus<\/span><\/a><\/p>\n<p>[\/one]<\/p>\n","protected":false},"excerpt":{"rendered":"<p>Gorg\u00e9e d\u2019acides gras essentiels uniques Delta 5, de vitamine E et d\u2019anti-oxydants naturels, l&rsquo;Huile S\u00e9rum Anti-\u00e2ge Oc\u00e9opin oxyg\u00e8ne les cellules en profondeur, repulpe l\u2019\u00e9piderme,\u00a0lisse les rides et combat efficacement le vieillissement cutan\u00e9 et les t\u00e2ches en redonnant souplesse et vitalit\u00e9 \u00e0 votre peau.<\/p>\n<p>Sa formulation a fait l&rsquo;objet de 2 brevets exclusifs. Pour plus de d\u00e9tails sur les certifications bio et les ingr\u00e9dients, d\u00e9couvrez la description de marque plus bas sur cette page.<\/p>\n<p>On la conseille pour toutes les femmes et tous les hommes \u00e0 partir de 30 ans. \u00c0 utiliser seule ou en s\u00e9rum, chaque matin et\/ou soir.<\/p>\n<p>&nbsp;<\/p>\n<p style=\"text-align: center;\">Format manquant ? <a href=\"mailto:serviceclients@yoga-nest.com\">Contactez-nous<\/a><\/p>\n","protected":false},"featured_media":1216,"comment_status":"open","ping_status":"open","template":"","meta":[],"product_cat":[89,28],"product_tag":[167],"_links":{"self":[{"href":"https:\/\/yoganest.vaniseo.pro\/index.php\/wp-json\/wp\/v2\/product\/1215"}],"collection":[{"href":"https:\/\/yoganest.vaniseo.pro\/index.php\/wp-json\/wp\/v2\/product"}],"about":[{"href":"https:\/\/yoganest.vaniseo.pro\/index.php\/wp-json\/wp\/v2\/types\/product"}],"replies":[{"embeddable":true,"href":"https:\/\/yoganest.vaniseo.pro\/index.php\/wp-json\/wp\/v2\/comments?post=1215"}],"wp:featuredmedia":[{"embeddable":true,"href":"https:\/\/yoganest.vaniseo.pro\/index.php\/wp-json\/wp\/v2\/media\/1216"}],"wp:attachment":[{"href":"https:\/\/yoganest.vaniseo.pro\/index.php\/wp-json\/wp\/v2\/media?parent=1215"}],"wp:term":[{"taxonomy":"product_cat","embeddable":true,"href":"https:\/\/yoganest.vaniseo.pro\/index.php\/wp-json\/wp\/v2\/product_cat?post=1215"},{"taxonomy":"product_tag","embeddable":true,"href":"https:\/\/yoganest.vaniseo.pro\/index.php\/wp-json\/wp\/v2\/product_tag?post=1215"}],"curies":[{"name":"wp","href":"https:\/\/api.w.org\/{rel}","templated":true}]}}