{"id":1151,"date":"2022-03-06T23:42:28","date_gmt":"2022-03-06T22:42:28","guid":{"rendered":"https:\/\/yoganest.vaniseo.pro\/index.php\/product\/cache-coeur-wrap\/"},"modified":"2024-03-06T15:40:16","modified_gmt":"2024-03-06T14:40:16","slug":"cache-coeur-wrap","status":"publish","type":"product","link":"https:\/\/yoganest.vaniseo.pro\/index.php\/product\/cache-coeur-wrap\/","title":{"rendered":"Cache-coeur | Wraptop"},"content":{"rendered":"<p>Le Cache-coeur Vervola met en valeur votre f\u00e9minit\u00e9 tout en \u00e9tant id\u00e9al pour une pratique sportive, aucun compromis n&rsquo;est n\u00e9cessaire! On lui demande d&rsquo;\u00eatre confortable, de tenir en place (m\u00eame en inversion), de permettre tous les mouvements sans restriction et il fait tout cela&#8230; On appr\u00e9cie son col V valorisant, l&rsquo;originalit\u00e9 de ses manches \u00be l\u00e9g\u00e8rement fronc\u00e9es, sa large ceinture cousue, sa coupe ajust\u00e9e pr\u00e8s du corps qui \u00e9pouse nos formes et notamment nos hanches.<\/p>\n<p>Il se porte \u00e0 m\u00eame la peau, en mode \u00ab\u00a0braless\u00a0\u00bb (sans rien), sur une brassi\u00e8re de sport ou pourquoi pas sur un soutien-gorge en dentelles. <span style=\"font-weight: 400;\">C\u2019est donc une pi\u00e8ce de base parfaite pour de nombreuses occasions. On le porte tout autant au quotidien sous un pull ou une veste que pour notre pratique de yoga, de pilates ou de danse.<\/span><\/p>\n<p>Il est doux sur la peau et respirable, comme tous les v\u00eatements de la marque Vervola, gr\u00e2ce \u00e0 son m\u00e9lange 90% Modal (fibres d\u00e9riv\u00e9es de mati\u00e8res premi\u00e8res europ\u00e9ennes \u00e0 base de bois) et 10% \u00c9lasthanne, compatible avec notre choix de favoriser des mati\u00e8res durables et une production \u00e9thique et \u00e9quitable,\u00a0<span style=\"font-weight: 400;\">dans une petite entreprise familiale \u00e0 Bali.<\/span><\/p>\n<p>[accordion title=\u00a0\u00bb\u00a0\u00bb open1st=\u00a0\u00bb0&Prime; openAll=\u00a0\u00bb0&Prime;][accordion_item title=\u00a0\u00bbEntretien\u00a0\u00bb]<\/p>\n<p><span style=\"font-weight: 400;\">Voici quelques conseils pour laver et prendre soin de cache-coeur pr\u00e9f\u00e9r\u00e9 :<\/span><\/p>\n<ul>\n<li style=\"font-weight: 400;\" aria-level=\"1\"><span style=\"font-weight: 400;\">Pr\u00e9servez la douceur de ce v\u00eatement en le lavant \u00e0 30 degr\u00e9s maximum ou \u00e0 la main<\/span><\/li>\n<li style=\"font-weight: 400;\" aria-level=\"1\"><span style=\"font-weight: 400;\">Suspendez le posez le \u00e0 plat, \u00e0 l&rsquo;air libre sans utiliser un s\u00e8che-linge<\/span><\/li>\n<li style=\"font-weight: 400;\" aria-level=\"1\"><span style=\"font-weight: 400;\">N&rsquo;utilisez pas de produit blanchissant ou d&rsquo;adoucissant\u00a0<\/span><\/li>\n<li style=\"font-weight: 400;\" aria-level=\"1\"><span style=\"font-weight: 400;\">Pas n\u00e9cessaire de le<\/span><span style=\"font-weight: 400;\">\u00a0repasser ni de le nettoyer \u00e0 sec\u00a0<\/span><\/li>\n<\/ul>\n<p>[\/accordion_item][\/accordion][accordion title=\u00a0\u00bb\u00a0\u00bb open1st=\u00a0\u00bb0&Prime; openAll=\u00a0\u00bb0&Prime;][accordion_item title=\u00a0\u00bbTypes d&rsquo;activit\u00e9s\u00a0\u00bb]<span style=\"font-weight: 400;\">Pilates, Yin Yoga, Yoga Restauratif, Hatha Yoga, Flow Yoga, Yoga Nidra, M\u00e9ditation, Iyengar Yoga, Yoga a\u00e9rien, Yoga pr\u00e9natal, Yoga en plein air, Yoga en voyage, Automassage myofascial, Stretching, Streetwear, Casualwear, Style relax et Cocooning \u00e0 la maison<\/span>[\/accordion_item][\/accordion]<span style=\"font-weight: 400;\">[accordion title=\u00a0\u00bb\u00a0\u00bb open1st=\u00a0\u00bb0&Prime; openAll=\u00a0\u00bb0&Prime;][accordion_item title=\u00a0\u00bbPourquoi on adore ce produit\u00a0\u00bb]<\/span><\/p>\n<p><span style=\"font-weight: 400;\">Comme tous les v\u00eatements Vervola, on adore ce top \u00e0 manches 3\/4, qui devient vite un incontournable qu&rsquo;on ne manquera jamais de prendre avec nous, pour le sport, la d\u00e9tente ou en weekend &#8230;\u00a0<\/span><span style=\"font-weight: 400;\">Il est id\u00e9al pour accompagner notre pratique de yoga, quel que soit le style et le rythme, en m\u00e9ditation ainsi que pour nos pratiques Yin lors desquelles la temp\u00e9rature du corps aura tendance \u00e0 baisser. On le porte aussi tous les jours, \u00e0 la maison, au travail et m\u00eame en sortie &#8211; toujours sexy le cache-coeur et tellement confortable pour danser \u00e0 toute heure de la nuit&#8230;\u00a0<\/span><\/p>\n<p>On est fan inconditionnelles de la mati\u00e8re \u00ab\u00a0douce comme du beurre\u00a0\u00bb de tous les v\u00eatements con\u00e7us par Vervola!<\/p>\n<p><span style=\"font-weight: 400;\">De plus, on adore qu&rsquo;il soit\u00a0emball\u00e9 par Vervola dans un sac en tissu r\u00e9utilisable, sans d\u00e9chet. C\u2019est hyper actuel, efficace et original. Vous pouvez astucieusement r\u00e9utiliser ce petit sac en filet pour faire vos courses, ranger vos chaussettes et lingeries en voyage ou comme sac de lavage pour les v\u00eatements d\u00e9licats.\u00a0<\/span><\/p>\n<p><span style=\"font-weight: 400;\">[\/accordion_item][\/accordion]<\/span>[accordion title=\u00a0\u00bb\u00a0\u00bb open1st=\u00a0\u00bb0&Prime; openAll=\u00a0\u00bb0&Prime; style=\u00a0\u00bb\u00a0\u00bb][accordion_item title=\u00a0\u00bbPaiement, livraison &amp; retours\u00a0\u00bb]Pour les informations sur les alternatives de paiement, de livraison et les retours, merci de cliquer <a class=\"linkcgv\" href=\"https:\/\/www.yoga-nest.com\/paiement-livraison-retours\/\" target=\"_blank\" rel=\"noopener\">ICI<\/a>.[\/accordion_item][\/accordion]<\/p>\n<p><span style=\"color: #b01da4;\"><b>La Marque<\/b><\/span><\/p>\n<p><b>Vervola \u2013 Vervola &#8211; Inspir\u00e9 par le yoga, con\u00e7u en Suisse, fabriqu\u00e9 \u00e0 Bali dans le cadre d&rsquo;une production durable et \u00e9thique<\/b><\/p>\n<p><span style=\"font-weight: 400;\">Vervola est une <\/span><b>start-up familiale suisse<\/b><span style=\"font-weight: 400;\">, n\u00e9e en 2019. Des tops et des pantalons qui sont <\/span><b>tous doux et ultra-confortables, mettent en valeur votre corps et combinent des coupes intemporelles avec des motifs tendance.\u00a0<\/b><span style=\"font-weight: 400;\">Con\u00e7us en Suisse par Susanne, ils sont tous uniques car fabriqu\u00e9s pi\u00e8ce par pi\u00e8ce de fa\u00e7on artisanale sur l&rsquo;Ile de Bali en artisanat responsable.<\/span><\/p>\n<p><a class=\"boutonmarque\" title=\"Vervola\" href=\"https:\/\/www.yoga-nest.com\/?page_id=8094&amp;preview=true\"><span style=\"font-weight: 400;\">En savoir plus<\/span><\/a><\/p>\n","protected":false},"excerpt":{"rendered":"<p><span style=\"font-weight: 400;\">Ultra-f\u00e9minine, la coupe cache-coeur met nos formes en valeur tout en douceur. Plut\u00f4t pr\u00e8s du corps, ce top est aussi extr\u00eamement confortable de par sa mati\u00e8re souple et douce, \u00a0<\/span><\/p>\n<p><span style=\"font-weight: 400;\">Il offre de l&rsquo;aisance dans tous vos mouvements, que ce soit sur un tapis de yoga, de pilates, dans une salle de danse ou port\u00e9 au quotidien, seul ou m\u00eame sous une veste ample ou de tailleur.<\/span><\/p>\n<p><span style=\"font-weight: 400;\">Avec son d\u00e9collet\u00e9 en V et ses manches \u00be ajust\u00e9es, il donne un tr\u00e8s bel effet au niveau de la poitrine et des \u00e9paules et vient entourer la taille et le haut des hanches d&rsquo;une fa\u00e7on r\u00e9solument valorisante.<\/span><\/p>\n<p>Propos\u00e9 en noir, \u00e9cru, rose tendre et vert olive, il s&rsquo;accorde avec tous nos bas avec \u00e9l\u00e9gance, lumi\u00e8re ou douceur. On le porte avec un pantalon , un legging ou une jupe, autant en tailles hautes que basses. Et en plus Vervola a con\u00e7u dans la m\u00eame mati\u00e8re plusieurs mod\u00e8les de pantalons et shorts assortis. \u00c0 d\u00e9couvrir sur le E-Shop YOGANEST et\/ou \u00e0 notre Boutique de Carouge.<\/p>\n<p>&nbsp;<\/p>\n<p>[button title=\u00a0\u00bbGuide des tailles\u00a0\u00bb link=\u00a0\u00bbhttps:\/\/www.yoga-nest.com\/tailles\u00a0\u00bb target=\u00a0\u00bb_blank\u00a0\u00bb align=\u00a0\u00bbcenter\u00a0\u00bb icon=\u00a0\u00bb\u00a0\u00bb icon_position=\u00a0\u00bb\u00a0\u00bb color=\u00a0\u00bb\u00a0\u00bb font_color=\u00a0\u00bb\u00a0\u00bb size=\u00a0\u00bb2&Prime; full_width=\u00a0\u00bb\u00a0\u00bb class=\u00a0\u00bbbouttontaille\u00a0\u00bb download=\u00a0\u00bb\u00a0\u00bb rel=\u00a0\u00bb\u00a0\u00bb]<\/p>\n<p>&nbsp;<\/p>\n<p class=\"manquante\" style=\"text-align: center;\">Taille ou couleur manquante ? <a href=\"mailto:serviceclients@yoga-nest.com\">Contactez-nous<\/a><\/p>\n","protected":false},"featured_media":1152,"comment_status":"open","ping_status":"open","template":"","meta":[],"product_cat":[62,95],"product_tag":[77],"_links":{"self":[{"href":"https:\/\/yoganest.vaniseo.pro\/index.php\/wp-json\/wp\/v2\/product\/1151"}],"collection":[{"href":"https:\/\/yoganest.vaniseo.pro\/index.php\/wp-json\/wp\/v2\/product"}],"about":[{"href":"https:\/\/yoganest.vaniseo.pro\/index.php\/wp-json\/wp\/v2\/types\/product"}],"replies":[{"embeddable":true,"href":"https:\/\/yoganest.vaniseo.pro\/index.php\/wp-json\/wp\/v2\/comments?post=1151"}],"wp:featuredmedia":[{"embeddable":true,"href":"https:\/\/yoganest.vaniseo.pro\/index.php\/wp-json\/wp\/v2\/media\/1152"}],"wp:attachment":[{"href":"https:\/\/yoganest.vaniseo.pro\/index.php\/wp-json\/wp\/v2\/media?parent=1151"}],"wp:term":[{"taxonomy":"product_cat","embeddable":true,"href":"https:\/\/yoganest.vaniseo.pro\/index.php\/wp-json\/wp\/v2\/product_cat?post=1151"},{"taxonomy":"product_tag","embeddable":true,"href":"https:\/\/yoganest.vaniseo.pro\/index.php\/wp-json\/wp\/v2\/product_tag?post=1151"}],"curies":[{"name":"wp","href":"https:\/\/api.w.org\/{rel}","templated":true}]}}