{"id":1134,"date":"2022-03-06T22:54:21","date_gmt":"2022-03-06T21:54:21","guid":{"rendered":"https:\/\/yoganest.vaniseo.pro\/index.php\/product\/sweat-8-limbs\/"},"modified":"2024-03-06T15:36:07","modified_gmt":"2024-03-06T14:36:07","slug":"sweat-8-limbs","status":"publish","type":"product","link":"https:\/\/yoganest.vaniseo.pro\/index.php\/product\/sweat-8-limbs\/","title":{"rendered":"Sweat | 8 Piliers du yoga"},"content":{"rendered":"<p><span style=\"font-weight: 400;\">Sweat intemporel, f\u00e9minin en coton 100% biologique durable.<\/span><\/p>\n<p><span style=\"font-weight: 400;\">Cet article est l\u2019association d&rsquo;un coton organique tr\u00e8s doux, d&rsquo;une coupe \u00e9l\u00e9gante, l\u00e9g\u00e8rement ample et courte. Rose poudr\u00e9 aux lettres dor\u00e9es ou blanc en \u00e9criture noire, lequel sera votre coup de coeur?. <\/span><\/p>\n<p><span style=\"font-weight: 400;\">Tel\u00a0un nouveau classique, ce pull sign\u00e9 Enso Tribe donne envie de s&rsquo;y lover. Il est totalement adapt\u00e9 \u00e0 une journ\u00e9e cocooning, pour une pratique de yoga douce ou \u00e0 porter au quotidien. Sa coupe un peu plus courte et plus ample qu&rsquo;un sweat classique, associ\u00e9e aux 2 bords \u00e0 c\u00f4tes larges lui donnent r\u00e9solument du caract\u00e8re!\u00a0<\/span><\/p>\n<p><span style=\"font-weight: 400;\">La sensation du coton organique est incroyable sur votre peau et vous aidera \u00e0 ralentir et \u00e0 profiter de votre temps libre pour vous d\u00e9tendre. La couleur rose pastel est \u00e9galement parfaite pour une touche de couleur douce en toute saison. Le blanc est intemporel.\u00a0<\/span><\/p>\n<p><span style=\"font-weight: 400;\">Avec son imprim\u00e9 \u00ab\u00a08 limbs of yoga\u00a0\u00bb, il se fait messager pour rappeler que le yoga va bien au-del\u00e0 de la pratique de postures. Il nous rappelle tout ce qui compose le yoga en tant que pratique compl\u00e8te: Yama &#8211; Niyama &#8211; Asana &#8211; Pranayama &#8211; Pratyara &#8211; Dharana &#8211; Dhyana (les 8 piliers du yoga).<\/span><\/p>\n<p>[accordion title=\u00a0\u00bb\u00a0\u00bb open1st=\u00a0\u00bb0&Prime; openAll=\u00a0\u00bb0&Prime;][accordion_item title=\u00a0\u00bbEntretien\u00a0\u00bb]<span style=\"font-weight: 400;\">Voici quelques conseils concernant le lavage et l\u2019entretien de votre sweat 8 Limbs of yoga afin d&rsquo;en tirer le meilleur parti\u00a0:<\/span><\/p>\n<ul>\n<li style=\"font-weight: 400;\" aria-level=\"1\"><span style=\"font-weight: 400;\">Lavez-le <\/span><span style=\"font-weight: 400;\">en machine \u00e0 froid<\/span><\/li>\n<li style=\"font-weight: 400;\" aria-level=\"1\"><span style=\"font-weight: 400;\">Pr\u00e9f\u00e9rez le s\u00e9chage \u00e0 l&rsquo;air libre<\/span><\/li>\n<li style=\"font-weight: 400;\" aria-level=\"1\"><span style=\"font-weight: 400;\">N&rsquo;utilisez pas d&rsquo;agent de blanchiment ou d&rsquo;adoucissant sur votre haut.<\/span><\/li>\n<li style=\"font-weight: 400;\" aria-level=\"1\"><span style=\"font-weight: 400;\">Repassez votre pull \u00e0 basse temp\u00e9rature<\/span>[\/accordion_item][\/accordion][accordion title=\u00a0\u00bb\u00a0\u00bb open1st=\u00a0\u00bb0&Prime; openAll=\u00a0\u00bb0&Prime;][accordion_item title=\u00a0\u00bbTypes d&rsquo;activit\u00e9s\u00a0\u00bb]Yin Yoga, Yoga Restauratif, Hatha Yoga, Flow Yoga, Yoga Nidra, M\u00e9ditation, Iyengar Yoga, Yoga pr\u00e9natal, Yoga en plein air, Yoga en voyage, Stretching, Streetwear, Casualwear, Style relax, Cocooning \u00e0 la maison[\/accordion_item][\/accordion][accordion title=\u00a0\u00bb\u00a0\u00bb open1st=\u00a0\u00bb0&Prime; openAll=\u00a0\u00bb0&Prime;][accordion_item title=\u00a0\u00bbPourquoi on adore ce produit\u00a0\u00bb]On adore ce sweat passe-partout et en m\u00eame temps hyper tendance. On a juste envie de se blottir dedans, s&rsquo;abandonner \u00e0 sa douceur, \u00e0 sa couleur tendre.<\/li>\n<\/ul>\n<p><span style=\"font-weight: 400;\">On peut le porter avec un legging ou avec un jeans. Pour une s\u00e9ance de m\u00e9ditation, pour une journ\u00e9e d\u00e9tente \u00e0 la maison ou pour une sortie en ville entre copines. On aime avoir ce type de v\u00eatement dans notre penderie, c\u2019est un indispensable.<\/span><\/p>\n<p><span style=\"font-weight: 400;\">Le texte imprim\u00e9 nous incite \u00e0 nous recentrer et trouver notre \u00e9quilibre, physique, \u00e9nerg\u00e9tique et mental parce que c&rsquo;est important, que \u00e7a nous fait du bien et que \u00e7a stimule notre \u00e9volution.\u00a0<\/span>[\/accordion_item][\/accordion][accordion title=\u00a0\u00bb\u00a0\u00bb open1st=\u00a0\u00bb0&Prime; openAll=\u00a0\u00bb0&Prime; style=\u00a0\u00bb\u00a0\u00bb][accordion_item title=\u00a0\u00bbPaiement, livraison &amp; retours\u00a0\u00bb]Pour les informations sur les alternatives de paiement, de livraison et les retours, merci de cliquer <a class=\"linkcgv\" href=\"https:\/\/www.yoga-nest.com\/paiement-livraison-retours\/\" target=\"_blank\" rel=\"noopener\">ICI<\/a>.[\/accordion_item][\/accordion]<\/p>\n<p><span style=\"color: #b01da4;\"><b>La Marque<\/b><\/span><\/p>\n<p><strong>Enso Tribe &#8211; produits \u00e9thiques, durables et respectueux de l&rsquo;environnement<\/strong><\/p>\n<p>The enso tribe of sweden AB est une marque su\u00e9doise qui propose un large choix de v\u00eatements de yoga. Sa mission est de proposer au monde du yoga des produits durables, \u00e9thiques et respectueux de l&rsquo;environnement.<\/p>\n<p>Elle valorise au premier plan des mati\u00e8res premi\u00e8res biologiques, des conditions de travail \u00e9quitable, une impression \u00e9cologique et les meilleurs moyens de transport possibles. Enso Tribe contribue ainsi \u00e0 un monde meilleur et plus durable.<\/p>\n<p><a class=\"boutonmarque\" title=\"Enso Tribe\" href=\"http:\/\/yoga-nest.com\/enso-tribe\/\" target=\"&quot;\" rel=\"noopener\"><span style=\"font-weight: 400;\">En savoir plus<\/span><\/a><\/p>\n","protected":false},"excerpt":{"rendered":"<p><span style=\"font-weight: 400;\">Sweat rose p\u00e2le ou blanc de la marque Enso Tribe. Il a une coupe originale, tendance avec sa forme un peu large et courte. C&rsquo;est un v\u00eatement coup de coeur, qui ne fait aucune concession, ni sur la qualit\u00e9, le confort, l&rsquo;originalit\u00e9 ni m\u00eame sur la fonction utile avec ce message imprim\u00e9 qu&rsquo;il distille \u00e9l\u00e9gamment en suscitant l&rsquo;attention.\u00a0<\/span><\/p>\n<p><span style=\"font-weight: 400;\">Cet article de Enso Tribe est fabriqu\u00e9 avec du coton biologique doux et durable. Il est l\u00e9g\u00e8rement doubl\u00e9 pour tenir un peu plus chaud en mi-saison et le rendre encore plus doux sur notre peau.<\/span><\/p>\n<p>&nbsp;<\/p>\n<p>[button title=\u00a0\u00bbGuide des tailles\u00a0\u00bb link=\u00a0\u00bbhttps:\/\/www.yoga-nest.com\/tailles\u00a0\u00bb target=\u00a0\u00bb_blank\u00a0\u00bb align=\u00a0\u00bbcenter\u00a0\u00bb icon=\u00a0\u00bb\u00a0\u00bb icon_position=\u00a0\u00bb\u00a0\u00bb color=\u00a0\u00bb\u00a0\u00bb font_color=\u00a0\u00bb\u00a0\u00bb size=\u00a0\u00bb2&Prime; full_width=\u00a0\u00bb\u00a0\u00bb class=\u00a0\u00bbbouttontaille\u00a0\u00bb download=\u00a0\u00bb\u00a0\u00bb rel=\u00a0\u00bb\u00a0\u00bb]<\/p>\n<p>&nbsp;<\/p>\n<p class=\"manquante\" style=\"text-align: center;\">Taille ou couleur manquante ? <a href=\"mailto:serviceclients@yoga-nest.com\">Contactez-nous<\/a><\/p>\n","protected":false},"featured_media":1135,"comment_status":"open","ping_status":"open","template":"","meta":[],"product_cat":[62,94],"product_tag":[68],"_links":{"self":[{"href":"https:\/\/yoganest.vaniseo.pro\/index.php\/wp-json\/wp\/v2\/product\/1134"}],"collection":[{"href":"https:\/\/yoganest.vaniseo.pro\/index.php\/wp-json\/wp\/v2\/product"}],"about":[{"href":"https:\/\/yoganest.vaniseo.pro\/index.php\/wp-json\/wp\/v2\/types\/product"}],"replies":[{"embeddable":true,"href":"https:\/\/yoganest.vaniseo.pro\/index.php\/wp-json\/wp\/v2\/comments?post=1134"}],"wp:featuredmedia":[{"embeddable":true,"href":"https:\/\/yoganest.vaniseo.pro\/index.php\/wp-json\/wp\/v2\/media\/1135"}],"wp:attachment":[{"href":"https:\/\/yoganest.vaniseo.pro\/index.php\/wp-json\/wp\/v2\/media?parent=1134"}],"wp:term":[{"taxonomy":"product_cat","embeddable":true,"href":"https:\/\/yoganest.vaniseo.pro\/index.php\/wp-json\/wp\/v2\/product_cat?post=1134"},{"taxonomy":"product_tag","embeddable":true,"href":"https:\/\/yoganest.vaniseo.pro\/index.php\/wp-json\/wp\/v2\/product_tag?post=1134"}],"curies":[{"name":"wp","href":"https:\/\/api.w.org\/{rel}","templated":true}]}}