{"id":110,"date":"2021-03-24T00:51:33","date_gmt":"2021-03-23T23:51:33","guid":{"rendered":"https:\/\/yoganest.vaniseo.pro\/index.php\/product\/tapis-velours-the-moon\/"},"modified":"2024-03-06T09:27:22","modified_gmt":"2024-03-06T08:27:22","slug":"tapis-velours-the-moon","status":"publish","type":"product","link":"https:\/\/yoganest.vaniseo.pro\/index.php\/product\/tapis-velours-the-moon\/","title":{"rendered":"Tapis Velours | Moon"},"content":{"rendered":"<p><span style=\"font-weight: 400;\">Le tapis de yoga Moon en velours est l&rsquo;indispensable des accessoires de yoga pour tous les yogis et yoginis ne voulant pas s&rsquo;encombrer. En effet, ce tapis se plie et se roule et peut facilement \u00eatre rang\u00e9 dans un sac ou une valise. Il est ultra-l\u00e9ger et fabriqu\u00e9 avec une surface antid\u00e9rapante adapt\u00e9e \u00e0 tous les styles de yoga.<\/span><\/p>\n<p><span style=\"font-weight: 400;\">Le dessin du tapis Moon est un ensemble de motifs inspirants reprenant les cycles de la lune.<\/span><\/p>\n<p><span style=\"font-weight: 400;\">Dessous, il est en caoutchouc naturel durable (biod\u00e9gradable), une surface tr\u00e8s antid\u00e9rapante qui permet de garantir une bonne adh\u00e9rence au sol.<\/span><\/p>\n<p><span style=\"font-weight: 400;\">La face sup\u00e9rieure du tapis est constitu\u00e9e d&rsquo;un mat\u00e9riau sp\u00e9cial en microfibre (comme en velours), qui procure une sensation de douceur velout\u00e9e.<\/span><\/p>\n<p><span style=\"font-weight: 400;\">Ce tapis est exempt de PVC, de silicone et de phtalates.<\/span><\/p>\n<p><span style=\"font-weight: 400;\">Contrairement \u00e0 d&rsquo;autres tapis sur lesquels vous glissez rapidement lorsque vos mains et vos pieds sont mouill\u00e9s, cette surface en microfibres est con\u00e7ue pour vous donner plus d&rsquo;adh\u00e9rence lorsque votre peau est l\u00e9g\u00e8rement humide. Ce tapis de yoga convient donc parfaitement aux personnes qui transpirent rapidement ou aux styles de yoga dynamique suivants : yoga Bikram, power yoga, hot yoga.<\/span><\/p>\n<p><span style=\"font-weight: 400;\">Si vous faites fr\u00e9quemment la pose du chien t\u00eate en bas et que vos mains et vos pieds ont tendance \u00e0 transpirer, les tapis de yoga en velours seront merveilleux pour vous.<\/span><\/p>\n<p><span style=\"font-weight: 400;\">Par contre, si votre peau reste s\u00e8che pendant votre pratique de yoga ou si vous pratiquez en chaussettes, ce type de tapis est d\u00e9conseill\u00e9. Nous vous conseillons dans ces cas la gamme SuperGrip.<\/span><\/p>\n<p>[accordion title=\u00a0\u00bb\u00a0\u00bb open1st=\u00a0\u00bb0&Prime; openAll=\u00a0\u00bb0&Prime;][accordion_item title=\u00a0\u00bbEntretien\u00a0\u00bb]<span style=\"font-weight: 400;\">Le tapis Moon devrait toujours \u00eatre rang\u00e9 dans un lieu sec et \u00e0 l\u2019abri de la lumi\u00e8re. Par exemple dans un sac de transport pour tapis de yoga.<\/span><\/p>\n<p><span style=\"font-weight: 400;\">Si des taches apparaissent sur le tapis, essuyez-le d\u00e9licatement avec un chiffon humide, puis laissez le s\u00e9cher.\u00a0<\/span><\/p>\n<p><span style=\"font-weight: 400;\">Le lavage \u00e0 la main est conseill\u00e9. Si vous souhaitez tout de m\u00eame laver le tapis en machine, veuillez tenir compte des points suivants :<\/span><\/p>\n<ul>\n<li style=\"font-weight: 400;\" aria-level=\"1\"><span style=\"font-weight: 400;\">Le laver \u00e0 maximum 30\u00b0 C<\/span><\/li>\n<li style=\"font-weight: 400;\" aria-level=\"1\"><span style=\"font-weight: 400;\">Utilisez cycle d\u00e9licat (faible rotation du tambour, pas d&rsquo;essorage)<\/span><\/li>\n<li style=\"font-weight: 400;\" aria-level=\"1\"><span style=\"font-weight: 400;\">Employez un d\u00e9tergent doux. Ne pas utiliser d&rsquo;adoucissant pour le linge\u00a0<\/span><\/li>\n<li style=\"font-weight: 400;\" aria-level=\"1\"><span style=\"font-weight: 400;\">\u00c9tendre le tapis de yoga \u00e0 l&rsquo;ombre dans un endroit a\u00e9r\u00e9<\/span>[\/accordion_item][\/accordion][accordion title=\u00a0\u00bb\u00a0\u00bb open1st=\u00a0\u00bb0&Prime; openAll=\u00a0\u00bb0&Prime; style=\u00a0\u00bb\u00a0\u00bb][accordion_item title=\u00a0\u00bbTypes d&rsquo;activit\u00e9s\u00a0\u00bb]Pilates, Yin yoga, Yoga restauratif, M\u00e9ditation, Hatha-yoga, Flow yoga, Ashtanga yoga, Yoga nidra, Mindfulness, Iyengar yoga, Yoga a\u00e9rien, Automassage myofascial, Pilates, Stretching[\/accordion_item][\/accordion]<\/li>\n<\/ul>\n<p>[accordion title=\u00a0\u00bb\u00a0\u00bb open1st=\u00a0\u00bb0&Prime; openAll=\u00a0\u00bb0&Prime; style=\u00a0\u00bb\u00a0\u00bb][accordion_item title=\u00a0\u00bbPourquoi on adore ce produit\u00a0\u00bb]<span style=\"font-weight: 400;\">On adore ses dessins hyper tendances et qui le rendent unique. Quel plaisir de pratiquer sur un tapis qui nous correspond et qui nous donne envie de se relaxer.<\/span><\/p>\n<p><span style=\"font-weight: 400;\">Lorsqu\u2019on est sur le tapis de velours Moon, on pourrait y rester des heures. Les mat\u00e9riaux utilis\u00e9s sont de qualit\u00e9 et on le ressent.\u00a0<\/span><\/p>\n<p><span style=\"font-weight: 400;\">La forme s\u2019adapte \u00e0 notre corps et nous \u00e9vite toutes douleurs aux articulations. De plus, son adh\u00e9rence est incroyable. Peu importe le lieu ou la transpiration sur notre corps, on ne glissera pas. Il absorbe l\u2019humidit\u00e9 et rend notre s\u00e9ance de sport facile et agr\u00e9able.<\/span>[\/accordion_item][\/accordion]<\/p>\n<p>[accordion title=\u00a0\u00bb\u00a0\u00bb open1st=\u00a0\u00bb0&Prime; openAll=\u00a0\u00bb0&Prime; style=\u00a0\u00bb\u00a0\u00bb][accordion_item title=\u00a0\u00bbPaiements, livraison &amp; retours\u00a0\u00bb]Pour les informations sur les alternatives de paiement, de livraison et les retours, merci de cliquer\u00a0<a class=\"linkcgv\" href=\"https:\/\/www.yoga-nest.com\/paiement-livraison-retours\/\" target=\"_blank\" rel=\"noopener\">ICI<\/a>[\/accordion_item][\/accordion]<\/p>\n<p>[one]<\/p>\n<p><span style=\"color: #b01da4;\"><b>La Marque<\/b><\/span><\/p>\n<p><b>Yoga Boutique \u2013 Des articles pour le yoga exclusifs, fonctionnels et \u00e9thiques<\/b><\/p>\n<p><span style=\"font-weight: 400;\">Yoga Boutique est une <\/span><b>start-up familiale suisse<\/b><span style=\"font-weight: 400;\">, n\u00e9e en 2018. Leur gamme est soigneusement s\u00e9lectionn\u00e9e : <\/span><b>tapis de yoga fabriqu\u00e9s \u00e0 partir de mat\u00e9riaux durables, beaux coussins de m\u00e9ditation, v\u00eatements de yoga super confortables pour tous. <\/b><span style=\"font-weight: 400;\">Les produits sont con\u00e7us directement par les fondateurs et sont donc exclusifs. Un soin particulier est donn\u00e9 \u00e0 la provenance des mat\u00e9riaux, aux designs et aux fonctionnalit\u00e9s.<\/span><\/p>\n<p><a class=\"boutonmarque\" title=\"Yoga Boutique\" href=\"http:\/\/www.yoga-nest.com\/yoga-boutique\/\"><span style=\"font-weight: 400;\">En savoir plus<\/span><\/a><\/p>\n<p>[\/one]<\/p>\n","protected":false},"excerpt":{"rendered":"<div class=\"j-module n j-hr \">\n<p><span style=\"font-weight: 400;\">Tapis de yoga en velours au design exclusif et tendance, avec une surface douce et velout\u00e9e.<\/span><\/p>\n<p><span style=\"font-weight: 400;\">La surface en microfibre absorbe l&rsquo;humidit\u00e9. Les tapis de yoga \u00ab\u00a0Velours\u00a0\u00bb sont donc tr\u00e8s bien adapt\u00e9s aux pratiquants qui transpirent facilement et sont, pour ainsi dire, des tapis de yoga et des serviettes de yoga tout-en-un.\u00a0<\/span><\/p>\n<p><span style=\"font-weight: 400;\">Pratiquer son activit\u00e9 sans se soucier des \u00e9ventuels d\u00e9rapages est un confort dont on a besoin au quotidien. Ceci est rendu possible gr\u00e2ce au caoutchouc naturel durable. Une fois essay\u00e9, ce tapis est approuv\u00e9.<\/span><\/p>\n<p><span style=\"font-weight: 400;\">Le tapis de yoga velours Moon vous rappelle l&rsquo;univers et les phases de la lune. Gr\u00e2ce \u00e0 ce visuel relaxant, vous pouvez vous laisser aller et suivre votre s\u00e9ance dans une atmosph\u00e8re agr\u00e9able.<\/span><\/p>\n<p>&nbsp;<\/p>\n<p>[button title=\u00a0\u00bbGuide comparatif des tapis\u00a0\u00bb link=\u00a0\u00bbhttps:\/\/www.yoga-nest.com\/tapis_de_yoga_mat\/\u00a0\u00bb target=\u00a0\u00bb_blank\u00a0\u00bb align=\u00a0\u00bbcenter\u00a0\u00bb icon=\u00a0\u00bb\u00a0\u00bb icon_position=\u00a0\u00bb\u00a0\u00bb color=\u00a0\u00bb\u00a0\u00bb font_color=\u00a0\u00bb\u00a0\u00bb size=\u00a0\u00bb2&Prime; full_width=\u00a0\u00bb\u00a0\u00bb class=\u00a0\u00bbbouttontaille\u00a0\u00bb download=\u00a0\u00bb\u00a0\u00bb rel=\u00a0\u00bb\u00a0\u00bb]<\/p>\n<p>&nbsp;<\/p>\n<p class=\"manquante\" style=\"text-align: center;\">Mod\u00e8le manquant ? <a href=\"mailto:serviceclients@yoga-nest.com\">Contactez-nous<\/a><\/p>\n<\/div>\n","protected":false},"featured_media":111,"comment_status":"open","ping_status":"open","template":"","meta":[],"product_cat":[47,48,26,42],"product_tag":[29],"_links":{"self":[{"href":"https:\/\/yoganest.vaniseo.pro\/index.php\/wp-json\/wp\/v2\/product\/110"}],"collection":[{"href":"https:\/\/yoganest.vaniseo.pro\/index.php\/wp-json\/wp\/v2\/product"}],"about":[{"href":"https:\/\/yoganest.vaniseo.pro\/index.php\/wp-json\/wp\/v2\/types\/product"}],"replies":[{"embeddable":true,"href":"https:\/\/yoganest.vaniseo.pro\/index.php\/wp-json\/wp\/v2\/comments?post=110"}],"wp:featuredmedia":[{"embeddable":true,"href":"https:\/\/yoganest.vaniseo.pro\/index.php\/wp-json\/wp\/v2\/media\/111"}],"wp:attachment":[{"href":"https:\/\/yoganest.vaniseo.pro\/index.php\/wp-json\/wp\/v2\/media?parent=110"}],"wp:term":[{"taxonomy":"product_cat","embeddable":true,"href":"https:\/\/yoganest.vaniseo.pro\/index.php\/wp-json\/wp\/v2\/product_cat?post=110"},{"taxonomy":"product_tag","embeddable":true,"href":"https:\/\/yoganest.vaniseo.pro\/index.php\/wp-json\/wp\/v2\/product_tag?post=110"}],"curies":[{"name":"wp","href":"https:\/\/api.w.org\/{rel}","templated":true}]}}