{"id":107,"date":"2021-03-24T00:47:11","date_gmt":"2021-03-23T23:47:11","guid":{"rendered":"https:\/\/yoganest.vaniseo.pro\/index.php\/product\/tapis-liege-cerf-pour-kids\/"},"modified":"2024-03-06T09:27:07","modified_gmt":"2024-03-06T08:27:07","slug":"tapis-liege-cerf-pour-kids","status":"publish","type":"product","link":"https:\/\/yoganest.vaniseo.pro\/index.php\/product\/tapis-liege-cerf-pour-kids\/","title":{"rendered":"Tapis Li\u00e8ge kids | Cerf"},"content":{"rendered":"<p><span style=\"font-weight: 400;\">Ce tapis de yoga pour enfant est imprim\u00e9 d\u2019une t\u00eate de cerf en son centre. Tr\u00e8s graphique est plein de d\u00e9tails qui attirent l&rsquo;\u0153il, ce design plait autant aux filles qu\u2019aux gar\u00e7ons.<\/span><\/p>\n<p><span style=\"font-weight: 400;\">Avec une longueur de 152 cm et une largeur de 61 cm, ce petit tapis de yoga est id\u00e9al pour les enfants. Ils ont tout le loisir de se coucher dessus, de jouer, d\u2019apprendre.\u00a0<\/span><\/p>\n<p><span style=\"font-weight: 400;\">Ils peuvent m\u00eame prendre leur go\u00fbter dessus s\u2019ils le souhaitent, puisque le li\u00e8ge est une mati\u00e8re facile d\u2019entretien, qui se nettoie tr\u00e8s bien. Pratiquement autonettoyante, elle est \u00e9galement antibact\u00e9rienne.\u00a0<\/span><\/p>\n<p><span style=\"font-weight: 400;\">D\u2019une \u00e9paisseur de 5mm, les articulations fragiles de vos petits seront bien prot\u00e9g\u00e9es. De plus, le li\u00e8ge est isolant, ce qui permet de ne pas ressentir le froid venant du sol. Ils se sentiront \u00e0 l\u2019aise et en s\u00e9curit\u00e9 sur toutes les surfaces. Leurs petits pieds auront toujours une temp\u00e9rature agr\u00e9able.<\/span><\/p>\n<p><span style=\"font-weight: 400;\">Le caoutchouc naturel de la face inf\u00e9rieure permet une bonne adh\u00e9rence sur tous les types de sol. Le tapis de yoga ne glisse pas et vos enfants non plus !\u00a0<\/span><\/p>\n<p><span style=\"font-weight: 400;\">Le dessus du tapis de yoga est en li\u00e8ge 100% naturel. La sant\u00e9 des petits est ainsi assur\u00e9e puisque le tapis est certifi\u00e9 sans PVC, silicone et phtalates. Il est respectueux de l\u2019environnement et biod\u00e9gradable. Si vos enfants souffrent d\u2019allergies, ce tapis est le choix id\u00e9al puisque le li\u00e8ge a des propri\u00e9t\u00e9s anti-allergiques et est tr\u00e8s hygi\u00e9nique.\u00a0<\/span><\/p>\n<p><span style=\"font-weight: 400;\">Finalement, le tapis en li\u00e8ge est r\u00e9sistant : il ne se d\u00e9forme pas, il est souple et ne se fragilise pas avec le temps. Vous pouvez ais\u00e9ment rouler votre tapis pour le ranger.<\/span><\/p>\n<p>[accordion title=\u00a0\u00bb\u00a0\u00bb open1st=\u00a0\u00bb0&Prime; openAll=\u00a0\u00bb0&Prime;][accordion_item title=\u00a0\u00bbEntretien\u00a0\u00bb]<\/p>\n<p><span style=\"font-weight: 400;\">Voici quelques conseils d\u2019entretien pour profiter de votre tapis de yoga pour enfant le plus longtemps possible :<\/span><\/p>\n<ul>\n<li>Apprenez \u00e0 votre enfant \u00e0 soigneusement rouler son tapis, avec la surface color\u00e9e soit \u00e0 l&rsquo;ext\u00e9rieur<\/li>\n<li style=\"font-weight: 400;\" aria-level=\"1\"><span style=\"font-weight: 400;\">Rangez toujours votre tapis dans un endroit sec et \u00e0 l\u2019abri de la lumi\u00e8re directe du soleil. Un sac pour tapis de yoga est une bonne solution de rangement<\/span><\/li>\n<li style=\"font-weight: 400;\" aria-level=\"1\"><span style=\"font-weight: 400;\">Pour nettoyer le tapis quand des taches apparaissent, essuyez-le premi\u00e8rement avec un chiffon fin humide. Vaporisez-le ensuite avec un spray pour tapis de yoga. Laissez-le bien s\u00e9cher avant de le ranger ou de l\u2019utiliser.<\/span><\/li>\n<\/ul>\n<p>[\/accordion_item][\/accordion]<\/p>\n<p>[accordion title=\u00a0\u00bb\u00a0\u00bb open1st=\u00a0\u00bb0&Prime; openAll=\u00a0\u00bb0&Prime;][accordion_item title=\u00a0\u00bbTypes d&rsquo;activit\u00e9s\u00a0\u00bb]<\/p>\n<p><span style=\"font-weight: 400;\">Yin yoga, Yoga restauratif, Hatha yoga, Flow yoga, Power yoga, Vinyasa yoga, Ashtanga yoga, Yoga nidra, M\u00e9ditation, Mindfulness, Iyengar yoga, Yoga a\u00e9rien, Pilates, Stretching.<\/span><\/p>\n<p>[\/accordion_item][\/accordion]<\/p>\n<p>[accordion title=\u00a0\u00bb\u00a0\u00bb open1st=\u00a0\u00bb0&Prime; openAll=\u00a0\u00bb0&Prime;][accordion_item title=\u00a0\u00bbPourquoi on adore ce produit\u00a0\u00bb]<\/p>\n<p><span style=\"font-weight: 400;\">On adore le fait que Yoga Boutique ait pens\u00e9 aux enfants en cr\u00e9ant un tapis de yoga adapt\u00e9 \u00e0 leur petite taille ! Nous sommes totalement convaincus des bienfaits du yoga et nous pensons qu\u2019il n\u2019y a pas d\u2019\u00e2ge pour en profiter. Grandir en apprenant le l\u00e2cher-prise, la pleine conscience, la relaxation est un chemin de vie qui promet d\u2019\u00eatre serein.<\/span><\/p>\n<p><span style=\"font-weight: 400;\">Le look de ce tapis est tr\u00e8s beau, \u00e0 l\u2019image des autres designs graphiques de la marque. Unisexe, les gar\u00e7ons comme les filles appr\u00e9cient le beau dessin de cerf en son centre.\u00a0<\/span><\/p>\n<p><span style=\"font-weight: 400;\">Le li\u00e8ge est un choix de mat\u00e9riau tr\u00e8s malin pour un tapis de yoga pour enfant. En effet, c\u2019est une mati\u00e8re r\u00e9sistante, qui tient dans le temps et ne se fragilise pas. Elle est \u00e9galement tr\u00e8s facile d\u2019entretien, ce qui est un \u00e9l\u00e9ment \u00e0 prendre en compte avec les tout petits.\u00a0<\/span><\/p>\n<p>[\/accordion_item][\/accordion]<\/p>\n<p>[accordion title=\u00a0\u00bb\u00a0\u00bb open1st=\u00a0\u00bb0&Prime; openAll=\u00a0\u00bb0&Prime; style=\u00a0\u00bb\u00a0\u00bb][accordion_item title=\u00a0\u00bbPaiement, livraison &amp; retours\u00a0\u00bb]<br \/>\nPour les informations sur les alternatives de paiement, de livraison et les retours, merci de cliquer <a class=\"linkcgv\" href=\"https:\/\/www.yoga-nest.com\/paiement-livraison-retours\/\" target=\"_blank\" rel=\"noopener\">ICI<\/a><br \/>\n[\/accordion_item][\/accordion]<\/p>\n<p>[one_second][\/one_second]<\/p>\n<p>[one]<\/p>\n<p><span style=\"color: #b01da4;\"><strong>La Marque<\/strong><\/span><\/p>\n<p><strong>Yoga Boutique &#8211; Des articles pour le yoga exclusifs, fonctionnels et \u00e9thiques<\/strong><\/p>\n<p>Yoga Boutique est une <strong>start-up familiale suisse<\/strong>, n\u00e9e en 2018. Leur gamme est soigneusement s\u00e9lectionn\u00e9e : <strong>tapis de yoga fabriqu\u00e9s \u00e0 partir de mat\u00e9riaux durables, beaux coussins de m\u00e9ditation, v\u00eatements de yoga super confortables pour tous. <\/strong>Les produits sont con\u00e7us directement par les fondateurs et sont donc exclusifs. Un soin particulier est donn\u00e9 \u00e0 la provenance des mat\u00e9riaux, aux designs et aux fonctionnalit\u00e9s.<\/p>\n<p><a class=\"boutonmarque\" title=\"Yoga Boutique\" href=\"http:\/\/yoga-nest.com\/yoga-boutique\/\" target=\"_blank\" rel=\"noopener\">En savoir plus<\/a><\/p>\n<p><span style=\"font-weight: 400;\">[\/one] <\/span><\/p>\n<p>&nbsp;<\/p>\n","protected":false},"excerpt":{"rendered":"<p><span style=\"font-weight: 400;\">Yoga Boutique pense ses produits pour qu\u2019ils satisfassent tout le monde, m\u00eame vos enfants ! Il n\u2019est jamais trop t\u00f4t pour commencer \u00e0 pratiquer le yoga et la m\u00e9ditation, c\u2019est pourquoi la marque a d\u00e9velopp\u00e9 un tapis de yoga pour les petits.<\/span><\/p>\n<p><span style=\"font-weight: 400;\">D\u2019une taille id\u00e9ale de 152 x 61 centim\u00e8tres et 5 millim\u00e8tres d\u2019\u00e9paisseur, vos enfants pourront se sentir \u00e0 l\u2019aise pour apprendre le yoga, jouer, faire de la gymnastique.<\/span><\/p>\n<p><span style=\"font-weight: 400;\">Et puisque la sant\u00e9 des plus petits est tr\u00e8s importante, la fabrication de ce tapis de yoga a \u00e9t\u00e9 r\u00e9alis\u00e9e avec beaucoup de soin. Le li\u00e8ge a \u00e9t\u00e9 choisi comme mat\u00e9riau principal. C\u2019est une mati\u00e8re naturelle et antibact\u00e9rienne. Il est \u00e9galement exempt de PVC, de silicone et de phtalates (plastifiants).<\/span><\/p>\n<p>&nbsp;<\/p>\n<p class=\"manquante\" style=\"text-align: center;\">Mod\u00e8le manquant ? <a href=\"mailto:serviceclients@yoga-nest.com\">Contactez-nous<\/a><\/p>\n","protected":false},"featured_media":108,"comment_status":"open","ping_status":"open","template":"","meta":[],"product_cat":[44,45,33,26],"product_tag":[29],"_links":{"self":[{"href":"https:\/\/yoganest.vaniseo.pro\/index.php\/wp-json\/wp\/v2\/product\/107"}],"collection":[{"href":"https:\/\/yoganest.vaniseo.pro\/index.php\/wp-json\/wp\/v2\/product"}],"about":[{"href":"https:\/\/yoganest.vaniseo.pro\/index.php\/wp-json\/wp\/v2\/types\/product"}],"replies":[{"embeddable":true,"href":"https:\/\/yoganest.vaniseo.pro\/index.php\/wp-json\/wp\/v2\/comments?post=107"}],"wp:featuredmedia":[{"embeddable":true,"href":"https:\/\/yoganest.vaniseo.pro\/index.php\/wp-json\/wp\/v2\/media\/108"}],"wp:attachment":[{"href":"https:\/\/yoganest.vaniseo.pro\/index.php\/wp-json\/wp\/v2\/media?parent=107"}],"wp:term":[{"taxonomy":"product_cat","embeddable":true,"href":"https:\/\/yoganest.vaniseo.pro\/index.php\/wp-json\/wp\/v2\/product_cat?post=107"},{"taxonomy":"product_tag","embeddable":true,"href":"https:\/\/yoganest.vaniseo.pro\/index.php\/wp-json\/wp\/v2\/product_tag?post=107"}],"curies":[{"name":"wp","href":"https:\/\/api.w.org\/{rel}","templated":true}]}}