{"id":1065,"date":"2022-03-05T22:22:48","date_gmt":"2022-03-05T21:22:48","guid":{"rendered":"https:\/\/yoganest.vaniseo.pro\/index.php\/product\/coussin-zafu-de-meditation-golden-print\/"},"modified":"2024-03-06T15:41:00","modified_gmt":"2024-03-06T14:41:00","slug":"coussin-zafu-de-meditation-golden-print","status":"publish","type":"product","link":"https:\/\/yoganest.vaniseo.pro\/index.php\/product\/coussin-zafu-de-meditation-golden-print\/","title":{"rendered":"Coussin Zafu de m\u00e9ditation | Golden Print"},"content":{"rendered":"<p><span style=\"font-weight: 400;\">Ce coussin de m\u00e9ditation traditionnel rehausse vos hanches, vous assure stabilit\u00e9 et confort, ce qui vous permettra de vous tenir facilement en position tailleur (Sukhasana), en assise japonaise (Vajrasana) ou en posture du lotus (Padmasana). Votre assise \u00e9tant facilit\u00e9e, vous pourrez prolonger vos s\u00e9ances de m\u00e9ditation et apaiser votre esprit pour une plus longue dur\u00e9e. <\/span><span style=\"font-weight: 400;\">Lors d\u2019une s\u00e9ance de m\u00e9ditation, il est n\u00e9cessaire d\u2019\u00eatre bien install\u00e9 afin de faciliter la concentration et le l\u00e2cher-prise. Si votre pratique se d\u00e9roule sur un coussin non adapt\u00e9 ou directement sur le sol, vous aurez plus de mal \u00e0 vous d\u00e9tendre. <\/span><\/p>\n<p><span style=\"font-weight: 400;\">Ces coussins ronds sont issus d\u2019une fabrication artisanale indienne, cousus \u00e0 la main dans une petite structure en Inde. Ils sont ensuite assembl\u00e9s et remplis ici avec la meilleure balle d\u2019\u00e9peautre suisse. <\/span><\/p>\n<p><span style=\"font-weight: 400;\">Ce zafu vous servira d\u2019oreiller lors de vos positions allong\u00e9es pendant vos s\u00e9ances et \u00e9galement de coussin de si\u00e8ge. En effet, vous pourrez vous y installer en tailleur et cela vous permettra de d\u00e9tendre vos jambes et de bien maintenir votre colonne vert\u00e9brale droite pendant votre s\u00e9ance de m\u00e9ditation. <\/span><\/p>\n<p><span style=\"font-weight: 400;\">Sa fermet\u00e9 vous permet de rester en position assise, jambes crois\u00e9es le tout en offrant un grand confort \u00e0 votre bas du dos. Il vous permettra un moment de m\u00e9ditation zen et une pleine conscience de vous-m\u00eame et de votre corps.Il est confortable et offre un bon soutien de la colonne vert\u00e9brale. Un indispensable pour m\u00e9diter de mani\u00e8re agr\u00e9able et pour vos moments de relaxation. <\/span><\/p>\n<p><span style=\"font-weight: 400;\">Vous appr\u00e9cierez le zafu Golden Print pour vos s\u00e9ances de Yin Yoga, Yoga Restorative et m\u00e9ditation mais aussi, comme coussin de chaise, d\u2019assise ou pos\u00e9 au sol et lorsque vous ne l\u2019utilisez pas pour tout cela, il trouvera sa place en tant que coussin d\u00e9coratif pour donner un style inspirant et cosy \u00e0 votre salon ou votre chambre \u00e0 coucher.<\/span><\/p>\n<p><span style=\"font-weight: 400;\">Mesurant 38 cm de diam\u00e8tre et 13 cm de hauteur et muni d&rsquo;une poign\u00e9e de transport, il est est facile \u00e0 transporter.<\/span><\/p>\n<p>[accordion title=\u00a0\u00bb\u00a0\u00bb open1st=\u00a0\u00bb0&Prime; openAll=\u00a0\u00bb0&Prime;][accordion_item title=\u00a0\u00bbEntretien\u00a0\u00bb]<span style=\"font-weight: 400;\">La housse de coussin ext\u00e9rieure peut \u00eatre retir\u00e9e, vous pouvez ainsi la laver facilement, veillez toutefois \u00e0 la laver \u00e0 la main et la laisser s\u00e9cher \u00e0 l&rsquo;air libre.<\/span>[\/accordion_item][\/accordion]<\/p>\n<p>[accordion title=\u00a0\u00bb\u00a0\u00bb open1st=\u00a0\u00bb0&Prime; openAll=\u00a0\u00bb0&Prime; style=\u00a0\u00bb\u00a0\u00bb][accordion_item title=\u00a0\u00bbTypes d&rsquo;activit\u00e9s\u00a0\u00bb]<span style=\"font-weight: 400;\">Yin Yoga, Yoga Restorative, M\u00e9ditation, Yoga Nidra, Mindfulness, Iyengar yoga, Kundalini yoga, Yoga pr\u00e9natal, Cocooning \u00e0 la maison<\/span>[\/accordion_item][\/accordion]<\/p>\n<p>[accordion title=\u00a0\u00bb\u00a0\u00bb open1st=\u00a0\u00bb0&Prime; openAll=\u00a0\u00bb0&Prime; style=\u00a0\u00bb\u00a0\u00bb][accordion_item title=\u00a0\u00bbPourquoi on adore ce produit\u00a0\u00bb]<span style=\"font-weight: 400;\">Pratique \u00e0 transporter gr\u00e2ce \u00e0 sa sangle de transport, cet oreiller de Yoga pourra vous suivre dans toutes vos s\u00e9ances de yoga : en plein air, lors d\u2019une retraite de yoga, en voyage, \u2026 \u00a0<\/span><\/p>\n<p><span style=\"font-weight: 400;\">Avec sa housse aux motifs traditionnels et ses tonalit\u00e9s de couleurs vari\u00e9es, ce coussin de yoga vous fera voyager jusqu\u2019en Inde, son premier lieu de conception et inspirera votre pratique.. <\/span><\/p>\n<p><span style=\"font-weight: 400;\">On adore son assise confortable et mall\u00e9able gr\u00e2ce au remplissage en \u00e9peautre bio Suisse. <\/span><\/p>\n<p><span style=\"font-weight: 400;\">On aime sa fabrication artisanale d\u2019abord en Inde puis ensuite, en Suisse et ses couleurs qui lui permettent de s&rsquo;int\u00e9grer esth\u00e9tiquement dans notre int\u00e9rieur.<\/span>[\/accordion_item][\/accordion]<\/p>\n<p>[accordion title=\u00a0\u00bb\u00a0\u00bb open1st=\u00a0\u00bb0&Prime; openAll=\u00a0\u00bb0&Prime; style=\u00a0\u00bb\u00a0\u00bb][accordion_item title=\u00a0\u00bbPaiements, livraison &amp; retours\u00a0\u00bb]Pour les informations sur les alternatives de paiement, de livraison et les retours, merci de cliquer\u00a0<a class=\"linkcgv\" href=\"https:\/\/www.yoga-nest.com\/paiement-livraison-retours\/\" target=\"_blank\" rel=\"noopener\">ICI<\/a>[\/accordion_item][\/accordion]<\/p>\n<p>[one]<\/p>\n<p><span style=\"color: #b01da4;\"><b>La Marque<\/b><\/span><\/p>\n<p><b>Yoga Boutique \u2013 Des articles pour le yoga exclusifs, fonctionnels et \u00e9thiques<\/b><\/p>\n<p><span style=\"font-weight: 400;\">Yoga Boutique est une <\/span><b>start-up familiale suisse<\/b><span style=\"font-weight: 400;\">, n\u00e9e en 2018. Leur gamme est soigneusement s\u00e9lectionn\u00e9e : <\/span><b>tapis de yoga fabriqu\u00e9s \u00e0 partir de mat\u00e9riaux durables, beaux coussins de m\u00e9ditation, v\u00eatements de yoga super confortables pour tous. <\/b><span style=\"font-weight: 400;\">Les produits sont con\u00e7us directement par les fondateurs et sont donc exclusifs. Un soin particulier est donn\u00e9 \u00e0 la provenance des mat\u00e9riaux, aux designs et aux fonctionnalit\u00e9s.<\/span><\/p>\n<p><a class=\"boutonmarque\" title=\"Yoga Boutique\" href=\"http:\/\/www.yoga-nest.com\/yoga-boutique\/\"><span style=\"font-weight: 400;\">En savoir plus<\/span><\/a><\/p>\n<p>[\/one]<\/p>\n","protected":false},"excerpt":{"rendered":"<div class=\"j-module n j-hr \">\n<p><span style=\"font-weight: 400;\">Le Zafu favorise vos postures, vous y serez confortablement install\u00e9 en position assise aussi bien qu&rsquo;allong\u00e9. Il est souvent utilis\u00e9 pour la pratique de la m\u00e9ditation et du yoga,\u00a0<\/span><\/p>\n<p><span style=\"font-weight: 400;\">Cousu \u00e0 la main en Inde puis assembl\u00e9 en Suisse, ce mod\u00e8le de coussin rond Golden Print est \u00e9quip\u00e9 d&rsquo;une housse amovible et lavable en coton ainsi que d&rsquo;une housse int\u00e9rieure s\u00e9par\u00e9e pour le remplissage de la meilleure balle d&rsquo;\u00e9peautre suisse. <\/span><\/p>\n<p><span style=\"font-weight: 400;\">Gr\u00e2ce aux zips, vous avez la possibilit\u00e9 d\u2019ajuster la hauteur de votre coussin en retirant ou ajoutant du remplissage. Vous trouverez alors la posture de m\u00e9ditation la plus ad\u00e9quate pour vous, celle qui convient au mieux \u00e0 l&rsquo;ancrage du bas de votre corps, au bon alignement de votre colonne et \u00e0 la d\u00e9tente des \u00e9paules. \u00a0<\/span><\/p>\n<p><span style=\"font-weight: 400;\">Dot\u00e9 d\u2019une sangle de transport, ce coussin zafu de yoga est facile \u00e0 transporter. Ce mod\u00e8le existe en plusieurs couleurs : \u00e9cru, bleu marine ou turquoise. \u00a0<\/span><\/p>\n<\/div>\n<p>&nbsp;<\/p>\n<p style=\"text-align: center;\">Couleur ou mod\u00e8le manquant ? <a href=\"mailto:serviceclients@yoga-nest.com\">Contactez-nous<\/a><\/p>\n","protected":false},"featured_media":1056,"comment_status":"open","ping_status":"open","template":"","meta":[],"product_cat":[54,20],"product_tag":[29],"_links":{"self":[{"href":"https:\/\/yoganest.vaniseo.pro\/index.php\/wp-json\/wp\/v2\/product\/1065"}],"collection":[{"href":"https:\/\/yoganest.vaniseo.pro\/index.php\/wp-json\/wp\/v2\/product"}],"about":[{"href":"https:\/\/yoganest.vaniseo.pro\/index.php\/wp-json\/wp\/v2\/types\/product"}],"replies":[{"embeddable":true,"href":"https:\/\/yoganest.vaniseo.pro\/index.php\/wp-json\/wp\/v2\/comments?post=1065"}],"wp:featuredmedia":[{"embeddable":true,"href":"https:\/\/yoganest.vaniseo.pro\/index.php\/wp-json\/wp\/v2\/media\/1056"}],"wp:attachment":[{"href":"https:\/\/yoganest.vaniseo.pro\/index.php\/wp-json\/wp\/v2\/media?parent=1065"}],"wp:term":[{"taxonomy":"product_cat","embeddable":true,"href":"https:\/\/yoganest.vaniseo.pro\/index.php\/wp-json\/wp\/v2\/product_cat?post=1065"},{"taxonomy":"product_tag","embeddable":true,"href":"https:\/\/yoganest.vaniseo.pro\/index.php\/wp-json\/wp\/v2\/product_tag?post=1065"}],"curies":[{"name":"wp","href":"https:\/\/api.w.org\/{rel}","templated":true}]}}