{"id":104,"date":"2021-03-24T00:35:35","date_gmt":"2021-03-23T23:35:35","guid":{"rendered":"https:\/\/yoganest.vaniseo.pro\/index.php\/product\/tapis-liege-follow-your-heart\/"},"modified":"2024-03-06T09:22:16","modified_gmt":"2024-03-06T08:22:16","slug":"tapis-liege-follow-your-heart","status":"publish","type":"product","link":"https:\/\/yoganest.vaniseo.pro\/index.php\/product\/tapis-liege-follow-your-heart\/","title":{"rendered":"Tapis Li\u00e8ge | Boho Heart"},"content":{"rendered":"<p>Ce tapis de yoga haut de gamme en li\u00e8ge et caoutchouc naturel inspire un v\u00e9ritable bien-\u00eatre.<\/p>\n<p>Le li\u00e8ge est un mat\u00e9riel pr\u00e9sente beaucoup d\u2019avantages pour la pratique du yoga. Il est en effet antibact\u00e9rien, isolant, antid\u00e9rapant et adapt\u00e9 aux personnes allergiques.<\/p>\n<p>Le tapis de yoga en li\u00e8ge Boho Heart repr\u00e9sente le sens de l&rsquo;aventure et le courage de suivre son c\u0153ur. Le dessin en son centre, qui repr\u00e9sente le c\u0153ur comme une cible, nous encourage \u00e0 \u00e9couter notre c\u0153ur et nos \u00e9motions, \u00e0 transformer nos r\u00eaves en r\u00e9alit\u00e9 et \u00e0 profiter pleinement de la vie. Avec un \u00e9clairage positif et bienveillant, en reconnaissant chaque d\u00e9fi comme une aventure qui nous permettra d&rsquo;apprendre sur nous-m\u00eame et de grandir.<\/p>\n<p>Avec 183 cm de long et 66 cm de large, ce tapis de yoga est plus grand que la plupart des tapis de yoga classiques. L\u2019\u00e9paisseur de 5.5 mm assure un amortissement optimal de vos articulations, m\u00eame sur une surface dure.<\/p>\n<p>La face inf\u00e9rieure du tapis de yoga en li\u00e8ge est constitu\u00e9e de caoutchouc naturel durable de 4,5 mm. De ce fait, le tapis de yoga a une bonne adh\u00e9rence sur n&rsquo;importe quelle surface et ne glisse pas.<\/p>\n<p>La face sup\u00e9rieure du tapis de yoga est compos\u00e9e de li\u00e8ge 100% naturel, qui poss\u00e8de des propri\u00e9t\u00e9s antibact\u00e9riennes naturelles gr\u00e2ce \u00e0 ses cellules de li\u00e8ge autonomes. Il est donc tr\u00e8s facile \u00e0 nettoyer et quasiment autonettoyant.<\/p>\n<p>La combinaison de caoutchouc naturel et de li\u00e8ge assure une bonne prise en main pendant les exercices ainsi qu&rsquo;une sensation agr\u00e9able pendant les phases de relaxation.<\/p>\n<p>Cet article se roule facilement et sans risque d\u2019\u00eatre ab\u00eem\u00e9. Le li\u00e8ge est un mat\u00e9riau souple qui ne se fragilise pas avec le temps.<\/p>\n<p>Tous les tapis en li\u00e8ge de Yoga Boutique sont exempts de PVC, de silicone, de phtalates et sont biod\u00e9gradables et respectueux de l&rsquo;environnement. Id\u00e9al \u00e9galement pour les personnes souffrant d&rsquo;allergies.<\/p>\n<p>La sangle de transport est incluse.<\/p>\n<p>[accordion title=\u00a0\u00bb\u00a0\u00bb open1st=\u00a0\u00bb0&Prime; openAll=\u00a0\u00bb0&Prime;][accordion_item title=\u00a0\u00bbEntretien\u00a0\u00bb]Voici quelques conseils pour offrir une longue vie \u00e0 votre tapis de yoga :<\/p>\n<ul>\n<li style=\"list-style-type: none;\">\n<ul>\n<li>Essayez de toujours le mettre dans un endroit sec et \u00e0 l\u2019abri de la lumi\u00e8re. Il est pratique de pouvoir le ranger dans un sac pour tapis.<\/li>\n<li>Pour nettoyer votre tapis et enlever les taches, commencez par l\u2019essuyer avec un chiffon doux humide. Par la suite, vaporiser-le avec un spray sp\u00e9cifique pour tapis de yoga et \u00e9tendez le pour qu\u2019il s\u00e8che<\/li>\n<\/ul>\n<\/li>\n<\/ul>\n<p>[\/accordion_item][\/accordion][accordion title=\u00a0\u00bb\u00a0\u00bb open1st=\u00a0\u00bb0&Prime; openAll=\u00a0\u00bb0&Prime;][accordion_item title=\u00a0\u00bbTypes d&rsquo;activit\u00e9s\u00a0\u00bb]Yin yoga, Yoga restauratif, Hatha yoga, Flow yoga, Power yoga, Vinyasa yoga, Ashtanga yoga, Yoga nidra, M\u00e9ditation, Mindfulness, Iyengar yoga, Yoga a\u00e9rien, Pilates, Stretching[\/accordion_item][\/accordion][accordion title=\u00a0\u00bb\u00a0\u00bb open1st=\u00a0\u00bb0&Prime; openAll=\u00a0\u00bb0&Prime;][accordion_item title=\u00a0\u00bbPourquoi on adore ce produit\u00a0\u00bb]On adore cet article de Yoga Boutique qui est visuellement magnifique. Les motifs sont inspirants, en totale harmonie avec la pratique du yoga.<\/p>\n<p>La phrase qui est imprim\u00e9e en son centre est pleine de sens, et chacun. e sera interpell\u00e9.e \u00e0 sa mani\u00e8re. Ce\u00a0message fort, Suis ton c\u0153ur, nous transmet aussi, d&rsquo;ailleurs, de la confiance et de la motivation dans notre pratique quotidienne.<\/p>\n<p>La couleur du li\u00e8ge donne au tapis Boho Heart un superbe effet, chaleureux et naturel. De plus, avec sa propri\u00e9t\u00e9 isolante, le tapis de yoga en li\u00e8ge a toujours une temp\u00e9rature agr\u00e9able. C&rsquo;est un grand avantage, qui nous met \u00e0 l&rsquo;aise et nous procure une sensation de s\u00e9curit\u00e9.<\/p>\n<p>Aucune autre mati\u00e8re n&rsquo;est plus noble, naturelle et accueillante que le li\u00e8ge. Une fois qu\u2019on a opt\u00e9 pour cette mati\u00e8re, on ne veut plus changer et on l&rsquo;appr\u00e9cie chaque jour comme un luxe.[\/accordion_item][\/accordion][accordion title=\u00a0\u00bb\u00a0\u00bb open1st=\u00a0\u00bb0&Prime; openAll=\u00a0\u00bb0&Prime; style=\u00a0\u00bb\u00a0\u00bb][accordion_item title=\u00a0\u00bbPaiement, livraison &amp; retours\u00a0\u00bb]Pour les informations sur les alternatives de paiement, de livraison et les retours, merci de cliquer <a class=\"linkcgv\" href=\"https:\/\/www.yoga-nest.com\/paiement-livraison-retours\/\" target=\"_blank\" rel=\"noopener\">ICI<\/a>[\/accordion_item][\/accordion]<\/p>\n<p>[one]<\/p>\n<p><span style=\"color: #b01da4;\"><strong>La Marque<\/strong><\/span><\/p>\n<p><strong>Yoga Boutique &#8211; Des articles pour le yoga exclusifs, fonctionnels et \u00e9thiques<\/strong><\/p>\n<p>Yoga Boutique est une <strong>start-up familiale suisse<\/strong>, n\u00e9e en 2018. Leur gamme est soigneusement s\u00e9lectionn\u00e9e : <strong>tapis de yoga fabriqu\u00e9s \u00e0 partir de mat\u00e9riaux durables, beaux coussins de m\u00e9ditation, v\u00eatements de yoga super confortables pour tous. <\/strong>Les produits sont con\u00e7us directement par les fondateurs et sont donc exclusifs. Un soin particulier est donn\u00e9 \u00e0 la provenance des mat\u00e9riaux, aux designs et aux fonctionnalit\u00e9s.<\/p>\n<p><a class=\"boutonmarque\" title=\"Yoga Boutique\" href=\"http:\/\/yoga-nest.com\/yoga-boutique\/\" target=\"_blank\" rel=\"noopener\">En savoir plus<\/a><\/p>\n<p><span style=\"font-weight: 400;\">[\/one] <\/span><\/p>\n<p>&nbsp;<\/p>\n","protected":false},"excerpt":{"rendered":"<p>Tapis en li\u00e8ge magnifiquement d\u00e9cor\u00e9 avec des motifs Boho de la marque Yoga Boutique.<\/p>\n<p>Mat\u00e9riau naturel \u00e9cologique, antimicrobien, anti-odeur, r\u00e9sistant \u00e0 l\u2019eau et naturellement souple, le li\u00e8ge offre ses pr\u00e9cieuses qualit\u00e9s \u00e0 la pratique du yoga. Y compris sous ses formes les plus dynamiques.<\/p>\n<p>Ce tapis en li\u00e8ge permet ainsi une adh\u00e9rence tout au long de la s\u00e9ance pour tenir et encha\u00eener les postures en faisant fi de la transpiration.<\/p>\n<p>Le centre du tapis est imprim\u00e9 de l\u2019inscription \u201cFollow your heart\u00a0\u00bb (\u201cSuis ton c\u0153ur\u00a0\u00bb). Cette phrase est en accord avec le style boho qui pr\u00f4ne l\u2019ind\u00e9pendance et le courage. Cette citation est orn\u00e9e de diff\u00e9rents symboles tels que des fl\u00e8ches, des plumes et des bouts de mandalas.<\/p>\n<p>Ce matelas de yoga en li\u00e8ge Boho repr\u00e9sente un style de vie qui met en avant le naturel et une certaine envie d&rsquo;ind\u00e9pendance.<\/p>\n<p>Les dimensions du tapis sont les suivantes : longueur 183 cm, largeur 66 cm, \u00e9paisseur 5 mm.<\/p>\n<p>&nbsp;<\/p>\n<p>[button title=\u00a0\u00bbGuide comparatif des tapis\u00a0\u00bb link=\u00a0\u00bbhttps:\/\/www.yoga-nest.com\/tapis_de_yoga_mat\/\u00a0\u00bb target=\u00a0\u00bb_blank\u00a0\u00bb align=\u00a0\u00bbcenter\u00a0\u00bb icon=\u00a0\u00bb\u00a0\u00bb icon_position=\u00a0\u00bb\u00a0\u00bb color=\u00a0\u00bb\u00a0\u00bb font_color=\u00a0\u00bb\u00a0\u00bb size=\u00a0\u00bb2&Prime; full_width=\u00a0\u00bb\u00a0\u00bb class=\u00a0\u00bbbouttontaille\u00a0\u00bb download=\u00a0\u00bb\u00a0\u00bb rel=\u00a0\u00bb\u00a0\u00bb]<\/p>\n<p>&nbsp;<\/p>\n<p class=\"manquante\" style=\"text-align: center;\">Mod\u00e8le manquant ? <a href=\"mailto:serviceclients@yoga-nest.com\">Contactez-nous<\/a><\/p>\n","protected":false},"featured_media":105,"comment_status":"open","ping_status":"open","template":"","meta":[],"product_cat":[],"product_tag":[],"_links":{"self":[{"href":"https:\/\/yoganest.vaniseo.pro\/index.php\/wp-json\/wp\/v2\/product\/104"}],"collection":[{"href":"https:\/\/yoganest.vaniseo.pro\/index.php\/wp-json\/wp\/v2\/product"}],"about":[{"href":"https:\/\/yoganest.vaniseo.pro\/index.php\/wp-json\/wp\/v2\/types\/product"}],"replies":[{"embeddable":true,"href":"https:\/\/yoganest.vaniseo.pro\/index.php\/wp-json\/wp\/v2\/comments?post=104"}],"wp:featuredmedia":[{"embeddable":true,"href":"https:\/\/yoganest.vaniseo.pro\/index.php\/wp-json\/wp\/v2\/media\/105"}],"wp:attachment":[{"href":"https:\/\/yoganest.vaniseo.pro\/index.php\/wp-json\/wp\/v2\/media?parent=104"}],"wp:term":[{"taxonomy":"product_cat","embeddable":true,"href":"https:\/\/yoganest.vaniseo.pro\/index.php\/wp-json\/wp\/v2\/product_cat?post=104"},{"taxonomy":"product_tag","embeddable":true,"href":"https:\/\/yoganest.vaniseo.pro\/index.php\/wp-json\/wp\/v2\/product_tag?post=104"}],"curies":[{"name":"wp","href":"https:\/\/api.w.org\/{rel}","templated":true}]}}