{"id":1017,"date":"2022-03-04T16:53:28","date_gmt":"2022-03-04T15:53:28","guid":{"rendered":"https:\/\/yoganest.vaniseo.pro\/index.php\/product\/t-shirt-manches-courtes-favourite\/"},"modified":"2024-03-06T15:41:14","modified_gmt":"2024-03-06T14:41:14","slug":"t-shirt-manches-courtes-favourite","status":"publish","type":"product","link":"https:\/\/yoganest.vaniseo.pro\/index.php\/product\/t-shirt-manches-courtes-favourite\/","title":{"rendered":"T-shirt manches courtes | Favourite"},"content":{"rendered":"<p><span style=\"font-weight: 400;\">Ce T-shirt \u00e0 manches courtes adopte une coupe confortable qui offre de l&rsquo;aisance dans tous vos mouvements. C\u2019est donc une pi\u00e8ce de base parfaite pour de nombreuses occasions. On le porte tout autant au quotidien sous un pull ou une veste que pour notre pratique de yoga, de pilates ou de danse.<\/span><\/p>\n<p><span style=\"font-weight: 400;\">Le top \u00e0 manches courtes Favourite a une coupe tr\u00e8s flatteuse. Que vous soyez mince ou avec des courbes f\u00e9minines, le tissu fluide habille \u00e9l\u00e9gamment votre silhouette et il est merveilleusement doux sur la peau. Que ce soit pour le yoga, la m\u00e9ditation, comme v\u00eatement de d\u00e9tente ou de fa\u00e7on d\u00e9contract\u00e9e avec un jean dans la vie de tous les jours, ce v\u00eatement vous inspirera \u00e0 coup s\u00fbr et deviendra une pi\u00e8ce centrale de votre garde-robe.<\/span><\/p>\n<p><span style=\"font-weight: 400;\">Le tissu merveilleusement fluide flatte et dissimule habilement l&rsquo;abdomen si on le prend en grande taille ou se pose plus pr\u00e8s du corps en petite taille. Il se cale parfaitement sur les hanches et ne remonte pas, m\u00eame en posture de yoga invers\u00e9e!<\/span><\/p>\n<p><span style=\"font-weight: 400;\">Imagin\u00e9 par la marque Vervola, le mod\u00e8le Favourite est produit avec un tissu merveilleusement souple qui procure une sensation de bien-\u00eatre et de douceur exceptionnelle! La production est durable, artisanale et \u00e9quitable dans une petite entreprise familiale \u00e0 Bali.<\/span><\/p>\n<p><span style=\"font-weight: 400;\">Il est respirant, tr\u00e8s confortable sur la peau et doux comme des p\u00e9tales de fleur.<\/span><\/p>\n<p>[accordion title=\u00a0\u00bb\u00a0\u00bb open1st=\u00a0\u00bb0&Prime; openAll=\u00a0\u00bb0&Prime;][accordion_item title=\u00a0\u00bbEntretien\u00a0\u00bb]<\/p>\n<p><span style=\"font-weight: 400;\">Voici quelques conseils pour laver et prendre soin de votre pull de yoga\u00a0:<\/span><\/p>\n<ul>\n<li style=\"font-weight: 400;\" aria-level=\"1\"><span style=\"font-weight: 400;\">Lavez l\u2019article \u00e0 une temp\u00e9rature maximale de 30 degr\u00e9s ou \u00e0 la main<\/span><\/li>\n<li style=\"font-weight: 400;\" aria-level=\"1\"><span style=\"font-weight: 400;\">Le suspendre \u00e0 l&rsquo;air libre<\/span><\/li>\n<li style=\"font-weight: 400;\" aria-level=\"1\"><span style=\"font-weight: 400;\">Ne pas utiliser de s\u00e8che-linge<\/span><\/li>\n<li style=\"font-weight: 400;\" aria-level=\"1\"><span style=\"font-weight: 400;\">N&rsquo;utilisez pas d&rsquo;agent de blanchiment ou d&rsquo;adoucissant sur votre haut<\/span><\/li>\n<li style=\"font-weight: 400;\" aria-level=\"1\"><span style=\"font-weight: 400;\">\u00c9vitez de repasser ou nettoyer \u00e0 sec ce v\u00eatement<\/span><\/li>\n<\/ul>\n<p>[\/accordion_item][\/accordion][accordion title=\u00a0\u00bb\u00a0\u00bb open1st=\u00a0\u00bb0&Prime; openAll=\u00a0\u00bb0&Prime;][accordion_item title=\u00a0\u00bbTypes d&rsquo;activit\u00e9s\u00a0\u00bb]<span style=\"font-weight: 400;\">Pilates, Yin Yoga, Yoga Restauratif, Hatha Yoga, Flow Yoga, Yoga Nidra, M\u00e9ditation, Iyengar Yoga, Yoga a\u00e9rien, Yoga pr\u00e9natal, Yoga en plein air, Yoga en voyage, Automassage myofascial, Stretching, Streetwear, Casualwear, Style relax et Cocooning \u00e0 la maison<\/span>[\/accordion_item][\/accordion]<span style=\"font-weight: 400;\">[accordion title=\u00a0\u00bb\u00a0\u00bb open1st=\u00a0\u00bb0&Prime; openAll=\u00a0\u00bb0&Prime;][accordion_item title=\u00a0\u00bbPourquoi on adore ce produit\u00a0\u00bb]<\/span><\/p>\n<p><span style=\"font-weight: 400;\">On adore ce top \u00e0 manches courtes, qui est aussi indispensable que la petite robe noire&#8230;\u00a0<\/span><span style=\"font-weight: 400;\">Il est id\u00e9al pour \u00eatre port\u00e9 en d\u00e9but de pratique Yang lorsqu&rsquo;il fait frais, en m\u00e9ditation ainsi que pour vos pratiques Yin lors desquelles la temp\u00e9rature du corps aura tendance \u00e0 baisser. \u00c0 porter aussi tous les jours, \u00e0 la maison et dehors. Parce qu&rsquo;il est tellement doux (Tencel) et souple et qu&rsquo;il S&rsquo;adapte \u00e8 toutes les occasions et combinaisons.\u00a0<\/span><\/p>\n<p><span style=\"font-weight: 400;\">De plus, on adore qu&rsquo;il soit\u00a0emball\u00e9 par Vervola dans un sac en tissu r\u00e9utilisable, sans d\u00e9chet. Vous pouvez astucieusement r\u00e9utiliser ce petit sac en filet pour faire vos courses, ranger vos chaussettes et lingeries en voyage ou comme sac de lavage pour les v\u00eatements d\u00e9licats. C\u2019est hyper actuel, efficace et original.<\/span><\/p>\n<p><span style=\"font-weight: 400;\">[\/accordion_item][\/accordion]<\/span>[accordion title=\u00a0\u00bb\u00a0\u00bb open1st=\u00a0\u00bb0&Prime; openAll=\u00a0\u00bb0&Prime; style=\u00a0\u00bb\u00a0\u00bb][accordion_item title=\u00a0\u00bbPaiement, livraison &amp; retours\u00a0\u00bb]Pour les informations sur les alternatives de paiement, de livraison et les retours, merci de cliquer <a class=\"linkcgv\" href=\"https:\/\/www.yoga-nest.com\/paiement-livraison-retours\/\" target=\"_blank\" rel=\"noopener\">ICI<\/a>.[\/accordion_item][\/accordion]<\/p>\n<p><span style=\"color: #b01da4;\"><b>La Marque<\/b><\/span><\/p>\n<p><b>Vervola \u2013 Inspir\u00e9 par le yoga, con\u00e7u en Suisse, fabriqu\u00e9 \u00e0 Bali dans le cadre d&rsquo;une production durable et \u00e9thique<\/b><\/p>\n<p><span style=\"font-weight: 400;\">Vervola est une <\/span><b>start-up familiale suisse<\/b><span style=\"font-weight: 400;\">, n\u00e9e en 2019. Des tops et des pantalons qui sont <\/span><b>tous doux et ultra-confortables, mettent en valeur votre corps et combinent des coupes intemporelles avec des motifs tendance.\u00a0<\/b><span style=\"font-weight: 400;\">Con\u00e7us en Suisse par Susanne, ils sont tous uniques car fabriqu\u00e9s pi\u00e8ce par pi\u00e8ce de fa\u00e7on artisanale sur l&rsquo;Ile de Bali en artisanat responsable.<\/span><\/p>\n<p><a class=\"boutonmarque\" title=\"Vervola\" href=\"https:\/\/www.yoga-nest.com\/?page_id=8094&amp;preview=true\"><span style=\"font-weight: 400;\">En savoir plus<\/span><\/a><\/p>\n","protected":false},"excerpt":{"rendered":"<p><span style=\"font-weight: 400;\">T-shirt \u00e0 manches courtes tr\u00e8s confortable. Il a une coupe fluide et douce qui nous met toutes \u00e0 l\u2019aise et en valeur.\u00a0<\/span><\/p>\n<p><span style=\"font-weight: 400;\">Muni d\u2019un l\u00e9ger col en V l\u00e9ger, avec un bel effet au niveau de la poitrine et des \u00e9paules. Sa coupe est ample sur le haut du corps et se resserre au niveau des hanches. La coupe \u00ab\u00a0ajust\u00e9e \u00e0 la taille\u201d le rend original et attrayant.<\/span><\/p>\n<p><span style=\"font-weight: 400;\">Cet article de chez Vervola a une bonne longueur (plus long qu\u2019habituellement) qui permet de le porter de diff\u00e9rentes fa\u00e7ons. Il peut \u00eatre port\u00e9 de sorte \u00e0 avoir un effet blousant au niveau du ventre, gr\u00e2ce \u00e0 sa forme serr\u00e9e \u00e0 la taille. Ou on peut le retrousser ou l\u2019\u00e9tirer selon nos pr\u00e9f\u00e9rences.<\/span><\/p>\n<p><span style=\"font-weight: 400;\">Une excellente tenue est assur\u00e9e dans toutes les positions, m\u00eame dans les postures t\u00eate en bas! Sa mati\u00e8re fine et souple est tr\u00e8s agr\u00e9able sur la peau.<\/span><\/p>\n<p>Propos\u00e9 en vert olive, noir, \u00e9cru, rose et marine, il s&rsquo;accorde avec tout avec \u00e9l\u00e9gance et nous incite \u00e0 jouer la couleur et les motifs sur notre legging.<\/p>\n<p>&nbsp;<\/p>\n<p>[button title=\u00a0\u00bbGuide des tailles\u00a0\u00bb link=\u00a0\u00bbhttps:\/\/www.yoga-nest.com\/tailles\u00a0\u00bb target=\u00a0\u00bb_blank\u00a0\u00bb align=\u00a0\u00bbcenter\u00a0\u00bb icon=\u00a0\u00bb\u00a0\u00bb icon_position=\u00a0\u00bb\u00a0\u00bb color=\u00a0\u00bb\u00a0\u00bb font_color=\u00a0\u00bb\u00a0\u00bb size=\u00a0\u00bb2&Prime; full_width=\u00a0\u00bb\u00a0\u00bb class=\u00a0\u00bbbouttontaille\u00a0\u00bb download=\u00a0\u00bb\u00a0\u00bb rel=\u00a0\u00bb\u00a0\u00bb]<\/p>\n<p>&nbsp;<\/p>\n<p class=\"manquante\" style=\"text-align: center;\">Taille ou couleur manquante ? <a href=\"mailto:serviceclients@yoga-nest.com\">Contactez-nous<\/a><\/p>\n","protected":false},"featured_media":1018,"comment_status":"open","ping_status":"open","template":"","meta":[],"product_cat":[62,95],"product_tag":[77],"_links":{"self":[{"href":"https:\/\/yoganest.vaniseo.pro\/index.php\/wp-json\/wp\/v2\/product\/1017"}],"collection":[{"href":"https:\/\/yoganest.vaniseo.pro\/index.php\/wp-json\/wp\/v2\/product"}],"about":[{"href":"https:\/\/yoganest.vaniseo.pro\/index.php\/wp-json\/wp\/v2\/types\/product"}],"replies":[{"embeddable":true,"href":"https:\/\/yoganest.vaniseo.pro\/index.php\/wp-json\/wp\/v2\/comments?post=1017"}],"wp:featuredmedia":[{"embeddable":true,"href":"https:\/\/yoganest.vaniseo.pro\/index.php\/wp-json\/wp\/v2\/media\/1018"}],"wp:attachment":[{"href":"https:\/\/yoganest.vaniseo.pro\/index.php\/wp-json\/wp\/v2\/media?parent=1017"}],"wp:term":[{"taxonomy":"product_cat","embeddable":true,"href":"https:\/\/yoganest.vaniseo.pro\/index.php\/wp-json\/wp\/v2\/product_cat?post=1017"},{"taxonomy":"product_tag","embeddable":true,"href":"https:\/\/yoganest.vaniseo.pro\/index.php\/wp-json\/wp\/v2\/product_tag?post=1017"}],"curies":[{"name":"wp","href":"https:\/\/api.w.org\/{rel}","templated":true}]}}